{"id":9121,"date":"2017-11-30T16:36:49","date_gmt":"2017-11-30T14:36:49","guid":{"rendered":"https:\/\/www.manner.fi\/home\/"},"modified":"2025-12-04T12:22:19","modified_gmt":"2025-12-04T10:22:19","slug":"forstasidan","status":"publish","type":"page","link":"https:\/\/www.manner.fi\/sv\/","title":{"rendered":"F\u00f6rstasidan"},"content":{"rendered":"<h2 style=\"text-align: center;\">Ledande l\u00e4nkhjulstillverkare i Norden<\/h2>\n<p style=\"text-align: center;\">Manner \u00e4r ett finl\u00e4ndskt f\u00f6retag som har specialiserat sig p\u00e5 planering, tillverkning och marknadsf\u00f6ring av l\u00e4nkhjul och l\u00e4nkhjulsl\u00f6sningar. Manners f\u00f6rstklassiga l\u00e4nkhjul anv\u00e4nds p\u00e5 st\u00e4llen d\u00e4r det kr\u00e4vs r\u00f6rlighet, mjuk g\u00e5ng, slitstyrka och p\u00e5litlighet. I Manners hjulsortiment hittar du \u00f6ver 2 000 alternativ f\u00f6r m\u00e5nga olika anv\u00e4ndnings\u00e4ndam\u00e5l. Vi tillverkar hjul f\u00f6r kontors- och aff\u00e4rsm\u00f6blemang, men \u00e4ven f\u00f6r kr\u00e4vande f\u00f6rh\u00e5llanden inom industrin. I Manners hjulsortiment hittar du m\u00f6belhjul, apparathjul och l\u00e4nkhjul f\u00f6r logistik och industri. Dessutom har vi l\u00e4nkhjulsl\u00f6sningar som har skr\u00e4ddarsytts enligt kundens individuella behov.<\/p>\n","protected":false},"excerpt":{"rendered":"<p>Ledande l\u00e4nkhjulstillverkare i Norden Manner \u00e4r ett finl\u00e4ndskt f\u00f6retag som har specialiserat sig p\u00e5 planering, tillverkning och marknadsf\u00f6ring av l\u00e4nkhjul och l\u00e4nkhjulsl\u00f6sningar. Manners f\u00f6rstklassiga l\u00e4nkhjul anv\u00e4nds p\u00e5 st\u00e4llen d\u00e4r det kr\u00e4vs r\u00f6rlighet, mjuk g\u00e5ng, slitstyrka och p\u00e5litlighet. I Manners hjulsortiment hittar du \u00f6ver 2 000 alternativ f\u00f6r m\u00e5nga olika anv\u00e4ndnings\u00e4ndam\u00e5l. Vi tillverkar hjul f\u00f6r kontors- [&hellip;]<\/p>\n","protected":false},"author":1,"featured_media":0,"parent":0,"menu_order":2,"comment_status":"closed","ping_status":"closed","template":"frontpage.php","meta":{"_acf_changed":false,"footnotes":""},"class_list":["post-9121","page","type-page","status-publish","hentry"],"acf":[],"yoast_head":"<!-- This site is optimized with the Yoast SEO plugin v25.2 - https:\/\/yoast.com\/wordpress\/plugins\/seo\/ -->\n<title>Ledande l\u00e4nkhjulstillverkare i Norden | Manner<\/title>\n<meta name=\"description\" content=\"Manner specialiserar sig p\u00e5 tillverkningen av l\u00e4nkhjul. I v\u00e5rt breda sortiment hittas industrihjul, apparathjul, m\u00f6belhjul, och skr\u00e4ddarsydda l\u00e4nkhjulsl\u00f6sningar.\" \/>\n<meta name=\"robots\" content=\"index, follow, max-snippet:-1, max-image-preview:large, max-video-preview:-1\" \/>\n<meta property=\"og:locale\" content=\"sv_SE\" \/>\n<meta property=\"og:type\" content=\"article\" \/>\n<meta property=\"og:title\" content=\"Ledande l\u00e4nkhjulstillverkare i Norden | Manner\" \/>\n<meta property=\"og:description\" content=\"Manner specialiserar sig p\u00e5 tillverkningen av l\u00e4nkhjul. I v\u00e5rt breda sortiment hittas industrihjul, apparathjul, m\u00f6belhjul, och skr\u00e4ddarsydda l\u00e4nkhjulsl\u00f6sningar.\" \/>\n<meta property=\"og:url\" content=\"https:\/\/www.manner.fi\/sv\/\" \/>\n<meta property=\"og:site_name\" content=\"Manner\" \/>\n<meta property=\"article:modified_time\" content=\"2025-12-04T10:22:19+00:00\" \/>\n<meta name=\"twitter:card\" content=\"summary_large_image\" \/>\n<meta name=\"twitter:label1\" content=\"Ber\u00e4knad l\u00e4stid\" \/>\n\t<meta name=\"twitter:data1\" content=\"1 minut\" \/>\n<script type=\"application\/ld+json\" class=\"yoast-schema-graph\">{\"@context\":\"https:\/\/schema.org\",\"@graph\":[{\"@type\":\"WebPage\",\"@id\":\"https:\/\/www.manner.fi\/sv\/\",\"url\":\"https:\/\/www.manner.fi\/sv\/\",\"name\":\"Ledande l\u00e4nkhjulstillverkare i Norden | Manner\",\"isPartOf\":{\"@id\":\"https:\/\/www.manner.fi\/#website\"},\"datePublished\":\"2017-11-30T14:36:49+00:00\",\"dateModified\":\"2025-12-04T10:22:19+00:00\",\"description\":\"Manner specialiserar sig p\u00e5 tillverkningen av l\u00e4nkhjul. I v\u00e5rt breda sortiment hittas industrihjul, apparathjul, m\u00f6belhjul, och skr\u00e4ddarsydda l\u00e4nkhjulsl\u00f6sningar.\",\"breadcrumb\":{\"@id\":\"https:\/\/www.manner.fi\/sv\/#breadcrumb\"},\"inLanguage\":\"sv-SE\",\"potentialAction\":[{\"@type\":\"ReadAction\",\"target\":[\"https:\/\/www.manner.fi\/sv\/\"]}]},{\"@type\":\"BreadcrumbList\",\"@id\":\"https:\/\/www.manner.fi\/sv\/#breadcrumb\",\"itemListElement\":[{\"@type\":\"ListItem\",\"position\":1,\"name\":\"Home\",\"item\":\"https:\/\/www.manner.fi\/sv\/\"},{\"@type\":\"ListItem\",\"position\":2,\"name\":\"F\u00f6rstasidan\"}]},{\"@type\":\"WebSite\",\"@id\":\"https:\/\/www.manner.fi\/#website\",\"url\":\"https:\/\/www.manner.fi\/\",\"name\":\"Manner\",\"description\":\"Smart Moves on Manner Castors\",\"potentialAction\":[{\"@type\":\"SearchAction\",\"target\":{\"@type\":\"EntryPoint\",\"urlTemplate\":\"https:\/\/www.manner.fi\/?s={search_term_string}\"},\"query-input\":{\"@type\":\"PropertyValueSpecification\",\"valueRequired\":true,\"valueName\":\"search_term_string\"}}],\"inLanguage\":\"sv-SE\"}]}<\/script>\n<!-- \/ Yoast SEO plugin. -->","yoast_head_json":{"title":"Ledande l\u00e4nkhjulstillverkare i Norden | Manner","description":"Manner specialiserar sig p\u00e5 tillverkningen av l\u00e4nkhjul. I v\u00e5rt breda sortiment hittas industrihjul, apparathjul, m\u00f6belhjul, och skr\u00e4ddarsydda l\u00e4nkhjulsl\u00f6sningar.","robots":{"index":"index","follow":"follow","max-snippet":"max-snippet:-1","max-image-preview":"max-image-preview:large","max-video-preview":"max-video-preview:-1"},"og_locale":"sv_SE","og_type":"article","og_title":"Ledande l\u00e4nkhjulstillverkare i Norden | Manner","og_description":"Manner specialiserar sig p\u00e5 tillverkningen av l\u00e4nkhjul. I v\u00e5rt breda sortiment hittas industrihjul, apparathjul, m\u00f6belhjul, och skr\u00e4ddarsydda l\u00e4nkhjulsl\u00f6sningar.","og_url":"https:\/\/www.manner.fi\/sv\/","og_site_name":"Manner","article_modified_time":"2025-12-04T10:22:19+00:00","twitter_card":"summary_large_image","twitter_misc":{"Ber\u00e4knad l\u00e4stid":"1 minut"},"schema":{"@context":"https:\/\/schema.org","@graph":[{"@type":"WebPage","@id":"https:\/\/www.manner.fi\/sv\/","url":"https:\/\/www.manner.fi\/sv\/","name":"Ledande l\u00e4nkhjulstillverkare i Norden | Manner","isPartOf":{"@id":"https:\/\/www.manner.fi\/#website"},"datePublished":"2017-11-30T14:36:49+00:00","dateModified":"2025-12-04T10:22:19+00:00","description":"Manner specialiserar sig p\u00e5 tillverkningen av l\u00e4nkhjul. I v\u00e5rt breda sortiment hittas industrihjul, apparathjul, m\u00f6belhjul, och skr\u00e4ddarsydda l\u00e4nkhjulsl\u00f6sningar.","breadcrumb":{"@id":"https:\/\/www.manner.fi\/sv\/#breadcrumb"},"inLanguage":"sv-SE","potentialAction":[{"@type":"ReadAction","target":["https:\/\/www.manner.fi\/sv\/"]}]},{"@type":"BreadcrumbList","@id":"https:\/\/www.manner.fi\/sv\/#breadcrumb","itemListElement":[{"@type":"ListItem","position":1,"name":"Home","item":"https:\/\/www.manner.fi\/sv\/"},{"@type":"ListItem","position":2,"name":"F\u00f6rstasidan"}]},{"@type":"WebSite","@id":"https:\/\/www.manner.fi\/#website","url":"https:\/\/www.manner.fi\/","name":"Manner","description":"Smart Moves on Manner Castors","potentialAction":[{"@type":"SearchAction","target":{"@type":"EntryPoint","urlTemplate":"https:\/\/www.manner.fi\/?s={search_term_string}"},"query-input":{"@type":"PropertyValueSpecification","valueRequired":true,"valueName":"search_term_string"}}],"inLanguage":"sv-SE"}]}},"_links":{"self":[{"href":"https:\/\/www.manner.fi\/sv\/wp-json\/wp\/v2\/pages\/9121","targetHints":{"allow":["GET"]}}],"collection":[{"href":"https:\/\/www.manner.fi\/sv\/wp-json\/wp\/v2\/pages"}],"about":[{"href":"https:\/\/www.manner.fi\/sv\/wp-json\/wp\/v2\/types\/page"}],"author":[{"embeddable":true,"href":"https:\/\/www.manner.fi\/sv\/wp-json\/wp\/v2\/users\/1"}],"replies":[{"embeddable":true,"href":"https:\/\/www.manner.fi\/sv\/wp-json\/wp\/v2\/comments?post=9121"}],"version-history":[{"count":74,"href":"https:\/\/www.manner.fi\/sv\/wp-json\/wp\/v2\/pages\/9121\/revisions"}],"predecessor-version":[{"id":188545,"href":"https:\/\/www.manner.fi\/sv\/wp-json\/wp\/v2\/pages\/9121\/revisions\/188545"}],"wp:attachment":[{"href":"https:\/\/www.manner.fi\/sv\/wp-json\/wp\/v2\/media?parent=9121"}],"curies":[{"name":"wp","href":"https:\/\/api.w.org\/{rel}","templated":true}]}}