{"id":7730,"date":"2017-11-23T12:49:11","date_gmt":"2017-11-23T10:49:11","guid":{"rendered":"https:\/\/www.manner.fi\/sales\/"},"modified":"2024-05-21T12:49:43","modified_gmt":"2024-05-21T09:49:43","slug":"forsaljning","status":"publish","type":"page","link":"https:\/\/www.manner.fi\/sv\/forsaljning\/","title":{"rendered":"\u00c5terf\u00f6rs\u00e4ljarna"},"content":{"rendered":"<p><!-- iframe src=\"https:\/\/map.karttapalvelut.fi\/manner\/sv\/view\/europe\" width=\"100%\" height=\"700\" frameborder=\"0\"><\/iframe --><br \/>\n<iframe loading=\"lazy\" src=\"https:\/\/locator.maplet.com\/public\/sv\/manner-map\" width=\"100%\" height=\"700\" frameborder=\"0\"><\/iframe><\/p>\n","protected":false},"excerpt":{"rendered":"","protected":false},"author":1,"featured_media":1602,"parent":0,"menu_order":2,"comment_status":"closed","ping_status":"closed","template":"","meta":{"_acf_changed":false,"footnotes":""},"class_list":["post-7730","page","type-page","status-publish","has-post-thumbnail","hentry"],"acf":[],"yoast_head":"<!-- This site is optimized with the Yoast SEO plugin v25.2 - https:\/\/yoast.com\/wordpress\/plugins\/seo\/ -->\n<title>Manners internationella f\u00f6rs\u00e4ljningsn\u00e4t | Manner<\/title>\n<meta name=\"description\" content=\"Hitta din lokala f\u00f6rs\u00e4ljningsrepresentant inom v\u00e5rt internationella f\u00f6rs\u00e4ljningsn\u00e4t. L\u00e4s \u00e4ven Manners allm\u00e4nna f\u00f6rs\u00e4ljnings- och leveransvillkor samt produktansvarsvillkor.\" \/>\n<meta name=\"robots\" content=\"index, follow, max-snippet:-1, max-image-preview:large, max-video-preview:-1\" \/>\n<meta property=\"og:locale\" content=\"sv_SE\" \/>\n<meta property=\"og:type\" content=\"article\" \/>\n<meta property=\"og:title\" content=\"Manners internationella f\u00f6rs\u00e4ljningsn\u00e4t | Manner\" \/>\n<meta property=\"og:description\" content=\"Hitta din lokala f\u00f6rs\u00e4ljningsrepresentant inom v\u00e5rt internationella f\u00f6rs\u00e4ljningsn\u00e4t. L\u00e4s \u00e4ven Manners allm\u00e4nna f\u00f6rs\u00e4ljnings- och leveransvillkor samt produktansvarsvillkor.\" \/>\n<meta property=\"og:url\" content=\"https:\/\/www.manner.fi\/sv\/forsaljning\/\" \/>\n<meta property=\"og:site_name\" content=\"Manner\" \/>\n<meta property=\"article:modified_time\" content=\"2024-05-21T09:49:43+00:00\" \/>\n<meta property=\"og:image\" content=\"https:\/\/www.manner.fi\/wp-content\/uploads\/2018\/01\/myynti.jpg\" \/>\n\t<meta property=\"og:image:width\" content=\"1600\" \/>\n\t<meta property=\"og:image:height\" content=\"612\" \/>\n\t<meta property=\"og:image:type\" content=\"image\/jpeg\" \/>\n<meta name=\"twitter:card\" content=\"summary_large_image\" \/>\n<meta name=\"twitter:label1\" content=\"Ber\u00e4knad l\u00e4stid\" \/>\n\t<meta name=\"twitter:data1\" content=\"1 minut\" \/>\n<script type=\"application\/ld+json\" class=\"yoast-schema-graph\">{\"@context\":\"https:\/\/schema.org\",\"@graph\":[{\"@type\":\"WebPage\",\"@id\":\"https:\/\/www.manner.fi\/sv\/forsaljning\/\",\"url\":\"https:\/\/www.manner.fi\/sv\/forsaljning\/\",\"name\":\"Manners internationella f\u00f6rs\u00e4ljningsn\u00e4t | Manner\",\"isPartOf\":{\"@id\":\"https:\/\/www.manner.fi\/#website\"},\"primaryImageOfPage\":{\"@id\":\"https:\/\/www.manner.fi\/sv\/forsaljning\/#primaryimage\"},\"image\":{\"@id\":\"https:\/\/www.manner.fi\/sv\/forsaljning\/#primaryimage\"},\"thumbnailUrl\":\"https:\/\/www.manner.fi\/wp-content\/uploads\/2018\/01\/myynti.jpg\",\"datePublished\":\"2017-11-23T10:49:11+00:00\",\"dateModified\":\"2024-05-21T09:49:43+00:00\",\"description\":\"Hitta din lokala f\u00f6rs\u00e4ljningsrepresentant inom v\u00e5rt internationella f\u00f6rs\u00e4ljningsn\u00e4t. L\u00e4s \u00e4ven Manners allm\u00e4nna f\u00f6rs\u00e4ljnings- och leveransvillkor samt produktansvarsvillkor.\",\"breadcrumb\":{\"@id\":\"https:\/\/www.manner.fi\/sv\/forsaljning\/#breadcrumb\"},\"inLanguage\":\"sv-SE\",\"potentialAction\":[{\"@type\":\"ReadAction\",\"target\":[\"https:\/\/www.manner.fi\/sv\/forsaljning\/\"]}]},{\"@type\":\"ImageObject\",\"inLanguage\":\"sv-SE\",\"@id\":\"https:\/\/www.manner.fi\/sv\/forsaljning\/#primaryimage\",\"url\":\"https:\/\/www.manner.fi\/wp-content\/uploads\/2018\/01\/myynti.jpg\",\"contentUrl\":\"https:\/\/www.manner.fi\/wp-content\/uploads\/2018\/01\/myynti.jpg\",\"width\":1600,\"height\":612},{\"@type\":\"BreadcrumbList\",\"@id\":\"https:\/\/www.manner.fi\/sv\/forsaljning\/#breadcrumb\",\"itemListElement\":[{\"@type\":\"ListItem\",\"position\":1,\"name\":\"Home\",\"item\":\"https:\/\/www.manner.fi\/sv\/\"},{\"@type\":\"ListItem\",\"position\":2,\"name\":\"\u00c5terf\u00f6rs\u00e4ljarna\"}]},{\"@type\":\"WebSite\",\"@id\":\"https:\/\/www.manner.fi\/#website\",\"url\":\"https:\/\/www.manner.fi\/\",\"name\":\"Manner\",\"description\":\"Smart Moves on Manner Castors\",\"potentialAction\":[{\"@type\":\"SearchAction\",\"target\":{\"@type\":\"EntryPoint\",\"urlTemplate\":\"https:\/\/www.manner.fi\/?s={search_term_string}\"},\"query-input\":{\"@type\":\"PropertyValueSpecification\",\"valueRequired\":true,\"valueName\":\"search_term_string\"}}],\"inLanguage\":\"sv-SE\"}]}<\/script>\n<!-- \/ Yoast SEO plugin. -->","yoast_head_json":{"title":"Manners internationella f\u00f6rs\u00e4ljningsn\u00e4t | Manner","description":"Hitta din lokala f\u00f6rs\u00e4ljningsrepresentant inom v\u00e5rt internationella f\u00f6rs\u00e4ljningsn\u00e4t. L\u00e4s \u00e4ven Manners allm\u00e4nna f\u00f6rs\u00e4ljnings- och leveransvillkor samt produktansvarsvillkor.","robots":{"index":"index","follow":"follow","max-snippet":"max-snippet:-1","max-image-preview":"max-image-preview:large","max-video-preview":"max-video-preview:-1"},"og_locale":"sv_SE","og_type":"article","og_title":"Manners internationella f\u00f6rs\u00e4ljningsn\u00e4t | Manner","og_description":"Hitta din lokala f\u00f6rs\u00e4ljningsrepresentant inom v\u00e5rt internationella f\u00f6rs\u00e4ljningsn\u00e4t. L\u00e4s \u00e4ven Manners allm\u00e4nna f\u00f6rs\u00e4ljnings- och leveransvillkor samt produktansvarsvillkor.","og_url":"https:\/\/www.manner.fi\/sv\/forsaljning\/","og_site_name":"Manner","article_modified_time":"2024-05-21T09:49:43+00:00","og_image":[{"width":1600,"height":612,"url":"https:\/\/www.manner.fi\/wp-content\/uploads\/2018\/01\/myynti.jpg","type":"image\/jpeg"}],"twitter_card":"summary_large_image","twitter_misc":{"Ber\u00e4knad l\u00e4stid":"1 minut"},"schema":{"@context":"https:\/\/schema.org","@graph":[{"@type":"WebPage","@id":"https:\/\/www.manner.fi\/sv\/forsaljning\/","url":"https:\/\/www.manner.fi\/sv\/forsaljning\/","name":"Manners internationella f\u00f6rs\u00e4ljningsn\u00e4t | Manner","isPartOf":{"@id":"https:\/\/www.manner.fi\/#website"},"primaryImageOfPage":{"@id":"https:\/\/www.manner.fi\/sv\/forsaljning\/#primaryimage"},"image":{"@id":"https:\/\/www.manner.fi\/sv\/forsaljning\/#primaryimage"},"thumbnailUrl":"https:\/\/www.manner.fi\/wp-content\/uploads\/2018\/01\/myynti.jpg","datePublished":"2017-11-23T10:49:11+00:00","dateModified":"2024-05-21T09:49:43+00:00","description":"Hitta din lokala f\u00f6rs\u00e4ljningsrepresentant inom v\u00e5rt internationella f\u00f6rs\u00e4ljningsn\u00e4t. L\u00e4s \u00e4ven Manners allm\u00e4nna f\u00f6rs\u00e4ljnings- och leveransvillkor samt produktansvarsvillkor.","breadcrumb":{"@id":"https:\/\/www.manner.fi\/sv\/forsaljning\/#breadcrumb"},"inLanguage":"sv-SE","potentialAction":[{"@type":"ReadAction","target":["https:\/\/www.manner.fi\/sv\/forsaljning\/"]}]},{"@type":"ImageObject","inLanguage":"sv-SE","@id":"https:\/\/www.manner.fi\/sv\/forsaljning\/#primaryimage","url":"https:\/\/www.manner.fi\/wp-content\/uploads\/2018\/01\/myynti.jpg","contentUrl":"https:\/\/www.manner.fi\/wp-content\/uploads\/2018\/01\/myynti.jpg","width":1600,"height":612},{"@type":"BreadcrumbList","@id":"https:\/\/www.manner.fi\/sv\/forsaljning\/#breadcrumb","itemListElement":[{"@type":"ListItem","position":1,"name":"Home","item":"https:\/\/www.manner.fi\/sv\/"},{"@type":"ListItem","position":2,"name":"\u00c5terf\u00f6rs\u00e4ljarna"}]},{"@type":"WebSite","@id":"https:\/\/www.manner.fi\/#website","url":"https:\/\/www.manner.fi\/","name":"Manner","description":"Smart Moves on Manner Castors","potentialAction":[{"@type":"SearchAction","target":{"@type":"EntryPoint","urlTemplate":"https:\/\/www.manner.fi\/?s={search_term_string}"},"query-input":{"@type":"PropertyValueSpecification","valueRequired":true,"valueName":"search_term_string"}}],"inLanguage":"sv-SE"}]}},"_links":{"self":[{"href":"https:\/\/www.manner.fi\/sv\/wp-json\/wp\/v2\/pages\/7730","targetHints":{"allow":["GET"]}}],"collection":[{"href":"https:\/\/www.manner.fi\/sv\/wp-json\/wp\/v2\/pages"}],"about":[{"href":"https:\/\/www.manner.fi\/sv\/wp-json\/wp\/v2\/types\/page"}],"author":[{"embeddable":true,"href":"https:\/\/www.manner.fi\/sv\/wp-json\/wp\/v2\/users\/1"}],"replies":[{"embeddable":true,"href":"https:\/\/www.manner.fi\/sv\/wp-json\/wp\/v2\/comments?post=7730"}],"version-history":[{"count":20,"href":"https:\/\/www.manner.fi\/sv\/wp-json\/wp\/v2\/pages\/7730\/revisions"}],"predecessor-version":[{"id":188368,"href":"https:\/\/www.manner.fi\/sv\/wp-json\/wp\/v2\/pages\/7730\/revisions\/188368"}],"wp:featuredmedia":[{"embeddable":true,"href":"https:\/\/www.manner.fi\/sv\/wp-json\/wp\/v2\/media\/1602"}],"wp:attachment":[{"href":"https:\/\/www.manner.fi\/sv\/wp-json\/wp\/v2\/media?parent=7730"}],"curies":[{"name":"wp","href":"https:\/\/api.w.org\/{rel}","templated":true}]}}