{"id":7676,"date":"2018-02-06T14:45:58","date_gmt":"2018-02-06T12:45:58","guid":{"rendered":"https:\/\/www.manner.fi\/hjalp\/brochures\/"},"modified":"2026-03-13T09:50:42","modified_gmt":"2026-03-13T07:50:42","slug":"stod","status":"publish","type":"page","link":"https:\/\/www.manner.fi\/sv\/stod\/","title":{"rendered":"St\u00f6d och material"},"content":{"rendered":"","protected":false},"excerpt":{"rendered":"","protected":false},"author":1,"featured_media":1428,"parent":0,"menu_order":0,"comment_status":"closed","ping_status":"closed","template":"","meta":{"_acf_changed":false,"footnotes":""},"class_list":["post-7676","page","type-page","status-publish","has-post-thumbnail","hentry"],"acf":[],"yoast_head":"<!-- This site is optimized with the Yoast SEO plugin v25.2 - https:\/\/yoast.com\/wordpress\/plugins\/seo\/ -->\n<title>Produktbroschyrer | Manner<\/title>\n<meta name=\"description\" content=\"Bekanta dig b\u00e4ttre med Manners produkter genom att l\u00e4sa v\u00e5ra produktbroschyrer. L\u00e4s \u00e4ven v\u00e5ra kundtidningar och f\u00e5 mer information om Manners aktiviteter.\" \/>\n<meta name=\"robots\" content=\"index, follow, max-snippet:-1, max-image-preview:large, max-video-preview:-1\" \/>\n<meta property=\"og:locale\" content=\"sv_SE\" \/>\n<meta property=\"og:type\" content=\"article\" \/>\n<meta property=\"og:title\" content=\"Produktbroschyrer | Manner\" \/>\n<meta property=\"og:description\" content=\"Bekanta dig b\u00e4ttre med Manners produkter genom att l\u00e4sa v\u00e5ra produktbroschyrer. L\u00e4s \u00e4ven v\u00e5ra kundtidningar och f\u00e5 mer information om Manners aktiviteter.\" \/>\n<meta property=\"og:url\" content=\"https:\/\/www.manner.fi\/sv\/stod\/\" \/>\n<meta property=\"og:site_name\" content=\"Manner\" \/>\n<meta property=\"article:modified_time\" content=\"2026-03-13T07:50:42+00:00\" \/>\n<meta property=\"og:image\" content=\"https:\/\/www.manner.fi\/wp-content\/uploads\/2018\/01\/tuki.jpg\" \/>\n\t<meta property=\"og:image:width\" content=\"1600\" \/>\n\t<meta property=\"og:image:height\" content=\"612\" \/>\n\t<meta property=\"og:image:type\" content=\"image\/jpeg\" \/>\n<meta name=\"twitter:card\" content=\"summary_large_image\" \/>\n<meta name=\"twitter:label1\" content=\"Ber\u00e4knad l\u00e4stid\" \/>\n\t<meta name=\"twitter:data1\" content=\"1 minut\" \/>\n<script type=\"application\/ld+json\" class=\"yoast-schema-graph\">{\"@context\":\"https:\/\/schema.org\",\"@graph\":[{\"@type\":\"WebPage\",\"@id\":\"https:\/\/www.manner.fi\/sv\/stod\/\",\"url\":\"https:\/\/www.manner.fi\/sv\/stod\/\",\"name\":\"Produktbroschyrer | Manner\",\"isPartOf\":{\"@id\":\"https:\/\/www.manner.fi\/#website\"},\"primaryImageOfPage\":{\"@id\":\"https:\/\/www.manner.fi\/sv\/stod\/#primaryimage\"},\"image\":{\"@id\":\"https:\/\/www.manner.fi\/sv\/stod\/#primaryimage\"},\"thumbnailUrl\":\"https:\/\/www.manner.fi\/wp-content\/uploads\/2018\/01\/tuki.jpg\",\"datePublished\":\"2018-02-06T12:45:58+00:00\",\"dateModified\":\"2026-03-13T07:50:42+00:00\",\"description\":\"Bekanta dig b\u00e4ttre med Manners produkter genom att l\u00e4sa v\u00e5ra produktbroschyrer. L\u00e4s \u00e4ven v\u00e5ra kundtidningar och f\u00e5 mer information om Manners aktiviteter.\",\"breadcrumb\":{\"@id\":\"https:\/\/www.manner.fi\/sv\/stod\/#breadcrumb\"},\"inLanguage\":\"sv-SE\",\"potentialAction\":[{\"@type\":\"ReadAction\",\"target\":[\"https:\/\/www.manner.fi\/sv\/stod\/\"]}]},{\"@type\":\"ImageObject\",\"inLanguage\":\"sv-SE\",\"@id\":\"https:\/\/www.manner.fi\/sv\/stod\/#primaryimage\",\"url\":\"https:\/\/www.manner.fi\/wp-content\/uploads\/2018\/01\/tuki.jpg\",\"contentUrl\":\"https:\/\/www.manner.fi\/wp-content\/uploads\/2018\/01\/tuki.jpg\",\"width\":1600,\"height\":612},{\"@type\":\"BreadcrumbList\",\"@id\":\"https:\/\/www.manner.fi\/sv\/stod\/#breadcrumb\",\"itemListElement\":[{\"@type\":\"ListItem\",\"position\":1,\"name\":\"Home\",\"item\":\"https:\/\/www.manner.fi\/sv\/\"},{\"@type\":\"ListItem\",\"position\":2,\"name\":\"St\u00f6d och material\"}]},{\"@type\":\"WebSite\",\"@id\":\"https:\/\/www.manner.fi\/#website\",\"url\":\"https:\/\/www.manner.fi\/\",\"name\":\"Manner\",\"description\":\"Smart Moves on Manner Castors\",\"potentialAction\":[{\"@type\":\"SearchAction\",\"target\":{\"@type\":\"EntryPoint\",\"urlTemplate\":\"https:\/\/www.manner.fi\/?s={search_term_string}\"},\"query-input\":{\"@type\":\"PropertyValueSpecification\",\"valueRequired\":true,\"valueName\":\"search_term_string\"}}],\"inLanguage\":\"sv-SE\"}]}<\/script>\n<!-- \/ Yoast SEO plugin. -->","yoast_head_json":{"title":"Produktbroschyrer | Manner","description":"Bekanta dig b\u00e4ttre med Manners produkter genom att l\u00e4sa v\u00e5ra produktbroschyrer. L\u00e4s \u00e4ven v\u00e5ra kundtidningar och f\u00e5 mer information om Manners aktiviteter.","robots":{"index":"index","follow":"follow","max-snippet":"max-snippet:-1","max-image-preview":"max-image-preview:large","max-video-preview":"max-video-preview:-1"},"og_locale":"sv_SE","og_type":"article","og_title":"Produktbroschyrer | Manner","og_description":"Bekanta dig b\u00e4ttre med Manners produkter genom att l\u00e4sa v\u00e5ra produktbroschyrer. L\u00e4s \u00e4ven v\u00e5ra kundtidningar och f\u00e5 mer information om Manners aktiviteter.","og_url":"https:\/\/www.manner.fi\/sv\/stod\/","og_site_name":"Manner","article_modified_time":"2026-03-13T07:50:42+00:00","og_image":[{"width":1600,"height":612,"url":"https:\/\/www.manner.fi\/wp-content\/uploads\/2018\/01\/tuki.jpg","type":"image\/jpeg"}],"twitter_card":"summary_large_image","twitter_misc":{"Ber\u00e4knad l\u00e4stid":"1 minut"},"schema":{"@context":"https:\/\/schema.org","@graph":[{"@type":"WebPage","@id":"https:\/\/www.manner.fi\/sv\/stod\/","url":"https:\/\/www.manner.fi\/sv\/stod\/","name":"Produktbroschyrer | Manner","isPartOf":{"@id":"https:\/\/www.manner.fi\/#website"},"primaryImageOfPage":{"@id":"https:\/\/www.manner.fi\/sv\/stod\/#primaryimage"},"image":{"@id":"https:\/\/www.manner.fi\/sv\/stod\/#primaryimage"},"thumbnailUrl":"https:\/\/www.manner.fi\/wp-content\/uploads\/2018\/01\/tuki.jpg","datePublished":"2018-02-06T12:45:58+00:00","dateModified":"2026-03-13T07:50:42+00:00","description":"Bekanta dig b\u00e4ttre med Manners produkter genom att l\u00e4sa v\u00e5ra produktbroschyrer. L\u00e4s \u00e4ven v\u00e5ra kundtidningar och f\u00e5 mer information om Manners aktiviteter.","breadcrumb":{"@id":"https:\/\/www.manner.fi\/sv\/stod\/#breadcrumb"},"inLanguage":"sv-SE","potentialAction":[{"@type":"ReadAction","target":["https:\/\/www.manner.fi\/sv\/stod\/"]}]},{"@type":"ImageObject","inLanguage":"sv-SE","@id":"https:\/\/www.manner.fi\/sv\/stod\/#primaryimage","url":"https:\/\/www.manner.fi\/wp-content\/uploads\/2018\/01\/tuki.jpg","contentUrl":"https:\/\/www.manner.fi\/wp-content\/uploads\/2018\/01\/tuki.jpg","width":1600,"height":612},{"@type":"BreadcrumbList","@id":"https:\/\/www.manner.fi\/sv\/stod\/#breadcrumb","itemListElement":[{"@type":"ListItem","position":1,"name":"Home","item":"https:\/\/www.manner.fi\/sv\/"},{"@type":"ListItem","position":2,"name":"St\u00f6d och material"}]},{"@type":"WebSite","@id":"https:\/\/www.manner.fi\/#website","url":"https:\/\/www.manner.fi\/","name":"Manner","description":"Smart Moves on Manner Castors","potentialAction":[{"@type":"SearchAction","target":{"@type":"EntryPoint","urlTemplate":"https:\/\/www.manner.fi\/?s={search_term_string}"},"query-input":{"@type":"PropertyValueSpecification","valueRequired":true,"valueName":"search_term_string"}}],"inLanguage":"sv-SE"}]}},"_links":{"self":[{"href":"https:\/\/www.manner.fi\/sv\/wp-json\/wp\/v2\/pages\/7676","targetHints":{"allow":["GET"]}}],"collection":[{"href":"https:\/\/www.manner.fi\/sv\/wp-json\/wp\/v2\/pages"}],"about":[{"href":"https:\/\/www.manner.fi\/sv\/wp-json\/wp\/v2\/types\/page"}],"author":[{"embeddable":true,"href":"https:\/\/www.manner.fi\/sv\/wp-json\/wp\/v2\/users\/1"}],"replies":[{"embeddable":true,"href":"https:\/\/www.manner.fi\/sv\/wp-json\/wp\/v2\/comments?post=7676"}],"version-history":[{"count":80,"href":"https:\/\/www.manner.fi\/sv\/wp-json\/wp\/v2\/pages\/7676\/revisions"}],"predecessor-version":[{"id":188590,"href":"https:\/\/www.manner.fi\/sv\/wp-json\/wp\/v2\/pages\/7676\/revisions\/188590"}],"wp:featuredmedia":[{"embeddable":true,"href":"https:\/\/www.manner.fi\/sv\/wp-json\/wp\/v2\/media\/1428"}],"wp:attachment":[{"href":"https:\/\/www.manner.fi\/sv\/wp-json\/wp\/v2\/media?parent=7676"}],"curies":[{"name":"wp","href":"https:\/\/api.w.org\/{rel}","templated":true}]}}