{"id":7643,"date":"2018-01-30T09:24:02","date_gmt":"2018-01-30T07:24:02","guid":{"rendered":"https:\/\/www.manner.fi\/manner-som-foretag\/environment-and-quality\/"},"modified":"2020-11-12T11:28:15","modified_gmt":"2020-11-12T09:28:15","slug":"miljo-och-kvalitet","status":"publish","type":"page","link":"https:\/\/www.manner.fi\/sv\/manner-som-foretag\/miljo-och-kvalitet\/","title":{"rendered":"Milj\u00f6 och kvalitet"},"content":{"rendered":"<p>Vi utvecklar och tillverkar fungerande och s\u00e4kra l\u00e4nkhjulsprodukter och tillh\u00f6rande f\u00e4stl\u00f6sningar som fyller kundernas behov och ger dem merv\u00e4rde. Dessutom erbjuder vi kompletterande produkter fr\u00e5n v\u00e5ra samarbetspartner. M\u00e5let f\u00f6r v\u00e5rt beslutsfattande \u00e4r att n\u00e5 l\u00f6sningar som betj\u00e4nar anv\u00e4ndarna underh\u00e5llsfritt l\u00e5ngt in i framtiden.<\/p>\n<p>Manners verksamhetssystem \u00e4r certifierat enligt kvalitetsstandarden <strong>ISO 9001<\/strong> och milj\u00f6standarden <strong>ISO 14001<\/strong> och uppfyller s\u00e5ledes kraven enligt b\u00e4gge standarderna. Vi uppr\u00e4tth\u00e5ller och utvecklar kontinuerligt systemhanteringsprogrammen, och v\u00e5r verksamhet revideras regelbundet av utomst\u00e5ende experter.<\/p>\n<p>Vi beaktar vilken effekt v\u00e5r verksamhet har p\u00e5 naturen i alla arbetsfaser. Produkternas egenskaper, r\u00e5varorna och produktionsmetoderna v\u00e4ljs i enlighet med milj\u00f6- och s\u00e4kerhetskraven. Var och en av oss \u00e4r ansvarig f\u00f6r kvaliteten p\u00e5 det egna arbetet och \u00e4ven skyldig att f\u00f6rhindra att en avvikande produkt g\u00e5r vidare till f\u00f6ljande arbetsfas.<\/p>\n<p>Vi f\u00f6ljer kontinuerligt upp m\u00e4ngderna av de olika utsl\u00e4pp och avfall som v\u00e5r verksamhet ger upphov till och str\u00e4var efter att minska dem. I v\u00e5rt milj\u00f6tillst\u00e5nd har v\u00e5r ytbehandlingsprocess lyfts fram som den viktigaste aspekten. I vattenreningen anv\u00e4nder vi oss av den b\u00e4sta tillg\u00e4ngliga tekniken, och filtrets fasta fraktion transporteras till en anl\u00e4ggning f\u00f6r behandling av farligt avfall.<\/p>\n<p>Vi utbildar v\u00e5ra anst\u00e4llda f\u00f6r att utveckla deras kvalitets-, s\u00e4kerhets- och milj\u00f6medvetenhet och f\u00f6r att st\u00e4rka deras kunskap om de omr\u00e5den som \u00e4r viktiga med tanke p\u00e5 v\u00e5rt m\u00e5l att st\u00e4ndigt f\u00f6rb\u00e4ttra verksamheten.<\/p>\n<p>Manner f\u00f6rbinder sig att ha \u00f6ppna och \u00e4rliga relationer till kunderna, myndigheterna och grannarna och str\u00e4var efter att p\u00e5 b\u00e4sta s\u00e4tt informera sina intressenter om f\u00f6retagets verksamhet och f\u00f6r\u00e4ndringar i denna.<\/p>\n<h4>Kvalitet och produktutveckling<\/h4>\n<p>Manner har \u00f6ver 80 \u00e5rs erfarenhet av att planera och tillverka l\u00e4nkhjulsprodukter. Egen produktutveckling och tillverkning skapar de b\u00e4sta f\u00f6ruts\u00e4ttningarna f\u00f6r v\u00e5rt specialkunnande, v\u00e5r p\u00e5litlighet, v\u00e5rt sakkunniga tekniska st\u00f6d och v\u00e5r kundservice.<\/p>\n<h4>Formgivningen \u2013 en viktig styrka<\/h4>\n<p>Formgivningen \u00e4r alltid en viktig del av utvecklingsarbetet n\u00e4r vi tar fram nya produkter eller f\u00f6rb\u00e4ttrar redan befintliga produkter. Manner har redan l\u00e4nge samarbetat med h\u00f6gt ansedda formgivare.<\/p>\n<p>Det mest framg\u00e5ngsrika resultatet inom designarbete \u00e4r <strong>Tango<\/strong>. Hjulet har helt tillverkats av polyamid och representerar toppen inom sin bransch i v\u00e4rlden. <strong>Manner e-SMART<\/strong> finns ocks\u00e5 p\u00e5 toppen inom sin bransch tack vare sin utm\u00e4rkta och innovativa design, och ett bevis p\u00e5 detta \u00e4r att hjulet f\u00e5tt f\u00f6rsta pris i den internationella designt\u00e4vlingen Red Dot.<\/p>\n","protected":false},"excerpt":{"rendered":"<p>Vi utvecklar och tillverkar fungerande och s\u00e4kra l\u00e4nkhjulsprodukter och tillh\u00f6rande f\u00e4stl\u00f6sningar som fyller kundernas behov och ger dem merv\u00e4rde. Dessutom erbjuder vi kompletterande produkter fr\u00e5n v\u00e5ra samarbetspartner. M\u00e5let f\u00f6r v\u00e5rt beslutsfattande \u00e4r att n\u00e5 l\u00f6sningar som betj\u00e4nar anv\u00e4ndarna underh\u00e5llsfritt l\u00e5ngt in i framtiden. Manners verksamhetssystem \u00e4r certifierat enligt kvalitetsstandarden ISO 9001 och milj\u00f6standarden ISO 14001 [&hellip;]<\/p>\n","protected":false},"author":1,"featured_media":2122,"parent":2105,"menu_order":0,"comment_status":"closed","ping_status":"closed","template":"","meta":{"_acf_changed":false,"footnotes":""},"class_list":["post-7643","page","type-page","status-publish","has-post-thumbnail","hentry"],"acf":[],"yoast_head":"<!-- This site is optimized with the Yoast SEO plugin v25.2 - https:\/\/yoast.com\/wordpress\/plugins\/seo\/ -->\n<title>Milj\u00f6 och kvalitet | Manner<\/title>\n<meta name=\"description\" content=\"Manner beaktar milj\u00f6- och s\u00e4kerhetsaspekter i all v\u00e5r verksamhet. V\u00e5rt verksamhetssystem \u00e4r certifierat enligt kvalitetstandarden ISO 9001 och milj\u00f6standarden ISO 14001.\" \/>\n<meta name=\"robots\" content=\"index, follow, max-snippet:-1, max-image-preview:large, max-video-preview:-1\" \/>\n<meta property=\"og:locale\" content=\"sv_SE\" \/>\n<meta property=\"og:type\" content=\"article\" \/>\n<meta property=\"og:title\" content=\"Milj\u00f6 och kvalitet | Manner\" \/>\n<meta property=\"og:description\" content=\"Manner beaktar milj\u00f6- och s\u00e4kerhetsaspekter i all v\u00e5r verksamhet. V\u00e5rt verksamhetssystem \u00e4r certifierat enligt kvalitetstandarden ISO 9001 och milj\u00f6standarden ISO 14001.\" \/>\n<meta property=\"og:url\" content=\"https:\/\/www.manner.fi\/sv\/manner-som-foretag\/miljo-och-kvalitet\/\" \/>\n<meta property=\"og:site_name\" content=\"Manner\" \/>\n<meta property=\"article:modified_time\" content=\"2020-11-12T09:28:15+00:00\" \/>\n<meta property=\"og:image\" content=\"https:\/\/www.manner.fi\/wp-content\/uploads\/2018\/01\/yritys-ymparisto-2.jpg\" \/>\n\t<meta property=\"og:image:width\" content=\"1600\" \/>\n\t<meta property=\"og:image:height\" content=\"612\" \/>\n\t<meta property=\"og:image:type\" content=\"image\/jpeg\" \/>\n<meta name=\"twitter:card\" content=\"summary_large_image\" \/>\n<meta name=\"twitter:label1\" content=\"Ber\u00e4knad l\u00e4stid\" \/>\n\t<meta name=\"twitter:data1\" content=\"2 minuter\" \/>\n<script type=\"application\/ld+json\" class=\"yoast-schema-graph\">{\"@context\":\"https:\/\/schema.org\",\"@graph\":[{\"@type\":\"WebPage\",\"@id\":\"https:\/\/www.manner.fi\/sv\/manner-som-foretag\/miljo-och-kvalitet\/\",\"url\":\"https:\/\/www.manner.fi\/sv\/manner-som-foretag\/miljo-och-kvalitet\/\",\"name\":\"Milj\u00f6 och kvalitet | Manner\",\"isPartOf\":{\"@id\":\"https:\/\/www.manner.fi\/#website\"},\"primaryImageOfPage\":{\"@id\":\"https:\/\/www.manner.fi\/sv\/manner-som-foretag\/miljo-och-kvalitet\/#primaryimage\"},\"image\":{\"@id\":\"https:\/\/www.manner.fi\/sv\/manner-som-foretag\/miljo-och-kvalitet\/#primaryimage\"},\"thumbnailUrl\":\"https:\/\/www.manner.fi\/wp-content\/uploads\/2018\/01\/yritys-ymparisto-2.jpg\",\"datePublished\":\"2018-01-30T07:24:02+00:00\",\"dateModified\":\"2020-11-12T09:28:15+00:00\",\"description\":\"Manner beaktar milj\u00f6- och s\u00e4kerhetsaspekter i all v\u00e5r verksamhet. V\u00e5rt verksamhetssystem \u00e4r certifierat enligt kvalitetstandarden ISO 9001 och milj\u00f6standarden ISO 14001.\",\"breadcrumb\":{\"@id\":\"https:\/\/www.manner.fi\/sv\/manner-som-foretag\/miljo-och-kvalitet\/#breadcrumb\"},\"inLanguage\":\"sv-SE\",\"potentialAction\":[{\"@type\":\"ReadAction\",\"target\":[\"https:\/\/www.manner.fi\/sv\/manner-som-foretag\/miljo-och-kvalitet\/\"]}]},{\"@type\":\"ImageObject\",\"inLanguage\":\"sv-SE\",\"@id\":\"https:\/\/www.manner.fi\/sv\/manner-som-foretag\/miljo-och-kvalitet\/#primaryimage\",\"url\":\"https:\/\/www.manner.fi\/wp-content\/uploads\/2018\/01\/yritys-ymparisto-2.jpg\",\"contentUrl\":\"https:\/\/www.manner.fi\/wp-content\/uploads\/2018\/01\/yritys-ymparisto-2.jpg\",\"width\":1600,\"height\":612},{\"@type\":\"BreadcrumbList\",\"@id\":\"https:\/\/www.manner.fi\/sv\/manner-som-foretag\/miljo-och-kvalitet\/#breadcrumb\",\"itemListElement\":[{\"@type\":\"ListItem\",\"position\":1,\"name\":\"Home\",\"item\":\"https:\/\/www.manner.fi\/sv\/\"},{\"@type\":\"ListItem\",\"position\":2,\"name\":\"Manner som f\u00f6retag\",\"item\":\"https:\/\/www.manner.fi\/sv\/manner-som-foretag\/\"},{\"@type\":\"ListItem\",\"position\":3,\"name\":\"Milj\u00f6 och kvalitet\"}]},{\"@type\":\"WebSite\",\"@id\":\"https:\/\/www.manner.fi\/#website\",\"url\":\"https:\/\/www.manner.fi\/\",\"name\":\"Manner\",\"description\":\"Smart Moves on Manner Castors\",\"potentialAction\":[{\"@type\":\"SearchAction\",\"target\":{\"@type\":\"EntryPoint\",\"urlTemplate\":\"https:\/\/www.manner.fi\/?s={search_term_string}\"},\"query-input\":{\"@type\":\"PropertyValueSpecification\",\"valueRequired\":true,\"valueName\":\"search_term_string\"}}],\"inLanguage\":\"sv-SE\"}]}<\/script>\n<!-- \/ Yoast SEO plugin. -->","yoast_head_json":{"title":"Milj\u00f6 och kvalitet | Manner","description":"Manner beaktar milj\u00f6- och s\u00e4kerhetsaspekter i all v\u00e5r verksamhet. V\u00e5rt verksamhetssystem \u00e4r certifierat enligt kvalitetstandarden ISO 9001 och milj\u00f6standarden ISO 14001.","robots":{"index":"index","follow":"follow","max-snippet":"max-snippet:-1","max-image-preview":"max-image-preview:large","max-video-preview":"max-video-preview:-1"},"og_locale":"sv_SE","og_type":"article","og_title":"Milj\u00f6 och kvalitet | Manner","og_description":"Manner beaktar milj\u00f6- och s\u00e4kerhetsaspekter i all v\u00e5r verksamhet. V\u00e5rt verksamhetssystem \u00e4r certifierat enligt kvalitetstandarden ISO 9001 och milj\u00f6standarden ISO 14001.","og_url":"https:\/\/www.manner.fi\/sv\/manner-som-foretag\/miljo-och-kvalitet\/","og_site_name":"Manner","article_modified_time":"2020-11-12T09:28:15+00:00","og_image":[{"width":1600,"height":612,"url":"https:\/\/www.manner.fi\/wp-content\/uploads\/2018\/01\/yritys-ymparisto-2.jpg","type":"image\/jpeg"}],"twitter_card":"summary_large_image","twitter_misc":{"Ber\u00e4knad l\u00e4stid":"2 minuter"},"schema":{"@context":"https:\/\/schema.org","@graph":[{"@type":"WebPage","@id":"https:\/\/www.manner.fi\/sv\/manner-som-foretag\/miljo-och-kvalitet\/","url":"https:\/\/www.manner.fi\/sv\/manner-som-foretag\/miljo-och-kvalitet\/","name":"Milj\u00f6 och kvalitet | Manner","isPartOf":{"@id":"https:\/\/www.manner.fi\/#website"},"primaryImageOfPage":{"@id":"https:\/\/www.manner.fi\/sv\/manner-som-foretag\/miljo-och-kvalitet\/#primaryimage"},"image":{"@id":"https:\/\/www.manner.fi\/sv\/manner-som-foretag\/miljo-och-kvalitet\/#primaryimage"},"thumbnailUrl":"https:\/\/www.manner.fi\/wp-content\/uploads\/2018\/01\/yritys-ymparisto-2.jpg","datePublished":"2018-01-30T07:24:02+00:00","dateModified":"2020-11-12T09:28:15+00:00","description":"Manner beaktar milj\u00f6- och s\u00e4kerhetsaspekter i all v\u00e5r verksamhet. V\u00e5rt verksamhetssystem \u00e4r certifierat enligt kvalitetstandarden ISO 9001 och milj\u00f6standarden ISO 14001.","breadcrumb":{"@id":"https:\/\/www.manner.fi\/sv\/manner-som-foretag\/miljo-och-kvalitet\/#breadcrumb"},"inLanguage":"sv-SE","potentialAction":[{"@type":"ReadAction","target":["https:\/\/www.manner.fi\/sv\/manner-som-foretag\/miljo-och-kvalitet\/"]}]},{"@type":"ImageObject","inLanguage":"sv-SE","@id":"https:\/\/www.manner.fi\/sv\/manner-som-foretag\/miljo-och-kvalitet\/#primaryimage","url":"https:\/\/www.manner.fi\/wp-content\/uploads\/2018\/01\/yritys-ymparisto-2.jpg","contentUrl":"https:\/\/www.manner.fi\/wp-content\/uploads\/2018\/01\/yritys-ymparisto-2.jpg","width":1600,"height":612},{"@type":"BreadcrumbList","@id":"https:\/\/www.manner.fi\/sv\/manner-som-foretag\/miljo-och-kvalitet\/#breadcrumb","itemListElement":[{"@type":"ListItem","position":1,"name":"Home","item":"https:\/\/www.manner.fi\/sv\/"},{"@type":"ListItem","position":2,"name":"Manner som f\u00f6retag","item":"https:\/\/www.manner.fi\/sv\/manner-som-foretag\/"},{"@type":"ListItem","position":3,"name":"Milj\u00f6 och kvalitet"}]},{"@type":"WebSite","@id":"https:\/\/www.manner.fi\/#website","url":"https:\/\/www.manner.fi\/","name":"Manner","description":"Smart Moves on Manner Castors","potentialAction":[{"@type":"SearchAction","target":{"@type":"EntryPoint","urlTemplate":"https:\/\/www.manner.fi\/?s={search_term_string}"},"query-input":{"@type":"PropertyValueSpecification","valueRequired":true,"valueName":"search_term_string"}}],"inLanguage":"sv-SE"}]}},"_links":{"self":[{"href":"https:\/\/www.manner.fi\/sv\/wp-json\/wp\/v2\/pages\/7643","targetHints":{"allow":["GET"]}}],"collection":[{"href":"https:\/\/www.manner.fi\/sv\/wp-json\/wp\/v2\/pages"}],"about":[{"href":"https:\/\/www.manner.fi\/sv\/wp-json\/wp\/v2\/types\/page"}],"author":[{"embeddable":true,"href":"https:\/\/www.manner.fi\/sv\/wp-json\/wp\/v2\/users\/1"}],"replies":[{"embeddable":true,"href":"https:\/\/www.manner.fi\/sv\/wp-json\/wp\/v2\/comments?post=7643"}],"version-history":[{"count":5,"href":"https:\/\/www.manner.fi\/sv\/wp-json\/wp\/v2\/pages\/7643\/revisions"}],"predecessor-version":[{"id":186958,"href":"https:\/\/www.manner.fi\/sv\/wp-json\/wp\/v2\/pages\/7643\/revisions\/186958"}],"up":[{"embeddable":true,"href":"https:\/\/www.manner.fi\/sv\/wp-json\/wp\/v2\/pages\/2105"}],"wp:featuredmedia":[{"embeddable":true,"href":"https:\/\/www.manner.fi\/sv\/wp-json\/wp\/v2\/media\/2122"}],"wp:attachment":[{"href":"https:\/\/www.manner.fi\/sv\/wp-json\/wp\/v2\/media?parent=7643"}],"curies":[{"name":"wp","href":"https:\/\/api.w.org\/{rel}","templated":true}]}}