{"id":7639,"date":"2018-02-12T13:39:26","date_gmt":"2018-02-12T11:39:26","guid":{"rendered":"https:\/\/www.manner.fi\/?page_id=7639"},"modified":"2020-12-09T10:15:05","modified_gmt":"2020-12-09T08:15:05","slug":"var-historia","status":"publish","type":"page","link":"https:\/\/www.manner.fi\/sv\/manner-som-foretag\/var-historia\/","title":{"rendered":"V\u00e5r historia"},"content":{"rendered":"<h2>Traditionerna och kunnandet g\u00f6r Manner unikt<\/h2>\n<p>Manner \u00e4r ett familjef\u00f6retag i Hang\u00f6 som verkat sedan 1890. I b\u00f6rjan tillverkade man varor i bleckpl\u00e5t. Till exempel f\u00f6rpackades de v\u00e4lk\u00e4nda Hang\u00f6kexen i b\u00f6rjan av 1900-talet i pl\u00e5tburkar som tillverkades av Manner. Verksamheten expanderade under \u00e5rtiondenas lopp till att omfatta bl.a. maskinbyggnad, tillverkning av st\u00e5lkonstruktioner och gjuteriverksamhet.<\/p>\n<p>De f\u00f6rsta hjulprodukterna, vagnshjul, tillverkades redan p\u00e5 1930-talet, och hjul som tillverkats av skivor har producerats sedan b\u00f6rjan av 1950-talet. Manner valde l\u00e4nkhjulen till ett av sina specialiseringsomr\u00e5den, och d\u00e4refter har f\u00f6retaget utvecklats kraftigt. De f\u00f6rsta hjulen av plast tillverkades p\u00e5 1960-talet. Sedan 1974 har hjulen varit Manners enda produktgrupp. F\u00f6retaget har sedan 1980-talet framf\u00f6r allt koncentrerat sig p\u00e5 att st\u00e4rka den egna produktfamiljen och expandera verksamheten p\u00e5 den internationella marknaden. Det f\u00f6rsta hjulet helt i plast tillverkades 1998, och 2010 uppn\u00e5ddes en annan milstolpe n\u00e4r f\u00f6retaget vann den ansedda designutm\u00e4rkelsen Red Dot. F\u00f6ljande \u00e5r presenterade Manner marknadens f\u00f6rsta hjul med elektrisk l\u00e5sning, e-SMART.<\/p>\n<!========= Cool Timeline PRO 3.2 =========><div style=\"opacity:0;\" \r\n    data-showposts=\"20\"\r\n     class=\"cool_timeline cool-timeline-wrapper both-sided-wrapper white-timeline-wrapper main-default\" \r\n     id=\"tm-default-default-4\"  \r\n     data-pagination=\"no\"  \r\n     data-pagination-position=\"right\"><h1 class=\"timeline-main-title center-block\">V\u00e5r historia<\/h1><div class=\"cool-timeline ultimate-style  white-timeline\"><div  class=\"filter-preloaders\"><img decoding=\"async\" src=\"https:\/\/www.manner.fi\/wp-content\/plugins\/cool-timeline-pro\/\/assets\/images\/clt-compact-preloader.gif\"><\/div><div data-animations=\"fade-in\"  id=\"timeline-var-historia\" class=\"cooltimeline_cont  clearfix icons_yes\"><div data-cls=\"sc-nv-default white-timeline\" class=\"timeline-year scrollable-section default-year\"data-section-title=\"1890\" id=\"year-1890\"><span  class=\"ctl-timeline-date\">1890<\/span><\/div><!-- .timeline-post-start--><div   data-alternate=\"0\" id=\"story-44477\" class=\"timeline-post even light-grey-post icons_yes post-44477  default-meta\"><div   data-aos=\"fade-in\" class=\"timeline-meta\"><div class=\"meta-details\">1890<\/div><\/div><div   data-aos=\"fade-in\" class=\"timeline-icon icon-larger iconbg-turqoise icon-color-white default-icon\">\r\n                        <div class=\"icon-placeholder\"><img loading=\"lazy\" decoding=\"async\" width=\"42\" height=\"58\" src=\"https:\/\/www.manner.fi\/wp-content\/uploads\/2018\/01\/manner-1890.png\" class=\"ctl-icon-img\" alt=\"MAnner 1890\" \/><\/div>\r\n                        <div class=\"timeline-bar\"><\/div>\r\n                    <\/div><div  data-aos=\"fade-in\"  class=\"timeline-content  clearfix even  full default-content \"><h2 class=\"content-title\">1890<\/h2><div class=\"ctl_info event-description full\"><div class=\"content-details\"><div data-canvas-width=\"76.12166331621712\">Juho Manner grundar f\u00f6retaget, produkterna \u00e4r hush\u00e5llsk\u00e4rl och pl\u00e5ttak<\/div>\n<\/div><\/div><\/div><!-- timeline content --><\/div>\r\n        <!-- .timeline-post-end --><div data-cls=\"sc-nv-default white-timeline\" class=\"timeline-year scrollable-section default-year\"data-section-title=\"1899\" id=\"year-1899\"><span  class=\"ctl-timeline-date\">1899<\/span><\/div><!-- .timeline-post-start--><div   data-alternate=\"1\" id=\"story-44478\" class=\"timeline-post odd light-grey-post icons_yes post-44478 story-cat-101  default-meta\"><div   data-aos=\"fade-in\" class=\"timeline-meta\"><div class=\"meta-details\">1899<\/div><\/div><div   data-aos=\"fade-in\" class=\"timeline-icon icon-larger iconbg-turqoise icon-color-white default-icon\">\r\n                        <div class=\"icon-placeholder\"><img loading=\"lazy\" decoding=\"async\" width=\"80\" height=\"42\" src=\"https:\/\/www.manner.fi\/wp-content\/uploads\/2018\/01\/manner-1899.png\" class=\"ctl-icon-img\" alt=\"Manner 1899\" \/><\/div>\r\n                        <div class=\"timeline-bar\"><\/div>\r\n                    <\/div><div  data-aos=\"fade-in\"  class=\"timeline-content  clearfix odd  full default-content \"><h2 class=\"content-title\">1899<\/h2><div class=\"ctl_info event-description full\"><div class=\"content-details\"><p>Verksamheten utvidgas bl.a. till en sportaff\u00e4r och uthyrning av cyklar<\/p>\n<\/div><\/div><\/div><!-- timeline content --><\/div>\r\n        <!-- .timeline-post-end --><div data-cls=\"sc-nv-default white-timeline\" class=\"timeline-year scrollable-section default-year\"data-section-title=\"1914\" id=\"year-1914\"><span  class=\"ctl-timeline-date\">1914<\/span><\/div><!-- .timeline-post-start--><div   data-alternate=\"2\" id=\"story-44480\" class=\"timeline-post even light-grey-post icons_yes post-44480 story-cat-101  default-meta\"><div   data-aos=\"fade-in\" class=\"timeline-meta\"><div class=\"meta-details\">1914<\/div><\/div><div   data-aos=\"fade-in\" class=\"timeline-icon icon-larger iconbg-turqoise icon-color-white default-icon\">\r\n                        <div class=\"icon-placeholder\"><img loading=\"lazy\" decoding=\"async\" width=\"74\" height=\"62\" src=\"https:\/\/www.manner.fi\/wp-content\/uploads\/2018\/01\/manner-1914.png\" class=\"ctl-icon-img\" alt=\"Manner 1914\" \/><\/div>\r\n                        <div class=\"timeline-bar\"><\/div>\r\n                    <\/div><div  data-aos=\"fade-in\"  class=\"timeline-content  clearfix even  full default-content \"><h2 class=\"content-title\">1914<\/h2><div class=\"ctl_info event-description full\"><div class=\"content-details\"><p>Fokusering p\u00e5 verksamheten i den mekaniska verkstaden<\/p>\n<\/div><\/div><\/div><!-- timeline content --><\/div>\r\n        <!-- .timeline-post-end --><div data-cls=\"sc-nv-default white-timeline\" class=\"timeline-year scrollable-section default-year\"data-section-title=\"1922\" id=\"year-1922\"><span  class=\"ctl-timeline-date\">1922<\/span><\/div><!-- .timeline-post-start--><div   data-alternate=\"3\" id=\"story-44479\" class=\"timeline-post odd light-grey-post icons_yes post-44479 story-cat-101  default-meta\"><div   data-aos=\"fade-in\" class=\"timeline-meta\"><div class=\"meta-details\">1922<\/div><\/div><div   data-aos=\"fade-in\" class=\"timeline-icon icon-larger iconbg-turqoise icon-color-white default-icon\">\r\n                        <div class=\"icon-placeholder\"><img loading=\"lazy\" decoding=\"async\" width=\"46\" height=\"42\" src=\"https:\/\/www.manner.fi\/wp-content\/uploads\/2018\/01\/manner-1922.png\" class=\"ctl-icon-img\" alt=\"Manner 1922\" \/><\/div>\r\n                        <div class=\"timeline-bar\"><\/div>\r\n                    <\/div><div  data-aos=\"fade-in\"  class=\"timeline-content  clearfix odd  full default-content \"><h2 class=\"content-title\">1922<\/h2><div class=\"ctl_info event-description full\"><div class=\"content-details\"><p>Flyttning till L\u00e5nggatan, d\u00e4r Manner \u00e4nnu idag verkar<\/p>\n<\/div><\/div><\/div><!-- timeline content --><\/div>\r\n        <!-- .timeline-post-end --><div data-cls=\"sc-nv-default white-timeline\" class=\"timeline-year scrollable-section default-year\"data-section-title=\"1930\" id=\"year-1930\"><span  class=\"ctl-timeline-date\">1930<\/span><\/div><!-- .timeline-post-start--><div   data-alternate=\"4\" id=\"story-44481\" class=\"timeline-post even light-grey-post icons_yes post-44481 story-cat-101  default-meta\"><div   data-aos=\"fade-in\" class=\"timeline-meta\"><div class=\"meta-details\">1930<\/div><\/div><div   data-aos=\"fade-in\" class=\"timeline-icon icon-larger iconbg-turqoise icon-color-white default-icon\">\r\n                        <div class=\"icon-placeholder\"><img loading=\"lazy\" decoding=\"async\" width=\"56\" height=\"56\" src=\"https:\/\/www.manner.fi\/wp-content\/uploads\/2018\/01\/manner-1930.png\" class=\"ctl-icon-img\" alt=\"Manner 1930\" \/><\/div>\r\n                        <div class=\"timeline-bar\"><\/div>\r\n                    <\/div><div  data-aos=\"fade-in\"  class=\"timeline-content  clearfix even  full default-content \"><h2 class=\"content-title\">1930<\/h2><div class=\"ctl_info event-description full\"><div class=\"content-details\"><p>Manner tillverkar bl.a. hjulupps\u00e4ttningar f\u00f6r vagnar<\/p>\n<\/div><\/div><\/div><!-- timeline content --><\/div>\r\n        <!-- .timeline-post-end --><div data-cls=\"sc-nv-default white-timeline\" class=\"timeline-year scrollable-section default-year\"data-section-title=\"1974\" id=\"year-1974\"><span  class=\"ctl-timeline-date\">1974<\/span><\/div><!-- .timeline-post-start--><div   data-alternate=\"5\" id=\"story-44482\" class=\"timeline-post odd light-grey-post icons_yes post-44482 story-cat-101  default-meta\"><div   data-aos=\"fade-in\" class=\"timeline-meta\"><div class=\"meta-details\">1974<\/div><\/div><div   data-aos=\"fade-in\" class=\"timeline-icon icon-larger iconbg-turqoise icon-color-white default-icon\">\r\n                        <div class=\"icon-placeholder\"><img loading=\"lazy\" decoding=\"async\" width=\"58\" height=\"58\" src=\"https:\/\/www.manner.fi\/wp-content\/uploads\/2018\/01\/manner-1974.png\" class=\"ctl-icon-img\" alt=\"Manner 1974\" \/><\/div>\r\n                        <div class=\"timeline-bar\"><\/div>\r\n                    <\/div><div  data-aos=\"fade-in\"  class=\"timeline-content  clearfix odd  full default-content \"><h2 class=\"content-title\">1974<\/h2><div class=\"ctl_info event-description full\"><div class=\"content-details\"><p>Fokusering enbart p\u00e5 hjul<\/p>\n<\/div><\/div><\/div><!-- timeline content --><\/div>\r\n        <!-- .timeline-post-end --><div data-cls=\"sc-nv-default white-timeline\" class=\"timeline-year scrollable-section default-year\"data-section-title=\"1994\" id=\"year-1994\"><span  class=\"ctl-timeline-date\">1994<\/span><\/div><!-- .timeline-post-start--><div   data-alternate=\"6\" id=\"story-44483\" class=\"timeline-post even light-grey-post icons_yes post-44483 story-cat-101  default-meta\"><div   data-aos=\"fade-in\" class=\"timeline-meta\"><div class=\"meta-details\">1994<\/div><\/div><div   data-aos=\"fade-in\" class=\"timeline-icon icon-larger iconbg-turqoise icon-color-white default-icon\">\r\n                        <div class=\"icon-placeholder\"><img loading=\"lazy\" decoding=\"async\" width=\"34\" height=\"52\" src=\"https:\/\/www.manner.fi\/wp-content\/uploads\/2018\/01\/manner-1994.png\" class=\"ctl-icon-img\" alt=\"Manner 1994\" \/><\/div>\r\n                        <div class=\"timeline-bar\"><\/div>\r\n                    <\/div><div  data-aos=\"fade-in\"  class=\"timeline-content  clearfix even  full default-content \"><h2 class=\"content-title\">1994<\/h2><div class=\"ctl_info event-description full\"><div class=\"content-details\"><p>Fokusering enbart p\u00e5 hjul<\/p>\n<\/div><\/div><\/div><!-- timeline content --><\/div>\r\n        <!-- .timeline-post-end --><div data-cls=\"sc-nv-default white-timeline\" class=\"timeline-year scrollable-section default-year\"data-section-title=\"2010\" id=\"year-2010\"><span  class=\"ctl-timeline-date\">2010<\/span><\/div><!-- .timeline-post-start--><div   data-alternate=\"7\" id=\"story-44484\" class=\"timeline-post odd light-grey-post icons_yes post-44484 story-cat-101  default-meta\"><div   data-aos=\"fade-in\" class=\"timeline-meta\"><div class=\"meta-details\">2010<\/div><\/div><div   data-aos=\"fade-in\" class=\"timeline-icon icon-larger iconbg-turqoise icon-color-white default-icon\">\r\n                        <div class=\"icon-placeholder\"><img loading=\"lazy\" decoding=\"async\" width=\"42\" height=\"48\" src=\"https:\/\/www.manner.fi\/wp-content\/uploads\/2018\/01\/manner-2010.png\" class=\"ctl-icon-img\" alt=\"Manner 2010\" \/><\/div>\r\n                        <div class=\"timeline-bar\"><\/div>\r\n                    <\/div><div  data-aos=\"fade-in\"  class=\"timeline-content  clearfix odd  full default-content \"><h2 class=\"content-title\">2010<\/h2><div class=\"ctl_info event-description full\"><div class=\"content-details\"><p>e-SMART och SMART vinner den internationella designt\u00e4vlingen Red Dot<\/p>\n<\/div><\/div><\/div><!-- timeline content --><\/div>\r\n        <!-- .timeline-post-end --><div data-cls=\"sc-nv-default white-timeline\" class=\"timeline-year scrollable-section default-year\"data-section-title=\"2011\" id=\"year-2011\"><span  class=\"ctl-timeline-date\">2011<\/span><\/div><!-- .timeline-post-start--><div   data-alternate=\"8\" id=\"story-44485\" class=\"timeline-post even light-grey-post icons_yes post-44485 story-cat-101  default-meta\"><div   data-aos=\"fade-in\" class=\"timeline-meta\"><div class=\"meta-details\">2011<\/div><\/div><div   data-aos=\"fade-in\" class=\"timeline-icon icon-larger iconbg-turqoise icon-color-white default-icon\">\r\n                        <div class=\"icon-placeholder\"><img loading=\"lazy\" decoding=\"async\" width=\"34\" height=\"45\" src=\"https:\/\/www.manner.fi\/wp-content\/uploads\/2018\/01\/manner-2011.png\" class=\"ctl-icon-img\" alt=\"Manner 2011\" \/><\/div>\r\n                        <div class=\"timeline-bar\"><\/div>\r\n                    <\/div><div  data-aos=\"fade-in\"  class=\"timeline-content  clearfix even  full default-content \"><h2 class=\"content-title\">2011<\/h2><div class=\"ctl_info event-description full\"><div class=\"content-details\"><p>Det f\u00f6rsta elektroniskt l\u00e5sbara hjulet p\u00e5 marknaden e-SMART<\/p>\n<\/div><\/div><\/div><!-- timeline content --><\/div>\r\n        <!-- .timeline-post-end --><div data-cls=\"sc-nv-default white-timeline\" class=\"timeline-year scrollable-section default-year\"data-section-title=\"2020\" id=\"year-2020\"><span  class=\"ctl-timeline-date\">2020<\/span><\/div><!-- .timeline-post-start--><div   data-alternate=\"9\" id=\"story-187125\" class=\"timeline-post odd light-grey-post icons_yes post-187125 story-cat-101  default-meta\"><div   data-aos=\"fade-in\" class=\"timeline-meta\"><div class=\"meta-details\">2020<\/div><\/div><div   data-aos=\"fade-in\" class=\"timeline-icon icon-larger iconbg-turqoise icon-color-white default-icon\">\r\n                        <div class=\"icon-placeholder\"><img loading=\"lazy\" decoding=\"async\" width=\"45\" height=\"45\" src=\"https:\/\/www.manner.fi\/wp-content\/uploads\/2020\/12\/Twist.png\" class=\"ctl-icon-img\" alt=\"\" \/><\/div>\r\n                        <div class=\"timeline-bar\"><\/div>\r\n                    <\/div><div  data-aos=\"fade-in\"  class=\"timeline-content  clearfix odd  full default-content \"><h2 class=\"content-title\">2020<\/h2><div class=\"ctl_info event-description full\"><div class=\"content-details\"><p>Ny Twist- produktlinje p\u00e5 marknaden<\/p>\n<\/div><\/div><\/div><!-- timeline content --><\/div>\r\n        <!-- .timeline-post-end --><div data-cls=\"sc-nv-default white-timeline\" class=\"timeline-year scrollable-section default-year\"data-section-title=\"2023\" id=\"year-2023\"><span  class=\"ctl-timeline-date\">2023<\/span><\/div><!-- .timeline-post-start--><div   data-alternate=\"10\" id=\"story-188147\" class=\"timeline-post even light-grey-post icons_yes post-188147 story-cat-101  default-meta\"><div   data-aos=\"fade-in\" class=\"timeline-meta\"><div class=\"meta-details\">2023<\/div><\/div><div   data-aos=\"fade-in\" class=\"timeline-icon icon-larger iconbg-turqoise icon-color-white default-icon\">\r\n                        <div class=\"icon-placeholder\"><img loading=\"lazy\" decoding=\"async\" width=\"44\" height=\"45\" src=\"https:\/\/www.manner.fi\/wp-content\/uploads\/2023\/04\/colson.png\" class=\"ctl-icon-img\" alt=\"\" \/><\/div>\r\n                        <div class=\"timeline-bar\"><\/div>\r\n                    <\/div><div  data-aos=\"fade-in\"  class=\"timeline-content  clearfix even  full default-content \"><h2 class=\"content-title\"><\/h2><div class=\"ctl_info event-description full\"><div class=\"content-details\"><p>Manner som en del av Colson Group<\/p>\n<\/div><\/div><\/div><!-- timeline content --><\/div>\r\n        <!-- .timeline-post-end --><div  class=\"end-timeline clearfix\"><\/div><\/div><\/div><\/div>  <!-- end\r\n================================================== --><style type=\"text\/css\"><\/style>\n","protected":false},"excerpt":{"rendered":"<p>Traditionerna och kunnandet g\u00f6r Manner unikt Manner \u00e4r ett familjef\u00f6retag i Hang\u00f6 som verkat sedan 1890. I b\u00f6rjan tillverkade man varor i bleckpl\u00e5t. Till exempel f\u00f6rpackades de v\u00e4lk\u00e4nda Hang\u00f6kexen i b\u00f6rjan av 1900-talet i pl\u00e5tburkar som tillverkades av Manner. Verksamheten expanderade under \u00e5rtiondenas lopp till att omfatta bl.a. maskinbyggnad, tillverkning&hellip;<\/p>\n","protected":false},"author":1,"featured_media":1655,"parent":2105,"menu_order":0,"comment_status":"closed","ping_status":"closed","template":"","meta":{"_acf_changed":false,"footnotes":""},"class_list":["post-7639","page","type-page","status-publish","has-post-thumbnail","hentry"],"acf":[],"yoast_head":"<!-- This site is optimized with the Yoast SEO plugin v25.2 - https:\/\/yoast.com\/wordpress\/plugins\/seo\/ -->\n<title>V\u00e5r \u00f6ver 100 \u00e5r gamla historia | Manner<\/title>\n<meta name=\"description\" content=\"Manners historia \u00e4r l\u00e5ng och intressant. Vad som g\u00f6r Manner unikt \u00e4r v\u00e5ra traditioner och v\u00e5rt kunnande. Bekanta dig b\u00e4ttre med Manners historia redan idag!\" \/>\n<meta name=\"robots\" content=\"index, follow, max-snippet:-1, max-image-preview:large, max-video-preview:-1\" \/>\n<meta property=\"og:locale\" content=\"sv_SE\" \/>\n<meta property=\"og:type\" content=\"article\" \/>\n<meta property=\"og:title\" content=\"V\u00e5r \u00f6ver 100 \u00e5r gamla historia | Manner\" \/>\n<meta property=\"og:description\" content=\"Manners historia \u00e4r l\u00e5ng och intressant. Vad som g\u00f6r Manner unikt \u00e4r v\u00e5ra traditioner och v\u00e5rt kunnande. Bekanta dig b\u00e4ttre med Manners historia redan idag!\" \/>\n<meta property=\"og:url\" content=\"https:\/\/www.manner.fi\/sv\/manner-som-foretag\/var-historia\/\" \/>\n<meta property=\"og:site_name\" content=\"Manner\" \/>\n<meta property=\"article:modified_time\" content=\"2020-12-09T08:15:05+00:00\" \/>\n<meta property=\"og:image\" content=\"https:\/\/www.manner.fi\/wp-content\/uploads\/2018\/01\/yritys-tarinamme.jpg\" \/>\n\t<meta property=\"og:image:width\" content=\"1600\" \/>\n\t<meta property=\"og:image:height\" content=\"612\" \/>\n\t<meta property=\"og:image:type\" content=\"image\/jpeg\" \/>\n<meta name=\"twitter:card\" content=\"summary_large_image\" \/>\n<meta name=\"twitter:label1\" content=\"Ber\u00e4knad l\u00e4stid\" \/>\n\t<meta name=\"twitter:data1\" content=\"1 minut\" \/>\n<script type=\"application\/ld+json\" class=\"yoast-schema-graph\">{\"@context\":\"https:\/\/schema.org\",\"@graph\":[{\"@type\":\"WebPage\",\"@id\":\"https:\/\/www.manner.fi\/sv\/manner-som-foretag\/var-historia\/\",\"url\":\"https:\/\/www.manner.fi\/sv\/manner-som-foretag\/var-historia\/\",\"name\":\"V\u00e5r \u00f6ver 100 \u00e5r gamla historia | Manner\",\"isPartOf\":{\"@id\":\"https:\/\/www.manner.fi\/#website\"},\"primaryImageOfPage\":{\"@id\":\"https:\/\/www.manner.fi\/sv\/manner-som-foretag\/var-historia\/#primaryimage\"},\"image\":{\"@id\":\"https:\/\/www.manner.fi\/sv\/manner-som-foretag\/var-historia\/#primaryimage\"},\"thumbnailUrl\":\"https:\/\/www.manner.fi\/wp-content\/uploads\/2018\/01\/yritys-tarinamme.jpg\",\"datePublished\":\"2018-02-12T11:39:26+00:00\",\"dateModified\":\"2020-12-09T08:15:05+00:00\",\"description\":\"Manners historia \u00e4r l\u00e5ng och intressant. Vad som g\u00f6r Manner unikt \u00e4r v\u00e5ra traditioner och v\u00e5rt kunnande. Bekanta dig b\u00e4ttre med Manners historia redan idag!\",\"breadcrumb\":{\"@id\":\"https:\/\/www.manner.fi\/sv\/manner-som-foretag\/var-historia\/#breadcrumb\"},\"inLanguage\":\"sv-SE\",\"potentialAction\":[{\"@type\":\"ReadAction\",\"target\":[\"https:\/\/www.manner.fi\/sv\/manner-som-foretag\/var-historia\/\"]}]},{\"@type\":\"ImageObject\",\"inLanguage\":\"sv-SE\",\"@id\":\"https:\/\/www.manner.fi\/sv\/manner-som-foretag\/var-historia\/#primaryimage\",\"url\":\"https:\/\/www.manner.fi\/wp-content\/uploads\/2018\/01\/yritys-tarinamme.jpg\",\"contentUrl\":\"https:\/\/www.manner.fi\/wp-content\/uploads\/2018\/01\/yritys-tarinamme.jpg\",\"width\":1600,\"height\":612},{\"@type\":\"BreadcrumbList\",\"@id\":\"https:\/\/www.manner.fi\/sv\/manner-som-foretag\/var-historia\/#breadcrumb\",\"itemListElement\":[{\"@type\":\"ListItem\",\"position\":1,\"name\":\"Home\",\"item\":\"https:\/\/www.manner.fi\/sv\/\"},{\"@type\":\"ListItem\",\"position\":2,\"name\":\"Manner som f\u00f6retag\",\"item\":\"https:\/\/www.manner.fi\/sv\/manner-som-foretag\/\"},{\"@type\":\"ListItem\",\"position\":3,\"name\":\"V\u00e5r historia\"}]},{\"@type\":\"WebSite\",\"@id\":\"https:\/\/www.manner.fi\/#website\",\"url\":\"https:\/\/www.manner.fi\/\",\"name\":\"Manner\",\"description\":\"Smart Moves on Manner Castors\",\"potentialAction\":[{\"@type\":\"SearchAction\",\"target\":{\"@type\":\"EntryPoint\",\"urlTemplate\":\"https:\/\/www.manner.fi\/?s={search_term_string}\"},\"query-input\":{\"@type\":\"PropertyValueSpecification\",\"valueRequired\":true,\"valueName\":\"search_term_string\"}}],\"inLanguage\":\"sv-SE\"}]}<\/script>\n<!-- \/ Yoast SEO plugin. -->","yoast_head_json":{"title":"V\u00e5r \u00f6ver 100 \u00e5r gamla historia | Manner","description":"Manners historia \u00e4r l\u00e5ng och intressant. Vad som g\u00f6r Manner unikt \u00e4r v\u00e5ra traditioner och v\u00e5rt kunnande. Bekanta dig b\u00e4ttre med Manners historia redan idag!","robots":{"index":"index","follow":"follow","max-snippet":"max-snippet:-1","max-image-preview":"max-image-preview:large","max-video-preview":"max-video-preview:-1"},"og_locale":"sv_SE","og_type":"article","og_title":"V\u00e5r \u00f6ver 100 \u00e5r gamla historia | Manner","og_description":"Manners historia \u00e4r l\u00e5ng och intressant. Vad som g\u00f6r Manner unikt \u00e4r v\u00e5ra traditioner och v\u00e5rt kunnande. Bekanta dig b\u00e4ttre med Manners historia redan idag!","og_url":"https:\/\/www.manner.fi\/sv\/manner-som-foretag\/var-historia\/","og_site_name":"Manner","article_modified_time":"2020-12-09T08:15:05+00:00","og_image":[{"width":1600,"height":612,"url":"https:\/\/www.manner.fi\/wp-content\/uploads\/2018\/01\/yritys-tarinamme.jpg","type":"image\/jpeg"}],"twitter_card":"summary_large_image","twitter_misc":{"Ber\u00e4knad l\u00e4stid":"1 minut"},"schema":{"@context":"https:\/\/schema.org","@graph":[{"@type":"WebPage","@id":"https:\/\/www.manner.fi\/sv\/manner-som-foretag\/var-historia\/","url":"https:\/\/www.manner.fi\/sv\/manner-som-foretag\/var-historia\/","name":"V\u00e5r \u00f6ver 100 \u00e5r gamla historia | Manner","isPartOf":{"@id":"https:\/\/www.manner.fi\/#website"},"primaryImageOfPage":{"@id":"https:\/\/www.manner.fi\/sv\/manner-som-foretag\/var-historia\/#primaryimage"},"image":{"@id":"https:\/\/www.manner.fi\/sv\/manner-som-foretag\/var-historia\/#primaryimage"},"thumbnailUrl":"https:\/\/www.manner.fi\/wp-content\/uploads\/2018\/01\/yritys-tarinamme.jpg","datePublished":"2018-02-12T11:39:26+00:00","dateModified":"2020-12-09T08:15:05+00:00","description":"Manners historia \u00e4r l\u00e5ng och intressant. Vad som g\u00f6r Manner unikt \u00e4r v\u00e5ra traditioner och v\u00e5rt kunnande. Bekanta dig b\u00e4ttre med Manners historia redan idag!","breadcrumb":{"@id":"https:\/\/www.manner.fi\/sv\/manner-som-foretag\/var-historia\/#breadcrumb"},"inLanguage":"sv-SE","potentialAction":[{"@type":"ReadAction","target":["https:\/\/www.manner.fi\/sv\/manner-som-foretag\/var-historia\/"]}]},{"@type":"ImageObject","inLanguage":"sv-SE","@id":"https:\/\/www.manner.fi\/sv\/manner-som-foretag\/var-historia\/#primaryimage","url":"https:\/\/www.manner.fi\/wp-content\/uploads\/2018\/01\/yritys-tarinamme.jpg","contentUrl":"https:\/\/www.manner.fi\/wp-content\/uploads\/2018\/01\/yritys-tarinamme.jpg","width":1600,"height":612},{"@type":"BreadcrumbList","@id":"https:\/\/www.manner.fi\/sv\/manner-som-foretag\/var-historia\/#breadcrumb","itemListElement":[{"@type":"ListItem","position":1,"name":"Home","item":"https:\/\/www.manner.fi\/sv\/"},{"@type":"ListItem","position":2,"name":"Manner som f\u00f6retag","item":"https:\/\/www.manner.fi\/sv\/manner-som-foretag\/"},{"@type":"ListItem","position":3,"name":"V\u00e5r historia"}]},{"@type":"WebSite","@id":"https:\/\/www.manner.fi\/#website","url":"https:\/\/www.manner.fi\/","name":"Manner","description":"Smart Moves on Manner Castors","potentialAction":[{"@type":"SearchAction","target":{"@type":"EntryPoint","urlTemplate":"https:\/\/www.manner.fi\/?s={search_term_string}"},"query-input":{"@type":"PropertyValueSpecification","valueRequired":true,"valueName":"search_term_string"}}],"inLanguage":"sv-SE"}]}},"_links":{"self":[{"href":"https:\/\/www.manner.fi\/sv\/wp-json\/wp\/v2\/pages\/7639","targetHints":{"allow":["GET"]}}],"collection":[{"href":"https:\/\/www.manner.fi\/sv\/wp-json\/wp\/v2\/pages"}],"about":[{"href":"https:\/\/www.manner.fi\/sv\/wp-json\/wp\/v2\/types\/page"}],"author":[{"embeddable":true,"href":"https:\/\/www.manner.fi\/sv\/wp-json\/wp\/v2\/users\/1"}],"replies":[{"embeddable":true,"href":"https:\/\/www.manner.fi\/sv\/wp-json\/wp\/v2\/comments?post=7639"}],"version-history":[{"count":5,"href":"https:\/\/www.manner.fi\/sv\/wp-json\/wp\/v2\/pages\/7639\/revisions"}],"predecessor-version":[{"id":187127,"href":"https:\/\/www.manner.fi\/sv\/wp-json\/wp\/v2\/pages\/7639\/revisions\/187127"}],"up":[{"embeddable":true,"href":"https:\/\/www.manner.fi\/sv\/wp-json\/wp\/v2\/pages\/2105"}],"wp:featuredmedia":[{"embeddable":true,"href":"https:\/\/www.manner.fi\/sv\/wp-json\/wp\/v2\/media\/1655"}],"wp:attachment":[{"href":"https:\/\/www.manner.fi\/sv\/wp-json\/wp\/v2\/media?parent=7639"}],"curies":[{"name":"wp","href":"https:\/\/api.w.org\/{rel}","templated":true}]}}