{"id":7636,"date":"2018-02-12T13:30:07","date_gmt":"2018-02-12T11:30:07","guid":{"rendered":"https:\/\/www.manner.fi\/?page_id=7636"},"modified":"2018-11-22T16:44:32","modified_gmt":"2018-11-22T14:44:32","slug":"tunglasthjul","status":"publish","type":"page","link":"https:\/\/www.manner.fi\/sv\/produkter\/tunglasthjul\/","title":{"rendered":"Tunglasthjul"},"content":{"rendered":"<p style=\"text-align: center;\">Manners tunglasthjul \u00e4r avsedda s\u00e4rskilt f\u00f6r vagnar och utrustning som ska t\u00e5la stora belastningar. En del hjul i v\u00e5rt sortiment t\u00e5l en belastning p\u00e5 mer \u00e4n 6\u00a0200\u00a0kg. Hjulgafflarna \u00e4r tillverkade av b\u00f6jt, f\u00f6rzinkat st\u00e5l eller svetsat, m\u00e5lat st\u00e5l. Gaffelmodellerna SKL och SKLP \u00e4r f\u00f6rsedda med ett starkt och h\u00e5llbart sv\u00e4nglager som h\u00e5lls stadigt ihop av en centrumtapp och en l\u00e5smutter. Stommarna i SKLP-serien best\u00e5r av tv\u00e5 h\u00e4rdade kulbanor med kulor av h\u00e4rdat st\u00e5l. Stommarna i SKL-serien best\u00e5r av ett koniskt rullager. Hjulets slitbana \u00e4r gjord av polyamid, polyuretan eller gjuten uretan, som har vulkaniserats p\u00e5 en k\u00e4rna av aluminium eller st\u00e5l. Standardalternativet \u00e4r ett kullagrat hjul som garanterar l\u00e4ttr\u00f6rligheten \u00e4ven med tung last.<\/p>\n<p style=\"text-align: center;\">L\u00e4s \u00e4ven mer om Manners \u00f6vriga <a href=\"https:\/\/www.manner.fi\/sv\/produkter\/\">l\u00e4nkhjulsalternativ<\/a>, till exempel <a href=\"\/?page_id=7579\">apparathjul<\/a> och <a href=\"https:\/\/www.manner.fi\/sv\/produkter\/industrihjul\/\">industrihjul<\/a> eller <a href=\"https:\/\/www.manner.fi\/sv\/produkter\/skraddarsydda-losningar\/\">l\u00f6sningar som har skr\u00e4ddarsytts f\u00f6r kunden.<\/a><\/p>\n","protected":false},"excerpt":{"rendered":"<p>Manners tunglasthjul \u00e4r avsedda s\u00e4rskilt f\u00f6r vagnar och utrustning som ska t\u00e5la stora belastningar. En del hjul i v\u00e5rt sortiment t\u00e5l en belastning p\u00e5 mer \u00e4n 6\u00a0200\u00a0kg. Hjulgafflarna \u00e4r tillverkade av b\u00f6jt, f\u00f6rzinkat st\u00e5l eller svetsat, m\u00e5lat st\u00e5l. Gaffelmodellerna SKL och SKLP \u00e4r f\u00f6rsedda med ett starkt och h\u00e5llbart sv\u00e4nglager som h\u00e5lls stadigt ihop av [&hellip;]<\/p>\n","protected":false},"author":1,"featured_media":1543,"parent":7581,"menu_order":0,"comment_status":"closed","ping_status":"closed","template":"","meta":{"_acf_changed":false,"footnotes":""},"class_list":["post-7636","page","type-page","status-publish","has-post-thumbnail","hentry"],"acf":[],"yoast_head":"<!-- This site is optimized with the Yoast SEO plugin v25.2 - https:\/\/yoast.com\/wordpress\/plugins\/seo\/ -->\n<title>Tunglasthjul | Manner<\/title>\n<meta name=\"description\" content=\"Manners tunglasthjul \u00e4r avsedda f\u00f6r vagnar och annan utrustning som \u00e4ven ska t\u00e5la stora belastningar. Hjulet garanterar l\u00e4ttr\u00f6rlighet \u00e4ven med tung last.\" \/>\n<meta name=\"robots\" content=\"index, follow, max-snippet:-1, max-image-preview:large, max-video-preview:-1\" \/>\n<meta property=\"og:locale\" content=\"sv_SE\" \/>\n<meta property=\"og:type\" content=\"article\" \/>\n<meta property=\"og:title\" content=\"Tunglasthjul | Manner\" \/>\n<meta property=\"og:description\" content=\"Manners tunglasthjul \u00e4r avsedda f\u00f6r vagnar och annan utrustning som \u00e4ven ska t\u00e5la stora belastningar. Hjulet garanterar l\u00e4ttr\u00f6rlighet \u00e4ven med tung last.\" \/>\n<meta property=\"og:url\" content=\"https:\/\/www.manner.fi\/sv\/produkter\/tunglasthjul\/\" \/>\n<meta property=\"og:site_name\" content=\"Manner\" \/>\n<meta property=\"article:modified_time\" content=\"2018-11-22T14:44:32+00:00\" \/>\n<meta property=\"og:image\" content=\"https:\/\/www.manner.fi\/wp-content\/uploads\/2018\/01\/tuotteet-raskaatpyorat.jpg\" \/>\n\t<meta property=\"og:image:width\" content=\"1600\" \/>\n\t<meta property=\"og:image:height\" content=\"612\" \/>\n\t<meta property=\"og:image:type\" content=\"image\/jpeg\" \/>\n<meta name=\"twitter:card\" content=\"summary_large_image\" \/>\n<meta name=\"twitter:label1\" content=\"Ber\u00e4knad l\u00e4stid\" \/>\n\t<meta name=\"twitter:data1\" content=\"1 minut\" \/>\n<script type=\"application\/ld+json\" class=\"yoast-schema-graph\">{\"@context\":\"https:\/\/schema.org\",\"@graph\":[{\"@type\":\"WebPage\",\"@id\":\"https:\/\/www.manner.fi\/sv\/produkter\/tunglasthjul\/\",\"url\":\"https:\/\/www.manner.fi\/sv\/produkter\/tunglasthjul\/\",\"name\":\"Tunglasthjul | Manner\",\"isPartOf\":{\"@id\":\"https:\/\/www.manner.fi\/#website\"},\"primaryImageOfPage\":{\"@id\":\"https:\/\/www.manner.fi\/sv\/produkter\/tunglasthjul\/#primaryimage\"},\"image\":{\"@id\":\"https:\/\/www.manner.fi\/sv\/produkter\/tunglasthjul\/#primaryimage\"},\"thumbnailUrl\":\"https:\/\/www.manner.fi\/wp-content\/uploads\/2018\/01\/tuotteet-raskaatpyorat.jpg\",\"datePublished\":\"2018-02-12T11:30:07+00:00\",\"dateModified\":\"2018-11-22T14:44:32+00:00\",\"description\":\"Manners tunglasthjul \u00e4r avsedda f\u00f6r vagnar och annan utrustning som \u00e4ven ska t\u00e5la stora belastningar. Hjulet garanterar l\u00e4ttr\u00f6rlighet \u00e4ven med tung last.\",\"breadcrumb\":{\"@id\":\"https:\/\/www.manner.fi\/sv\/produkter\/tunglasthjul\/#breadcrumb\"},\"inLanguage\":\"sv-SE\",\"potentialAction\":[{\"@type\":\"ReadAction\",\"target\":[\"https:\/\/www.manner.fi\/sv\/produkter\/tunglasthjul\/\"]}]},{\"@type\":\"ImageObject\",\"inLanguage\":\"sv-SE\",\"@id\":\"https:\/\/www.manner.fi\/sv\/produkter\/tunglasthjul\/#primaryimage\",\"url\":\"https:\/\/www.manner.fi\/wp-content\/uploads\/2018\/01\/tuotteet-raskaatpyorat.jpg\",\"contentUrl\":\"https:\/\/www.manner.fi\/wp-content\/uploads\/2018\/01\/tuotteet-raskaatpyorat.jpg\",\"width\":1600,\"height\":612,\"caption\":\"Mannerin raskaat py\u00f6r\u00e4t kest\u00e4v\u00e4t suuria ja raskaita kuormia\"},{\"@type\":\"BreadcrumbList\",\"@id\":\"https:\/\/www.manner.fi\/sv\/produkter\/tunglasthjul\/#breadcrumb\",\"itemListElement\":[{\"@type\":\"ListItem\",\"position\":1,\"name\":\"Home\",\"item\":\"https:\/\/www.manner.fi\/sv\/\"},{\"@type\":\"ListItem\",\"position\":2,\"name\":\"Produkter\",\"item\":\"https:\/\/www.manner.fi\/sv\/produkter\/\"},{\"@type\":\"ListItem\",\"position\":3,\"name\":\"Tunglasthjul\"}]},{\"@type\":\"WebSite\",\"@id\":\"https:\/\/www.manner.fi\/#website\",\"url\":\"https:\/\/www.manner.fi\/\",\"name\":\"Manner\",\"description\":\"Smart Moves on Manner Castors\",\"potentialAction\":[{\"@type\":\"SearchAction\",\"target\":{\"@type\":\"EntryPoint\",\"urlTemplate\":\"https:\/\/www.manner.fi\/?s={search_term_string}\"},\"query-input\":{\"@type\":\"PropertyValueSpecification\",\"valueRequired\":true,\"valueName\":\"search_term_string\"}}],\"inLanguage\":\"sv-SE\"}]}<\/script>\n<!-- \/ Yoast SEO plugin. -->","yoast_head_json":{"title":"Tunglasthjul | Manner","description":"Manners tunglasthjul \u00e4r avsedda f\u00f6r vagnar och annan utrustning som \u00e4ven ska t\u00e5la stora belastningar. Hjulet garanterar l\u00e4ttr\u00f6rlighet \u00e4ven med tung last.","robots":{"index":"index","follow":"follow","max-snippet":"max-snippet:-1","max-image-preview":"max-image-preview:large","max-video-preview":"max-video-preview:-1"},"og_locale":"sv_SE","og_type":"article","og_title":"Tunglasthjul | Manner","og_description":"Manners tunglasthjul \u00e4r avsedda f\u00f6r vagnar och annan utrustning som \u00e4ven ska t\u00e5la stora belastningar. Hjulet garanterar l\u00e4ttr\u00f6rlighet \u00e4ven med tung last.","og_url":"https:\/\/www.manner.fi\/sv\/produkter\/tunglasthjul\/","og_site_name":"Manner","article_modified_time":"2018-11-22T14:44:32+00:00","og_image":[{"width":1600,"height":612,"url":"https:\/\/www.manner.fi\/wp-content\/uploads\/2018\/01\/tuotteet-raskaatpyorat.jpg","type":"image\/jpeg"}],"twitter_card":"summary_large_image","twitter_misc":{"Ber\u00e4knad l\u00e4stid":"1 minut"},"schema":{"@context":"https:\/\/schema.org","@graph":[{"@type":"WebPage","@id":"https:\/\/www.manner.fi\/sv\/produkter\/tunglasthjul\/","url":"https:\/\/www.manner.fi\/sv\/produkter\/tunglasthjul\/","name":"Tunglasthjul | Manner","isPartOf":{"@id":"https:\/\/www.manner.fi\/#website"},"primaryImageOfPage":{"@id":"https:\/\/www.manner.fi\/sv\/produkter\/tunglasthjul\/#primaryimage"},"image":{"@id":"https:\/\/www.manner.fi\/sv\/produkter\/tunglasthjul\/#primaryimage"},"thumbnailUrl":"https:\/\/www.manner.fi\/wp-content\/uploads\/2018\/01\/tuotteet-raskaatpyorat.jpg","datePublished":"2018-02-12T11:30:07+00:00","dateModified":"2018-11-22T14:44:32+00:00","description":"Manners tunglasthjul \u00e4r avsedda f\u00f6r vagnar och annan utrustning som \u00e4ven ska t\u00e5la stora belastningar. Hjulet garanterar l\u00e4ttr\u00f6rlighet \u00e4ven med tung last.","breadcrumb":{"@id":"https:\/\/www.manner.fi\/sv\/produkter\/tunglasthjul\/#breadcrumb"},"inLanguage":"sv-SE","potentialAction":[{"@type":"ReadAction","target":["https:\/\/www.manner.fi\/sv\/produkter\/tunglasthjul\/"]}]},{"@type":"ImageObject","inLanguage":"sv-SE","@id":"https:\/\/www.manner.fi\/sv\/produkter\/tunglasthjul\/#primaryimage","url":"https:\/\/www.manner.fi\/wp-content\/uploads\/2018\/01\/tuotteet-raskaatpyorat.jpg","contentUrl":"https:\/\/www.manner.fi\/wp-content\/uploads\/2018\/01\/tuotteet-raskaatpyorat.jpg","width":1600,"height":612,"caption":"Mannerin raskaat py\u00f6r\u00e4t kest\u00e4v\u00e4t suuria ja raskaita kuormia"},{"@type":"BreadcrumbList","@id":"https:\/\/www.manner.fi\/sv\/produkter\/tunglasthjul\/#breadcrumb","itemListElement":[{"@type":"ListItem","position":1,"name":"Home","item":"https:\/\/www.manner.fi\/sv\/"},{"@type":"ListItem","position":2,"name":"Produkter","item":"https:\/\/www.manner.fi\/sv\/produkter\/"},{"@type":"ListItem","position":3,"name":"Tunglasthjul"}]},{"@type":"WebSite","@id":"https:\/\/www.manner.fi\/#website","url":"https:\/\/www.manner.fi\/","name":"Manner","description":"Smart Moves on Manner Castors","potentialAction":[{"@type":"SearchAction","target":{"@type":"EntryPoint","urlTemplate":"https:\/\/www.manner.fi\/?s={search_term_string}"},"query-input":{"@type":"PropertyValueSpecification","valueRequired":true,"valueName":"search_term_string"}}],"inLanguage":"sv-SE"}]}},"_links":{"self":[{"href":"https:\/\/www.manner.fi\/sv\/wp-json\/wp\/v2\/pages\/7636","targetHints":{"allow":["GET"]}}],"collection":[{"href":"https:\/\/www.manner.fi\/sv\/wp-json\/wp\/v2\/pages"}],"about":[{"href":"https:\/\/www.manner.fi\/sv\/wp-json\/wp\/v2\/types\/page"}],"author":[{"embeddable":true,"href":"https:\/\/www.manner.fi\/sv\/wp-json\/wp\/v2\/users\/1"}],"replies":[{"embeddable":true,"href":"https:\/\/www.manner.fi\/sv\/wp-json\/wp\/v2\/comments?post=7636"}],"version-history":[{"count":6,"href":"https:\/\/www.manner.fi\/sv\/wp-json\/wp\/v2\/pages\/7636\/revisions"}],"predecessor-version":[{"id":106491,"href":"https:\/\/www.manner.fi\/sv\/wp-json\/wp\/v2\/pages\/7636\/revisions\/106491"}],"up":[{"embeddable":true,"href":"https:\/\/www.manner.fi\/sv\/wp-json\/wp\/v2\/pages\/7581"}],"wp:featuredmedia":[{"embeddable":true,"href":"https:\/\/www.manner.fi\/sv\/wp-json\/wp\/v2\/media\/1543"}],"wp:attachment":[{"href":"https:\/\/www.manner.fi\/sv\/wp-json\/wp\/v2\/media?parent=7636"}],"curies":[{"name":"wp","href":"https:\/\/api.w.org\/{rel}","templated":true}]}}