{"id":7629,"date":"2018-01-02T11:33:43","date_gmt":"2018-01-02T09:33:43","guid":{"rendered":"https:\/\/www.manner.fi\/produkter\/industrial-castors\/"},"modified":"2020-01-21T13:59:34","modified_gmt":"2020-01-21T11:59:34","slug":"industrihjul","status":"publish","type":"page","link":"https:\/\/www.manner.fi\/sv\/produkter\/industrihjul\/","title":{"rendered":"Industrihjul"},"content":{"rendered":"<p style=\"text-align: center;\">Tack vare sin stabila och h\u00e5llbara konstruktion fungerar industrihjulen l\u00e4nge och felfritt \u00e4ven d\u00e5 de anv\u00e4nds flitigt. Manners traditionella och tunga industrihjul har \u00f6vertygat sina anv\u00e4ndare genom sin utm\u00e4rkta funktion och h\u00e5llbarhet. Industrihjulen anv\u00e4nds bland annat inom bryggeri- och mejeriindustrin samt inom handelns logistikfunktioner. Gaffeln best\u00e5r av b\u00f6jt, f\u00f6rzinkat st\u00e5l. Sv\u00e4nglagret inneh\u00e5ller tv\u00e5 kulkretsar med kulor av h\u00e4rdat st\u00e5l. De underh\u00e5llsfria, lagrade hjulen g\u00f6r det l\u00e4tt att transportera \u00e4ven tyngre laster. <span lang=\"SV\">I v\u00e5rt sortiment finns flera olika hjulalternativ.<\/span><\/p>\n<p style=\"text-align: center;\">L\u00e4s \u00e4ven mer om Manners \u00f6vriga <a href=\"https:\/\/www.manner.fi\/sv\/produkter\/\">l\u00e4nkhjulsalternativ<\/a>, till exempel <a href=\"\/?page_id=7579\">apparathjul<\/a> och <a href=\"https:\/\/www.manner.fi\/sv\/?page_id=7633\">m\u00f6belhjul<\/a> eller <a href=\"https:\/\/www.manner.fi\/sv\/produkter\/skraddarsydda-losningar\/\">l\u00f6sningar som har skr\u00e4ddarsytts f\u00f6r kunden.<\/a><\/p>\n","protected":false},"excerpt":{"rendered":"<p>Tack vare sin stabila och h\u00e5llbara konstruktion fungerar industrihjulen l\u00e4nge och felfritt \u00e4ven d\u00e5 de anv\u00e4nds flitigt. Manners traditionella och tunga industrihjul har \u00f6vertygat sina anv\u00e4ndare genom sin utm\u00e4rkta funktion och h\u00e5llbarhet. Industrihjulen anv\u00e4nds bland annat inom bryggeri- och mejeriindustrin samt inom handelns logistikfunktioner. Gaffeln best\u00e5r av b\u00f6jt, f\u00f6rzinkat st\u00e5l. Sv\u00e4nglagret inneh\u00e5ller tv\u00e5 kulkretsar med [&hellip;]<\/p>\n","protected":false},"author":1,"featured_media":1532,"parent":7581,"menu_order":0,"comment_status":"closed","ping_status":"closed","template":"","meta":{"_acf_changed":false,"footnotes":""},"class_list":["post-7629","page","type-page","status-publish","has-post-thumbnail","hentry"],"acf":[],"yoast_head":"<!-- This site is optimized with the Yoast SEO plugin v25.2 - https:\/\/yoast.com\/wordpress\/plugins\/seo\/ -->\n<title>Industrihjul | Manner<\/title>\n<meta name=\"description\" content=\"Manners industrihjul \u00e4r stabila och h\u00e5llbara och g\u00e5r att anv\u00e4nda l\u00e4nge och flitigt. Industrihjulen passar olika industriapparater och byggnadsst\u00e4llningar.\" \/>\n<meta name=\"robots\" content=\"index, follow, max-snippet:-1, max-image-preview:large, max-video-preview:-1\" \/>\n<meta property=\"og:locale\" content=\"sv_SE\" \/>\n<meta property=\"og:type\" content=\"article\" \/>\n<meta property=\"og:title\" content=\"Industrihjul | Manner\" \/>\n<meta property=\"og:description\" content=\"Manners industrihjul \u00e4r stabila och h\u00e5llbara och g\u00e5r att anv\u00e4nda l\u00e4nge och flitigt. Industrihjulen passar olika industriapparater och byggnadsst\u00e4llningar.\" \/>\n<meta property=\"og:url\" content=\"https:\/\/www.manner.fi\/sv\/produkter\/industrihjul\/\" \/>\n<meta property=\"og:site_name\" content=\"Manner\" \/>\n<meta property=\"article:modified_time\" content=\"2020-01-21T11:59:34+00:00\" \/>\n<meta property=\"og:image\" content=\"https:\/\/www.manner.fi\/wp-content\/uploads\/2018\/01\/tuotteet-teollisuuspyorat.jpg\" \/>\n\t<meta property=\"og:image:width\" content=\"1600\" \/>\n\t<meta property=\"og:image:height\" content=\"612\" \/>\n\t<meta property=\"og:image:type\" content=\"image\/jpeg\" \/>\n<meta name=\"twitter:card\" content=\"summary_large_image\" \/>\n<meta name=\"twitter:label1\" content=\"Ber\u00e4knad l\u00e4stid\" \/>\n\t<meta name=\"twitter:data1\" content=\"1 minut\" \/>\n<script type=\"application\/ld+json\" class=\"yoast-schema-graph\">{\"@context\":\"https:\/\/schema.org\",\"@graph\":[{\"@type\":\"WebPage\",\"@id\":\"https:\/\/www.manner.fi\/sv\/produkter\/industrihjul\/\",\"url\":\"https:\/\/www.manner.fi\/sv\/produkter\/industrihjul\/\",\"name\":\"Industrihjul | Manner\",\"isPartOf\":{\"@id\":\"https:\/\/www.manner.fi\/#website\"},\"primaryImageOfPage\":{\"@id\":\"https:\/\/www.manner.fi\/sv\/produkter\/industrihjul\/#primaryimage\"},\"image\":{\"@id\":\"https:\/\/www.manner.fi\/sv\/produkter\/industrihjul\/#primaryimage\"},\"thumbnailUrl\":\"https:\/\/www.manner.fi\/wp-content\/uploads\/2018\/01\/tuotteet-teollisuuspyorat.jpg\",\"datePublished\":\"2018-01-02T09:33:43+00:00\",\"dateModified\":\"2020-01-21T11:59:34+00:00\",\"description\":\"Manners industrihjul \u00e4r stabila och h\u00e5llbara och g\u00e5r att anv\u00e4nda l\u00e4nge och flitigt. Industrihjulen passar olika industriapparater och byggnadsst\u00e4llningar.\",\"breadcrumb\":{\"@id\":\"https:\/\/www.manner.fi\/sv\/produkter\/industrihjul\/#breadcrumb\"},\"inLanguage\":\"sv-SE\",\"potentialAction\":[{\"@type\":\"ReadAction\",\"target\":[\"https:\/\/www.manner.fi\/sv\/produkter\/industrihjul\/\"]}]},{\"@type\":\"ImageObject\",\"inLanguage\":\"sv-SE\",\"@id\":\"https:\/\/www.manner.fi\/sv\/produkter\/industrihjul\/#primaryimage\",\"url\":\"https:\/\/www.manner.fi\/wp-content\/uploads\/2018\/01\/tuotteet-teollisuuspyorat.jpg\",\"contentUrl\":\"https:\/\/www.manner.fi\/wp-content\/uploads\/2018\/01\/tuotteet-teollisuuspyorat.jpg\",\"width\":1600,\"height\":612,\"caption\":\"Manner teollisuuspy\u00f6r\u00e4t\"},{\"@type\":\"BreadcrumbList\",\"@id\":\"https:\/\/www.manner.fi\/sv\/produkter\/industrihjul\/#breadcrumb\",\"itemListElement\":[{\"@type\":\"ListItem\",\"position\":1,\"name\":\"Home\",\"item\":\"https:\/\/www.manner.fi\/sv\/\"},{\"@type\":\"ListItem\",\"position\":2,\"name\":\"Produkter\",\"item\":\"https:\/\/www.manner.fi\/sv\/produkter\/\"},{\"@type\":\"ListItem\",\"position\":3,\"name\":\"Industrihjul\"}]},{\"@type\":\"WebSite\",\"@id\":\"https:\/\/www.manner.fi\/#website\",\"url\":\"https:\/\/www.manner.fi\/\",\"name\":\"Manner\",\"description\":\"Smart Moves on Manner Castors\",\"potentialAction\":[{\"@type\":\"SearchAction\",\"target\":{\"@type\":\"EntryPoint\",\"urlTemplate\":\"https:\/\/www.manner.fi\/?s={search_term_string}\"},\"query-input\":{\"@type\":\"PropertyValueSpecification\",\"valueRequired\":true,\"valueName\":\"search_term_string\"}}],\"inLanguage\":\"sv-SE\"}]}<\/script>\n<!-- \/ Yoast SEO plugin. -->","yoast_head_json":{"title":"Industrihjul | Manner","description":"Manners industrihjul \u00e4r stabila och h\u00e5llbara och g\u00e5r att anv\u00e4nda l\u00e4nge och flitigt. Industrihjulen passar olika industriapparater och byggnadsst\u00e4llningar.","robots":{"index":"index","follow":"follow","max-snippet":"max-snippet:-1","max-image-preview":"max-image-preview:large","max-video-preview":"max-video-preview:-1"},"og_locale":"sv_SE","og_type":"article","og_title":"Industrihjul | Manner","og_description":"Manners industrihjul \u00e4r stabila och h\u00e5llbara och g\u00e5r att anv\u00e4nda l\u00e4nge och flitigt. Industrihjulen passar olika industriapparater och byggnadsst\u00e4llningar.","og_url":"https:\/\/www.manner.fi\/sv\/produkter\/industrihjul\/","og_site_name":"Manner","article_modified_time":"2020-01-21T11:59:34+00:00","og_image":[{"width":1600,"height":612,"url":"https:\/\/www.manner.fi\/wp-content\/uploads\/2018\/01\/tuotteet-teollisuuspyorat.jpg","type":"image\/jpeg"}],"twitter_card":"summary_large_image","twitter_misc":{"Ber\u00e4knad l\u00e4stid":"1 minut"},"schema":{"@context":"https:\/\/schema.org","@graph":[{"@type":"WebPage","@id":"https:\/\/www.manner.fi\/sv\/produkter\/industrihjul\/","url":"https:\/\/www.manner.fi\/sv\/produkter\/industrihjul\/","name":"Industrihjul | Manner","isPartOf":{"@id":"https:\/\/www.manner.fi\/#website"},"primaryImageOfPage":{"@id":"https:\/\/www.manner.fi\/sv\/produkter\/industrihjul\/#primaryimage"},"image":{"@id":"https:\/\/www.manner.fi\/sv\/produkter\/industrihjul\/#primaryimage"},"thumbnailUrl":"https:\/\/www.manner.fi\/wp-content\/uploads\/2018\/01\/tuotteet-teollisuuspyorat.jpg","datePublished":"2018-01-02T09:33:43+00:00","dateModified":"2020-01-21T11:59:34+00:00","description":"Manners industrihjul \u00e4r stabila och h\u00e5llbara och g\u00e5r att anv\u00e4nda l\u00e4nge och flitigt. Industrihjulen passar olika industriapparater och byggnadsst\u00e4llningar.","breadcrumb":{"@id":"https:\/\/www.manner.fi\/sv\/produkter\/industrihjul\/#breadcrumb"},"inLanguage":"sv-SE","potentialAction":[{"@type":"ReadAction","target":["https:\/\/www.manner.fi\/sv\/produkter\/industrihjul\/"]}]},{"@type":"ImageObject","inLanguage":"sv-SE","@id":"https:\/\/www.manner.fi\/sv\/produkter\/industrihjul\/#primaryimage","url":"https:\/\/www.manner.fi\/wp-content\/uploads\/2018\/01\/tuotteet-teollisuuspyorat.jpg","contentUrl":"https:\/\/www.manner.fi\/wp-content\/uploads\/2018\/01\/tuotteet-teollisuuspyorat.jpg","width":1600,"height":612,"caption":"Manner teollisuuspy\u00f6r\u00e4t"},{"@type":"BreadcrumbList","@id":"https:\/\/www.manner.fi\/sv\/produkter\/industrihjul\/#breadcrumb","itemListElement":[{"@type":"ListItem","position":1,"name":"Home","item":"https:\/\/www.manner.fi\/sv\/"},{"@type":"ListItem","position":2,"name":"Produkter","item":"https:\/\/www.manner.fi\/sv\/produkter\/"},{"@type":"ListItem","position":3,"name":"Industrihjul"}]},{"@type":"WebSite","@id":"https:\/\/www.manner.fi\/#website","url":"https:\/\/www.manner.fi\/","name":"Manner","description":"Smart Moves on Manner Castors","potentialAction":[{"@type":"SearchAction","target":{"@type":"EntryPoint","urlTemplate":"https:\/\/www.manner.fi\/?s={search_term_string}"},"query-input":{"@type":"PropertyValueSpecification","valueRequired":true,"valueName":"search_term_string"}}],"inLanguage":"sv-SE"}]}},"_links":{"self":[{"href":"https:\/\/www.manner.fi\/sv\/wp-json\/wp\/v2\/pages\/7629","targetHints":{"allow":["GET"]}}],"collection":[{"href":"https:\/\/www.manner.fi\/sv\/wp-json\/wp\/v2\/pages"}],"about":[{"href":"https:\/\/www.manner.fi\/sv\/wp-json\/wp\/v2\/types\/page"}],"author":[{"embeddable":true,"href":"https:\/\/www.manner.fi\/sv\/wp-json\/wp\/v2\/users\/1"}],"replies":[{"embeddable":true,"href":"https:\/\/www.manner.fi\/sv\/wp-json\/wp\/v2\/comments?post=7629"}],"version-history":[{"count":10,"href":"https:\/\/www.manner.fi\/sv\/wp-json\/wp\/v2\/pages\/7629\/revisions"}],"predecessor-version":[{"id":186064,"href":"https:\/\/www.manner.fi\/sv\/wp-json\/wp\/v2\/pages\/7629\/revisions\/186064"}],"up":[{"embeddable":true,"href":"https:\/\/www.manner.fi\/sv\/wp-json\/wp\/v2\/pages\/7581"}],"wp:featuredmedia":[{"embeddable":true,"href":"https:\/\/www.manner.fi\/sv\/wp-json\/wp\/v2\/media\/1532"}],"wp:attachment":[{"href":"https:\/\/www.manner.fi\/sv\/wp-json\/wp\/v2\/media?parent=7629"}],"curies":[{"name":"wp","href":"https:\/\/api.w.org\/{rel}","templated":true}]}}