{"id":7624,"date":"2018-02-12T13:16:27","date_gmt":"2018-02-12T11:16:27","guid":{"rendered":"https:\/\/www.manner.fi\/?page_id=7624"},"modified":"2020-09-15T14:00:02","modified_gmt":"2020-09-15T11:00:02","slug":"skraddarsydda-losningar","status":"publish","type":"page","link":"https:\/\/www.manner.fi\/sv\/produkter\/skraddarsydda-losningar\/","title":{"rendered":"Specialhjul och skr\u00e4ddarsydda l\u00f6sningar"},"content":{"rendered":"<p style=\"text-align: center;\">Tack vare decenniers erfarenhet av tillverkning av hjul beh\u00e4rskar Manner ocks\u00e5 planering och tillverkning av specialhjul och kundspecifika hjull\u00f6sningar.<\/p>\n<p style=\"text-align: center;\">Specialhjul och produktutvecklingsprojekt som genomf\u00f6rs tillsammans med kunderna \u00e4r d\u00e4rf\u00f6r en viktig del av Manners verksamhet. Kontinuerlig forskning och testning av nya r\u00e5varor och komponenter samt ett fungerande samarbete med kunderna \u00e4r en v\u00e4sentlig del av produktutvecklingsarbetet av h\u00f6gkvalitativa specialhjul som ger merv\u00e4rde.<\/p>\n<p style=\"text-align: center;\">Vi vill att ni kontaktar oss n\u00e4r ni s\u00f6ker en innovativ l\u00f6sning p\u00e5 hjulfr\u00e5gor. Det kan vara fr\u00e5ga om planering av en ny hjulprodukt eller utveckling av en enskild egenskap.<\/p>\n","protected":false},"excerpt":{"rendered":"<p>Tack vare decenniers erfarenhet av tillverkning av hjul beh\u00e4rskar Manner ocks\u00e5 planering och tillverkning av specialhjul och kundspecifika hjull\u00f6sningar. Specialhjul och produktutvecklingsprojekt som genomf\u00f6rs tillsammans med kunderna \u00e4r d\u00e4rf\u00f6r en viktig del av Manners verksamhet. Kontinuerlig forskning och testning av nya r\u00e5varor och komponenter samt ett fungerande samarbete med kunderna \u00e4r en v\u00e4sentlig del av [&hellip;]<\/p>\n","protected":false},"author":1,"featured_media":1732,"parent":7581,"menu_order":0,"comment_status":"closed","ping_status":"closed","template":"","meta":{"_acf_changed":false,"footnotes":""},"class_list":["post-7624","page","type-page","status-publish","has-post-thumbnail","hentry"],"acf":[],"yoast_head":"<!-- This site is optimized with the Yoast SEO plugin v25.2 - https:\/\/yoast.com\/wordpress\/plugins\/seo\/ -->\n<title>Skr\u00e4ddarsydda l\u00f6sningar - produkter exakt f\u00f6r kundens behov | Manner<\/title>\n<meta name=\"description\" content=\"Manner \u00e4r redo att utveckla och bearbeta befintliga produkter s\u00e5 att produkten b\u00e4ttre motsvarar kundens behov. Manner kan flexibelt tillverka skr\u00e4ddarsydda produkter.\" \/>\n<meta name=\"robots\" content=\"index, follow, max-snippet:-1, max-image-preview:large, max-video-preview:-1\" \/>\n<meta property=\"og:locale\" content=\"sv_SE\" \/>\n<meta property=\"og:type\" content=\"article\" \/>\n<meta property=\"og:title\" content=\"Skr\u00e4ddarsydda l\u00f6sningar - produkter exakt f\u00f6r kundens behov | Manner\" \/>\n<meta property=\"og:description\" content=\"Manner \u00e4r redo att utveckla och bearbeta befintliga produkter s\u00e5 att produkten b\u00e4ttre motsvarar kundens behov. Manner kan flexibelt tillverka skr\u00e4ddarsydda produkter.\" \/>\n<meta property=\"og:url\" content=\"https:\/\/www.manner.fi\/sv\/produkter\/skraddarsydda-losningar\/\" \/>\n<meta property=\"og:site_name\" content=\"Manner\" \/>\n<meta property=\"article:modified_time\" content=\"2020-09-15T11:00:02+00:00\" \/>\n<meta property=\"og:image\" content=\"https:\/\/www.manner.fi\/wp-content\/uploads\/2018\/01\/tuotteet-raataloidyt.jpg\" \/>\n\t<meta property=\"og:image:width\" content=\"1600\" \/>\n\t<meta property=\"og:image:height\" content=\"612\" \/>\n\t<meta property=\"og:image:type\" content=\"image\/jpeg\" \/>\n<meta name=\"twitter:card\" content=\"summary_large_image\" \/>\n<meta name=\"twitter:label1\" content=\"Ber\u00e4knad l\u00e4stid\" \/>\n\t<meta name=\"twitter:data1\" content=\"1 minut\" \/>\n<script type=\"application\/ld+json\" class=\"yoast-schema-graph\">{\"@context\":\"https:\/\/schema.org\",\"@graph\":[{\"@type\":\"WebPage\",\"@id\":\"https:\/\/www.manner.fi\/sv\/produkter\/skraddarsydda-losningar\/\",\"url\":\"https:\/\/www.manner.fi\/sv\/produkter\/skraddarsydda-losningar\/\",\"name\":\"Skr\u00e4ddarsydda l\u00f6sningar - produkter exakt f\u00f6r kundens behov | Manner\",\"isPartOf\":{\"@id\":\"https:\/\/www.manner.fi\/#website\"},\"primaryImageOfPage\":{\"@id\":\"https:\/\/www.manner.fi\/sv\/produkter\/skraddarsydda-losningar\/#primaryimage\"},\"image\":{\"@id\":\"https:\/\/www.manner.fi\/sv\/produkter\/skraddarsydda-losningar\/#primaryimage\"},\"thumbnailUrl\":\"https:\/\/www.manner.fi\/wp-content\/uploads\/2018\/01\/tuotteet-raataloidyt.jpg\",\"datePublished\":\"2018-02-12T11:16:27+00:00\",\"dateModified\":\"2020-09-15T11:00:02+00:00\",\"description\":\"Manner \u00e4r redo att utveckla och bearbeta befintliga produkter s\u00e5 att produkten b\u00e4ttre motsvarar kundens behov. Manner kan flexibelt tillverka skr\u00e4ddarsydda produkter.\",\"breadcrumb\":{\"@id\":\"https:\/\/www.manner.fi\/sv\/produkter\/skraddarsydda-losningar\/#breadcrumb\"},\"inLanguage\":\"sv-SE\",\"potentialAction\":[{\"@type\":\"ReadAction\",\"target\":[\"https:\/\/www.manner.fi\/sv\/produkter\/skraddarsydda-losningar\/\"]}]},{\"@type\":\"ImageObject\",\"inLanguage\":\"sv-SE\",\"@id\":\"https:\/\/www.manner.fi\/sv\/produkter\/skraddarsydda-losningar\/#primaryimage\",\"url\":\"https:\/\/www.manner.fi\/wp-content\/uploads\/2018\/01\/tuotteet-raataloidyt.jpg\",\"contentUrl\":\"https:\/\/www.manner.fi\/wp-content\/uploads\/2018\/01\/tuotteet-raataloidyt.jpg\",\"width\":1600,\"height\":612},{\"@type\":\"BreadcrumbList\",\"@id\":\"https:\/\/www.manner.fi\/sv\/produkter\/skraddarsydda-losningar\/#breadcrumb\",\"itemListElement\":[{\"@type\":\"ListItem\",\"position\":1,\"name\":\"Home\",\"item\":\"https:\/\/www.manner.fi\/sv\/\"},{\"@type\":\"ListItem\",\"position\":2,\"name\":\"Produkter\",\"item\":\"https:\/\/www.manner.fi\/sv\/produkter\/\"},{\"@type\":\"ListItem\",\"position\":3,\"name\":\"Specialhjul och skr\u00e4ddarsydda l\u00f6sningar\"}]},{\"@type\":\"WebSite\",\"@id\":\"https:\/\/www.manner.fi\/#website\",\"url\":\"https:\/\/www.manner.fi\/\",\"name\":\"Manner\",\"description\":\"Smart Moves on Manner Castors\",\"potentialAction\":[{\"@type\":\"SearchAction\",\"target\":{\"@type\":\"EntryPoint\",\"urlTemplate\":\"https:\/\/www.manner.fi\/?s={search_term_string}\"},\"query-input\":{\"@type\":\"PropertyValueSpecification\",\"valueRequired\":true,\"valueName\":\"search_term_string\"}}],\"inLanguage\":\"sv-SE\"}]}<\/script>\n<!-- \/ Yoast SEO plugin. -->","yoast_head_json":{"title":"Skr\u00e4ddarsydda l\u00f6sningar - produkter exakt f\u00f6r kundens behov | Manner","description":"Manner \u00e4r redo att utveckla och bearbeta befintliga produkter s\u00e5 att produkten b\u00e4ttre motsvarar kundens behov. Manner kan flexibelt tillverka skr\u00e4ddarsydda produkter.","robots":{"index":"index","follow":"follow","max-snippet":"max-snippet:-1","max-image-preview":"max-image-preview:large","max-video-preview":"max-video-preview:-1"},"og_locale":"sv_SE","og_type":"article","og_title":"Skr\u00e4ddarsydda l\u00f6sningar - produkter exakt f\u00f6r kundens behov | Manner","og_description":"Manner \u00e4r redo att utveckla och bearbeta befintliga produkter s\u00e5 att produkten b\u00e4ttre motsvarar kundens behov. Manner kan flexibelt tillverka skr\u00e4ddarsydda produkter.","og_url":"https:\/\/www.manner.fi\/sv\/produkter\/skraddarsydda-losningar\/","og_site_name":"Manner","article_modified_time":"2020-09-15T11:00:02+00:00","og_image":[{"width":1600,"height":612,"url":"https:\/\/www.manner.fi\/wp-content\/uploads\/2018\/01\/tuotteet-raataloidyt.jpg","type":"image\/jpeg"}],"twitter_card":"summary_large_image","twitter_misc":{"Ber\u00e4knad l\u00e4stid":"1 minut"},"schema":{"@context":"https:\/\/schema.org","@graph":[{"@type":"WebPage","@id":"https:\/\/www.manner.fi\/sv\/produkter\/skraddarsydda-losningar\/","url":"https:\/\/www.manner.fi\/sv\/produkter\/skraddarsydda-losningar\/","name":"Skr\u00e4ddarsydda l\u00f6sningar - produkter exakt f\u00f6r kundens behov | Manner","isPartOf":{"@id":"https:\/\/www.manner.fi\/#website"},"primaryImageOfPage":{"@id":"https:\/\/www.manner.fi\/sv\/produkter\/skraddarsydda-losningar\/#primaryimage"},"image":{"@id":"https:\/\/www.manner.fi\/sv\/produkter\/skraddarsydda-losningar\/#primaryimage"},"thumbnailUrl":"https:\/\/www.manner.fi\/wp-content\/uploads\/2018\/01\/tuotteet-raataloidyt.jpg","datePublished":"2018-02-12T11:16:27+00:00","dateModified":"2020-09-15T11:00:02+00:00","description":"Manner \u00e4r redo att utveckla och bearbeta befintliga produkter s\u00e5 att produkten b\u00e4ttre motsvarar kundens behov. Manner kan flexibelt tillverka skr\u00e4ddarsydda produkter.","breadcrumb":{"@id":"https:\/\/www.manner.fi\/sv\/produkter\/skraddarsydda-losningar\/#breadcrumb"},"inLanguage":"sv-SE","potentialAction":[{"@type":"ReadAction","target":["https:\/\/www.manner.fi\/sv\/produkter\/skraddarsydda-losningar\/"]}]},{"@type":"ImageObject","inLanguage":"sv-SE","@id":"https:\/\/www.manner.fi\/sv\/produkter\/skraddarsydda-losningar\/#primaryimage","url":"https:\/\/www.manner.fi\/wp-content\/uploads\/2018\/01\/tuotteet-raataloidyt.jpg","contentUrl":"https:\/\/www.manner.fi\/wp-content\/uploads\/2018\/01\/tuotteet-raataloidyt.jpg","width":1600,"height":612},{"@type":"BreadcrumbList","@id":"https:\/\/www.manner.fi\/sv\/produkter\/skraddarsydda-losningar\/#breadcrumb","itemListElement":[{"@type":"ListItem","position":1,"name":"Home","item":"https:\/\/www.manner.fi\/sv\/"},{"@type":"ListItem","position":2,"name":"Produkter","item":"https:\/\/www.manner.fi\/sv\/produkter\/"},{"@type":"ListItem","position":3,"name":"Specialhjul och skr\u00e4ddarsydda l\u00f6sningar"}]},{"@type":"WebSite","@id":"https:\/\/www.manner.fi\/#website","url":"https:\/\/www.manner.fi\/","name":"Manner","description":"Smart Moves on Manner Castors","potentialAction":[{"@type":"SearchAction","target":{"@type":"EntryPoint","urlTemplate":"https:\/\/www.manner.fi\/?s={search_term_string}"},"query-input":{"@type":"PropertyValueSpecification","valueRequired":true,"valueName":"search_term_string"}}],"inLanguage":"sv-SE"}]}},"_links":{"self":[{"href":"https:\/\/www.manner.fi\/sv\/wp-json\/wp\/v2\/pages\/7624","targetHints":{"allow":["GET"]}}],"collection":[{"href":"https:\/\/www.manner.fi\/sv\/wp-json\/wp\/v2\/pages"}],"about":[{"href":"https:\/\/www.manner.fi\/sv\/wp-json\/wp\/v2\/types\/page"}],"author":[{"embeddable":true,"href":"https:\/\/www.manner.fi\/sv\/wp-json\/wp\/v2\/users\/1"}],"replies":[{"embeddable":true,"href":"https:\/\/www.manner.fi\/sv\/wp-json\/wp\/v2\/comments?post=7624"}],"version-history":[{"count":8,"href":"https:\/\/www.manner.fi\/sv\/wp-json\/wp\/v2\/pages\/7624\/revisions"}],"predecessor-version":[{"id":186654,"href":"https:\/\/www.manner.fi\/sv\/wp-json\/wp\/v2\/pages\/7624\/revisions\/186654"}],"up":[{"embeddable":true,"href":"https:\/\/www.manner.fi\/sv\/wp-json\/wp\/v2\/pages\/7581"}],"wp:featuredmedia":[{"embeddable":true,"href":"https:\/\/www.manner.fi\/sv\/wp-json\/wp\/v2\/media\/1732"}],"wp:attachment":[{"href":"https:\/\/www.manner.fi\/sv\/wp-json\/wp\/v2\/media?parent=7624"}],"curies":[{"name":"wp","href":"https:\/\/api.w.org\/{rel}","templated":true}]}}