{"id":7617,"date":"2017-10-18T15:35:46","date_gmt":"2017-10-18T12:35:46","guid":{"rendered":"https:\/\/www.manner.fi\/applications\/"},"modified":"2020-11-12T11:15:38","modified_gmt":"2020-11-12T09:15:38","slug":"anvandningsomraden","status":"publish","type":"page","link":"https:\/\/www.manner.fi\/sv\/anvandningsomraden\/","title":{"rendered":"Anv\u00e4ndningsomr\u00e5den"},"content":{"rendered":"<h2 style=\"text-align: center;\">V\u00e5ra produkter h\u00e5ller gedigen Manner-kvalitet<\/h2>\n<p style=\"text-align: center;\">Vi har cirka 2 000 olika l\u00e4nkhjul i v\u00e5rt sortiment. Typiska anv\u00e4ndningsomr\u00e5den \u00e4r till exempel distributions- och mj\u00f6lkrullpallar, sjukhus- och rehabiliteringsapparater, stork\u00f6ksm\u00f6blemang, serveringsvagnar och serveringsbord, fabriks- och kontorsm\u00f6blemang samt st\u00e4dvagnar.<\/p>\n<p>&nbsp;<\/p>\n<p style=\"text-align: center;\"><a class=\"button light-blue\" href=\"https:\/\/www.manner.fi\/sv\/produktsokning\/\">Produkts\u00f6kning<\/a><\/p>\n<p>&nbsp;<\/p>\n","protected":false},"excerpt":{"rendered":"<p>V\u00e5ra produkter h\u00e5ller gedigen Manner-kvalitet Vi har cirka 2 000 olika l\u00e4nkhjul i v\u00e5rt sortiment. Typiska anv\u00e4ndningsomr\u00e5den \u00e4r till exempel distributions- och mj\u00f6lkrullpallar, sjukhus- och rehabiliteringsapparater, stork\u00f6ksm\u00f6blemang, serveringsvagnar och serveringsbord, fabriks- och kontorsm\u00f6blemang samt st\u00e4dvagnar. &nbsp; Produkts\u00f6kning &nbsp;<\/p>\n","protected":false},"author":1,"featured_media":1727,"parent":0,"menu_order":0,"comment_status":"closed","ping_status":"closed","template":"","meta":{"_acf_changed":false,"footnotes":""},"class_list":["post-7617","page","type-page","status-publish","has-post-thumbnail","hentry"],"acf":[],"yoast_head":"<!-- This site is optimized with the Yoast SEO plugin v25.2 - https:\/\/yoast.com\/wordpress\/plugins\/seo\/ -->\n<title>Anvandningsomr\u00e5den | Manner<\/title>\n<meta name=\"description\" content=\"Typiska anv\u00e4ndningsomr\u00e5den f\u00f6r Manners hjul \u00e4r mj\u00f6lkrullpallar, sjukhus- och rehabiliteringsapparater, stork\u00f6ksm\u00f6blemang, fabriksm\u00f6blemang samt st\u00e4dvagnar.\" \/>\n<meta name=\"robots\" content=\"index, follow, max-snippet:-1, max-image-preview:large, max-video-preview:-1\" \/>\n<meta property=\"og:locale\" content=\"sv_SE\" \/>\n<meta property=\"og:type\" content=\"article\" \/>\n<meta property=\"og:title\" content=\"Anvandningsomr\u00e5den | Manner\" \/>\n<meta property=\"og:description\" content=\"Typiska anv\u00e4ndningsomr\u00e5den f\u00f6r Manners hjul \u00e4r mj\u00f6lkrullpallar, sjukhus- och rehabiliteringsapparater, stork\u00f6ksm\u00f6blemang, fabriksm\u00f6blemang samt st\u00e4dvagnar.\" \/>\n<meta property=\"og:url\" content=\"https:\/\/www.manner.fi\/sv\/anvandningsomraden\/\" \/>\n<meta property=\"og:site_name\" content=\"Manner\" \/>\n<meta property=\"article:modified_time\" content=\"2020-11-12T09:15:38+00:00\" \/>\n<meta property=\"og:image\" content=\"https:\/\/www.manner.fi\/wp-content\/uploads\/2018\/01\/kayttokohteet.jpg\" \/>\n\t<meta property=\"og:image:width\" content=\"1600\" \/>\n\t<meta property=\"og:image:height\" content=\"612\" \/>\n\t<meta property=\"og:image:type\" content=\"image\/jpeg\" \/>\n<meta name=\"twitter:card\" content=\"summary_large_image\" \/>\n<script type=\"application\/ld+json\" class=\"yoast-schema-graph\">{\"@context\":\"https:\/\/schema.org\",\"@graph\":[{\"@type\":\"WebPage\",\"@id\":\"https:\/\/www.manner.fi\/sv\/anvandningsomraden\/\",\"url\":\"https:\/\/www.manner.fi\/sv\/anvandningsomraden\/\",\"name\":\"Anvandningsomr\u00e5den | Manner\",\"isPartOf\":{\"@id\":\"https:\/\/www.manner.fi\/#website\"},\"primaryImageOfPage\":{\"@id\":\"https:\/\/www.manner.fi\/sv\/anvandningsomraden\/#primaryimage\"},\"image\":{\"@id\":\"https:\/\/www.manner.fi\/sv\/anvandningsomraden\/#primaryimage\"},\"thumbnailUrl\":\"https:\/\/www.manner.fi\/wp-content\/uploads\/2018\/01\/kayttokohteet.jpg\",\"datePublished\":\"2017-10-18T12:35:46+00:00\",\"dateModified\":\"2020-11-12T09:15:38+00:00\",\"description\":\"Typiska anv\u00e4ndningsomr\u00e5den f\u00f6r Manners hjul \u00e4r mj\u00f6lkrullpallar, sjukhus- och rehabiliteringsapparater, stork\u00f6ksm\u00f6blemang, fabriksm\u00f6blemang samt st\u00e4dvagnar.\",\"breadcrumb\":{\"@id\":\"https:\/\/www.manner.fi\/sv\/anvandningsomraden\/#breadcrumb\"},\"inLanguage\":\"sv-SE\",\"potentialAction\":[{\"@type\":\"ReadAction\",\"target\":[\"https:\/\/www.manner.fi\/sv\/anvandningsomraden\/\"]}]},{\"@type\":\"ImageObject\",\"inLanguage\":\"sv-SE\",\"@id\":\"https:\/\/www.manner.fi\/sv\/anvandningsomraden\/#primaryimage\",\"url\":\"https:\/\/www.manner.fi\/wp-content\/uploads\/2018\/01\/kayttokohteet.jpg\",\"contentUrl\":\"https:\/\/www.manner.fi\/wp-content\/uploads\/2018\/01\/kayttokohteet.jpg\",\"width\":1600,\"height\":612},{\"@type\":\"BreadcrumbList\",\"@id\":\"https:\/\/www.manner.fi\/sv\/anvandningsomraden\/#breadcrumb\",\"itemListElement\":[{\"@type\":\"ListItem\",\"position\":1,\"name\":\"Home\",\"item\":\"https:\/\/www.manner.fi\/sv\/\"},{\"@type\":\"ListItem\",\"position\":2,\"name\":\"Anv\u00e4ndningsomr\u00e5den\"}]},{\"@type\":\"WebSite\",\"@id\":\"https:\/\/www.manner.fi\/#website\",\"url\":\"https:\/\/www.manner.fi\/\",\"name\":\"Manner\",\"description\":\"Smart Moves on Manner Castors\",\"potentialAction\":[{\"@type\":\"SearchAction\",\"target\":{\"@type\":\"EntryPoint\",\"urlTemplate\":\"https:\/\/www.manner.fi\/?s={search_term_string}\"},\"query-input\":{\"@type\":\"PropertyValueSpecification\",\"valueRequired\":true,\"valueName\":\"search_term_string\"}}],\"inLanguage\":\"sv-SE\"}]}<\/script>\n<!-- \/ Yoast SEO plugin. -->","yoast_head_json":{"title":"Anvandningsomr\u00e5den | Manner","description":"Typiska anv\u00e4ndningsomr\u00e5den f\u00f6r Manners hjul \u00e4r mj\u00f6lkrullpallar, sjukhus- och rehabiliteringsapparater, stork\u00f6ksm\u00f6blemang, fabriksm\u00f6blemang samt st\u00e4dvagnar.","robots":{"index":"index","follow":"follow","max-snippet":"max-snippet:-1","max-image-preview":"max-image-preview:large","max-video-preview":"max-video-preview:-1"},"og_locale":"sv_SE","og_type":"article","og_title":"Anvandningsomr\u00e5den | Manner","og_description":"Typiska anv\u00e4ndningsomr\u00e5den f\u00f6r Manners hjul \u00e4r mj\u00f6lkrullpallar, sjukhus- och rehabiliteringsapparater, stork\u00f6ksm\u00f6blemang, fabriksm\u00f6blemang samt st\u00e4dvagnar.","og_url":"https:\/\/www.manner.fi\/sv\/anvandningsomraden\/","og_site_name":"Manner","article_modified_time":"2020-11-12T09:15:38+00:00","og_image":[{"width":1600,"height":612,"url":"https:\/\/www.manner.fi\/wp-content\/uploads\/2018\/01\/kayttokohteet.jpg","type":"image\/jpeg"}],"twitter_card":"summary_large_image","schema":{"@context":"https:\/\/schema.org","@graph":[{"@type":"WebPage","@id":"https:\/\/www.manner.fi\/sv\/anvandningsomraden\/","url":"https:\/\/www.manner.fi\/sv\/anvandningsomraden\/","name":"Anvandningsomr\u00e5den | Manner","isPartOf":{"@id":"https:\/\/www.manner.fi\/#website"},"primaryImageOfPage":{"@id":"https:\/\/www.manner.fi\/sv\/anvandningsomraden\/#primaryimage"},"image":{"@id":"https:\/\/www.manner.fi\/sv\/anvandningsomraden\/#primaryimage"},"thumbnailUrl":"https:\/\/www.manner.fi\/wp-content\/uploads\/2018\/01\/kayttokohteet.jpg","datePublished":"2017-10-18T12:35:46+00:00","dateModified":"2020-11-12T09:15:38+00:00","description":"Typiska anv\u00e4ndningsomr\u00e5den f\u00f6r Manners hjul \u00e4r mj\u00f6lkrullpallar, sjukhus- och rehabiliteringsapparater, stork\u00f6ksm\u00f6blemang, fabriksm\u00f6blemang samt st\u00e4dvagnar.","breadcrumb":{"@id":"https:\/\/www.manner.fi\/sv\/anvandningsomraden\/#breadcrumb"},"inLanguage":"sv-SE","potentialAction":[{"@type":"ReadAction","target":["https:\/\/www.manner.fi\/sv\/anvandningsomraden\/"]}]},{"@type":"ImageObject","inLanguage":"sv-SE","@id":"https:\/\/www.manner.fi\/sv\/anvandningsomraden\/#primaryimage","url":"https:\/\/www.manner.fi\/wp-content\/uploads\/2018\/01\/kayttokohteet.jpg","contentUrl":"https:\/\/www.manner.fi\/wp-content\/uploads\/2018\/01\/kayttokohteet.jpg","width":1600,"height":612},{"@type":"BreadcrumbList","@id":"https:\/\/www.manner.fi\/sv\/anvandningsomraden\/#breadcrumb","itemListElement":[{"@type":"ListItem","position":1,"name":"Home","item":"https:\/\/www.manner.fi\/sv\/"},{"@type":"ListItem","position":2,"name":"Anv\u00e4ndningsomr\u00e5den"}]},{"@type":"WebSite","@id":"https:\/\/www.manner.fi\/#website","url":"https:\/\/www.manner.fi\/","name":"Manner","description":"Smart Moves on Manner Castors","potentialAction":[{"@type":"SearchAction","target":{"@type":"EntryPoint","urlTemplate":"https:\/\/www.manner.fi\/?s={search_term_string}"},"query-input":{"@type":"PropertyValueSpecification","valueRequired":true,"valueName":"search_term_string"}}],"inLanguage":"sv-SE"}]}},"_links":{"self":[{"href":"https:\/\/www.manner.fi\/sv\/wp-json\/wp\/v2\/pages\/7617","targetHints":{"allow":["GET"]}}],"collection":[{"href":"https:\/\/www.manner.fi\/sv\/wp-json\/wp\/v2\/pages"}],"about":[{"href":"https:\/\/www.manner.fi\/sv\/wp-json\/wp\/v2\/types\/page"}],"author":[{"embeddable":true,"href":"https:\/\/www.manner.fi\/sv\/wp-json\/wp\/v2\/users\/1"}],"replies":[{"embeddable":true,"href":"https:\/\/www.manner.fi\/sv\/wp-json\/wp\/v2\/comments?post=7617"}],"version-history":[{"count":17,"href":"https:\/\/www.manner.fi\/sv\/wp-json\/wp\/v2\/pages\/7617\/revisions"}],"predecessor-version":[{"id":186955,"href":"https:\/\/www.manner.fi\/sv\/wp-json\/wp\/v2\/pages\/7617\/revisions\/186955"}],"wp:featuredmedia":[{"embeddable":true,"href":"https:\/\/www.manner.fi\/sv\/wp-json\/wp\/v2\/media\/1727"}],"wp:attachment":[{"href":"https:\/\/www.manner.fi\/sv\/wp-json\/wp\/v2\/media?parent=7617"}],"curies":[{"name":"wp","href":"https:\/\/api.w.org\/{rel}","templated":true}]}}