{"id":7600,"date":"2018-01-02T11:55:48","date_gmt":"2018-01-02T09:55:48","guid":{"rendered":"https:\/\/www.manner.fi\/produkter\/apparathjul\/tango\/"},"modified":"2022-01-10T12:50:10","modified_gmt":"2022-01-10T10:50:10","slug":"tango","status":"publish","type":"page","link":"https:\/\/www.manner.fi\/sv\/produkter\/tango\/","title":{"rendered":"Tango"},"content":{"rendered":"<div style=\"width: 1920px;\" class=\"wp-video\"><video class=\"wp-video-shortcode\" id=\"video-7600-1\" width=\"1920\" height=\"1080\" preload=\"metadata\" controls=\"controls\"><source type=\"video\/mp4\" src=\"https:\/\/www.manner.fi\/wp-content\/uploads\/2021\/12\/Manner_Tango_Tuotevideo_ENG_12-2021.mp4?_=1\" \/><a href=\"https:\/\/www.manner.fi\/wp-content\/uploads\/2021\/12\/Manner_Tango_Tuotevideo_ENG_12-2021.mp4\">https:\/\/www.manner.fi\/wp-content\/uploads\/2021\/12\/Manner_Tango_Tuotevideo_ENG_12-2021.mp4<\/a><\/video><\/div>\n<h3>Det anpassningsbara apparathjulet Tango<\/h3>\n<p>Vissa anv\u00e4ndningsmilj\u00f6er st\u00e4ller specifika krav \u2013 ofta strikta \u2013 \u00e4ven p\u00e5 apparathjul. Tango-apparathjulet l\u00e4mpar sig utm\u00e4rkt f\u00f6r anv\u00e4ndningsmilj\u00f6er d\u00e4r hjulet ska vara h\u00f6gkvalitativt, h\u00e5llbart korrosionsfritt och snyggt. Det l\u00e4ttrullande och underh\u00e5llsfria Tango-hjulet tillverkas av glasfiberarmerad polyamid.<\/p>\n<p>Tack vare sin perfekta design \u00e4r Tango-hjulet l\u00e4tt att reng\u00f6ra och passar i de flesta milj\u00f6er. Tango \u00e4r det r\u00e4tta valet, om milj\u00f6n \u00e4r ett sjukhus, ett rehabiliteringscenter, ett k\u00f6k, en restaurang, en butik, ett kontor, en offentlig anl\u00e4ggning eller en fabrik.\u2028\u2028Tango-hjulet finns ocks\u00e5 i rostfri, elledande och icke-magnetisk version.<\/p>\n<p>Tangos standardf\u00e4rg \u00e4r gr\u00e5 (RAL 7042) med r\u00f6d bromspedal. Tango ger ocks\u00e5 rikliga m\u00f6jligheter till skr\u00e4ddarsydda kundspecifika l\u00f6sningar. Specialf\u00e4rger samt f\u00e4rger som motsvarar kundens egna \u00f6nskem\u00e5l \u00e4r m\u00f6jliga vid st\u00f6rre best\u00e4llningar.<\/p>\n<p>L\u00e4s mer om Manners andra l\u00e4nkhjul, s\u00e5som l\u00e4nkhjulssortimentet <a href=\"https:\/\/www.manner.fi\/sv\/produkter\/twist\/\">Twist<\/a>&#8211; och <a href=\"https:\/\/www.manner.fi\/sv\/produkter\/e-smart\/\">e-SMART<\/a>.<\/p>\n<p style=\"text-align: center;\">\n","protected":false},"excerpt":{"rendered":"<p>Det anpassningsbara apparathjulet Tango Vissa anv\u00e4ndningsmilj\u00f6er st\u00e4ller specifika krav \u2013 ofta strikta \u2013 \u00e4ven p\u00e5 apparathjul. Tango-apparathjulet l\u00e4mpar sig utm\u00e4rkt f\u00f6r anv\u00e4ndningsmilj\u00f6er d\u00e4r hjulet ska vara h\u00f6gkvalitativt, h\u00e5llbart korrosionsfritt och snyggt. Det l\u00e4ttrullande och underh\u00e5llsfria Tango-hjulet tillverkas av glasfiberarmerad polyamid. Tack vare sin perfekta design \u00e4r Tango-hjulet l\u00e4tt att reng\u00f6ra och passar i de flesta [&hellip;]<\/p>\n","protected":false},"author":1,"featured_media":1752,"parent":7581,"menu_order":0,"comment_status":"closed","ping_status":"closed","template":"","meta":{"_acf_changed":false,"footnotes":""},"class_list":["post-7600","page","type-page","status-publish","has-post-thumbnail","hentry"],"acf":[],"yoast_head":"<!-- This site is optimized with the Yoast SEO plugin v25.2 - https:\/\/yoast.com\/wordpress\/plugins\/seo\/ -->\n<title>Apparathjul - Tango | Manner<\/title>\n<meta name=\"description\" content=\"Tango-apparathjulsserien kombinerar perfekt formgivning med praktisk och s\u00e4ker anv\u00e4ndning. Hjulet \u00e4r tillg\u00e4ngligt med olika egenskaper.\" \/>\n<meta name=\"robots\" content=\"index, follow, max-snippet:-1, max-image-preview:large, max-video-preview:-1\" \/>\n<meta property=\"og:locale\" content=\"sv_SE\" \/>\n<meta property=\"og:type\" content=\"article\" \/>\n<meta property=\"og:title\" content=\"Apparathjul - Tango | Manner\" \/>\n<meta property=\"og:description\" content=\"Tango-apparathjulsserien kombinerar perfekt formgivning med praktisk och s\u00e4ker anv\u00e4ndning. Hjulet \u00e4r tillg\u00e4ngligt med olika egenskaper.\" \/>\n<meta property=\"og:url\" content=\"https:\/\/www.manner.fi\/sv\/produkter\/tango\/\" \/>\n<meta property=\"og:site_name\" content=\"Manner\" \/>\n<meta property=\"article:modified_time\" content=\"2022-01-10T10:50:10+00:00\" \/>\n<meta property=\"og:image\" content=\"https:\/\/www.manner.fi\/wp-content\/uploads\/2018\/01\/tuotteet-kalustep-tango.jpg\" \/>\n\t<meta property=\"og:image:width\" content=\"1600\" \/>\n\t<meta property=\"og:image:height\" content=\"612\" \/>\n\t<meta property=\"og:image:type\" content=\"image\/jpeg\" \/>\n<meta name=\"twitter:card\" content=\"summary_large_image\" \/>\n<meta name=\"twitter:label1\" content=\"Ber\u00e4knad l\u00e4stid\" \/>\n\t<meta name=\"twitter:data1\" content=\"1 minut\" \/>\n<script type=\"application\/ld+json\" class=\"yoast-schema-graph\">{\"@context\":\"https:\/\/schema.org\",\"@graph\":[{\"@type\":\"WebPage\",\"@id\":\"https:\/\/www.manner.fi\/sv\/produkter\/tango\/\",\"url\":\"https:\/\/www.manner.fi\/sv\/produkter\/tango\/\",\"name\":\"Apparathjul - Tango | Manner\",\"isPartOf\":{\"@id\":\"https:\/\/www.manner.fi\/#website\"},\"primaryImageOfPage\":{\"@id\":\"https:\/\/www.manner.fi\/sv\/produkter\/tango\/#primaryimage\"},\"image\":{\"@id\":\"https:\/\/www.manner.fi\/sv\/produkter\/tango\/#primaryimage\"},\"thumbnailUrl\":\"https:\/\/www.manner.fi\/wp-content\/uploads\/2018\/01\/tuotteet-kalustep-tango.jpg\",\"datePublished\":\"2018-01-02T09:55:48+00:00\",\"dateModified\":\"2022-01-10T10:50:10+00:00\",\"description\":\"Tango-apparathjulsserien kombinerar perfekt formgivning med praktisk och s\u00e4ker anv\u00e4ndning. Hjulet \u00e4r tillg\u00e4ngligt med olika egenskaper.\",\"breadcrumb\":{\"@id\":\"https:\/\/www.manner.fi\/sv\/produkter\/tango\/#breadcrumb\"},\"inLanguage\":\"sv-SE\",\"potentialAction\":[{\"@type\":\"ReadAction\",\"target\":[\"https:\/\/www.manner.fi\/sv\/produkter\/tango\/\"]}]},{\"@type\":\"ImageObject\",\"inLanguage\":\"sv-SE\",\"@id\":\"https:\/\/www.manner.fi\/sv\/produkter\/tango\/#primaryimage\",\"url\":\"https:\/\/www.manner.fi\/wp-content\/uploads\/2018\/01\/tuotteet-kalustep-tango.jpg\",\"contentUrl\":\"https:\/\/www.manner.fi\/wp-content\/uploads\/2018\/01\/tuotteet-kalustep-tango.jpg\",\"width\":1600,\"height\":612},{\"@type\":\"BreadcrumbList\",\"@id\":\"https:\/\/www.manner.fi\/sv\/produkter\/tango\/#breadcrumb\",\"itemListElement\":[{\"@type\":\"ListItem\",\"position\":1,\"name\":\"Home\",\"item\":\"https:\/\/www.manner.fi\/sv\/\"},{\"@type\":\"ListItem\",\"position\":2,\"name\":\"Produkter\",\"item\":\"https:\/\/www.manner.fi\/sv\/produkter\/\"},{\"@type\":\"ListItem\",\"position\":3,\"name\":\"Tango\"}]},{\"@type\":\"WebSite\",\"@id\":\"https:\/\/www.manner.fi\/#website\",\"url\":\"https:\/\/www.manner.fi\/\",\"name\":\"Manner\",\"description\":\"Smart Moves on Manner Castors\",\"potentialAction\":[{\"@type\":\"SearchAction\",\"target\":{\"@type\":\"EntryPoint\",\"urlTemplate\":\"https:\/\/www.manner.fi\/?s={search_term_string}\"},\"query-input\":{\"@type\":\"PropertyValueSpecification\",\"valueRequired\":true,\"valueName\":\"search_term_string\"}}],\"inLanguage\":\"sv-SE\"}]}<\/script>\n<!-- \/ Yoast SEO plugin. -->","yoast_head_json":{"title":"Apparathjul - Tango | Manner","description":"Tango-apparathjulsserien kombinerar perfekt formgivning med praktisk och s\u00e4ker anv\u00e4ndning. Hjulet \u00e4r tillg\u00e4ngligt med olika egenskaper.","robots":{"index":"index","follow":"follow","max-snippet":"max-snippet:-1","max-image-preview":"max-image-preview:large","max-video-preview":"max-video-preview:-1"},"og_locale":"sv_SE","og_type":"article","og_title":"Apparathjul - Tango | Manner","og_description":"Tango-apparathjulsserien kombinerar perfekt formgivning med praktisk och s\u00e4ker anv\u00e4ndning. Hjulet \u00e4r tillg\u00e4ngligt med olika egenskaper.","og_url":"https:\/\/www.manner.fi\/sv\/produkter\/tango\/","og_site_name":"Manner","article_modified_time":"2022-01-10T10:50:10+00:00","og_image":[{"width":1600,"height":612,"url":"https:\/\/www.manner.fi\/wp-content\/uploads\/2018\/01\/tuotteet-kalustep-tango.jpg","type":"image\/jpeg"}],"twitter_card":"summary_large_image","twitter_misc":{"Ber\u00e4knad l\u00e4stid":"1 minut"},"schema":{"@context":"https:\/\/schema.org","@graph":[{"@type":"WebPage","@id":"https:\/\/www.manner.fi\/sv\/produkter\/tango\/","url":"https:\/\/www.manner.fi\/sv\/produkter\/tango\/","name":"Apparathjul - Tango | Manner","isPartOf":{"@id":"https:\/\/www.manner.fi\/#website"},"primaryImageOfPage":{"@id":"https:\/\/www.manner.fi\/sv\/produkter\/tango\/#primaryimage"},"image":{"@id":"https:\/\/www.manner.fi\/sv\/produkter\/tango\/#primaryimage"},"thumbnailUrl":"https:\/\/www.manner.fi\/wp-content\/uploads\/2018\/01\/tuotteet-kalustep-tango.jpg","datePublished":"2018-01-02T09:55:48+00:00","dateModified":"2022-01-10T10:50:10+00:00","description":"Tango-apparathjulsserien kombinerar perfekt formgivning med praktisk och s\u00e4ker anv\u00e4ndning. Hjulet \u00e4r tillg\u00e4ngligt med olika egenskaper.","breadcrumb":{"@id":"https:\/\/www.manner.fi\/sv\/produkter\/tango\/#breadcrumb"},"inLanguage":"sv-SE","potentialAction":[{"@type":"ReadAction","target":["https:\/\/www.manner.fi\/sv\/produkter\/tango\/"]}]},{"@type":"ImageObject","inLanguage":"sv-SE","@id":"https:\/\/www.manner.fi\/sv\/produkter\/tango\/#primaryimage","url":"https:\/\/www.manner.fi\/wp-content\/uploads\/2018\/01\/tuotteet-kalustep-tango.jpg","contentUrl":"https:\/\/www.manner.fi\/wp-content\/uploads\/2018\/01\/tuotteet-kalustep-tango.jpg","width":1600,"height":612},{"@type":"BreadcrumbList","@id":"https:\/\/www.manner.fi\/sv\/produkter\/tango\/#breadcrumb","itemListElement":[{"@type":"ListItem","position":1,"name":"Home","item":"https:\/\/www.manner.fi\/sv\/"},{"@type":"ListItem","position":2,"name":"Produkter","item":"https:\/\/www.manner.fi\/sv\/produkter\/"},{"@type":"ListItem","position":3,"name":"Tango"}]},{"@type":"WebSite","@id":"https:\/\/www.manner.fi\/#website","url":"https:\/\/www.manner.fi\/","name":"Manner","description":"Smart Moves on Manner Castors","potentialAction":[{"@type":"SearchAction","target":{"@type":"EntryPoint","urlTemplate":"https:\/\/www.manner.fi\/?s={search_term_string}"},"query-input":{"@type":"PropertyValueSpecification","valueRequired":true,"valueName":"search_term_string"}}],"inLanguage":"sv-SE"}]}},"_links":{"self":[{"href":"https:\/\/www.manner.fi\/sv\/wp-json\/wp\/v2\/pages\/7600","targetHints":{"allow":["GET"]}}],"collection":[{"href":"https:\/\/www.manner.fi\/sv\/wp-json\/wp\/v2\/pages"}],"about":[{"href":"https:\/\/www.manner.fi\/sv\/wp-json\/wp\/v2\/types\/page"}],"author":[{"embeddable":true,"href":"https:\/\/www.manner.fi\/sv\/wp-json\/wp\/v2\/users\/1"}],"replies":[{"embeddable":true,"href":"https:\/\/www.manner.fi\/sv\/wp-json\/wp\/v2\/comments?post=7600"}],"version-history":[{"count":17,"href":"https:\/\/www.manner.fi\/sv\/wp-json\/wp\/v2\/pages\/7600\/revisions"}],"predecessor-version":[{"id":187872,"href":"https:\/\/www.manner.fi\/sv\/wp-json\/wp\/v2\/pages\/7600\/revisions\/187872"}],"up":[{"embeddable":true,"href":"https:\/\/www.manner.fi\/sv\/wp-json\/wp\/v2\/pages\/7581"}],"wp:featuredmedia":[{"embeddable":true,"href":"https:\/\/www.manner.fi\/sv\/wp-json\/wp\/v2\/media\/1752"}],"wp:attachment":[{"href":"https:\/\/www.manner.fi\/sv\/wp-json\/wp\/v2\/media?parent=7600"}],"curies":[{"name":"wp","href":"https:\/\/api.w.org\/{rel}","templated":true}]}}