{"id":7592,"date":"2018-01-16T09:50:11","date_gmt":"2018-01-16T07:50:11","guid":{"rendered":"https:\/\/www.manner.fi\/produkter\/apparathjul\/e-series\/"},"modified":"2018-11-22T16:59:44","modified_gmt":"2018-11-22T14:59:44","slug":"e-serien","status":"publish","type":"page","link":"https:\/\/www.manner.fi\/sv\/produkter\/e-serien\/","title":{"rendered":"E-serien"},"content":{"rendered":"<p style=\"text-align: center;\">Vi har gett hjulen en design som \u00e4r h\u00e5llbar men \u00e4nd\u00e5 elegant. Hjulgaffeln \u00e4r tillverkad av b\u00f6jt, f\u00f6rzinkat st\u00e5l. Axeln \u00e4r nitad. Slitbanan \u00e4r gjord av termoplastiskt gummi, vilket garanterar en j\u00e4mn och l\u00e4tt rullning. Vi har ocks\u00e5 ett 75\u00a0mm polyamidhjul i v\u00e5rt utbud. En enkelbroms kan vid behov monteras ocks\u00e5 i efterhand. L\u00e4tta apparathjul finns ocks\u00e5 att tillg\u00e5 som elledande hjul.<\/p>\n<p style=\"text-align: center;\">L\u00e4s \u00e4ven mer om Manners \u00f6vriga <a href=\"\/?page_id=7579\">apparathjul<\/a>, till exempel v\u00e5r l\u00e4tta apparathjulsserie <a href=\"https:\/\/www.manner.fi\/sv\/produkter\/e-smart\/\">e-SMART<\/a><\/p>\n","protected":false},"excerpt":{"rendered":"<p>Vi har gett hjulen en design som \u00e4r h\u00e5llbar men \u00e4nd\u00e5 elegant. Hjulgaffeln \u00e4r tillverkad av b\u00f6jt, f\u00f6rzinkat st\u00e5l. Axeln \u00e4r nitad. Slitbanan \u00e4r gjord av termoplastiskt gummi, vilket garanterar en j\u00e4mn och l\u00e4tt rullning. Vi har ocks\u00e5 ett 75\u00a0mm polyamidhjul i v\u00e5rt utbud. En enkelbroms kan vid behov monteras ocks\u00e5 i efterhand. L\u00e4tta apparathjul [&hellip;]<\/p>\n","protected":false},"author":1,"featured_media":1593,"parent":7581,"menu_order":0,"comment_status":"closed","ping_status":"closed","template":"","meta":{"_acf_changed":false,"footnotes":""},"class_list":["post-7592","page","type-page","status-publish","has-post-thumbnail","hentry"],"acf":[],"yoast_head":"<!-- This site is optimized with the Yoast SEO plugin v25.2 - https:\/\/yoast.com\/wordpress\/plugins\/seo\/ -->\n<title>Apparathjul - E-serien | Manner<\/title>\n<meta name=\"description\" content=\"Manner E-seriens apparathjul l\u00e4mpar sig f\u00f6r olika vagnar och stativ, och l\u00e4tta, flyttbara bord och arbetsb\u00e4nkar. Hjulen har f\u00e5tt en h\u00e5llbar men elegant design.\" \/>\n<meta name=\"robots\" content=\"index, follow, max-snippet:-1, max-image-preview:large, max-video-preview:-1\" \/>\n<meta property=\"og:locale\" content=\"sv_SE\" \/>\n<meta property=\"og:type\" content=\"article\" \/>\n<meta property=\"og:title\" content=\"Apparathjul - E-serien | Manner\" \/>\n<meta property=\"og:description\" content=\"Manner E-seriens apparathjul l\u00e4mpar sig f\u00f6r olika vagnar och stativ, och l\u00e4tta, flyttbara bord och arbetsb\u00e4nkar. Hjulen har f\u00e5tt en h\u00e5llbar men elegant design.\" \/>\n<meta property=\"og:url\" content=\"https:\/\/www.manner.fi\/sv\/produkter\/e-serien\/\" \/>\n<meta property=\"og:site_name\" content=\"Manner\" \/>\n<meta property=\"article:modified_time\" content=\"2018-11-22T14:59:44+00:00\" \/>\n<meta property=\"og:image\" content=\"https:\/\/www.manner.fi\/wp-content\/uploads\/2018\/01\/tuotteet-kalustep-e-sarja-1.jpg\" \/>\n\t<meta property=\"og:image:width\" content=\"1600\" \/>\n\t<meta property=\"og:image:height\" content=\"612\" \/>\n\t<meta property=\"og:image:type\" content=\"image\/jpeg\" \/>\n<meta name=\"twitter:card\" content=\"summary_large_image\" \/>\n<script type=\"application\/ld+json\" class=\"yoast-schema-graph\">{\"@context\":\"https:\/\/schema.org\",\"@graph\":[{\"@type\":\"WebPage\",\"@id\":\"https:\/\/www.manner.fi\/sv\/produkter\/e-serien\/\",\"url\":\"https:\/\/www.manner.fi\/sv\/produkter\/e-serien\/\",\"name\":\"Apparathjul - E-serien | Manner\",\"isPartOf\":{\"@id\":\"https:\/\/www.manner.fi\/#website\"},\"primaryImageOfPage\":{\"@id\":\"https:\/\/www.manner.fi\/sv\/produkter\/e-serien\/#primaryimage\"},\"image\":{\"@id\":\"https:\/\/www.manner.fi\/sv\/produkter\/e-serien\/#primaryimage\"},\"thumbnailUrl\":\"https:\/\/www.manner.fi\/wp-content\/uploads\/2018\/01\/tuotteet-kalustep-e-sarja-1.jpg\",\"datePublished\":\"2018-01-16T07:50:11+00:00\",\"dateModified\":\"2018-11-22T14:59:44+00:00\",\"description\":\"Manner E-seriens apparathjul l\u00e4mpar sig f\u00f6r olika vagnar och stativ, och l\u00e4tta, flyttbara bord och arbetsb\u00e4nkar. Hjulen har f\u00e5tt en h\u00e5llbar men elegant design.\",\"breadcrumb\":{\"@id\":\"https:\/\/www.manner.fi\/sv\/produkter\/e-serien\/#breadcrumb\"},\"inLanguage\":\"sv-SE\",\"potentialAction\":[{\"@type\":\"ReadAction\",\"target\":[\"https:\/\/www.manner.fi\/sv\/produkter\/e-serien\/\"]}]},{\"@type\":\"ImageObject\",\"inLanguage\":\"sv-SE\",\"@id\":\"https:\/\/www.manner.fi\/sv\/produkter\/e-serien\/#primaryimage\",\"url\":\"https:\/\/www.manner.fi\/wp-content\/uploads\/2018\/01\/tuotteet-kalustep-e-sarja-1.jpg\",\"contentUrl\":\"https:\/\/www.manner.fi\/wp-content\/uploads\/2018\/01\/tuotteet-kalustep-e-sarja-1.jpg\",\"width\":1600,\"height\":612},{\"@type\":\"BreadcrumbList\",\"@id\":\"https:\/\/www.manner.fi\/sv\/produkter\/e-serien\/#breadcrumb\",\"itemListElement\":[{\"@type\":\"ListItem\",\"position\":1,\"name\":\"Home\",\"item\":\"https:\/\/www.manner.fi\/sv\/\"},{\"@type\":\"ListItem\",\"position\":2,\"name\":\"Produkter\",\"item\":\"https:\/\/www.manner.fi\/sv\/produkter\/\"},{\"@type\":\"ListItem\",\"position\":3,\"name\":\"E-serien\"}]},{\"@type\":\"WebSite\",\"@id\":\"https:\/\/www.manner.fi\/#website\",\"url\":\"https:\/\/www.manner.fi\/\",\"name\":\"Manner\",\"description\":\"Smart Moves on Manner Castors\",\"potentialAction\":[{\"@type\":\"SearchAction\",\"target\":{\"@type\":\"EntryPoint\",\"urlTemplate\":\"https:\/\/www.manner.fi\/?s={search_term_string}\"},\"query-input\":{\"@type\":\"PropertyValueSpecification\",\"valueRequired\":true,\"valueName\":\"search_term_string\"}}],\"inLanguage\":\"sv-SE\"}]}<\/script>\n<!-- \/ Yoast SEO plugin. -->","yoast_head_json":{"title":"Apparathjul - E-serien | Manner","description":"Manner E-seriens apparathjul l\u00e4mpar sig f\u00f6r olika vagnar och stativ, och l\u00e4tta, flyttbara bord och arbetsb\u00e4nkar. Hjulen har f\u00e5tt en h\u00e5llbar men elegant design.","robots":{"index":"index","follow":"follow","max-snippet":"max-snippet:-1","max-image-preview":"max-image-preview:large","max-video-preview":"max-video-preview:-1"},"og_locale":"sv_SE","og_type":"article","og_title":"Apparathjul - E-serien | Manner","og_description":"Manner E-seriens apparathjul l\u00e4mpar sig f\u00f6r olika vagnar och stativ, och l\u00e4tta, flyttbara bord och arbetsb\u00e4nkar. Hjulen har f\u00e5tt en h\u00e5llbar men elegant design.","og_url":"https:\/\/www.manner.fi\/sv\/produkter\/e-serien\/","og_site_name":"Manner","article_modified_time":"2018-11-22T14:59:44+00:00","og_image":[{"width":1600,"height":612,"url":"https:\/\/www.manner.fi\/wp-content\/uploads\/2018\/01\/tuotteet-kalustep-e-sarja-1.jpg","type":"image\/jpeg"}],"twitter_card":"summary_large_image","schema":{"@context":"https:\/\/schema.org","@graph":[{"@type":"WebPage","@id":"https:\/\/www.manner.fi\/sv\/produkter\/e-serien\/","url":"https:\/\/www.manner.fi\/sv\/produkter\/e-serien\/","name":"Apparathjul - E-serien | Manner","isPartOf":{"@id":"https:\/\/www.manner.fi\/#website"},"primaryImageOfPage":{"@id":"https:\/\/www.manner.fi\/sv\/produkter\/e-serien\/#primaryimage"},"image":{"@id":"https:\/\/www.manner.fi\/sv\/produkter\/e-serien\/#primaryimage"},"thumbnailUrl":"https:\/\/www.manner.fi\/wp-content\/uploads\/2018\/01\/tuotteet-kalustep-e-sarja-1.jpg","datePublished":"2018-01-16T07:50:11+00:00","dateModified":"2018-11-22T14:59:44+00:00","description":"Manner E-seriens apparathjul l\u00e4mpar sig f\u00f6r olika vagnar och stativ, och l\u00e4tta, flyttbara bord och arbetsb\u00e4nkar. Hjulen har f\u00e5tt en h\u00e5llbar men elegant design.","breadcrumb":{"@id":"https:\/\/www.manner.fi\/sv\/produkter\/e-serien\/#breadcrumb"},"inLanguage":"sv-SE","potentialAction":[{"@type":"ReadAction","target":["https:\/\/www.manner.fi\/sv\/produkter\/e-serien\/"]}]},{"@type":"ImageObject","inLanguage":"sv-SE","@id":"https:\/\/www.manner.fi\/sv\/produkter\/e-serien\/#primaryimage","url":"https:\/\/www.manner.fi\/wp-content\/uploads\/2018\/01\/tuotteet-kalustep-e-sarja-1.jpg","contentUrl":"https:\/\/www.manner.fi\/wp-content\/uploads\/2018\/01\/tuotteet-kalustep-e-sarja-1.jpg","width":1600,"height":612},{"@type":"BreadcrumbList","@id":"https:\/\/www.manner.fi\/sv\/produkter\/e-serien\/#breadcrumb","itemListElement":[{"@type":"ListItem","position":1,"name":"Home","item":"https:\/\/www.manner.fi\/sv\/"},{"@type":"ListItem","position":2,"name":"Produkter","item":"https:\/\/www.manner.fi\/sv\/produkter\/"},{"@type":"ListItem","position":3,"name":"E-serien"}]},{"@type":"WebSite","@id":"https:\/\/www.manner.fi\/#website","url":"https:\/\/www.manner.fi\/","name":"Manner","description":"Smart Moves on Manner Castors","potentialAction":[{"@type":"SearchAction","target":{"@type":"EntryPoint","urlTemplate":"https:\/\/www.manner.fi\/?s={search_term_string}"},"query-input":{"@type":"PropertyValueSpecification","valueRequired":true,"valueName":"search_term_string"}}],"inLanguage":"sv-SE"}]}},"_links":{"self":[{"href":"https:\/\/www.manner.fi\/sv\/wp-json\/wp\/v2\/pages\/7592","targetHints":{"allow":["GET"]}}],"collection":[{"href":"https:\/\/www.manner.fi\/sv\/wp-json\/wp\/v2\/pages"}],"about":[{"href":"https:\/\/www.manner.fi\/sv\/wp-json\/wp\/v2\/types\/page"}],"author":[{"embeddable":true,"href":"https:\/\/www.manner.fi\/sv\/wp-json\/wp\/v2\/users\/1"}],"replies":[{"embeddable":true,"href":"https:\/\/www.manner.fi\/sv\/wp-json\/wp\/v2\/comments?post=7592"}],"version-history":[{"count":10,"href":"https:\/\/www.manner.fi\/sv\/wp-json\/wp\/v2\/pages\/7592\/revisions"}],"predecessor-version":[{"id":106495,"href":"https:\/\/www.manner.fi\/sv\/wp-json\/wp\/v2\/pages\/7592\/revisions\/106495"}],"up":[{"embeddable":true,"href":"https:\/\/www.manner.fi\/sv\/wp-json\/wp\/v2\/pages\/7581"}],"wp:featuredmedia":[{"embeddable":true,"href":"https:\/\/www.manner.fi\/sv\/wp-json\/wp\/v2\/media\/1593"}],"wp:attachment":[{"href":"https:\/\/www.manner.fi\/sv\/wp-json\/wp\/v2\/media?parent=7592"}],"curies":[{"name":"wp","href":"https:\/\/api.w.org\/{rel}","templated":true}]}}