{"id":44713,"date":"2018-06-04T17:05:37","date_gmt":"2018-06-04T14:05:37","guid":{"rendered":"https:\/\/www.manner.fi\/multi-trolleyn-tuotevalikoima-laajeni-mannerin-pyorien-avulla\/"},"modified":"2018-12-10T16:08:30","modified_gmt":"2018-12-10T14:08:30","slug":"multi-trolleyn-tuotevalikoima-laajeni-mannerin-pyorien-avulla","status":"publish","type":"page","link":"https:\/\/www.manner.fi\/sv\/multi-trolleyn-tuotevalikoima-laajeni-mannerin-pyorien-avulla\/","title":{"rendered":"Multi Trolley produktsortiment utvidgades tack vare Manners hjul"},"content":{"rendered":"<p class=\"p1\" style=\"text-align: center;\"><span class=\"s1\">Svenska Multi Trolley Ab har grundats 2010: F\u00f6retaget planerar och tillverkar ergonomiska produkter, med vilka en person kan flytta p\u00e5 tunga m\u00f6bler, s\u00e5som skrivbord, s\u00e4ngar, soffor och bordsskivor utan att beh\u00f6va lyfta eller b\u00e4ra. Multi Trolley Ab:s kunder \u00e4r bl.a. DMS Spangenberg, som \u00e4r ett av de st\u00f6rsta f\u00f6retagen i Tyskland inom flyttningsbranschen. <\/span><\/p>\n<p class=\"p1\" style=\"text-align: center;\"><span class=\"s1\">Multi Trolley b\u00f6rjade anv\u00e4nda Manners hjul d\u00e5 de m\u00e4rkte att det uppfyller alla de h\u00f6ga krav som de har p\u00e5 ett l\u00e4ttrullande, tillf\u00f6rlitligt och modernt hjul. Manners kvalitet l\u00e4mpar sig utm\u00e4rkt f\u00f6r f\u00f6rstklassiga produkter, som \u00e4r b\u00e5de h\u00e5llbara och innovativa. Tack vare Manner kan f\u00f6retaget nu erbjuda sina kunder hjulalternativ f\u00f6r b\u00e5de inom- och utomhusbruk. Hjulen ger dessutom b\u00e4ttre r\u00f6rlighet. <\/span><\/p>\n","protected":false},"excerpt":{"rendered":"<p>Svenska Multi Trolley Ab har grundats 2010: F\u00f6retaget planerar och tillverkar ergonomiska produkter, med vilka en person kan flytta p\u00e5 tunga m\u00f6bler, s\u00e5som skrivbord, s\u00e4ngar, soffor och bordsskivor utan att beh\u00f6va lyfta eller b\u00e4ra. Multi Trolley Ab:s kunder \u00e4r bl.a. DMS Spangenberg, som \u00e4r ett av de st\u00f6rsta f\u00f6retagen i Tyskland inom flyttningsbranschen. Multi Trolley [&hellip;]<\/p>\n","protected":false},"author":1,"featured_media":44737,"parent":0,"menu_order":0,"comment_status":"closed","ping_status":"closed","template":"reference.php","meta":{"_acf_changed":false,"footnotes":""},"class_list":["post-44713","page","type-page","status-publish","has-post-thumbnail","hentry"],"acf":[],"yoast_head":"<!-- This site is optimized with the Yoast SEO plugin v25.2 - https:\/\/yoast.com\/wordpress\/plugins\/seo\/ -->\n<title>Multi Trolley produktsortiment utvidgades tack vare Manner | Manner<\/title>\n<meta name=\"description\" content=\"Multi Trolley Ab har anv\u00e4nt Manners hjul sen de m\u00e4rkte att hjulen uppfyller alla h\u00f6ga krav som de har p\u00e5 ett l\u00e4ttrullande, tillf\u00f6rlitligt och modernt hjul.\" \/>\n<meta name=\"robots\" content=\"index, follow, max-snippet:-1, max-image-preview:large, max-video-preview:-1\" \/>\n<meta property=\"og:locale\" content=\"sv_SE\" \/>\n<meta property=\"og:type\" content=\"article\" \/>\n<meta property=\"og:title\" content=\"Multi Trolley produktsortiment utvidgades tack vare Manner | Manner\" \/>\n<meta property=\"og:description\" content=\"Multi Trolley Ab har anv\u00e4nt Manners hjul sen de m\u00e4rkte att hjulen uppfyller alla h\u00f6ga krav som de har p\u00e5 ett l\u00e4ttrullande, tillf\u00f6rlitligt och modernt hjul.\" \/>\n<meta property=\"og:url\" content=\"https:\/\/www.manner.fi\/sv\/multi-trolleyn-tuotevalikoima-laajeni-mannerin-pyorien-avulla\/\" \/>\n<meta property=\"og:site_name\" content=\"Manner\" \/>\n<meta property=\"article:modified_time\" content=\"2018-12-10T14:08:30+00:00\" \/>\n<meta property=\"og:image\" content=\"https:\/\/www.manner.fi\/wp-content\/uploads\/2018\/06\/Manner_multitrolley.jpg\" \/>\n\t<meta property=\"og:image:width\" content=\"1600\" \/>\n\t<meta property=\"og:image:height\" content=\"612\" \/>\n\t<meta property=\"og:image:type\" content=\"image\/jpeg\" \/>\n<meta name=\"twitter:card\" content=\"summary_large_image\" \/>\n<meta name=\"twitter:label1\" content=\"Ber\u00e4knad l\u00e4stid\" \/>\n\t<meta name=\"twitter:data1\" content=\"1 minut\" \/>\n<script type=\"application\/ld+json\" class=\"yoast-schema-graph\">{\"@context\":\"https:\/\/schema.org\",\"@graph\":[{\"@type\":\"WebPage\",\"@id\":\"https:\/\/www.manner.fi\/sv\/multi-trolleyn-tuotevalikoima-laajeni-mannerin-pyorien-avulla\/\",\"url\":\"https:\/\/www.manner.fi\/sv\/multi-trolleyn-tuotevalikoima-laajeni-mannerin-pyorien-avulla\/\",\"name\":\"Multi Trolley produktsortiment utvidgades tack vare Manner | Manner\",\"isPartOf\":{\"@id\":\"https:\/\/www.manner.fi\/#website\"},\"primaryImageOfPage\":{\"@id\":\"https:\/\/www.manner.fi\/sv\/multi-trolleyn-tuotevalikoima-laajeni-mannerin-pyorien-avulla\/#primaryimage\"},\"image\":{\"@id\":\"https:\/\/www.manner.fi\/sv\/multi-trolleyn-tuotevalikoima-laajeni-mannerin-pyorien-avulla\/#primaryimage\"},\"thumbnailUrl\":\"https:\/\/www.manner.fi\/wp-content\/uploads\/2018\/06\/Manner_multitrolley.jpg\",\"datePublished\":\"2018-06-04T14:05:37+00:00\",\"dateModified\":\"2018-12-10T14:08:30+00:00\",\"description\":\"Multi Trolley Ab har anv\u00e4nt Manners hjul sen de m\u00e4rkte att hjulen uppfyller alla h\u00f6ga krav som de har p\u00e5 ett l\u00e4ttrullande, tillf\u00f6rlitligt och modernt hjul.\",\"breadcrumb\":{\"@id\":\"https:\/\/www.manner.fi\/sv\/multi-trolleyn-tuotevalikoima-laajeni-mannerin-pyorien-avulla\/#breadcrumb\"},\"inLanguage\":\"sv-SE\",\"potentialAction\":[{\"@type\":\"ReadAction\",\"target\":[\"https:\/\/www.manner.fi\/sv\/multi-trolleyn-tuotevalikoima-laajeni-mannerin-pyorien-avulla\/\"]}]},{\"@type\":\"ImageObject\",\"inLanguage\":\"sv-SE\",\"@id\":\"https:\/\/www.manner.fi\/sv\/multi-trolleyn-tuotevalikoima-laajeni-mannerin-pyorien-avulla\/#primaryimage\",\"url\":\"https:\/\/www.manner.fi\/wp-content\/uploads\/2018\/06\/Manner_multitrolley.jpg\",\"contentUrl\":\"https:\/\/www.manner.fi\/wp-content\/uploads\/2018\/06\/Manner_multitrolley.jpg\",\"width\":1600,\"height\":612},{\"@type\":\"BreadcrumbList\",\"@id\":\"https:\/\/www.manner.fi\/sv\/multi-trolleyn-tuotevalikoima-laajeni-mannerin-pyorien-avulla\/#breadcrumb\",\"itemListElement\":[{\"@type\":\"ListItem\",\"position\":1,\"name\":\"Home\",\"item\":\"https:\/\/www.manner.fi\/sv\/\"},{\"@type\":\"ListItem\",\"position\":2,\"name\":\"Multi Trolley produktsortiment utvidgades tack vare Manners hjul\"}]},{\"@type\":\"WebSite\",\"@id\":\"https:\/\/www.manner.fi\/#website\",\"url\":\"https:\/\/www.manner.fi\/\",\"name\":\"Manner\",\"description\":\"Smart Moves on Manner Castors\",\"potentialAction\":[{\"@type\":\"SearchAction\",\"target\":{\"@type\":\"EntryPoint\",\"urlTemplate\":\"https:\/\/www.manner.fi\/?s={search_term_string}\"},\"query-input\":{\"@type\":\"PropertyValueSpecification\",\"valueRequired\":true,\"valueName\":\"search_term_string\"}}],\"inLanguage\":\"sv-SE\"}]}<\/script>\n<!-- \/ Yoast SEO plugin. -->","yoast_head_json":{"title":"Multi Trolley produktsortiment utvidgades tack vare Manner | Manner","description":"Multi Trolley Ab har anv\u00e4nt Manners hjul sen de m\u00e4rkte att hjulen uppfyller alla h\u00f6ga krav som de har p\u00e5 ett l\u00e4ttrullande, tillf\u00f6rlitligt och modernt hjul.","robots":{"index":"index","follow":"follow","max-snippet":"max-snippet:-1","max-image-preview":"max-image-preview:large","max-video-preview":"max-video-preview:-1"},"og_locale":"sv_SE","og_type":"article","og_title":"Multi Trolley produktsortiment utvidgades tack vare Manner | Manner","og_description":"Multi Trolley Ab har anv\u00e4nt Manners hjul sen de m\u00e4rkte att hjulen uppfyller alla h\u00f6ga krav som de har p\u00e5 ett l\u00e4ttrullande, tillf\u00f6rlitligt och modernt hjul.","og_url":"https:\/\/www.manner.fi\/sv\/multi-trolleyn-tuotevalikoima-laajeni-mannerin-pyorien-avulla\/","og_site_name":"Manner","article_modified_time":"2018-12-10T14:08:30+00:00","og_image":[{"width":1600,"height":612,"url":"https:\/\/www.manner.fi\/wp-content\/uploads\/2018\/06\/Manner_multitrolley.jpg","type":"image\/jpeg"}],"twitter_card":"summary_large_image","twitter_misc":{"Ber\u00e4knad l\u00e4stid":"1 minut"},"schema":{"@context":"https:\/\/schema.org","@graph":[{"@type":"WebPage","@id":"https:\/\/www.manner.fi\/sv\/multi-trolleyn-tuotevalikoima-laajeni-mannerin-pyorien-avulla\/","url":"https:\/\/www.manner.fi\/sv\/multi-trolleyn-tuotevalikoima-laajeni-mannerin-pyorien-avulla\/","name":"Multi Trolley produktsortiment utvidgades tack vare Manner | Manner","isPartOf":{"@id":"https:\/\/www.manner.fi\/#website"},"primaryImageOfPage":{"@id":"https:\/\/www.manner.fi\/sv\/multi-trolleyn-tuotevalikoima-laajeni-mannerin-pyorien-avulla\/#primaryimage"},"image":{"@id":"https:\/\/www.manner.fi\/sv\/multi-trolleyn-tuotevalikoima-laajeni-mannerin-pyorien-avulla\/#primaryimage"},"thumbnailUrl":"https:\/\/www.manner.fi\/wp-content\/uploads\/2018\/06\/Manner_multitrolley.jpg","datePublished":"2018-06-04T14:05:37+00:00","dateModified":"2018-12-10T14:08:30+00:00","description":"Multi Trolley Ab har anv\u00e4nt Manners hjul sen de m\u00e4rkte att hjulen uppfyller alla h\u00f6ga krav som de har p\u00e5 ett l\u00e4ttrullande, tillf\u00f6rlitligt och modernt hjul.","breadcrumb":{"@id":"https:\/\/www.manner.fi\/sv\/multi-trolleyn-tuotevalikoima-laajeni-mannerin-pyorien-avulla\/#breadcrumb"},"inLanguage":"sv-SE","potentialAction":[{"@type":"ReadAction","target":["https:\/\/www.manner.fi\/sv\/multi-trolleyn-tuotevalikoima-laajeni-mannerin-pyorien-avulla\/"]}]},{"@type":"ImageObject","inLanguage":"sv-SE","@id":"https:\/\/www.manner.fi\/sv\/multi-trolleyn-tuotevalikoima-laajeni-mannerin-pyorien-avulla\/#primaryimage","url":"https:\/\/www.manner.fi\/wp-content\/uploads\/2018\/06\/Manner_multitrolley.jpg","contentUrl":"https:\/\/www.manner.fi\/wp-content\/uploads\/2018\/06\/Manner_multitrolley.jpg","width":1600,"height":612},{"@type":"BreadcrumbList","@id":"https:\/\/www.manner.fi\/sv\/multi-trolleyn-tuotevalikoima-laajeni-mannerin-pyorien-avulla\/#breadcrumb","itemListElement":[{"@type":"ListItem","position":1,"name":"Home","item":"https:\/\/www.manner.fi\/sv\/"},{"@type":"ListItem","position":2,"name":"Multi Trolley produktsortiment utvidgades tack vare Manners hjul"}]},{"@type":"WebSite","@id":"https:\/\/www.manner.fi\/#website","url":"https:\/\/www.manner.fi\/","name":"Manner","description":"Smart Moves on Manner Castors","potentialAction":[{"@type":"SearchAction","target":{"@type":"EntryPoint","urlTemplate":"https:\/\/www.manner.fi\/?s={search_term_string}"},"query-input":{"@type":"PropertyValueSpecification","valueRequired":true,"valueName":"search_term_string"}}],"inLanguage":"sv-SE"}]}},"_links":{"self":[{"href":"https:\/\/www.manner.fi\/sv\/wp-json\/wp\/v2\/pages\/44713","targetHints":{"allow":["GET"]}}],"collection":[{"href":"https:\/\/www.manner.fi\/sv\/wp-json\/wp\/v2\/pages"}],"about":[{"href":"https:\/\/www.manner.fi\/sv\/wp-json\/wp\/v2\/types\/page"}],"author":[{"embeddable":true,"href":"https:\/\/www.manner.fi\/sv\/wp-json\/wp\/v2\/users\/1"}],"replies":[{"embeddable":true,"href":"https:\/\/www.manner.fi\/sv\/wp-json\/wp\/v2\/comments?post=44713"}],"version-history":[{"count":5,"href":"https:\/\/www.manner.fi\/sv\/wp-json\/wp\/v2\/pages\/44713\/revisions"}],"predecessor-version":[{"id":132630,"href":"https:\/\/www.manner.fi\/sv\/wp-json\/wp\/v2\/pages\/44713\/revisions\/132630"}],"wp:featuredmedia":[{"embeddable":true,"href":"https:\/\/www.manner.fi\/sv\/wp-json\/wp\/v2\/media\/44737"}],"wp:attachment":[{"href":"https:\/\/www.manner.fi\/sv\/wp-json\/wp\/v2\/media?parent=44713"}],"curies":[{"name":"wp","href":"https:\/\/api.w.org\/{rel}","templated":true}]}}