{"id":44521,"date":"2018-02-08T13:02:06","date_gmt":"2018-02-08T11:02:06","guid":{"rendered":"https:\/\/www.manner.fi\/treston-luottaa-tangoon\/"},"modified":"2020-01-16T16:44:46","modified_gmt":"2020-01-16T14:44:46","slug":"treston-litar-pa-manner","status":"publish","type":"page","link":"https:\/\/www.manner.fi\/sv\/treston-litar-pa-manner\/","title":{"rendered":"Treston litar p\u00e5 Manner"},"content":{"rendered":"<p style=\"text-align: center;\">\u201cVi tillverkar i Finland h\u00f6gkvalitativa arbetsm\u00f6bler f\u00f6r industrin och vi kr\u00e4ver av de komponenter som vi anv\u00e4nder, s\u00e5som hjul, samma h\u00f6ga kvalitet. Vi levererar m\u00f6bler \u00f6ver hela v\u00e4rlden och d\u00e4rf\u00f6r ska v\u00e5ra produkter uppfylla v\u00e5ra globala kunders kvalitetskrav i olika anv\u00e4ndarmilj\u00f6er, exempelvis inom EPA-omr\u00e5den. Manners breda hjulurval, kontinuerliga produktutveckling och direkta samarbete har varit h\u00f6rnstenar i v\u00e5r verksamhet redan i tiotals \u00e5r. I m\u00e5nga av v\u00e5ra vagnmodeller anv\u00e4nder vi Tango-hjulet, eftersom det till formspr\u00e5ket passar bra till v\u00e5ra vagnar, och \u00e4r ocks\u00e5 ifr\u00e5ga om anv\u00e4ndarv\u00e4nlighet av toppklass. De egenskaper som vi anser vara viktigast, s\u00e5som att hjulet ska vara s\u00e4kert, enkelt att reng\u00f6ra och vara l\u00e4ttr\u00f6rligt (vagnens maximilast 300 kg), uppfyller Tango enkelt.\u201d<\/p>\n<p style=\"text-align: center;\"><a class=\"read-more\" href=\"https:\/\/www.treston.fi\/\">Bekanta dig med Treston<\/a><\/p>\n","protected":false},"excerpt":{"rendered":"<p>\u201cVi tillverkar i Finland h\u00f6gkvalitativa arbetsm\u00f6bler f\u00f6r industrin och vi kr\u00e4ver av de komponenter som vi anv\u00e4nder, s\u00e5som hjul, samma h\u00f6ga kvalitet. Vi levererar m\u00f6bler \u00f6ver hela v\u00e4rlden och d\u00e4rf\u00f6r ska v\u00e5ra produkter uppfylla v\u00e5ra globala kunders kvalitetskrav i olika anv\u00e4ndarmilj\u00f6er, exempelvis inom EPA-omr\u00e5den. Manners breda hjulurval, kontinuerliga produktutveckling och direkta samarbete har varit h\u00f6rnstenar [&hellip;]<\/p>\n","protected":false},"author":1,"featured_media":2850,"parent":0,"menu_order":0,"comment_status":"closed","ping_status":"closed","template":"reference.php","meta":{"_acf_changed":false,"footnotes":""},"class_list":["post-44521","page","type-page","status-publish","has-post-thumbnail","hentry"],"acf":[],"yoast_head":"<!-- This site is optimized with the Yoast SEO plugin v25.2 - https:\/\/yoast.com\/wordpress\/plugins\/seo\/ -->\n<title>Treston Oy litar p\u00e5 Manner | Manner<\/title>\n<meta name=\"description\" content=\"&quot;Manners breda hjulurval, kontinuerliga produktutveckling och direkta samarbete har varit h\u00f6rnstenar i v\u00e5r verksamhet redan i tiotals \u00e5r&quot;. Treston litar p\u00e5 Manner.\" \/>\n<meta name=\"robots\" content=\"index, follow, max-snippet:-1, max-image-preview:large, max-video-preview:-1\" \/>\n<meta property=\"og:locale\" content=\"sv_SE\" \/>\n<meta property=\"og:type\" content=\"article\" \/>\n<meta property=\"og:title\" content=\"Treston Oy litar p\u00e5 Manner | Manner\" \/>\n<meta property=\"og:description\" content=\"&quot;Manners breda hjulurval, kontinuerliga produktutveckling och direkta samarbete har varit h\u00f6rnstenar i v\u00e5r verksamhet redan i tiotals \u00e5r&quot;. Treston litar p\u00e5 Manner.\" \/>\n<meta property=\"og:url\" content=\"https:\/\/www.manner.fi\/sv\/treston-litar-pa-manner\/\" \/>\n<meta property=\"og:site_name\" content=\"Manner\" \/>\n<meta property=\"article:modified_time\" content=\"2020-01-16T14:44:46+00:00\" \/>\n<meta property=\"og:image\" content=\"https:\/\/www.manner.fi\/wp-content\/uploads\/2018\/02\/refe_treston.png\" \/>\n\t<meta property=\"og:image:width\" content=\"1600\" \/>\n\t<meta property=\"og:image:height\" content=\"603\" \/>\n\t<meta property=\"og:image:type\" content=\"image\/png\" \/>\n<meta name=\"twitter:card\" content=\"summary_large_image\" \/>\n<meta name=\"twitter:label1\" content=\"Ber\u00e4knad l\u00e4stid\" \/>\n\t<meta name=\"twitter:data1\" content=\"1 minut\" \/>\n<script type=\"application\/ld+json\" class=\"yoast-schema-graph\">{\"@context\":\"https:\/\/schema.org\",\"@graph\":[{\"@type\":\"WebPage\",\"@id\":\"https:\/\/www.manner.fi\/sv\/treston-litar-pa-manner\/\",\"url\":\"https:\/\/www.manner.fi\/sv\/treston-litar-pa-manner\/\",\"name\":\"Treston Oy litar p\u00e5 Manner | Manner\",\"isPartOf\":{\"@id\":\"https:\/\/www.manner.fi\/#website\"},\"primaryImageOfPage\":{\"@id\":\"https:\/\/www.manner.fi\/sv\/treston-litar-pa-manner\/#primaryimage\"},\"image\":{\"@id\":\"https:\/\/www.manner.fi\/sv\/treston-litar-pa-manner\/#primaryimage\"},\"thumbnailUrl\":\"https:\/\/www.manner.fi\/wp-content\/uploads\/2018\/02\/refe_treston.png\",\"datePublished\":\"2018-02-08T11:02:06+00:00\",\"dateModified\":\"2020-01-16T14:44:46+00:00\",\"description\":\"\\\"Manners breda hjulurval, kontinuerliga produktutveckling och direkta samarbete har varit h\u00f6rnstenar i v\u00e5r verksamhet redan i tiotals \u00e5r\\\". Treston litar p\u00e5 Manner.\",\"breadcrumb\":{\"@id\":\"https:\/\/www.manner.fi\/sv\/treston-litar-pa-manner\/#breadcrumb\"},\"inLanguage\":\"sv-SE\",\"potentialAction\":[{\"@type\":\"ReadAction\",\"target\":[\"https:\/\/www.manner.fi\/sv\/treston-litar-pa-manner\/\"]}]},{\"@type\":\"ImageObject\",\"inLanguage\":\"sv-SE\",\"@id\":\"https:\/\/www.manner.fi\/sv\/treston-litar-pa-manner\/#primaryimage\",\"url\":\"https:\/\/www.manner.fi\/wp-content\/uploads\/2018\/02\/refe_treston.png\",\"contentUrl\":\"https:\/\/www.manner.fi\/wp-content\/uploads\/2018\/02\/refe_treston.png\",\"width\":1600,\"height\":603},{\"@type\":\"BreadcrumbList\",\"@id\":\"https:\/\/www.manner.fi\/sv\/treston-litar-pa-manner\/#breadcrumb\",\"itemListElement\":[{\"@type\":\"ListItem\",\"position\":1,\"name\":\"Home\",\"item\":\"https:\/\/www.manner.fi\/sv\/\"},{\"@type\":\"ListItem\",\"position\":2,\"name\":\"Treston litar p\u00e5 Manner\"}]},{\"@type\":\"WebSite\",\"@id\":\"https:\/\/www.manner.fi\/#website\",\"url\":\"https:\/\/www.manner.fi\/\",\"name\":\"Manner\",\"description\":\"Smart Moves on Manner Castors\",\"potentialAction\":[{\"@type\":\"SearchAction\",\"target\":{\"@type\":\"EntryPoint\",\"urlTemplate\":\"https:\/\/www.manner.fi\/?s={search_term_string}\"},\"query-input\":{\"@type\":\"PropertyValueSpecification\",\"valueRequired\":true,\"valueName\":\"search_term_string\"}}],\"inLanguage\":\"sv-SE\"}]}<\/script>\n<!-- \/ Yoast SEO plugin. -->","yoast_head_json":{"title":"Treston Oy litar p\u00e5 Manner | Manner","description":"\"Manners breda hjulurval, kontinuerliga produktutveckling och direkta samarbete har varit h\u00f6rnstenar i v\u00e5r verksamhet redan i tiotals \u00e5r\". Treston litar p\u00e5 Manner.","robots":{"index":"index","follow":"follow","max-snippet":"max-snippet:-1","max-image-preview":"max-image-preview:large","max-video-preview":"max-video-preview:-1"},"og_locale":"sv_SE","og_type":"article","og_title":"Treston Oy litar p\u00e5 Manner | Manner","og_description":"\"Manners breda hjulurval, kontinuerliga produktutveckling och direkta samarbete har varit h\u00f6rnstenar i v\u00e5r verksamhet redan i tiotals \u00e5r\". Treston litar p\u00e5 Manner.","og_url":"https:\/\/www.manner.fi\/sv\/treston-litar-pa-manner\/","og_site_name":"Manner","article_modified_time":"2020-01-16T14:44:46+00:00","og_image":[{"width":1600,"height":603,"url":"https:\/\/www.manner.fi\/wp-content\/uploads\/2018\/02\/refe_treston.png","type":"image\/png"}],"twitter_card":"summary_large_image","twitter_misc":{"Ber\u00e4knad l\u00e4stid":"1 minut"},"schema":{"@context":"https:\/\/schema.org","@graph":[{"@type":"WebPage","@id":"https:\/\/www.manner.fi\/sv\/treston-litar-pa-manner\/","url":"https:\/\/www.manner.fi\/sv\/treston-litar-pa-manner\/","name":"Treston Oy litar p\u00e5 Manner | Manner","isPartOf":{"@id":"https:\/\/www.manner.fi\/#website"},"primaryImageOfPage":{"@id":"https:\/\/www.manner.fi\/sv\/treston-litar-pa-manner\/#primaryimage"},"image":{"@id":"https:\/\/www.manner.fi\/sv\/treston-litar-pa-manner\/#primaryimage"},"thumbnailUrl":"https:\/\/www.manner.fi\/wp-content\/uploads\/2018\/02\/refe_treston.png","datePublished":"2018-02-08T11:02:06+00:00","dateModified":"2020-01-16T14:44:46+00:00","description":"\"Manners breda hjulurval, kontinuerliga produktutveckling och direkta samarbete har varit h\u00f6rnstenar i v\u00e5r verksamhet redan i tiotals \u00e5r\". Treston litar p\u00e5 Manner.","breadcrumb":{"@id":"https:\/\/www.manner.fi\/sv\/treston-litar-pa-manner\/#breadcrumb"},"inLanguage":"sv-SE","potentialAction":[{"@type":"ReadAction","target":["https:\/\/www.manner.fi\/sv\/treston-litar-pa-manner\/"]}]},{"@type":"ImageObject","inLanguage":"sv-SE","@id":"https:\/\/www.manner.fi\/sv\/treston-litar-pa-manner\/#primaryimage","url":"https:\/\/www.manner.fi\/wp-content\/uploads\/2018\/02\/refe_treston.png","contentUrl":"https:\/\/www.manner.fi\/wp-content\/uploads\/2018\/02\/refe_treston.png","width":1600,"height":603},{"@type":"BreadcrumbList","@id":"https:\/\/www.manner.fi\/sv\/treston-litar-pa-manner\/#breadcrumb","itemListElement":[{"@type":"ListItem","position":1,"name":"Home","item":"https:\/\/www.manner.fi\/sv\/"},{"@type":"ListItem","position":2,"name":"Treston litar p\u00e5 Manner"}]},{"@type":"WebSite","@id":"https:\/\/www.manner.fi\/#website","url":"https:\/\/www.manner.fi\/","name":"Manner","description":"Smart Moves on Manner Castors","potentialAction":[{"@type":"SearchAction","target":{"@type":"EntryPoint","urlTemplate":"https:\/\/www.manner.fi\/?s={search_term_string}"},"query-input":{"@type":"PropertyValueSpecification","valueRequired":true,"valueName":"search_term_string"}}],"inLanguage":"sv-SE"}]}},"_links":{"self":[{"href":"https:\/\/www.manner.fi\/sv\/wp-json\/wp\/v2\/pages\/44521","targetHints":{"allow":["GET"]}}],"collection":[{"href":"https:\/\/www.manner.fi\/sv\/wp-json\/wp\/v2\/pages"}],"about":[{"href":"https:\/\/www.manner.fi\/sv\/wp-json\/wp\/v2\/types\/page"}],"author":[{"embeddable":true,"href":"https:\/\/www.manner.fi\/sv\/wp-json\/wp\/v2\/users\/1"}],"replies":[{"embeddable":true,"href":"https:\/\/www.manner.fi\/sv\/wp-json\/wp\/v2\/comments?post=44521"}],"version-history":[{"count":6,"href":"https:\/\/www.manner.fi\/sv\/wp-json\/wp\/v2\/pages\/44521\/revisions"}],"predecessor-version":[{"id":185947,"href":"https:\/\/www.manner.fi\/sv\/wp-json\/wp\/v2\/pages\/44521\/revisions\/185947"}],"wp:featuredmedia":[{"embeddable":true,"href":"https:\/\/www.manner.fi\/sv\/wp-json\/wp\/v2\/media\/2850"}],"wp:attachment":[{"href":"https:\/\/www.manner.fi\/sv\/wp-json\/wp\/v2\/media?parent=44521"}],"curies":[{"name":"wp","href":"https:\/\/api.w.org\/{rel}","templated":true}]}}