{"id":44491,"date":"2018-04-17T11:38:31","date_gmt":"2018-04-17T08:38:31","guid":{"rendered":"https:\/\/www.manner.fi\/referenssit\/"},"modified":"2022-09-01T13:40:17","modified_gmt":"2022-09-01T10:40:17","slug":"referenser","status":"publish","type":"page","link":"https:\/\/www.manner.fi\/sv\/referenser\/","title":{"rendered":"Referenser"},"content":{"rendered":"","protected":false},"excerpt":{"rendered":"","protected":false},"author":1,"featured_media":44247,"parent":0,"menu_order":0,"comment_status":"closed","ping_status":"closed","template":"","meta":{"_acf_changed":false,"footnotes":""},"class_list":["post-44491","page","type-page","status-publish","has-post-thumbnail","hentry"],"acf":[],"yoast_head":"<!-- This site is optimized with the Yoast SEO plugin v25.2 - https:\/\/yoast.com\/wordpress\/plugins\/seo\/ -->\n<title>Referenser | Manner<\/title>\n<meta name=\"description\" content=\"Olika f\u00f6retag har valt Manners l\u00e4nkhjul till sina egna produkter. Bekanta dig med deras erfarenheter och tankar g\u00e4llande anv\u00e4ndningen av Manners hjul.\" \/>\n<meta name=\"robots\" content=\"index, follow, max-snippet:-1, max-image-preview:large, max-video-preview:-1\" \/>\n<meta property=\"og:locale\" content=\"sv_SE\" \/>\n<meta property=\"og:type\" content=\"article\" \/>\n<meta property=\"og:title\" content=\"Referenser | Manner\" \/>\n<meta property=\"og:description\" content=\"Olika f\u00f6retag har valt Manners l\u00e4nkhjul till sina egna produkter. Bekanta dig med deras erfarenheter och tankar g\u00e4llande anv\u00e4ndningen av Manners hjul.\" \/>\n<meta property=\"og:url\" content=\"https:\/\/www.manner.fi\/sv\/referenser\/\" \/>\n<meta property=\"og:site_name\" content=\"Manner\" \/>\n<meta property=\"article:modified_time\" content=\"2022-09-01T10:40:17+00:00\" \/>\n<meta property=\"og:image\" content=\"https:\/\/www.manner.fi\/wp-content\/uploads\/2018\/04\/tuotteet-kalustep-esmart.jpg\" \/>\n\t<meta property=\"og:image:width\" content=\"1600\" \/>\n\t<meta property=\"og:image:height\" content=\"612\" \/>\n\t<meta property=\"og:image:type\" content=\"image\/jpeg\" \/>\n<meta name=\"twitter:card\" content=\"summary_large_image\" \/>\n<script type=\"application\/ld+json\" class=\"yoast-schema-graph\">{\"@context\":\"https:\/\/schema.org\",\"@graph\":[{\"@type\":\"WebPage\",\"@id\":\"https:\/\/www.manner.fi\/sv\/referenser\/\",\"url\":\"https:\/\/www.manner.fi\/sv\/referenser\/\",\"name\":\"Referenser | Manner\",\"isPartOf\":{\"@id\":\"https:\/\/www.manner.fi\/#website\"},\"primaryImageOfPage\":{\"@id\":\"https:\/\/www.manner.fi\/sv\/referenser\/#primaryimage\"},\"image\":{\"@id\":\"https:\/\/www.manner.fi\/sv\/referenser\/#primaryimage\"},\"thumbnailUrl\":\"https:\/\/www.manner.fi\/wp-content\/uploads\/2018\/04\/tuotteet-kalustep-esmart.jpg\",\"datePublished\":\"2018-04-17T08:38:31+00:00\",\"dateModified\":\"2022-09-01T10:40:17+00:00\",\"description\":\"Olika f\u00f6retag har valt Manners l\u00e4nkhjul till sina egna produkter. Bekanta dig med deras erfarenheter och tankar g\u00e4llande anv\u00e4ndningen av Manners hjul.\",\"breadcrumb\":{\"@id\":\"https:\/\/www.manner.fi\/sv\/referenser\/#breadcrumb\"},\"inLanguage\":\"sv-SE\",\"potentialAction\":[{\"@type\":\"ReadAction\",\"target\":[\"https:\/\/www.manner.fi\/sv\/referenser\/\"]}]},{\"@type\":\"ImageObject\",\"inLanguage\":\"sv-SE\",\"@id\":\"https:\/\/www.manner.fi\/sv\/referenser\/#primaryimage\",\"url\":\"https:\/\/www.manner.fi\/wp-content\/uploads\/2018\/04\/tuotteet-kalustep-esmart.jpg\",\"contentUrl\":\"https:\/\/www.manner.fi\/wp-content\/uploads\/2018\/04\/tuotteet-kalustep-esmart.jpg\",\"width\":1600,\"height\":612},{\"@type\":\"BreadcrumbList\",\"@id\":\"https:\/\/www.manner.fi\/sv\/referenser\/#breadcrumb\",\"itemListElement\":[{\"@type\":\"ListItem\",\"position\":1,\"name\":\"Home\",\"item\":\"https:\/\/www.manner.fi\/sv\/\"},{\"@type\":\"ListItem\",\"position\":2,\"name\":\"Referenser\"}]},{\"@type\":\"WebSite\",\"@id\":\"https:\/\/www.manner.fi\/#website\",\"url\":\"https:\/\/www.manner.fi\/\",\"name\":\"Manner\",\"description\":\"Smart Moves on Manner Castors\",\"potentialAction\":[{\"@type\":\"SearchAction\",\"target\":{\"@type\":\"EntryPoint\",\"urlTemplate\":\"https:\/\/www.manner.fi\/?s={search_term_string}\"},\"query-input\":{\"@type\":\"PropertyValueSpecification\",\"valueRequired\":true,\"valueName\":\"search_term_string\"}}],\"inLanguage\":\"sv-SE\"}]}<\/script>\n<!-- \/ Yoast SEO plugin. -->","yoast_head_json":{"title":"Referenser | Manner","description":"Olika f\u00f6retag har valt Manners l\u00e4nkhjul till sina egna produkter. Bekanta dig med deras erfarenheter och tankar g\u00e4llande anv\u00e4ndningen av Manners hjul.","robots":{"index":"index","follow":"follow","max-snippet":"max-snippet:-1","max-image-preview":"max-image-preview:large","max-video-preview":"max-video-preview:-1"},"og_locale":"sv_SE","og_type":"article","og_title":"Referenser | Manner","og_description":"Olika f\u00f6retag har valt Manners l\u00e4nkhjul till sina egna produkter. Bekanta dig med deras erfarenheter och tankar g\u00e4llande anv\u00e4ndningen av Manners hjul.","og_url":"https:\/\/www.manner.fi\/sv\/referenser\/","og_site_name":"Manner","article_modified_time":"2022-09-01T10:40:17+00:00","og_image":[{"width":1600,"height":612,"url":"https:\/\/www.manner.fi\/wp-content\/uploads\/2018\/04\/tuotteet-kalustep-esmart.jpg","type":"image\/jpeg"}],"twitter_card":"summary_large_image","schema":{"@context":"https:\/\/schema.org","@graph":[{"@type":"WebPage","@id":"https:\/\/www.manner.fi\/sv\/referenser\/","url":"https:\/\/www.manner.fi\/sv\/referenser\/","name":"Referenser | Manner","isPartOf":{"@id":"https:\/\/www.manner.fi\/#website"},"primaryImageOfPage":{"@id":"https:\/\/www.manner.fi\/sv\/referenser\/#primaryimage"},"image":{"@id":"https:\/\/www.manner.fi\/sv\/referenser\/#primaryimage"},"thumbnailUrl":"https:\/\/www.manner.fi\/wp-content\/uploads\/2018\/04\/tuotteet-kalustep-esmart.jpg","datePublished":"2018-04-17T08:38:31+00:00","dateModified":"2022-09-01T10:40:17+00:00","description":"Olika f\u00f6retag har valt Manners l\u00e4nkhjul till sina egna produkter. Bekanta dig med deras erfarenheter och tankar g\u00e4llande anv\u00e4ndningen av Manners hjul.","breadcrumb":{"@id":"https:\/\/www.manner.fi\/sv\/referenser\/#breadcrumb"},"inLanguage":"sv-SE","potentialAction":[{"@type":"ReadAction","target":["https:\/\/www.manner.fi\/sv\/referenser\/"]}]},{"@type":"ImageObject","inLanguage":"sv-SE","@id":"https:\/\/www.manner.fi\/sv\/referenser\/#primaryimage","url":"https:\/\/www.manner.fi\/wp-content\/uploads\/2018\/04\/tuotteet-kalustep-esmart.jpg","contentUrl":"https:\/\/www.manner.fi\/wp-content\/uploads\/2018\/04\/tuotteet-kalustep-esmart.jpg","width":1600,"height":612},{"@type":"BreadcrumbList","@id":"https:\/\/www.manner.fi\/sv\/referenser\/#breadcrumb","itemListElement":[{"@type":"ListItem","position":1,"name":"Home","item":"https:\/\/www.manner.fi\/sv\/"},{"@type":"ListItem","position":2,"name":"Referenser"}]},{"@type":"WebSite","@id":"https:\/\/www.manner.fi\/#website","url":"https:\/\/www.manner.fi\/","name":"Manner","description":"Smart Moves on Manner Castors","potentialAction":[{"@type":"SearchAction","target":{"@type":"EntryPoint","urlTemplate":"https:\/\/www.manner.fi\/?s={search_term_string}"},"query-input":{"@type":"PropertyValueSpecification","valueRequired":true,"valueName":"search_term_string"}}],"inLanguage":"sv-SE"}]}},"_links":{"self":[{"href":"https:\/\/www.manner.fi\/sv\/wp-json\/wp\/v2\/pages\/44491","targetHints":{"allow":["GET"]}}],"collection":[{"href":"https:\/\/www.manner.fi\/sv\/wp-json\/wp\/v2\/pages"}],"about":[{"href":"https:\/\/www.manner.fi\/sv\/wp-json\/wp\/v2\/types\/page"}],"author":[{"embeddable":true,"href":"https:\/\/www.manner.fi\/sv\/wp-json\/wp\/v2\/users\/1"}],"replies":[{"embeddable":true,"href":"https:\/\/www.manner.fi\/sv\/wp-json\/wp\/v2\/comments?post=44491"}],"version-history":[{"count":15,"href":"https:\/\/www.manner.fi\/sv\/wp-json\/wp\/v2\/pages\/44491\/revisions"}],"predecessor-version":[{"id":188095,"href":"https:\/\/www.manner.fi\/sv\/wp-json\/wp\/v2\/pages\/44491\/revisions\/188095"}],"wp:featuredmedia":[{"embeddable":true,"href":"https:\/\/www.manner.fi\/sv\/wp-json\/wp\/v2\/media\/44247"}],"wp:attachment":[{"href":"https:\/\/www.manner.fi\/sv\/wp-json\/wp\/v2\/media?parent=44491"}],"curies":[{"name":"wp","href":"https:\/\/api.w.org\/{rel}","templated":true}]}}