{"id":44465,"date":"2018-02-08T09:55:10","date_gmt":"2018-02-08T07:55:10","guid":{"rendered":"https:\/\/www.manner.fi\/mizuho-osin-leikkauspoytaratkaisu-hyodyntaa-e-smart-pyoria\/"},"modified":"2018-11-14T10:12:32","modified_gmt":"2018-11-14T08:12:32","slug":"mizuho-osis-operationsbordslosning-utnyttjar-e-smart-hjul","status":"publish","type":"page","link":"https:\/\/www.manner.fi\/sv\/mizuho-osis-operationsbordslosning-utnyttjar-e-smart-hjul\/","title":{"rendered":"Mizuho OSIs operationsbordsl\u00f6sning utnyttjar e-SMART- hjul"},"content":{"rendered":"<p style=\"text-align: center;\">Mizuho OSI \u00e4r marknadsledare inom planering av utrustning f\u00f6r specialoperationer och s\u00e4rskilda operationsst\u00e4llningar. Specialoperationsbord f\u00f6rb\u00e4ttrar patienternas prognoser efter ryggoperationer samt operationer av st\u00f6d- och r\u00f6relseorgan.<\/p>\n<p style=\"text-align: center;\">\u201c<em>\u201cVi s\u00f6kte ett elektroniskt l\u00e5sbart transporthjul, som uppfyller b\u00e4rkraftskriterierna f\u00f6r den modell vi planerat och som ser modernt ut samt har ett l\u00e4mpligt pris. Manner har varit en tj\u00e4nstvillig samarbetspartner och redo att ge sitt st\u00f6d. Manners hjul \u00e4r unika i det avseendet att de fyllde v\u00e5ra krav p\u00e5 nyttolastskapacitet och estetiskt utseende. Hjulet har elektronisk l\u00e5sning f\u00f6r rullande och f\u00e4rdriktningen samt en manuell frikopplingsfunktion. Dessutom var den enkel att montera.\u201d<\/em>\u201d<\/p>\n<p style=\"text-align: center;\"><small style=\"text-align: center;\">Mizuho OSI har sitt huvudverksamhetsst\u00e4lle i F\u00f6renta staterna och \u00e4r ett dotterf\u00f6retag till Mizuho Ikakogyo Co., Ltd, som finns i<br \/>\nTokyo i Japan.<\/small><\/p>\n<p style=\"text-align: center;\"><a class=\"read-more\" href=\"https:\/\/www.mizuhosi.com\/\">L\u00e4s mer om Mizuho osi<\/a><\/p>\n","protected":false},"excerpt":{"rendered":"<p>Mizuho OSI \u00e4r marknadsledare inom planering av utrustning f\u00f6r specialoperationer och s\u00e4rskilda operationsst\u00e4llningar. Specialoperationsbord f\u00f6rb\u00e4ttrar patienternas prognoser efter ryggoperationer samt operationer av st\u00f6d- och r\u00f6relseorgan. \u201c\u201cVi s\u00f6kte ett elektroniskt l\u00e5sbart transporthjul, som uppfyller b\u00e4rkraftskriterierna f\u00f6r den modell vi planerat och som ser modernt ut samt har ett l\u00e4mpligt pris. Manner har varit en tj\u00e4nstvillig samarbetspartner [&hellip;]<\/p>\n","protected":false},"author":1,"featured_media":2857,"parent":0,"menu_order":0,"comment_status":"closed","ping_status":"closed","template":"reference.php","meta":{"_acf_changed":false,"footnotes":""},"class_list":["post-44465","page","type-page","status-publish","has-post-thumbnail","hentry"],"acf":[],"yoast_head":"<!-- This site is optimized with the Yoast SEO plugin v25.2 - https:\/\/yoast.com\/wordpress\/plugins\/seo\/ -->\n<title>Mizuho OSI utnyttjar Manners e-SMART hjul | Manner<\/title>\n<meta name=\"description\" content=\"Mizuho OSI planerar utrustning f\u00f6r specialoperationer och s\u00e4rskilda operationsst\u00e4llningar. De litar p\u00e5 och utnyttjar Manners eSMART hjul i sina l\u00f6sningar.\" \/>\n<meta name=\"robots\" content=\"index, follow, max-snippet:-1, max-image-preview:large, max-video-preview:-1\" \/>\n<meta property=\"og:locale\" content=\"sv_SE\" \/>\n<meta property=\"og:type\" content=\"article\" \/>\n<meta property=\"og:title\" content=\"Mizuho OSI utnyttjar Manners e-SMART hjul | Manner\" \/>\n<meta property=\"og:description\" content=\"Mizuho OSI planerar utrustning f\u00f6r specialoperationer och s\u00e4rskilda operationsst\u00e4llningar. De litar p\u00e5 och utnyttjar Manners eSMART hjul i sina l\u00f6sningar.\" \/>\n<meta property=\"og:url\" content=\"https:\/\/www.manner.fi\/sv\/mizuho-osis-operationsbordslosning-utnyttjar-e-smart-hjul\/\" \/>\n<meta property=\"og:site_name\" content=\"Manner\" \/>\n<meta property=\"article:modified_time\" content=\"2018-11-14T08:12:32+00:00\" \/>\n<meta property=\"og:image\" content=\"https:\/\/www.manner.fi\/wp-content\/uploads\/2018\/02\/refe_mizuho.png\" \/>\n\t<meta property=\"og:image:width\" content=\"1600\" \/>\n\t<meta property=\"og:image:height\" content=\"578\" \/>\n\t<meta property=\"og:image:type\" content=\"image\/png\" \/>\n<meta name=\"twitter:card\" content=\"summary_large_image\" \/>\n<meta name=\"twitter:label1\" content=\"Ber\u00e4knad l\u00e4stid\" \/>\n\t<meta name=\"twitter:data1\" content=\"1 minut\" \/>\n<script type=\"application\/ld+json\" class=\"yoast-schema-graph\">{\"@context\":\"https:\/\/schema.org\",\"@graph\":[{\"@type\":\"WebPage\",\"@id\":\"https:\/\/www.manner.fi\/sv\/mizuho-osis-operationsbordslosning-utnyttjar-e-smart-hjul\/\",\"url\":\"https:\/\/www.manner.fi\/sv\/mizuho-osis-operationsbordslosning-utnyttjar-e-smart-hjul\/\",\"name\":\"Mizuho OSI utnyttjar Manners e-SMART hjul | Manner\",\"isPartOf\":{\"@id\":\"https:\/\/www.manner.fi\/#website\"},\"primaryImageOfPage\":{\"@id\":\"https:\/\/www.manner.fi\/sv\/mizuho-osis-operationsbordslosning-utnyttjar-e-smart-hjul\/#primaryimage\"},\"image\":{\"@id\":\"https:\/\/www.manner.fi\/sv\/mizuho-osis-operationsbordslosning-utnyttjar-e-smart-hjul\/#primaryimage\"},\"thumbnailUrl\":\"https:\/\/www.manner.fi\/wp-content\/uploads\/2018\/02\/refe_mizuho.png\",\"datePublished\":\"2018-02-08T07:55:10+00:00\",\"dateModified\":\"2018-11-14T08:12:32+00:00\",\"description\":\"Mizuho OSI planerar utrustning f\u00f6r specialoperationer och s\u00e4rskilda operationsst\u00e4llningar. De litar p\u00e5 och utnyttjar Manners eSMART hjul i sina l\u00f6sningar.\",\"breadcrumb\":{\"@id\":\"https:\/\/www.manner.fi\/sv\/mizuho-osis-operationsbordslosning-utnyttjar-e-smart-hjul\/#breadcrumb\"},\"inLanguage\":\"sv-SE\",\"potentialAction\":[{\"@type\":\"ReadAction\",\"target\":[\"https:\/\/www.manner.fi\/sv\/mizuho-osis-operationsbordslosning-utnyttjar-e-smart-hjul\/\"]}]},{\"@type\":\"ImageObject\",\"inLanguage\":\"sv-SE\",\"@id\":\"https:\/\/www.manner.fi\/sv\/mizuho-osis-operationsbordslosning-utnyttjar-e-smart-hjul\/#primaryimage\",\"url\":\"https:\/\/www.manner.fi\/wp-content\/uploads\/2018\/02\/refe_mizuho.png\",\"contentUrl\":\"https:\/\/www.manner.fi\/wp-content\/uploads\/2018\/02\/refe_mizuho.png\",\"width\":1600,\"height\":578},{\"@type\":\"BreadcrumbList\",\"@id\":\"https:\/\/www.manner.fi\/sv\/mizuho-osis-operationsbordslosning-utnyttjar-e-smart-hjul\/#breadcrumb\",\"itemListElement\":[{\"@type\":\"ListItem\",\"position\":1,\"name\":\"Home\",\"item\":\"https:\/\/www.manner.fi\/sv\/\"},{\"@type\":\"ListItem\",\"position\":2,\"name\":\"Mizuho OSIs operationsbordsl\u00f6sning utnyttjar e-SMART- hjul\"}]},{\"@type\":\"WebSite\",\"@id\":\"https:\/\/www.manner.fi\/#website\",\"url\":\"https:\/\/www.manner.fi\/\",\"name\":\"Manner\",\"description\":\"Smart Moves on Manner Castors\",\"potentialAction\":[{\"@type\":\"SearchAction\",\"target\":{\"@type\":\"EntryPoint\",\"urlTemplate\":\"https:\/\/www.manner.fi\/?s={search_term_string}\"},\"query-input\":{\"@type\":\"PropertyValueSpecification\",\"valueRequired\":true,\"valueName\":\"search_term_string\"}}],\"inLanguage\":\"sv-SE\"}]}<\/script>\n<!-- \/ Yoast SEO plugin. -->","yoast_head_json":{"title":"Mizuho OSI utnyttjar Manners e-SMART hjul | Manner","description":"Mizuho OSI planerar utrustning f\u00f6r specialoperationer och s\u00e4rskilda operationsst\u00e4llningar. De litar p\u00e5 och utnyttjar Manners eSMART hjul i sina l\u00f6sningar.","robots":{"index":"index","follow":"follow","max-snippet":"max-snippet:-1","max-image-preview":"max-image-preview:large","max-video-preview":"max-video-preview:-1"},"og_locale":"sv_SE","og_type":"article","og_title":"Mizuho OSI utnyttjar Manners e-SMART hjul | Manner","og_description":"Mizuho OSI planerar utrustning f\u00f6r specialoperationer och s\u00e4rskilda operationsst\u00e4llningar. De litar p\u00e5 och utnyttjar Manners eSMART hjul i sina l\u00f6sningar.","og_url":"https:\/\/www.manner.fi\/sv\/mizuho-osis-operationsbordslosning-utnyttjar-e-smart-hjul\/","og_site_name":"Manner","article_modified_time":"2018-11-14T08:12:32+00:00","og_image":[{"width":1600,"height":578,"url":"https:\/\/www.manner.fi\/wp-content\/uploads\/2018\/02\/refe_mizuho.png","type":"image\/png"}],"twitter_card":"summary_large_image","twitter_misc":{"Ber\u00e4knad l\u00e4stid":"1 minut"},"schema":{"@context":"https:\/\/schema.org","@graph":[{"@type":"WebPage","@id":"https:\/\/www.manner.fi\/sv\/mizuho-osis-operationsbordslosning-utnyttjar-e-smart-hjul\/","url":"https:\/\/www.manner.fi\/sv\/mizuho-osis-operationsbordslosning-utnyttjar-e-smart-hjul\/","name":"Mizuho OSI utnyttjar Manners e-SMART hjul | Manner","isPartOf":{"@id":"https:\/\/www.manner.fi\/#website"},"primaryImageOfPage":{"@id":"https:\/\/www.manner.fi\/sv\/mizuho-osis-operationsbordslosning-utnyttjar-e-smart-hjul\/#primaryimage"},"image":{"@id":"https:\/\/www.manner.fi\/sv\/mizuho-osis-operationsbordslosning-utnyttjar-e-smart-hjul\/#primaryimage"},"thumbnailUrl":"https:\/\/www.manner.fi\/wp-content\/uploads\/2018\/02\/refe_mizuho.png","datePublished":"2018-02-08T07:55:10+00:00","dateModified":"2018-11-14T08:12:32+00:00","description":"Mizuho OSI planerar utrustning f\u00f6r specialoperationer och s\u00e4rskilda operationsst\u00e4llningar. De litar p\u00e5 och utnyttjar Manners eSMART hjul i sina l\u00f6sningar.","breadcrumb":{"@id":"https:\/\/www.manner.fi\/sv\/mizuho-osis-operationsbordslosning-utnyttjar-e-smart-hjul\/#breadcrumb"},"inLanguage":"sv-SE","potentialAction":[{"@type":"ReadAction","target":["https:\/\/www.manner.fi\/sv\/mizuho-osis-operationsbordslosning-utnyttjar-e-smart-hjul\/"]}]},{"@type":"ImageObject","inLanguage":"sv-SE","@id":"https:\/\/www.manner.fi\/sv\/mizuho-osis-operationsbordslosning-utnyttjar-e-smart-hjul\/#primaryimage","url":"https:\/\/www.manner.fi\/wp-content\/uploads\/2018\/02\/refe_mizuho.png","contentUrl":"https:\/\/www.manner.fi\/wp-content\/uploads\/2018\/02\/refe_mizuho.png","width":1600,"height":578},{"@type":"BreadcrumbList","@id":"https:\/\/www.manner.fi\/sv\/mizuho-osis-operationsbordslosning-utnyttjar-e-smart-hjul\/#breadcrumb","itemListElement":[{"@type":"ListItem","position":1,"name":"Home","item":"https:\/\/www.manner.fi\/sv\/"},{"@type":"ListItem","position":2,"name":"Mizuho OSIs operationsbordsl\u00f6sning utnyttjar e-SMART- hjul"}]},{"@type":"WebSite","@id":"https:\/\/www.manner.fi\/#website","url":"https:\/\/www.manner.fi\/","name":"Manner","description":"Smart Moves on Manner Castors","potentialAction":[{"@type":"SearchAction","target":{"@type":"EntryPoint","urlTemplate":"https:\/\/www.manner.fi\/?s={search_term_string}"},"query-input":{"@type":"PropertyValueSpecification","valueRequired":true,"valueName":"search_term_string"}}],"inLanguage":"sv-SE"}]}},"_links":{"self":[{"href":"https:\/\/www.manner.fi\/sv\/wp-json\/wp\/v2\/pages\/44465","targetHints":{"allow":["GET"]}}],"collection":[{"href":"https:\/\/www.manner.fi\/sv\/wp-json\/wp\/v2\/pages"}],"about":[{"href":"https:\/\/www.manner.fi\/sv\/wp-json\/wp\/v2\/types\/page"}],"author":[{"embeddable":true,"href":"https:\/\/www.manner.fi\/sv\/wp-json\/wp\/v2\/users\/1"}],"replies":[{"embeddable":true,"href":"https:\/\/www.manner.fi\/sv\/wp-json\/wp\/v2\/comments?post=44465"}],"version-history":[{"count":5,"href":"https:\/\/www.manner.fi\/sv\/wp-json\/wp\/v2\/pages\/44465\/revisions"}],"predecessor-version":[{"id":100612,"href":"https:\/\/www.manner.fi\/sv\/wp-json\/wp\/v2\/pages\/44465\/revisions\/100612"}],"wp:featuredmedia":[{"embeddable":true,"href":"https:\/\/www.manner.fi\/sv\/wp-json\/wp\/v2\/media\/2857"}],"wp:attachment":[{"href":"https:\/\/www.manner.fi\/sv\/wp-json\/wp\/v2\/media?parent=44465"}],"curies":[{"name":"wp","href":"https:\/\/api.w.org\/{rel}","templated":true}]}}