{"id":44433,"date":"2018-04-18T15:59:21","date_gmt":"2018-04-18T12:59:21","guid":{"rendered":"https:\/\/www.manner.fi\/?page_id=44433"},"modified":"2018-12-10T16:05:43","modified_gmt":"2018-12-10T14:05:43","slug":"lapastilla","status":"publish","type":"page","link":"https:\/\/www.manner.fi\/sv\/lapastilla\/","title":{"rendered":"LaPastilla"},"content":{"rendered":"<p style=\"text-align: center;\">LaPastilla \u00e4r ett spanskt f\u00f6retag som s\u00e4ljer sjukhus- och medicinvagnar, pillerburkar, m\u00f6bler f\u00f6r kliniker och f\u00f6rvaringsl\u00f6sningar f\u00f6r sjukhus till yrkesfolk och \u00e5terf\u00f6rs\u00e4ljare i mer \u00e4n 15 l\u00e4nder. F\u00f6retagets konkurrensf\u00f6rdelar \u00e4r innovationer, erfarenhet, skr\u00e4ddarsydda l\u00f6sningar, kvalitet och egen tillverkning. LaPastilla s\u00f6kte v\u00e4ldesignade, 125 mm plasthjul och fr\u00e5n slutet av 2017 har de anv\u00e4nt Manner-hjul i all slags sjukhusvagnar och l\u00e4kemedelsvagnar. LaPastilla anv\u00e4nder Manner-hjul av flera orsaker:\u00a0de fungerar perfekt som st\u00f6td\u00e4mpare\/st\u00f6tf\u00e5ngare f\u00f6r att f\u00f6rhindra kollisioner och skydda vagnarnas v\u00e4ggar, de har snygg design, ger utm\u00e4rkt valuta f\u00f6r pengarna och sist men inte minst, de tillverkas i Europa.<\/p>\n","protected":false},"excerpt":{"rendered":"<p>LaPastilla \u00e4r ett spanskt f\u00f6retag som s\u00e4ljer sjukhus- och medicinvagnar, pillerburkar, m\u00f6bler f\u00f6r kliniker och f\u00f6rvaringsl\u00f6sningar f\u00f6r sjukhus till yrkesfolk och \u00e5terf\u00f6rs\u00e4ljare i mer \u00e4n 15 l\u00e4nder. F\u00f6retagets konkurrensf\u00f6rdelar \u00e4r innovationer, erfarenhet, skr\u00e4ddarsydda l\u00f6sningar, kvalitet och egen tillverkning. LaPastilla s\u00f6kte v\u00e4ldesignade, 125 mm plasthjul och fr\u00e5n slutet av 2017 har de anv\u00e4nt Manner-hjul i all [&hellip;]<\/p>\n","protected":false},"author":1,"featured_media":44865,"parent":0,"menu_order":0,"comment_status":"closed","ping_status":"closed","template":"reference.php","meta":{"_acf_changed":false,"footnotes":""},"class_list":["post-44433","page","type-page","status-publish","has-post-thumbnail","hentry"],"acf":[],"yoast_head":"<!-- This site is optimized with the Yoast SEO plugin v25.2 - https:\/\/yoast.com\/wordpress\/plugins\/seo\/ -->\n<title>LaPastilla anv\u00e4nder Manner-hjul av flera orsaker| Manner<\/title>\n<meta name=\"description\" content=\"LaPastilla anv\u00e4nder Manner-hjul i alla slags sjukhusvagnar och l\u00e4kemedelsvagnar som de s\u00e4ljer. De anv\u00e4nder Manner-hjul av flera orsaker. L\u00e4s mer om orsakerna.\" \/>\n<meta name=\"robots\" content=\"index, follow, max-snippet:-1, max-image-preview:large, max-video-preview:-1\" \/>\n<meta property=\"og:locale\" content=\"sv_SE\" \/>\n<meta property=\"og:type\" content=\"article\" \/>\n<meta property=\"og:title\" content=\"LaPastilla anv\u00e4nder Manner-hjul av flera orsaker| Manner\" \/>\n<meta property=\"og:description\" content=\"LaPastilla anv\u00e4nder Manner-hjul i alla slags sjukhusvagnar och l\u00e4kemedelsvagnar som de s\u00e4ljer. De anv\u00e4nder Manner-hjul av flera orsaker. L\u00e4s mer om orsakerna.\" \/>\n<meta property=\"og:url\" content=\"https:\/\/www.manner.fi\/sv\/lapastilla\/\" \/>\n<meta property=\"og:site_name\" content=\"Manner\" \/>\n<meta property=\"article:modified_time\" content=\"2018-12-10T14:05:43+00:00\" \/>\n<meta property=\"og:image\" content=\"https:\/\/www.manner.fi\/wp-content\/uploads\/2018\/06\/lapastilla-hero.jpg\" \/>\n\t<meta property=\"og:image:width\" content=\"1600\" \/>\n\t<meta property=\"og:image:height\" content=\"612\" \/>\n\t<meta property=\"og:image:type\" content=\"image\/jpeg\" \/>\n<meta name=\"twitter:card\" content=\"summary_large_image\" \/>\n<meta name=\"twitter:label1\" content=\"Ber\u00e4knad l\u00e4stid\" \/>\n\t<meta name=\"twitter:data1\" content=\"1 minut\" \/>\n<script type=\"application\/ld+json\" class=\"yoast-schema-graph\">{\"@context\":\"https:\/\/schema.org\",\"@graph\":[{\"@type\":\"WebPage\",\"@id\":\"https:\/\/www.manner.fi\/sv\/lapastilla\/\",\"url\":\"https:\/\/www.manner.fi\/sv\/lapastilla\/\",\"name\":\"LaPastilla anv\u00e4nder Manner-hjul av flera orsaker| Manner\",\"isPartOf\":{\"@id\":\"https:\/\/www.manner.fi\/#website\"},\"primaryImageOfPage\":{\"@id\":\"https:\/\/www.manner.fi\/sv\/lapastilla\/#primaryimage\"},\"image\":{\"@id\":\"https:\/\/www.manner.fi\/sv\/lapastilla\/#primaryimage\"},\"thumbnailUrl\":\"https:\/\/www.manner.fi\/wp-content\/uploads\/2018\/06\/lapastilla-hero.jpg\",\"datePublished\":\"2018-04-18T12:59:21+00:00\",\"dateModified\":\"2018-12-10T14:05:43+00:00\",\"description\":\"LaPastilla anv\u00e4nder Manner-hjul i alla slags sjukhusvagnar och l\u00e4kemedelsvagnar som de s\u00e4ljer. De anv\u00e4nder Manner-hjul av flera orsaker. L\u00e4s mer om orsakerna.\",\"breadcrumb\":{\"@id\":\"https:\/\/www.manner.fi\/sv\/lapastilla\/#breadcrumb\"},\"inLanguage\":\"sv-SE\",\"potentialAction\":[{\"@type\":\"ReadAction\",\"target\":[\"https:\/\/www.manner.fi\/sv\/lapastilla\/\"]}]},{\"@type\":\"ImageObject\",\"inLanguage\":\"sv-SE\",\"@id\":\"https:\/\/www.manner.fi\/sv\/lapastilla\/#primaryimage\",\"url\":\"https:\/\/www.manner.fi\/wp-content\/uploads\/2018\/06\/lapastilla-hero.jpg\",\"contentUrl\":\"https:\/\/www.manner.fi\/wp-content\/uploads\/2018\/06\/lapastilla-hero.jpg\",\"width\":1600,\"height\":612},{\"@type\":\"BreadcrumbList\",\"@id\":\"https:\/\/www.manner.fi\/sv\/lapastilla\/#breadcrumb\",\"itemListElement\":[{\"@type\":\"ListItem\",\"position\":1,\"name\":\"Home\",\"item\":\"https:\/\/www.manner.fi\/sv\/\"},{\"@type\":\"ListItem\",\"position\":2,\"name\":\"LaPastilla\"}]},{\"@type\":\"WebSite\",\"@id\":\"https:\/\/www.manner.fi\/#website\",\"url\":\"https:\/\/www.manner.fi\/\",\"name\":\"Manner\",\"description\":\"Smart Moves on Manner Castors\",\"potentialAction\":[{\"@type\":\"SearchAction\",\"target\":{\"@type\":\"EntryPoint\",\"urlTemplate\":\"https:\/\/www.manner.fi\/?s={search_term_string}\"},\"query-input\":{\"@type\":\"PropertyValueSpecification\",\"valueRequired\":true,\"valueName\":\"search_term_string\"}}],\"inLanguage\":\"sv-SE\"}]}<\/script>\n<!-- \/ Yoast SEO plugin. -->","yoast_head_json":{"title":"LaPastilla anv\u00e4nder Manner-hjul av flera orsaker| Manner","description":"LaPastilla anv\u00e4nder Manner-hjul i alla slags sjukhusvagnar och l\u00e4kemedelsvagnar som de s\u00e4ljer. De anv\u00e4nder Manner-hjul av flera orsaker. L\u00e4s mer om orsakerna.","robots":{"index":"index","follow":"follow","max-snippet":"max-snippet:-1","max-image-preview":"max-image-preview:large","max-video-preview":"max-video-preview:-1"},"og_locale":"sv_SE","og_type":"article","og_title":"LaPastilla anv\u00e4nder Manner-hjul av flera orsaker| Manner","og_description":"LaPastilla anv\u00e4nder Manner-hjul i alla slags sjukhusvagnar och l\u00e4kemedelsvagnar som de s\u00e4ljer. De anv\u00e4nder Manner-hjul av flera orsaker. L\u00e4s mer om orsakerna.","og_url":"https:\/\/www.manner.fi\/sv\/lapastilla\/","og_site_name":"Manner","article_modified_time":"2018-12-10T14:05:43+00:00","og_image":[{"width":1600,"height":612,"url":"https:\/\/www.manner.fi\/wp-content\/uploads\/2018\/06\/lapastilla-hero.jpg","type":"image\/jpeg"}],"twitter_card":"summary_large_image","twitter_misc":{"Ber\u00e4knad l\u00e4stid":"1 minut"},"schema":{"@context":"https:\/\/schema.org","@graph":[{"@type":"WebPage","@id":"https:\/\/www.manner.fi\/sv\/lapastilla\/","url":"https:\/\/www.manner.fi\/sv\/lapastilla\/","name":"LaPastilla anv\u00e4nder Manner-hjul av flera orsaker| Manner","isPartOf":{"@id":"https:\/\/www.manner.fi\/#website"},"primaryImageOfPage":{"@id":"https:\/\/www.manner.fi\/sv\/lapastilla\/#primaryimage"},"image":{"@id":"https:\/\/www.manner.fi\/sv\/lapastilla\/#primaryimage"},"thumbnailUrl":"https:\/\/www.manner.fi\/wp-content\/uploads\/2018\/06\/lapastilla-hero.jpg","datePublished":"2018-04-18T12:59:21+00:00","dateModified":"2018-12-10T14:05:43+00:00","description":"LaPastilla anv\u00e4nder Manner-hjul i alla slags sjukhusvagnar och l\u00e4kemedelsvagnar som de s\u00e4ljer. De anv\u00e4nder Manner-hjul av flera orsaker. L\u00e4s mer om orsakerna.","breadcrumb":{"@id":"https:\/\/www.manner.fi\/sv\/lapastilla\/#breadcrumb"},"inLanguage":"sv-SE","potentialAction":[{"@type":"ReadAction","target":["https:\/\/www.manner.fi\/sv\/lapastilla\/"]}]},{"@type":"ImageObject","inLanguage":"sv-SE","@id":"https:\/\/www.manner.fi\/sv\/lapastilla\/#primaryimage","url":"https:\/\/www.manner.fi\/wp-content\/uploads\/2018\/06\/lapastilla-hero.jpg","contentUrl":"https:\/\/www.manner.fi\/wp-content\/uploads\/2018\/06\/lapastilla-hero.jpg","width":1600,"height":612},{"@type":"BreadcrumbList","@id":"https:\/\/www.manner.fi\/sv\/lapastilla\/#breadcrumb","itemListElement":[{"@type":"ListItem","position":1,"name":"Home","item":"https:\/\/www.manner.fi\/sv\/"},{"@type":"ListItem","position":2,"name":"LaPastilla"}]},{"@type":"WebSite","@id":"https:\/\/www.manner.fi\/#website","url":"https:\/\/www.manner.fi\/","name":"Manner","description":"Smart Moves on Manner Castors","potentialAction":[{"@type":"SearchAction","target":{"@type":"EntryPoint","urlTemplate":"https:\/\/www.manner.fi\/?s={search_term_string}"},"query-input":{"@type":"PropertyValueSpecification","valueRequired":true,"valueName":"search_term_string"}}],"inLanguage":"sv-SE"}]}},"_links":{"self":[{"href":"https:\/\/www.manner.fi\/sv\/wp-json\/wp\/v2\/pages\/44433","targetHints":{"allow":["GET"]}}],"collection":[{"href":"https:\/\/www.manner.fi\/sv\/wp-json\/wp\/v2\/pages"}],"about":[{"href":"https:\/\/www.manner.fi\/sv\/wp-json\/wp\/v2\/types\/page"}],"author":[{"embeddable":true,"href":"https:\/\/www.manner.fi\/sv\/wp-json\/wp\/v2\/users\/1"}],"replies":[{"embeddable":true,"href":"https:\/\/www.manner.fi\/sv\/wp-json\/wp\/v2\/comments?post=44433"}],"version-history":[{"count":5,"href":"https:\/\/www.manner.fi\/sv\/wp-json\/wp\/v2\/pages\/44433\/revisions"}],"predecessor-version":[{"id":132629,"href":"https:\/\/www.manner.fi\/sv\/wp-json\/wp\/v2\/pages\/44433\/revisions\/132629"}],"wp:featuredmedia":[{"embeddable":true,"href":"https:\/\/www.manner.fi\/sv\/wp-json\/wp\/v2\/media\/44865"}],"wp:attachment":[{"href":"https:\/\/www.manner.fi\/sv\/wp-json\/wp\/v2\/media?parent=44433"}],"curies":[{"name":"wp","href":"https:\/\/api.w.org\/{rel}","templated":true}]}}