{"id":44307,"date":"2018-04-05T16:36:47","date_gmt":"2018-04-05T13:36:47","guid":{"rendered":"https:\/\/www.manner.fi\/eco-systems\/"},"modified":"2018-12-10T14:42:52","modified_gmt":"2018-12-10T12:42:52","slug":"eco-systems","status":"publish","type":"page","link":"https:\/\/www.manner.fi\/sv\/eco-systems\/","title":{"rendered":"Eco Systems"},"content":{"rendered":"<h2 style=\"text-align: center;\">Designen g\u00f6r att Manner eSMART skiljer sig fr\u00e5n andra hjul.<\/h2>\n<p style=\"text-align: center;\">Eco Systems \u00e4r ett holl\u00e4ndskt bolag som grundats 1993 och som inledde verksamheten som ett litet en mans f\u00f6retag. Till en b\u00f6rjan utvecklade och tillverkade bolaget luft- och vattenfilter men fokuserar nu fr\u00e4mst p\u00e5 tillverkning av medicinsk utrustning och LED-belysning. V\u00e5r filosofi \u00e4r tillverka produkter som hj\u00e4lper m\u00e4nniskor och milj\u00f6n.<\/p>\n<p style=\"text-align: center;\">Manner eSMART-hjulet anv\u00e4nds i tv\u00e5 av v\u00e5ra innovativa produkter: arbetsstolen MG6 och kirurgiska operationsstolen OPR5.<\/p>\n<p style=\"text-align: center;\">F\u00f6r oss \u00e4r den viktigaste egenskapen tillf\u00f6rlitlighet, l\u00e5gt rullmotst\u00e5nd och enkel montering. Manner-hjulen fyller alla dessa krav. Kvaliteten \u00e4r enast\u00e5ende och designen g\u00f6r att Manner eSMART skiljer sig fr\u00e5n andra hjul.<\/p>\n","protected":false},"excerpt":{"rendered":"<p>Designen g\u00f6r att Manner eSMART skiljer sig fr\u00e5n andra hjul. Eco Systems \u00e4r ett holl\u00e4ndskt bolag som grundats 1993 och som inledde verksamheten som ett litet en mans f\u00f6retag. Till en b\u00f6rjan utvecklade och tillverkade bolaget luft- och vattenfilter men fokuserar nu fr\u00e4mst p\u00e5 tillverkning av medicinsk utrustning och LED-belysning. V\u00e5r filosofi \u00e4r tillverka produkter [&hellip;]<\/p>\n","protected":false},"author":1,"featured_media":44247,"parent":0,"menu_order":0,"comment_status":"closed","ping_status":"closed","template":"reference.php","meta":{"_acf_changed":false,"footnotes":""},"class_list":["post-44307","page","type-page","status-publish","has-post-thumbnail","hentry"],"acf":[],"yoast_head":"<!-- This site is optimized with the Yoast SEO plugin v25.2 - https:\/\/yoast.com\/wordpress\/plugins\/seo\/ -->\n<title>Eco Systems anv\u00e4nder Manner eSMART hjul | Manner<\/title>\n<meta name=\"description\" content=\"Eco Systems tillverkar medicinsk utrustning och LED-belysning. De anv\u00e4nder Manner eSMART-hjulet i tv\u00e5 av deras produkter: arbetsstolen MG6 och operationsstolen OPR5.\" \/>\n<meta name=\"robots\" content=\"index, follow, max-snippet:-1, max-image-preview:large, max-video-preview:-1\" \/>\n<meta property=\"og:locale\" content=\"sv_SE\" \/>\n<meta property=\"og:type\" content=\"article\" \/>\n<meta property=\"og:title\" content=\"Eco Systems anv\u00e4nder Manner eSMART hjul | Manner\" \/>\n<meta property=\"og:description\" content=\"Eco Systems tillverkar medicinsk utrustning och LED-belysning. De anv\u00e4nder Manner eSMART-hjulet i tv\u00e5 av deras produkter: arbetsstolen MG6 och operationsstolen OPR5.\" \/>\n<meta property=\"og:url\" content=\"https:\/\/www.manner.fi\/sv\/eco-systems\/\" \/>\n<meta property=\"og:site_name\" content=\"Manner\" \/>\n<meta property=\"article:modified_time\" content=\"2018-12-10T12:42:52+00:00\" \/>\n<meta property=\"og:image\" content=\"https:\/\/www.manner.fi\/wp-content\/uploads\/2018\/04\/tuotteet-kalustep-esmart.jpg\" \/>\n\t<meta property=\"og:image:width\" content=\"1600\" \/>\n\t<meta property=\"og:image:height\" content=\"612\" \/>\n\t<meta property=\"og:image:type\" content=\"image\/jpeg\" \/>\n<meta name=\"twitter:card\" content=\"summary_large_image\" \/>\n<meta name=\"twitter:label1\" content=\"Ber\u00e4knad l\u00e4stid\" \/>\n\t<meta name=\"twitter:data1\" content=\"1 minut\" \/>\n<script type=\"application\/ld+json\" class=\"yoast-schema-graph\">{\"@context\":\"https:\/\/schema.org\",\"@graph\":[{\"@type\":\"WebPage\",\"@id\":\"https:\/\/www.manner.fi\/sv\/eco-systems\/\",\"url\":\"https:\/\/www.manner.fi\/sv\/eco-systems\/\",\"name\":\"Eco Systems anv\u00e4nder Manner eSMART hjul | Manner\",\"isPartOf\":{\"@id\":\"https:\/\/www.manner.fi\/#website\"},\"primaryImageOfPage\":{\"@id\":\"https:\/\/www.manner.fi\/sv\/eco-systems\/#primaryimage\"},\"image\":{\"@id\":\"https:\/\/www.manner.fi\/sv\/eco-systems\/#primaryimage\"},\"thumbnailUrl\":\"https:\/\/www.manner.fi\/wp-content\/uploads\/2018\/04\/tuotteet-kalustep-esmart.jpg\",\"datePublished\":\"2018-04-05T13:36:47+00:00\",\"dateModified\":\"2018-12-10T12:42:52+00:00\",\"description\":\"Eco Systems tillverkar medicinsk utrustning och LED-belysning. De anv\u00e4nder Manner eSMART-hjulet i tv\u00e5 av deras produkter: arbetsstolen MG6 och operationsstolen OPR5.\",\"breadcrumb\":{\"@id\":\"https:\/\/www.manner.fi\/sv\/eco-systems\/#breadcrumb\"},\"inLanguage\":\"sv-SE\",\"potentialAction\":[{\"@type\":\"ReadAction\",\"target\":[\"https:\/\/www.manner.fi\/sv\/eco-systems\/\"]}]},{\"@type\":\"ImageObject\",\"inLanguage\":\"sv-SE\",\"@id\":\"https:\/\/www.manner.fi\/sv\/eco-systems\/#primaryimage\",\"url\":\"https:\/\/www.manner.fi\/wp-content\/uploads\/2018\/04\/tuotteet-kalustep-esmart.jpg\",\"contentUrl\":\"https:\/\/www.manner.fi\/wp-content\/uploads\/2018\/04\/tuotteet-kalustep-esmart.jpg\",\"width\":1600,\"height\":612},{\"@type\":\"BreadcrumbList\",\"@id\":\"https:\/\/www.manner.fi\/sv\/eco-systems\/#breadcrumb\",\"itemListElement\":[{\"@type\":\"ListItem\",\"position\":1,\"name\":\"Home\",\"item\":\"https:\/\/www.manner.fi\/sv\/\"},{\"@type\":\"ListItem\",\"position\":2,\"name\":\"Eco Systems\"}]},{\"@type\":\"WebSite\",\"@id\":\"https:\/\/www.manner.fi\/#website\",\"url\":\"https:\/\/www.manner.fi\/\",\"name\":\"Manner\",\"description\":\"Smart Moves on Manner Castors\",\"potentialAction\":[{\"@type\":\"SearchAction\",\"target\":{\"@type\":\"EntryPoint\",\"urlTemplate\":\"https:\/\/www.manner.fi\/?s={search_term_string}\"},\"query-input\":{\"@type\":\"PropertyValueSpecification\",\"valueRequired\":true,\"valueName\":\"search_term_string\"}}],\"inLanguage\":\"sv-SE\"}]}<\/script>\n<!-- \/ Yoast SEO plugin. -->","yoast_head_json":{"title":"Eco Systems anv\u00e4nder Manner eSMART hjul | Manner","description":"Eco Systems tillverkar medicinsk utrustning och LED-belysning. De anv\u00e4nder Manner eSMART-hjulet i tv\u00e5 av deras produkter: arbetsstolen MG6 och operationsstolen OPR5.","robots":{"index":"index","follow":"follow","max-snippet":"max-snippet:-1","max-image-preview":"max-image-preview:large","max-video-preview":"max-video-preview:-1"},"og_locale":"sv_SE","og_type":"article","og_title":"Eco Systems anv\u00e4nder Manner eSMART hjul | Manner","og_description":"Eco Systems tillverkar medicinsk utrustning och LED-belysning. De anv\u00e4nder Manner eSMART-hjulet i tv\u00e5 av deras produkter: arbetsstolen MG6 och operationsstolen OPR5.","og_url":"https:\/\/www.manner.fi\/sv\/eco-systems\/","og_site_name":"Manner","article_modified_time":"2018-12-10T12:42:52+00:00","og_image":[{"width":1600,"height":612,"url":"https:\/\/www.manner.fi\/wp-content\/uploads\/2018\/04\/tuotteet-kalustep-esmart.jpg","type":"image\/jpeg"}],"twitter_card":"summary_large_image","twitter_misc":{"Ber\u00e4knad l\u00e4stid":"1 minut"},"schema":{"@context":"https:\/\/schema.org","@graph":[{"@type":"WebPage","@id":"https:\/\/www.manner.fi\/sv\/eco-systems\/","url":"https:\/\/www.manner.fi\/sv\/eco-systems\/","name":"Eco Systems anv\u00e4nder Manner eSMART hjul | Manner","isPartOf":{"@id":"https:\/\/www.manner.fi\/#website"},"primaryImageOfPage":{"@id":"https:\/\/www.manner.fi\/sv\/eco-systems\/#primaryimage"},"image":{"@id":"https:\/\/www.manner.fi\/sv\/eco-systems\/#primaryimage"},"thumbnailUrl":"https:\/\/www.manner.fi\/wp-content\/uploads\/2018\/04\/tuotteet-kalustep-esmart.jpg","datePublished":"2018-04-05T13:36:47+00:00","dateModified":"2018-12-10T12:42:52+00:00","description":"Eco Systems tillverkar medicinsk utrustning och LED-belysning. De anv\u00e4nder Manner eSMART-hjulet i tv\u00e5 av deras produkter: arbetsstolen MG6 och operationsstolen OPR5.","breadcrumb":{"@id":"https:\/\/www.manner.fi\/sv\/eco-systems\/#breadcrumb"},"inLanguage":"sv-SE","potentialAction":[{"@type":"ReadAction","target":["https:\/\/www.manner.fi\/sv\/eco-systems\/"]}]},{"@type":"ImageObject","inLanguage":"sv-SE","@id":"https:\/\/www.manner.fi\/sv\/eco-systems\/#primaryimage","url":"https:\/\/www.manner.fi\/wp-content\/uploads\/2018\/04\/tuotteet-kalustep-esmart.jpg","contentUrl":"https:\/\/www.manner.fi\/wp-content\/uploads\/2018\/04\/tuotteet-kalustep-esmart.jpg","width":1600,"height":612},{"@type":"BreadcrumbList","@id":"https:\/\/www.manner.fi\/sv\/eco-systems\/#breadcrumb","itemListElement":[{"@type":"ListItem","position":1,"name":"Home","item":"https:\/\/www.manner.fi\/sv\/"},{"@type":"ListItem","position":2,"name":"Eco Systems"}]},{"@type":"WebSite","@id":"https:\/\/www.manner.fi\/#website","url":"https:\/\/www.manner.fi\/","name":"Manner","description":"Smart Moves on Manner Castors","potentialAction":[{"@type":"SearchAction","target":{"@type":"EntryPoint","urlTemplate":"https:\/\/www.manner.fi\/?s={search_term_string}"},"query-input":{"@type":"PropertyValueSpecification","valueRequired":true,"valueName":"search_term_string"}}],"inLanguage":"sv-SE"}]}},"_links":{"self":[{"href":"https:\/\/www.manner.fi\/sv\/wp-json\/wp\/v2\/pages\/44307","targetHints":{"allow":["GET"]}}],"collection":[{"href":"https:\/\/www.manner.fi\/sv\/wp-json\/wp\/v2\/pages"}],"about":[{"href":"https:\/\/www.manner.fi\/sv\/wp-json\/wp\/v2\/types\/page"}],"author":[{"embeddable":true,"href":"https:\/\/www.manner.fi\/sv\/wp-json\/wp\/v2\/users\/1"}],"replies":[{"embeddable":true,"href":"https:\/\/www.manner.fi\/sv\/wp-json\/wp\/v2\/comments?post=44307"}],"version-history":[{"count":4,"href":"https:\/\/www.manner.fi\/sv\/wp-json\/wp\/v2\/pages\/44307\/revisions"}],"predecessor-version":[{"id":132626,"href":"https:\/\/www.manner.fi\/sv\/wp-json\/wp\/v2\/pages\/44307\/revisions\/132626"}],"wp:featuredmedia":[{"embeddable":true,"href":"https:\/\/www.manner.fi\/sv\/wp-json\/wp\/v2\/media\/44247"}],"wp:attachment":[{"href":"https:\/\/www.manner.fi\/sv\/wp-json\/wp\/v2\/media?parent=44307"}],"curies":[{"name":"wp","href":"https:\/\/api.w.org\/{rel}","templated":true}]}}