{"id":44106,"date":"2018-04-03T11:47:06","date_gmt":"2018-04-03T08:47:06","guid":{"rendered":"https:\/\/www.manner.fi\/?page_id=44106"},"modified":"2022-01-10T12:54:23","modified_gmt":"2022-01-10T10:54:23","slug":"e-smart","status":"publish","type":"page","link":"https:\/\/www.manner.fi\/sv\/produkter\/e-smart\/","title":{"rendered":"e-SMART"},"content":{"rendered":"<div style=\"width: 1920px;\" class=\"wp-video\"><video class=\"wp-video-shortcode\" id=\"video-44106-1\" width=\"1920\" height=\"1080\" preload=\"metadata\" controls=\"controls\"><source type=\"video\/mp4\" src=\"https:\/\/www.manner.fi\/wp-content\/uploads\/2021\/12\/Manner_eSMART_Tuotevideo_ENG_12-2021.mp4?_=1\" \/><a href=\"https:\/\/www.manner.fi\/wp-content\/uploads\/2021\/12\/Manner_eSMART_Tuotevideo_ENG_12-2021.mp4\">https:\/\/www.manner.fi\/wp-content\/uploads\/2021\/12\/Manner_eSMART_Tuotevideo_ENG_12-2021.mp4<\/a><\/video><\/div>\n<p>&nbsp;<\/p>\n<p>L\u00e4mpliga anv\u00e4ndningsmilj\u00f6er \u00e4r sjukhus och v\u00e5rdinr\u00e4ttningar, men \u00e4ven andra st\u00e4llen d\u00e4r man beh\u00f6ver hjul med enkel, s\u00e4ker och fj\u00e4rrstyrd centrall\u00e5sning. Anv\u00e4ndaren l\u00e5ser och frig\u00f6r hjulet enkelt och ergonomiskt genom en l\u00e4tt knapptryckning. Hjulet \u00e4r f\u00f6rsett med ett st\u00e4lldon som kopplas till det system som styr l\u00e5sningen och frig\u00f6ringen av hjulet. Hjulet kan monteras snabbt och enkelt direkt i ett runt eller fyrkantigt r\u00f6r som \u00e4r i v\u00e5gr\u00e4tt l\u00e4ge. Automatisk l\u00e5sning m\u00f6jligg\u00f6rs av en r\u00f6relsedetektor.<\/p>\n<p>e-SMART-hjulet har tillverkats av h\u00e5llbar, glasfiberst\u00e4rkt polyamid. Vi levererar ocks\u00e5 e-SMART-hjul som \u00e4r elledande och som tillverkas enligt kundens f\u00e4rg\u00f6nskem\u00e5l om best\u00e4llningen uppfyller en viss minimim\u00e4ngd.\u2028\u2028Sjukhuss\u00e4ngar, v\u00e5rds\u00e4ngar, duschstolar, v\u00e5rdstolar, \u00f6vrig sjukhus- och rehabiliteringsutrustning, andra apparater som kr\u00e4ver hjul med fj\u00e4rrstyrd l\u00e5sningsmekanism<\/p>\n<p>L\u00e4s \u00e4ven mer om Manners andra apparat, s\u00e5som <a href=\"https:\/\/www.manner.fi\/sv\/produkter\/tango\/\">Tango<\/a> och <a href=\"https:\/\/www.manner.fi\/sv\/produkter\/twist\/\">Twist<\/a>.<\/p>\n","protected":false},"excerpt":{"rendered":"<p>&nbsp; L\u00e4mpliga anv\u00e4ndningsmilj\u00f6er \u00e4r sjukhus och v\u00e5rdinr\u00e4ttningar, men \u00e4ven andra st\u00e4llen d\u00e4r man beh\u00f6ver hjul med enkel, s\u00e4ker och fj\u00e4rrstyrd centrall\u00e5sning. Anv\u00e4ndaren l\u00e5ser och frig\u00f6r hjulet enkelt och ergonomiskt genom en l\u00e4tt knapptryckning. Hjulet \u00e4r f\u00f6rsett med ett st\u00e4lldon som kopplas till det system som styr l\u00e5sningen och frig\u00f6ringen av hjulet. Hjulet kan monteras snabbt [&hellip;]<\/p>\n","protected":false},"author":1,"featured_media":1737,"parent":7581,"menu_order":0,"comment_status":"closed","ping_status":"closed","template":"","meta":{"_acf_changed":false,"footnotes":""},"class_list":["post-44106","page","type-page","status-publish","has-post-thumbnail","hentry"],"acf":[],"yoast_head":"<!-- This site is optimized with the Yoast SEO plugin v25.2 - https:\/\/yoast.com\/wordpress\/plugins\/seo\/ -->\n<title>Apparathjul - e-SMART | Manner<\/title>\n<meta name=\"description\" content=\"Manner e-SMART-hjulet \u00e4r f\u00f6rsett med elektrisk centrall\u00e5sning. Hjulets ergonomi och s\u00e4kerheten hos det patenterade l\u00e5ssystemet underl\u00e4ttar och effektiviserar arbetet.\" \/>\n<meta name=\"robots\" content=\"index, follow, max-snippet:-1, max-image-preview:large, max-video-preview:-1\" \/>\n<meta property=\"og:locale\" content=\"sv_SE\" \/>\n<meta property=\"og:type\" content=\"article\" \/>\n<meta property=\"og:title\" content=\"Apparathjul - e-SMART | Manner\" \/>\n<meta property=\"og:description\" content=\"Manner e-SMART-hjulet \u00e4r f\u00f6rsett med elektrisk centrall\u00e5sning. Hjulets ergonomi och s\u00e4kerheten hos det patenterade l\u00e5ssystemet underl\u00e4ttar och effektiviserar arbetet.\" \/>\n<meta property=\"og:url\" content=\"https:\/\/www.manner.fi\/sv\/produkter\/e-smart\/\" \/>\n<meta property=\"og:site_name\" content=\"Manner\" \/>\n<meta property=\"article:modified_time\" content=\"2022-01-10T10:54:23+00:00\" \/>\n<meta property=\"og:image\" content=\"https:\/\/www.manner.fi\/wp-content\/uploads\/2018\/01\/tuotteet-kalustep-esmart-1.jpg\" \/>\n\t<meta property=\"og:image:width\" content=\"1600\" \/>\n\t<meta property=\"og:image:height\" content=\"612\" \/>\n\t<meta property=\"og:image:type\" content=\"image\/jpeg\" \/>\n<meta name=\"twitter:card\" content=\"summary_large_image\" \/>\n<meta name=\"twitter:label1\" content=\"Ber\u00e4knad l\u00e4stid\" \/>\n\t<meta name=\"twitter:data1\" content=\"1 minut\" \/>\n<script type=\"application\/ld+json\" class=\"yoast-schema-graph\">{\"@context\":\"https:\/\/schema.org\",\"@graph\":[{\"@type\":\"WebPage\",\"@id\":\"https:\/\/www.manner.fi\/sv\/produkter\/e-smart\/\",\"url\":\"https:\/\/www.manner.fi\/sv\/produkter\/e-smart\/\",\"name\":\"Apparathjul - e-SMART | Manner\",\"isPartOf\":{\"@id\":\"https:\/\/www.manner.fi\/#website\"},\"primaryImageOfPage\":{\"@id\":\"https:\/\/www.manner.fi\/sv\/produkter\/e-smart\/#primaryimage\"},\"image\":{\"@id\":\"https:\/\/www.manner.fi\/sv\/produkter\/e-smart\/#primaryimage\"},\"thumbnailUrl\":\"https:\/\/www.manner.fi\/wp-content\/uploads\/2018\/01\/tuotteet-kalustep-esmart-1.jpg\",\"datePublished\":\"2018-04-03T08:47:06+00:00\",\"dateModified\":\"2022-01-10T10:54:23+00:00\",\"description\":\"Manner e-SMART-hjulet \u00e4r f\u00f6rsett med elektrisk centrall\u00e5sning. Hjulets ergonomi och s\u00e4kerheten hos det patenterade l\u00e5ssystemet underl\u00e4ttar och effektiviserar arbetet.\",\"breadcrumb\":{\"@id\":\"https:\/\/www.manner.fi\/sv\/produkter\/e-smart\/#breadcrumb\"},\"inLanguage\":\"sv-SE\",\"potentialAction\":[{\"@type\":\"ReadAction\",\"target\":[\"https:\/\/www.manner.fi\/sv\/produkter\/e-smart\/\"]}]},{\"@type\":\"ImageObject\",\"inLanguage\":\"sv-SE\",\"@id\":\"https:\/\/www.manner.fi\/sv\/produkter\/e-smart\/#primaryimage\",\"url\":\"https:\/\/www.manner.fi\/wp-content\/uploads\/2018\/01\/tuotteet-kalustep-esmart-1.jpg\",\"contentUrl\":\"https:\/\/www.manner.fi\/wp-content\/uploads\/2018\/01\/tuotteet-kalustep-esmart-1.jpg\",\"width\":1600,\"height\":612},{\"@type\":\"BreadcrumbList\",\"@id\":\"https:\/\/www.manner.fi\/sv\/produkter\/e-smart\/#breadcrumb\",\"itemListElement\":[{\"@type\":\"ListItem\",\"position\":1,\"name\":\"Home\",\"item\":\"https:\/\/www.manner.fi\/sv\/\"},{\"@type\":\"ListItem\",\"position\":2,\"name\":\"Produkter\",\"item\":\"https:\/\/www.manner.fi\/sv\/produkter\/\"},{\"@type\":\"ListItem\",\"position\":3,\"name\":\"e-SMART\"}]},{\"@type\":\"WebSite\",\"@id\":\"https:\/\/www.manner.fi\/#website\",\"url\":\"https:\/\/www.manner.fi\/\",\"name\":\"Manner\",\"description\":\"Smart Moves on Manner Castors\",\"potentialAction\":[{\"@type\":\"SearchAction\",\"target\":{\"@type\":\"EntryPoint\",\"urlTemplate\":\"https:\/\/www.manner.fi\/?s={search_term_string}\"},\"query-input\":{\"@type\":\"PropertyValueSpecification\",\"valueRequired\":true,\"valueName\":\"search_term_string\"}}],\"inLanguage\":\"sv-SE\"}]}<\/script>\n<!-- \/ Yoast SEO plugin. -->","yoast_head_json":{"title":"Apparathjul - e-SMART | Manner","description":"Manner e-SMART-hjulet \u00e4r f\u00f6rsett med elektrisk centrall\u00e5sning. Hjulets ergonomi och s\u00e4kerheten hos det patenterade l\u00e5ssystemet underl\u00e4ttar och effektiviserar arbetet.","robots":{"index":"index","follow":"follow","max-snippet":"max-snippet:-1","max-image-preview":"max-image-preview:large","max-video-preview":"max-video-preview:-1"},"og_locale":"sv_SE","og_type":"article","og_title":"Apparathjul - e-SMART | Manner","og_description":"Manner e-SMART-hjulet \u00e4r f\u00f6rsett med elektrisk centrall\u00e5sning. Hjulets ergonomi och s\u00e4kerheten hos det patenterade l\u00e5ssystemet underl\u00e4ttar och effektiviserar arbetet.","og_url":"https:\/\/www.manner.fi\/sv\/produkter\/e-smart\/","og_site_name":"Manner","article_modified_time":"2022-01-10T10:54:23+00:00","og_image":[{"width":1600,"height":612,"url":"https:\/\/www.manner.fi\/wp-content\/uploads\/2018\/01\/tuotteet-kalustep-esmart-1.jpg","type":"image\/jpeg"}],"twitter_card":"summary_large_image","twitter_misc":{"Ber\u00e4knad l\u00e4stid":"1 minut"},"schema":{"@context":"https:\/\/schema.org","@graph":[{"@type":"WebPage","@id":"https:\/\/www.manner.fi\/sv\/produkter\/e-smart\/","url":"https:\/\/www.manner.fi\/sv\/produkter\/e-smart\/","name":"Apparathjul - e-SMART | Manner","isPartOf":{"@id":"https:\/\/www.manner.fi\/#website"},"primaryImageOfPage":{"@id":"https:\/\/www.manner.fi\/sv\/produkter\/e-smart\/#primaryimage"},"image":{"@id":"https:\/\/www.manner.fi\/sv\/produkter\/e-smart\/#primaryimage"},"thumbnailUrl":"https:\/\/www.manner.fi\/wp-content\/uploads\/2018\/01\/tuotteet-kalustep-esmart-1.jpg","datePublished":"2018-04-03T08:47:06+00:00","dateModified":"2022-01-10T10:54:23+00:00","description":"Manner e-SMART-hjulet \u00e4r f\u00f6rsett med elektrisk centrall\u00e5sning. Hjulets ergonomi och s\u00e4kerheten hos det patenterade l\u00e5ssystemet underl\u00e4ttar och effektiviserar arbetet.","breadcrumb":{"@id":"https:\/\/www.manner.fi\/sv\/produkter\/e-smart\/#breadcrumb"},"inLanguage":"sv-SE","potentialAction":[{"@type":"ReadAction","target":["https:\/\/www.manner.fi\/sv\/produkter\/e-smart\/"]}]},{"@type":"ImageObject","inLanguage":"sv-SE","@id":"https:\/\/www.manner.fi\/sv\/produkter\/e-smart\/#primaryimage","url":"https:\/\/www.manner.fi\/wp-content\/uploads\/2018\/01\/tuotteet-kalustep-esmart-1.jpg","contentUrl":"https:\/\/www.manner.fi\/wp-content\/uploads\/2018\/01\/tuotteet-kalustep-esmart-1.jpg","width":1600,"height":612},{"@type":"BreadcrumbList","@id":"https:\/\/www.manner.fi\/sv\/produkter\/e-smart\/#breadcrumb","itemListElement":[{"@type":"ListItem","position":1,"name":"Home","item":"https:\/\/www.manner.fi\/sv\/"},{"@type":"ListItem","position":2,"name":"Produkter","item":"https:\/\/www.manner.fi\/sv\/produkter\/"},{"@type":"ListItem","position":3,"name":"e-SMART"}]},{"@type":"WebSite","@id":"https:\/\/www.manner.fi\/#website","url":"https:\/\/www.manner.fi\/","name":"Manner","description":"Smart Moves on Manner Castors","potentialAction":[{"@type":"SearchAction","target":{"@type":"EntryPoint","urlTemplate":"https:\/\/www.manner.fi\/?s={search_term_string}"},"query-input":{"@type":"PropertyValueSpecification","valueRequired":true,"valueName":"search_term_string"}}],"inLanguage":"sv-SE"}]}},"_links":{"self":[{"href":"https:\/\/www.manner.fi\/sv\/wp-json\/wp\/v2\/pages\/44106","targetHints":{"allow":["GET"]}}],"collection":[{"href":"https:\/\/www.manner.fi\/sv\/wp-json\/wp\/v2\/pages"}],"about":[{"href":"https:\/\/www.manner.fi\/sv\/wp-json\/wp\/v2\/types\/page"}],"author":[{"embeddable":true,"href":"https:\/\/www.manner.fi\/sv\/wp-json\/wp\/v2\/users\/1"}],"replies":[{"embeddable":true,"href":"https:\/\/www.manner.fi\/sv\/wp-json\/wp\/v2\/comments?post=44106"}],"version-history":[{"count":15,"href":"https:\/\/www.manner.fi\/sv\/wp-json\/wp\/v2\/pages\/44106\/revisions"}],"predecessor-version":[{"id":187873,"href":"https:\/\/www.manner.fi\/sv\/wp-json\/wp\/v2\/pages\/44106\/revisions\/187873"}],"up":[{"embeddable":true,"href":"https:\/\/www.manner.fi\/sv\/wp-json\/wp\/v2\/pages\/7581"}],"wp:featuredmedia":[{"embeddable":true,"href":"https:\/\/www.manner.fi\/sv\/wp-json\/wp\/v2\/media\/1737"}],"wp:attachment":[{"href":"https:\/\/www.manner.fi\/sv\/wp-json\/wp\/v2\/media?parent=44106"}],"curies":[{"name":"wp","href":"https:\/\/api.w.org\/{rel}","templated":true}]}}