{"id":43956,"date":"2018-03-27T16:24:33","date_gmt":"2018-03-27T13:24:33","guid":{"rendered":"https:\/\/www.manner.fi\/?page_id=43956"},"modified":"2020-11-12T11:12:00","modified_gmt":"2020-11-12T09:12:00","slug":"produktsokning","status":"publish","type":"page","link":"https:\/\/www.manner.fi\/sv\/produktsokning\/","title":{"rendered":"Produkts\u00f6kning"},"content":{"rendered":"<p style=\"text-align: center;\">Manner-hjulet \u00e4r l\u00e4ttrullande, v\u00e4nder sig l\u00e4tt och t\u00e5l \u00e4ven h\u00e5rd anv\u00e4ndning. Typiska anv\u00e4ndnings\u00e4ndam\u00e5l \u00e4r t.ex. distributions- och mj\u00f6lkrullpallar, sjukhus- och rehabiliteringsapparater, stork\u00f6ksm\u00f6blemang, serveringsvagnar och serveringsbord, fabriks- och kontorsm\u00f6blemang samt st\u00e4dvagnar.<\/p>\n<p>&nbsp;<\/p>\n","protected":false},"excerpt":{"rendered":"<p>Manner-hjulet \u00e4r l\u00e4ttrullande, v\u00e4nder sig l\u00e4tt och t\u00e5l \u00e4ven h\u00e5rd anv\u00e4ndning. Typiska anv\u00e4ndnings\u00e4ndam\u00e5l \u00e4r t.ex. distributions- och mj\u00f6lkrullpallar, sjukhus- och rehabiliteringsapparater, stork\u00f6ksm\u00f6blemang, serveringsvagnar och serveringsbord, fabriks- och kontorsm\u00f6blemang samt st\u00e4dvagnar. &nbsp;<\/p>\n","protected":false},"author":1,"featured_media":1712,"parent":0,"menu_order":0,"comment_status":"closed","ping_status":"closed","template":"product-search.php","meta":{"_acf_changed":false,"footnotes":""},"class_list":["post-43956","page","type-page","status-publish","has-post-thumbnail","hentry"],"acf":[],"yoast_head":"<!-- This site is optimized with the Yoast SEO plugin v25.2 - https:\/\/yoast.com\/wordpress\/plugins\/seo\/ -->\n<title>Produkts\u00f6kning | Manner<\/title>\n<meta name=\"description\" content=\"Hitta det passliga Manner l\u00e4nkhjulet f\u00f6r ditt behov. Produkterna g\u00e5r att s\u00f6ka enligt grupp, typ, inf\u00e4stning, material, specialegenskaper och mycket annat.\" \/>\n<meta name=\"robots\" content=\"index, follow, max-snippet:-1, max-image-preview:large, max-video-preview:-1\" \/>\n<meta property=\"og:locale\" content=\"sv_SE\" \/>\n<meta property=\"og:type\" content=\"article\" \/>\n<meta property=\"og:title\" content=\"Produkts\u00f6kning | Manner\" \/>\n<meta property=\"og:description\" content=\"Hitta det passliga Manner l\u00e4nkhjulet f\u00f6r ditt behov. Produkterna g\u00e5r att s\u00f6ka enligt grupp, typ, inf\u00e4stning, material, specialegenskaper och mycket annat.\" \/>\n<meta property=\"og:url\" content=\"https:\/\/www.manner.fi\/sv\/produktsokning\/\" \/>\n<meta property=\"og:site_name\" content=\"Manner\" \/>\n<meta property=\"article:modified_time\" content=\"2020-11-12T09:12:00+00:00\" \/>\n<meta property=\"og:image\" content=\"https:\/\/www.manner.fi\/wp-content\/uploads\/2018\/01\/tuotteet.jpg\" \/>\n\t<meta property=\"og:image:width\" content=\"1600\" \/>\n\t<meta property=\"og:image:height\" content=\"612\" \/>\n\t<meta property=\"og:image:type\" content=\"image\/jpeg\" \/>\n<meta name=\"twitter:card\" content=\"summary_large_image\" \/>\n<script type=\"application\/ld+json\" class=\"yoast-schema-graph\">{\"@context\":\"https:\/\/schema.org\",\"@graph\":[{\"@type\":\"WebPage\",\"@id\":\"https:\/\/www.manner.fi\/sv\/produktsokning\/\",\"url\":\"https:\/\/www.manner.fi\/sv\/produktsokning\/\",\"name\":\"Produkts\u00f6kning | Manner\",\"isPartOf\":{\"@id\":\"https:\/\/www.manner.fi\/#website\"},\"primaryImageOfPage\":{\"@id\":\"https:\/\/www.manner.fi\/sv\/produktsokning\/#primaryimage\"},\"image\":{\"@id\":\"https:\/\/www.manner.fi\/sv\/produktsokning\/#primaryimage\"},\"thumbnailUrl\":\"https:\/\/www.manner.fi\/wp-content\/uploads\/2018\/01\/tuotteet.jpg\",\"datePublished\":\"2018-03-27T13:24:33+00:00\",\"dateModified\":\"2020-11-12T09:12:00+00:00\",\"description\":\"Hitta det passliga Manner l\u00e4nkhjulet f\u00f6r ditt behov. Produkterna g\u00e5r att s\u00f6ka enligt grupp, typ, inf\u00e4stning, material, specialegenskaper och mycket annat.\",\"breadcrumb\":{\"@id\":\"https:\/\/www.manner.fi\/sv\/produktsokning\/#breadcrumb\"},\"inLanguage\":\"sv-SE\",\"potentialAction\":[{\"@type\":\"ReadAction\",\"target\":[\"https:\/\/www.manner.fi\/sv\/produktsokning\/\"]}]},{\"@type\":\"ImageObject\",\"inLanguage\":\"sv-SE\",\"@id\":\"https:\/\/www.manner.fi\/sv\/produktsokning\/#primaryimage\",\"url\":\"https:\/\/www.manner.fi\/wp-content\/uploads\/2018\/01\/tuotteet.jpg\",\"contentUrl\":\"https:\/\/www.manner.fi\/wp-content\/uploads\/2018\/01\/tuotteet.jpg\",\"width\":1600,\"height\":612},{\"@type\":\"BreadcrumbList\",\"@id\":\"https:\/\/www.manner.fi\/sv\/produktsokning\/#breadcrumb\",\"itemListElement\":[{\"@type\":\"ListItem\",\"position\":1,\"name\":\"Home\",\"item\":\"https:\/\/www.manner.fi\/sv\/\"},{\"@type\":\"ListItem\",\"position\":2,\"name\":\"Produkts\u00f6kning\"}]},{\"@type\":\"WebSite\",\"@id\":\"https:\/\/www.manner.fi\/#website\",\"url\":\"https:\/\/www.manner.fi\/\",\"name\":\"Manner\",\"description\":\"Smart Moves on Manner Castors\",\"potentialAction\":[{\"@type\":\"SearchAction\",\"target\":{\"@type\":\"EntryPoint\",\"urlTemplate\":\"https:\/\/www.manner.fi\/?s={search_term_string}\"},\"query-input\":{\"@type\":\"PropertyValueSpecification\",\"valueRequired\":true,\"valueName\":\"search_term_string\"}}],\"inLanguage\":\"sv-SE\"}]}<\/script>\n<!-- \/ Yoast SEO plugin. -->","yoast_head_json":{"title":"Produkts\u00f6kning | Manner","description":"Hitta det passliga Manner l\u00e4nkhjulet f\u00f6r ditt behov. Produkterna g\u00e5r att s\u00f6ka enligt grupp, typ, inf\u00e4stning, material, specialegenskaper och mycket annat.","robots":{"index":"index","follow":"follow","max-snippet":"max-snippet:-1","max-image-preview":"max-image-preview:large","max-video-preview":"max-video-preview:-1"},"og_locale":"sv_SE","og_type":"article","og_title":"Produkts\u00f6kning | Manner","og_description":"Hitta det passliga Manner l\u00e4nkhjulet f\u00f6r ditt behov. Produkterna g\u00e5r att s\u00f6ka enligt grupp, typ, inf\u00e4stning, material, specialegenskaper och mycket annat.","og_url":"https:\/\/www.manner.fi\/sv\/produktsokning\/","og_site_name":"Manner","article_modified_time":"2020-11-12T09:12:00+00:00","og_image":[{"width":1600,"height":612,"url":"https:\/\/www.manner.fi\/wp-content\/uploads\/2018\/01\/tuotteet.jpg","type":"image\/jpeg"}],"twitter_card":"summary_large_image","schema":{"@context":"https:\/\/schema.org","@graph":[{"@type":"WebPage","@id":"https:\/\/www.manner.fi\/sv\/produktsokning\/","url":"https:\/\/www.manner.fi\/sv\/produktsokning\/","name":"Produkts\u00f6kning | Manner","isPartOf":{"@id":"https:\/\/www.manner.fi\/#website"},"primaryImageOfPage":{"@id":"https:\/\/www.manner.fi\/sv\/produktsokning\/#primaryimage"},"image":{"@id":"https:\/\/www.manner.fi\/sv\/produktsokning\/#primaryimage"},"thumbnailUrl":"https:\/\/www.manner.fi\/wp-content\/uploads\/2018\/01\/tuotteet.jpg","datePublished":"2018-03-27T13:24:33+00:00","dateModified":"2020-11-12T09:12:00+00:00","description":"Hitta det passliga Manner l\u00e4nkhjulet f\u00f6r ditt behov. Produkterna g\u00e5r att s\u00f6ka enligt grupp, typ, inf\u00e4stning, material, specialegenskaper och mycket annat.","breadcrumb":{"@id":"https:\/\/www.manner.fi\/sv\/produktsokning\/#breadcrumb"},"inLanguage":"sv-SE","potentialAction":[{"@type":"ReadAction","target":["https:\/\/www.manner.fi\/sv\/produktsokning\/"]}]},{"@type":"ImageObject","inLanguage":"sv-SE","@id":"https:\/\/www.manner.fi\/sv\/produktsokning\/#primaryimage","url":"https:\/\/www.manner.fi\/wp-content\/uploads\/2018\/01\/tuotteet.jpg","contentUrl":"https:\/\/www.manner.fi\/wp-content\/uploads\/2018\/01\/tuotteet.jpg","width":1600,"height":612},{"@type":"BreadcrumbList","@id":"https:\/\/www.manner.fi\/sv\/produktsokning\/#breadcrumb","itemListElement":[{"@type":"ListItem","position":1,"name":"Home","item":"https:\/\/www.manner.fi\/sv\/"},{"@type":"ListItem","position":2,"name":"Produkts\u00f6kning"}]},{"@type":"WebSite","@id":"https:\/\/www.manner.fi\/#website","url":"https:\/\/www.manner.fi\/","name":"Manner","description":"Smart Moves on Manner Castors","potentialAction":[{"@type":"SearchAction","target":{"@type":"EntryPoint","urlTemplate":"https:\/\/www.manner.fi\/?s={search_term_string}"},"query-input":{"@type":"PropertyValueSpecification","valueRequired":true,"valueName":"search_term_string"}}],"inLanguage":"sv-SE"}]}},"_links":{"self":[{"href":"https:\/\/www.manner.fi\/sv\/wp-json\/wp\/v2\/pages\/43956","targetHints":{"allow":["GET"]}}],"collection":[{"href":"https:\/\/www.manner.fi\/sv\/wp-json\/wp\/v2\/pages"}],"about":[{"href":"https:\/\/www.manner.fi\/sv\/wp-json\/wp\/v2\/types\/page"}],"author":[{"embeddable":true,"href":"https:\/\/www.manner.fi\/sv\/wp-json\/wp\/v2\/users\/1"}],"replies":[{"embeddable":true,"href":"https:\/\/www.manner.fi\/sv\/wp-json\/wp\/v2\/comments?post=43956"}],"version-history":[{"count":3,"href":"https:\/\/www.manner.fi\/sv\/wp-json\/wp\/v2\/pages\/43956\/revisions"}],"predecessor-version":[{"id":186954,"href":"https:\/\/www.manner.fi\/sv\/wp-json\/wp\/v2\/pages\/43956\/revisions\/186954"}],"wp:featuredmedia":[{"embeddable":true,"href":"https:\/\/www.manner.fi\/sv\/wp-json\/wp\/v2\/media\/1712"}],"wp:attachment":[{"href":"https:\/\/www.manner.fi\/sv\/wp-json\/wp\/v2\/media?parent=43956"}],"curies":[{"name":"wp","href":"https:\/\/api.w.org\/{rel}","templated":true}]}}