{"id":2105,"date":"2018-01-29T17:03:11","date_gmt":"2018-01-29T15:03:11","guid":{"rendered":"http:\/\/manner.dcqa.doop.fi\/?page_id=2105"},"modified":"2021-12-21T11:03:57","modified_gmt":"2021-12-21T09:03:57","slug":"manner-som-foretag","status":"publish","type":"page","link":"https:\/\/www.manner.fi\/sv\/manner-som-foretag\/","title":{"rendered":"Manner som f\u00f6retag"},"content":{"rendered":"<div style=\"width: 1920px;\" class=\"wp-video\"><video class=\"wp-video-shortcode\" id=\"video-2105-1\" width=\"1920\" height=\"1080\" poster=\"https:\/\/www.manner.fi\/wp-content\/uploads\/2018\/05\/Manner_Yritys_ENG_thumbnail.png\" preload=\"metadata\" controls=\"controls\"><source type=\"video\/mp4\" src=\"https:\/\/www.manner.fi\/wp-content\/uploads\/2021\/12\/Manner_Yritys_ENG_12-2021.mp4?_=1\" \/><a href=\"https:\/\/www.manner.fi\/wp-content\/uploads\/2021\/12\/Manner_Yritys_ENG_12-2021.mp4\">https:\/\/www.manner.fi\/wp-content\/uploads\/2021\/12\/Manner_Yritys_ENG_12-2021.mp4<\/a><\/video><\/div>\n<h2>Manner \u2013 f\u00f6r kundens b\u00e4sta sedan 1890<\/h2>\n<p>Manner \u00e4r ett anrikt familjef\u00f6retag som grundades 1890. Manner har \u00f6ver 80 \u00e5rs erfarenhet av att planera och tillverka olika l\u00e4nkhjulsprodukter. De f\u00f6rsta hjulen tillverkades redan p\u00e5 1930-talet, och sedan 1974 har Manner fokuserat enbart p\u00e5 hjulprodukter.<\/p>\n<p>Manners b\u00e4rande id\u00e9er har alltid varit kundorientering och yrkeskunnighet. Vi hj\u00e4lper st\u00e4ndigt till att identifiera v\u00e5ra kunders behov och hitta l\u00f6sningar p\u00e5 dem. V\u00e5r flexibla produktionsmodell g\u00f6r att vi kan beakta kundernas special\u00f6nskem\u00e5l, och v\u00e5r l\u00e5nga erfarenhet garanterar att allt som kommer fr\u00e5n v\u00e5r produktionslinje \u00e4r av h\u00f6g Mannerkvalitet.<\/p>\n<h3>Ledande l\u00e4nkhjulstillverkare i Norden<\/h3>\n<p>I Finland \u00e4r Manner-hjul redan ett begrepp. Manner \u00e4r det ledande f\u00f6retaget p\u00e5 den finl\u00e4ndska marknaden och ett ledande hjulm\u00e4rke ocks\u00e5 i de \u00f6vriga nordiska l\u00e4nderna. Manners hjul f\u00f6r rullpallar och Tango-apparathjul \u00e4r internationellt k\u00e4nda och h\u00f6gt ansedda hjulprodukter. F\u00f6retaget exporterar ungef\u00e4r tv\u00e5 tredjedelar av sin produktion.<\/p>\n<p>Manner har ett n\u00e4tverk av \u00e5terf\u00f6rs\u00e4ljare som t\u00e4cker hela Finland. Det internationella representantn\u00e4tet omfattar \u00f6ver 20 import\u00f6rer.<\/p>\n<p>Produktutvecklingen sker i n\u00e4ra samarbete med kunden f\u00f6r att kundens behov och produktutvecklingen ska kunna m\u00f6tas i s\u00e5 stor utstr\u00e4ckning som m\u00f6jligt. F\u00f6retaget har alltid satsat h\u00e5rt p\u00e5 kvalitet, produkttestning och formgivning. \u00c5r 1995 beviljades Manner kvalitetscertifikatet ISO 9001 och \u00e5r 2001 milj\u00f6certifikatet ISO 14001.<\/p>\n<p>Huvuddelen av Manners egna produkter tillverkas i Finland, i fabriken i Hang\u00f6. Till de s\u00e4rskilda styrkorna i v\u00e5r produktion h\u00f6r formsprutning av teknisk plast.<\/p>\n<h3>Framg\u00e5ngsfaktorer<\/h3>\n<p>Manners verksamhet \u2013 produktutvecklingen, produktionen, f\u00f6rs\u00e4ljningen och kundservicen \u2013 st\u00f6der sig p\u00e5 fem framg\u00e5ngsfaktorer:<\/p>\n<h4>Kunden<\/h4>\n<p>Vi analyserar och identifierar kontinuerligt kundernas behov.<\/p>\n<h4>Kontinuitet<\/h4>\n<p>Genom smarta beslut och effektiv verksamhet s\u00e4kerst\u00e4ller vi f\u00f6retagets l\u00f6nsamhet och d\u00e4rmed \u00e4ven dess framtid.<\/p>\n<h4>P\u00e5litlighet<\/h4>\n<p>Genom att agera i enlighet med avtalen och l\u00f6ftena hj\u00e4lper vi ocks\u00e5 v\u00e5ra kunder att bli framg\u00e5ngsrika.<\/p>\n<h4>Kunnande och arbetstrivsel<\/h4>\n<p>Genom att kontinuerligt fortbilda personalen och beakta arbetsh\u00e4lsan uppn\u00e5r vi v\u00e5ra m\u00e5l.<\/p>\n<h4>Milj\u00f6n<\/h4>\n<p>Vi str\u00e4var efter att skydda milj\u00f6n och b\u00e4ra v\u00e5rt samh\u00e4llsansvar i alla v\u00e5ra beslut.<\/p>\n","protected":false},"excerpt":{"rendered":"<p>Manner \u2013 f\u00f6r kundens b\u00e4sta sedan 1890 Manner \u00e4r ett anrikt familjef\u00f6retag som grundades 1890. Manner har \u00f6ver 80 \u00e5rs erfarenhet av att planera och tillverka olika l\u00e4nkhjulsprodukter. De f\u00f6rsta hjulen tillverkades redan p\u00e5 1930-talet, och sedan 1974 har Manner fokuserat enbart p\u00e5 hjulprodukter. Manners b\u00e4rande id\u00e9er har alltid varit kundorientering och yrkeskunnighet. Vi hj\u00e4lper [&hellip;]<\/p>\n","protected":false},"author":1,"featured_media":1667,"parent":0,"menu_order":2,"comment_status":"closed","ping_status":"closed","template":"","meta":{"_acf_changed":false,"footnotes":""},"class_list":["post-2105","page","type-page","status-publish","has-post-thumbnail","hentry"],"acf":[],"yoast_head":"<!-- This site is optimized with the Yoast SEO plugin v25.2 - https:\/\/yoast.com\/wordpress\/plugins\/seo\/ -->\n<title>L\u00e4s om Manner som f\u00f6retag | Manner<\/title>\n<meta name=\"description\" content=\"Manner grundades 1890 i Finland. Manner \u00e4r ledande l\u00e4nkhjulstillverkare i Norden, med \u00f6ver 80 \u00e5rs erfarenhet. L\u00e4s mer om Manner som f\u00f6retag p\u00e5 v\u00e5ra hemsidor.\" \/>\n<meta name=\"robots\" content=\"index, follow, max-snippet:-1, max-image-preview:large, max-video-preview:-1\" \/>\n<meta property=\"og:locale\" content=\"sv_SE\" \/>\n<meta property=\"og:type\" content=\"article\" \/>\n<meta property=\"og:title\" content=\"L\u00e4s om Manner som f\u00f6retag | Manner\" \/>\n<meta property=\"og:description\" content=\"Manner grundades 1890 i Finland. Manner \u00e4r ledande l\u00e4nkhjulstillverkare i Norden, med \u00f6ver 80 \u00e5rs erfarenhet. L\u00e4s mer om Manner som f\u00f6retag p\u00e5 v\u00e5ra hemsidor.\" \/>\n<meta property=\"og:url\" content=\"https:\/\/www.manner.fi\/sv\/manner-som-foretag\/\" \/>\n<meta property=\"og:site_name\" content=\"Manner\" \/>\n<meta property=\"article:modified_time\" content=\"2021-12-21T09:03:57+00:00\" \/>\n<meta property=\"og:image\" content=\"https:\/\/www.manner.fi\/wp-content\/uploads\/2018\/01\/yritys-manneriyrityksena-1.jpg\" \/>\n\t<meta property=\"og:image:width\" content=\"1600\" \/>\n\t<meta property=\"og:image:height\" content=\"612\" \/>\n\t<meta property=\"og:image:type\" content=\"image\/jpeg\" \/>\n<meta name=\"twitter:card\" content=\"summary_large_image\" \/>\n<meta name=\"twitter:label1\" content=\"Ber\u00e4knad l\u00e4stid\" \/>\n\t<meta name=\"twitter:data1\" content=\"2 minuter\" \/>\n<script type=\"application\/ld+json\" class=\"yoast-schema-graph\">{\"@context\":\"https:\/\/schema.org\",\"@graph\":[{\"@type\":\"WebPage\",\"@id\":\"https:\/\/www.manner.fi\/sv\/manner-som-foretag\/\",\"url\":\"https:\/\/www.manner.fi\/sv\/manner-som-foretag\/\",\"name\":\"L\u00e4s om Manner som f\u00f6retag | Manner\",\"isPartOf\":{\"@id\":\"https:\/\/www.manner.fi\/#website\"},\"primaryImageOfPage\":{\"@id\":\"https:\/\/www.manner.fi\/sv\/manner-som-foretag\/#primaryimage\"},\"image\":{\"@id\":\"https:\/\/www.manner.fi\/sv\/manner-som-foretag\/#primaryimage\"},\"thumbnailUrl\":\"https:\/\/www.manner.fi\/wp-content\/uploads\/2018\/01\/yritys-manneriyrityksena-1.jpg\",\"datePublished\":\"2018-01-29T15:03:11+00:00\",\"dateModified\":\"2021-12-21T09:03:57+00:00\",\"description\":\"Manner grundades 1890 i Finland. Manner \u00e4r ledande l\u00e4nkhjulstillverkare i Norden, med \u00f6ver 80 \u00e5rs erfarenhet. L\u00e4s mer om Manner som f\u00f6retag p\u00e5 v\u00e5ra hemsidor.\",\"breadcrumb\":{\"@id\":\"https:\/\/www.manner.fi\/sv\/manner-som-foretag\/#breadcrumb\"},\"inLanguage\":\"sv-SE\",\"potentialAction\":[{\"@type\":\"ReadAction\",\"target\":[\"https:\/\/www.manner.fi\/sv\/manner-som-foretag\/\"]}]},{\"@type\":\"ImageObject\",\"inLanguage\":\"sv-SE\",\"@id\":\"https:\/\/www.manner.fi\/sv\/manner-som-foretag\/#primaryimage\",\"url\":\"https:\/\/www.manner.fi\/wp-content\/uploads\/2018\/01\/yritys-manneriyrityksena-1.jpg\",\"contentUrl\":\"https:\/\/www.manner.fi\/wp-content\/uploads\/2018\/01\/yritys-manneriyrityksena-1.jpg\",\"width\":1600,\"height\":612},{\"@type\":\"BreadcrumbList\",\"@id\":\"https:\/\/www.manner.fi\/sv\/manner-som-foretag\/#breadcrumb\",\"itemListElement\":[{\"@type\":\"ListItem\",\"position\":1,\"name\":\"Home\",\"item\":\"https:\/\/www.manner.fi\/sv\/\"},{\"@type\":\"ListItem\",\"position\":2,\"name\":\"Manner som f\u00f6retag\"}]},{\"@type\":\"WebSite\",\"@id\":\"https:\/\/www.manner.fi\/#website\",\"url\":\"https:\/\/www.manner.fi\/\",\"name\":\"Manner\",\"description\":\"Smart Moves on Manner Castors\",\"potentialAction\":[{\"@type\":\"SearchAction\",\"target\":{\"@type\":\"EntryPoint\",\"urlTemplate\":\"https:\/\/www.manner.fi\/?s={search_term_string}\"},\"query-input\":{\"@type\":\"PropertyValueSpecification\",\"valueRequired\":true,\"valueName\":\"search_term_string\"}}],\"inLanguage\":\"sv-SE\"}]}<\/script>\n<!-- \/ Yoast SEO plugin. -->","yoast_head_json":{"title":"L\u00e4s om Manner som f\u00f6retag | Manner","description":"Manner grundades 1890 i Finland. Manner \u00e4r ledande l\u00e4nkhjulstillverkare i Norden, med \u00f6ver 80 \u00e5rs erfarenhet. L\u00e4s mer om Manner som f\u00f6retag p\u00e5 v\u00e5ra hemsidor.","robots":{"index":"index","follow":"follow","max-snippet":"max-snippet:-1","max-image-preview":"max-image-preview:large","max-video-preview":"max-video-preview:-1"},"og_locale":"sv_SE","og_type":"article","og_title":"L\u00e4s om Manner som f\u00f6retag | Manner","og_description":"Manner grundades 1890 i Finland. Manner \u00e4r ledande l\u00e4nkhjulstillverkare i Norden, med \u00f6ver 80 \u00e5rs erfarenhet. L\u00e4s mer om Manner som f\u00f6retag p\u00e5 v\u00e5ra hemsidor.","og_url":"https:\/\/www.manner.fi\/sv\/manner-som-foretag\/","og_site_name":"Manner","article_modified_time":"2021-12-21T09:03:57+00:00","og_image":[{"width":1600,"height":612,"url":"https:\/\/www.manner.fi\/wp-content\/uploads\/2018\/01\/yritys-manneriyrityksena-1.jpg","type":"image\/jpeg"}],"twitter_card":"summary_large_image","twitter_misc":{"Ber\u00e4knad l\u00e4stid":"2 minuter"},"schema":{"@context":"https:\/\/schema.org","@graph":[{"@type":"WebPage","@id":"https:\/\/www.manner.fi\/sv\/manner-som-foretag\/","url":"https:\/\/www.manner.fi\/sv\/manner-som-foretag\/","name":"L\u00e4s om Manner som f\u00f6retag | Manner","isPartOf":{"@id":"https:\/\/www.manner.fi\/#website"},"primaryImageOfPage":{"@id":"https:\/\/www.manner.fi\/sv\/manner-som-foretag\/#primaryimage"},"image":{"@id":"https:\/\/www.manner.fi\/sv\/manner-som-foretag\/#primaryimage"},"thumbnailUrl":"https:\/\/www.manner.fi\/wp-content\/uploads\/2018\/01\/yritys-manneriyrityksena-1.jpg","datePublished":"2018-01-29T15:03:11+00:00","dateModified":"2021-12-21T09:03:57+00:00","description":"Manner grundades 1890 i Finland. Manner \u00e4r ledande l\u00e4nkhjulstillverkare i Norden, med \u00f6ver 80 \u00e5rs erfarenhet. L\u00e4s mer om Manner som f\u00f6retag p\u00e5 v\u00e5ra hemsidor.","breadcrumb":{"@id":"https:\/\/www.manner.fi\/sv\/manner-som-foretag\/#breadcrumb"},"inLanguage":"sv-SE","potentialAction":[{"@type":"ReadAction","target":["https:\/\/www.manner.fi\/sv\/manner-som-foretag\/"]}]},{"@type":"ImageObject","inLanguage":"sv-SE","@id":"https:\/\/www.manner.fi\/sv\/manner-som-foretag\/#primaryimage","url":"https:\/\/www.manner.fi\/wp-content\/uploads\/2018\/01\/yritys-manneriyrityksena-1.jpg","contentUrl":"https:\/\/www.manner.fi\/wp-content\/uploads\/2018\/01\/yritys-manneriyrityksena-1.jpg","width":1600,"height":612},{"@type":"BreadcrumbList","@id":"https:\/\/www.manner.fi\/sv\/manner-som-foretag\/#breadcrumb","itemListElement":[{"@type":"ListItem","position":1,"name":"Home","item":"https:\/\/www.manner.fi\/sv\/"},{"@type":"ListItem","position":2,"name":"Manner som f\u00f6retag"}]},{"@type":"WebSite","@id":"https:\/\/www.manner.fi\/#website","url":"https:\/\/www.manner.fi\/","name":"Manner","description":"Smart Moves on Manner Castors","potentialAction":[{"@type":"SearchAction","target":{"@type":"EntryPoint","urlTemplate":"https:\/\/www.manner.fi\/?s={search_term_string}"},"query-input":{"@type":"PropertyValueSpecification","valueRequired":true,"valueName":"search_term_string"}}],"inLanguage":"sv-SE"}]}},"_links":{"self":[{"href":"https:\/\/www.manner.fi\/sv\/wp-json\/wp\/v2\/pages\/2105","targetHints":{"allow":["GET"]}}],"collection":[{"href":"https:\/\/www.manner.fi\/sv\/wp-json\/wp\/v2\/pages"}],"about":[{"href":"https:\/\/www.manner.fi\/sv\/wp-json\/wp\/v2\/types\/page"}],"author":[{"embeddable":true,"href":"https:\/\/www.manner.fi\/sv\/wp-json\/wp\/v2\/users\/1"}],"replies":[{"embeddable":true,"href":"https:\/\/www.manner.fi\/sv\/wp-json\/wp\/v2\/comments?post=2105"}],"version-history":[{"count":6,"href":"https:\/\/www.manner.fi\/sv\/wp-json\/wp\/v2\/pages\/2105\/revisions"}],"predecessor-version":[{"id":187838,"href":"https:\/\/www.manner.fi\/sv\/wp-json\/wp\/v2\/pages\/2105\/revisions\/187838"}],"wp:featuredmedia":[{"embeddable":true,"href":"https:\/\/www.manner.fi\/sv\/wp-json\/wp\/v2\/media\/1667"}],"wp:attachment":[{"href":"https:\/\/www.manner.fi\/sv\/wp-json\/wp\/v2\/media?parent=2105"}],"curies":[{"name":"wp","href":"https:\/\/api.w.org\/{rel}","templated":true}]}}