{"id":188081,"date":"2022-08-12T10:39:54","date_gmt":"2022-08-12T07:39:54","guid":{"rendered":"https:\/\/www.manner.fi\/werth-systemsin-huippulaitteet-edellyttavat-paljon-myos-pyorilta\/"},"modified":"2022-08-30T17:06:15","modified_gmt":"2022-08-30T14:06:15","slug":"topprodukterna-fran-werth-systems-staller-ocksa-stora-krav-pa-hjulen","status":"publish","type":"page","link":"https:\/\/www.manner.fi\/sv\/topprodukterna-fran-werth-systems-staller-ocksa-stora-krav-pa-hjulen\/","title":{"rendered":"Topprodukterna fr\u00e5n Werth Systems st\u00e4ller ocks\u00e5 stora krav p\u00e5 hjulen"},"content":{"rendered":"<p>Werth Systems s\u00f6kte runt om i v\u00e4rlden efter hjul som l\u00e4mpade sig f\u00f6r sina \u00a0modul\u00e4ra medicintekniska IT-vagnar, men de hjul som b\u00e4st uppfyllde kraven fann man i Finland \u2013 hos Manner.<\/p>\n<p>Werth Systems Oy levererar h\u00f6gklassiga medicintekniska IT-apparater samt k\u00e4rr-, vagns- eller stativl\u00f6sningar till operat\u00f6rer inom h\u00e4lso- och sjukv\u00e5rdsbranschen, och f\u00f6retaget \u00e4r k\u00e4nt som en toppexpert inom mediciniska certifieringar. Werth Systems Germany i Tyskland ansvarar f\u00f6r IT-utrustningarna och tillverkningen av k\u00e4rr- och stativl\u00f6sningar sker i Finland, vilka \u00e4r nyckelflaggsprodukter.<\/p>\n<p><img loading=\"lazy\" decoding=\"async\" class=\"alignright size-medium wp-image-188051\" src=\"https:\/\/www.manner.fi\/wp-content\/uploads\/2022\/08\/Manner-Werth_refe_cover-300x233.jpg\" alt=\"\" width=\"300\" height=\"233\" srcset=\"https:\/\/www.manner.fi\/wp-content\/uploads\/2022\/08\/Manner-Werth_refe_cover-300x233.jpg 300w, https:\/\/www.manner.fi\/wp-content\/uploads\/2022\/08\/Manner-Werth_refe_cover-768x596.jpg 768w, https:\/\/www.manner.fi\/wp-content\/uploads\/2022\/08\/Manner-Werth_refe_cover.jpg 792w\" sizes=\"auto, (max-width: 300px) 100vw, 300px\" \/><\/p>\n<p>Werth Systems viktigaste produkter \u00e4r mobila och modul\u00e4ra SMART-MED vagnsl\u00f6sningar avsedda f\u00f6r l\u00e4kare och sjuksk\u00f6terskor. Till exempel kan 1 eller 2 datorbildsk\u00e4rmar anslutas till en vagn som \u00e4r l\u00e4mplig f\u00f6r anv\u00e4ndning vid sjukhusronder, \u00a0fr\u00e5n vilken l\u00e4karen ser all n\u00f6dv\u00e4ndig patientinformation och kan visa patienten t.ex. r\u00f6ntgenbilder eller annan information.<\/p>\n<p>Eftersom den ovann\u00e4mnda apparatenheten kan anv\u00e4ndas under hela arbetsdagen, \u00e4r ergonomi en viktig vagnsegenskap. Detta st\u00e4ller stora krav p\u00e5 vagnens hjul, som ska vara l\u00e4tta att rulla och styra. Hjulen m\u00e5ste ocks\u00e5 vara elektriskt ledande.<\/p>\n<p>N\u00e4r vagnsl\u00f6sningen planerades gjordes j\u00e4mf\u00f6relser mellan olika hjulalternativ genom bes\u00f6k p\u00e5 olika h\u00e5ll i v\u00e4rlden. Ett l\u00e4mpligt hjul hittades slutligen i Finland. Efter m\u00e5nga tester och prov uppt\u00e4ckte man att Manners l\u00e5sbara och elektriskt ledande, 125\u00a0mm stora, dubbellagrade Twist-hjul var det perfekta valet. \u201dDet var en sk\u00f6n k\u00e4nsla att det i Finland utvecklas n\u00e5got som kvalitetsm\u00e4ssigt kan besegra internationella konkurrenter och dessutom vara kostnadseffektivt\u201d.<\/p>\n<p>\u201dF\u00f6r oss var det viktigt att allt som beh\u00f6vs i v\u00e5ra produkter kan anskaffas p\u00e5 n\u00e4ra h\u00e5ll. I detta avseende var det utm\u00e4rkt att Manners hjul visade sig vara de b\u00e4sta.\u201d<\/p>\n<p>Manners hjul har nu anv\u00e4nts i Werth Systems vagnsl\u00f6sningar under ett \u00e5r och den respons som har tagits emot fr\u00e5n anv\u00e4ndarna har utan undantag varit positiv. En vanlig kommentar har varit att utrustningen r\u00f6r sig extremt l\u00e4tt, som p\u00e5 \u201dvattent\u00e4ckt is.\u201d Till och med vagnar som i verkligheten \u00e4r n\u00e5got tyngre \u00e4n andra tillverkares produkter har ansetts vara l\u00e4ttare, eftersom det tack vare Manners hjul har varit m\u00f6jligt att f\u00f6rflytta dem l\u00e4ttare och smidigare.<\/p>\n<p>\u201dN\u00e4r man pratar om mobila l\u00f6sningar m\u00e5ste alla delomr\u00e5den som p\u00e5verkas vara tipptopp. M\u00e5nga har inte t\u00e4nkt p\u00e5 vilken viktig roll hjulen har, men f\u00f6r oss var det klart redan fr\u00e5n b\u00f6rjan att vi v\u00e4ljer det b\u00e4sta som g\u00e5r att hitta.\u201d<\/p>\n","protected":false},"excerpt":{"rendered":"<p>Werth Systems s\u00f6kte runt om i v\u00e4rlden efter hjul som l\u00e4mpade sig f\u00f6r sina \u00a0modul\u00e4ra medicintekniska IT-vagnar, men de hjul som b\u00e4st uppfyllde kraven fann man i Finland \u2013 hos Manner. Werth Systems Oy levererar h\u00f6gklassiga medicintekniska IT-apparater samt k\u00e4rr-, vagns- eller stativl\u00f6sningar till operat\u00f6rer inom h\u00e4lso- och sjukv\u00e5rdsbranschen, och f\u00f6retaget \u00e4r k\u00e4nt som en [&hellip;]<\/p>\n","protected":false},"author":1,"featured_media":188050,"parent":0,"menu_order":0,"comment_status":"closed","ping_status":"closed","template":"reference.php","meta":{"_acf_changed":false,"footnotes":""},"class_list":["post-188081","page","type-page","status-publish","has-post-thumbnail","hentry"],"acf":[],"yoast_head":"<!-- This site is optimized with the Yoast SEO plugin v25.2 - https:\/\/yoast.com\/wordpress\/plugins\/seo\/ -->\n<title>Topprodukterna fr\u00e5n Werth Systems st\u00e4ller ocks\u00e5 stora krav p\u00e5 hjulen - Manner<\/title>\n<meta name=\"robots\" content=\"index, follow, max-snippet:-1, max-image-preview:large, max-video-preview:-1\" \/>\n<meta property=\"og:locale\" content=\"sv_SE\" \/>\n<meta property=\"og:type\" content=\"article\" \/>\n<meta property=\"og:title\" content=\"Topprodukterna fr\u00e5n Werth Systems st\u00e4ller ocks\u00e5 stora krav p\u00e5 hjulen - Manner\" \/>\n<meta property=\"og:description\" content=\"Werth Systems s\u00f6kte runt om i v\u00e4rlden efter hjul som l\u00e4mpade sig f\u00f6r sina \u00a0modul\u00e4ra medicintekniska IT-vagnar, men de hjul som b\u00e4st uppfyllde kraven fann man i Finland \u2013 hos Manner. Werth Systems Oy levererar h\u00f6gklassiga medicintekniska IT-apparater samt k\u00e4rr-, vagns- eller stativl\u00f6sningar till operat\u00f6rer inom h\u00e4lso- och sjukv\u00e5rdsbranschen, och f\u00f6retaget \u00e4r k\u00e4nt som en [&hellip;]\" \/>\n<meta property=\"og:url\" content=\"https:\/\/www.manner.fi\/sv\/topprodukterna-fran-werth-systems-staller-ocksa-stora-krav-pa-hjulen\/\" \/>\n<meta property=\"og:site_name\" content=\"Manner\" \/>\n<meta property=\"article:modified_time\" content=\"2022-08-30T14:06:15+00:00\" \/>\n<meta property=\"og:image\" content=\"https:\/\/www.manner.fi\/wp-content\/uploads\/2022\/08\/Manner-Werth_refe_hero.jpg\" \/>\n\t<meta property=\"og:image:width\" content=\"1600\" \/>\n\t<meta property=\"og:image:height\" content=\"612\" \/>\n\t<meta property=\"og:image:type\" content=\"image\/jpeg\" \/>\n<meta name=\"twitter:card\" content=\"summary_large_image\" \/>\n<meta name=\"twitter:label1\" content=\"Ber\u00e4knad l\u00e4stid\" \/>\n\t<meta name=\"twitter:data1\" content=\"3 minuter\" \/>\n<script type=\"application\/ld+json\" class=\"yoast-schema-graph\">{\"@context\":\"https:\/\/schema.org\",\"@graph\":[{\"@type\":\"WebPage\",\"@id\":\"https:\/\/www.manner.fi\/sv\/topprodukterna-fran-werth-systems-staller-ocksa-stora-krav-pa-hjulen\/\",\"url\":\"https:\/\/www.manner.fi\/sv\/topprodukterna-fran-werth-systems-staller-ocksa-stora-krav-pa-hjulen\/\",\"name\":\"Topprodukterna fr\u00e5n Werth Systems st\u00e4ller ocks\u00e5 stora krav p\u00e5 hjulen - Manner\",\"isPartOf\":{\"@id\":\"https:\/\/www.manner.fi\/#website\"},\"primaryImageOfPage\":{\"@id\":\"https:\/\/www.manner.fi\/sv\/topprodukterna-fran-werth-systems-staller-ocksa-stora-krav-pa-hjulen\/#primaryimage\"},\"image\":{\"@id\":\"https:\/\/www.manner.fi\/sv\/topprodukterna-fran-werth-systems-staller-ocksa-stora-krav-pa-hjulen\/#primaryimage\"},\"thumbnailUrl\":\"https:\/\/www.manner.fi\/wp-content\/uploads\/2022\/08\/Manner-Werth_refe_hero.jpg\",\"datePublished\":\"2022-08-12T07:39:54+00:00\",\"dateModified\":\"2022-08-30T14:06:15+00:00\",\"breadcrumb\":{\"@id\":\"https:\/\/www.manner.fi\/sv\/topprodukterna-fran-werth-systems-staller-ocksa-stora-krav-pa-hjulen\/#breadcrumb\"},\"inLanguage\":\"sv-SE\",\"potentialAction\":[{\"@type\":\"ReadAction\",\"target\":[\"https:\/\/www.manner.fi\/sv\/topprodukterna-fran-werth-systems-staller-ocksa-stora-krav-pa-hjulen\/\"]}]},{\"@type\":\"ImageObject\",\"inLanguage\":\"sv-SE\",\"@id\":\"https:\/\/www.manner.fi\/sv\/topprodukterna-fran-werth-systems-staller-ocksa-stora-krav-pa-hjulen\/#primaryimage\",\"url\":\"https:\/\/www.manner.fi\/wp-content\/uploads\/2022\/08\/Manner-Werth_refe_hero.jpg\",\"contentUrl\":\"https:\/\/www.manner.fi\/wp-content\/uploads\/2022\/08\/Manner-Werth_refe_hero.jpg\",\"width\":1600,\"height\":612},{\"@type\":\"BreadcrumbList\",\"@id\":\"https:\/\/www.manner.fi\/sv\/topprodukterna-fran-werth-systems-staller-ocksa-stora-krav-pa-hjulen\/#breadcrumb\",\"itemListElement\":[{\"@type\":\"ListItem\",\"position\":1,\"name\":\"Home\",\"item\":\"https:\/\/www.manner.fi\/sv\/\"},{\"@type\":\"ListItem\",\"position\":2,\"name\":\"Topprodukterna fr\u00e5n Werth Systems st\u00e4ller ocks\u00e5 stora krav p\u00e5 hjulen\"}]},{\"@type\":\"WebSite\",\"@id\":\"https:\/\/www.manner.fi\/#website\",\"url\":\"https:\/\/www.manner.fi\/\",\"name\":\"Manner\",\"description\":\"Smart Moves on Manner Castors\",\"potentialAction\":[{\"@type\":\"SearchAction\",\"target\":{\"@type\":\"EntryPoint\",\"urlTemplate\":\"https:\/\/www.manner.fi\/?s={search_term_string}\"},\"query-input\":{\"@type\":\"PropertyValueSpecification\",\"valueRequired\":true,\"valueName\":\"search_term_string\"}}],\"inLanguage\":\"sv-SE\"}]}<\/script>\n<!-- \/ Yoast SEO plugin. -->","yoast_head_json":{"title":"Topprodukterna fr\u00e5n Werth Systems st\u00e4ller ocks\u00e5 stora krav p\u00e5 hjulen - Manner","robots":{"index":"index","follow":"follow","max-snippet":"max-snippet:-1","max-image-preview":"max-image-preview:large","max-video-preview":"max-video-preview:-1"},"og_locale":"sv_SE","og_type":"article","og_title":"Topprodukterna fr\u00e5n Werth Systems st\u00e4ller ocks\u00e5 stora krav p\u00e5 hjulen - Manner","og_description":"Werth Systems s\u00f6kte runt om i v\u00e4rlden efter hjul som l\u00e4mpade sig f\u00f6r sina \u00a0modul\u00e4ra medicintekniska IT-vagnar, men de hjul som b\u00e4st uppfyllde kraven fann man i Finland \u2013 hos Manner. Werth Systems Oy levererar h\u00f6gklassiga medicintekniska IT-apparater samt k\u00e4rr-, vagns- eller stativl\u00f6sningar till operat\u00f6rer inom h\u00e4lso- och sjukv\u00e5rdsbranschen, och f\u00f6retaget \u00e4r k\u00e4nt som en [&hellip;]","og_url":"https:\/\/www.manner.fi\/sv\/topprodukterna-fran-werth-systems-staller-ocksa-stora-krav-pa-hjulen\/","og_site_name":"Manner","article_modified_time":"2022-08-30T14:06:15+00:00","og_image":[{"width":1600,"height":612,"url":"https:\/\/www.manner.fi\/wp-content\/uploads\/2022\/08\/Manner-Werth_refe_hero.jpg","type":"image\/jpeg"}],"twitter_card":"summary_large_image","twitter_misc":{"Ber\u00e4knad l\u00e4stid":"3 minuter"},"schema":{"@context":"https:\/\/schema.org","@graph":[{"@type":"WebPage","@id":"https:\/\/www.manner.fi\/sv\/topprodukterna-fran-werth-systems-staller-ocksa-stora-krav-pa-hjulen\/","url":"https:\/\/www.manner.fi\/sv\/topprodukterna-fran-werth-systems-staller-ocksa-stora-krav-pa-hjulen\/","name":"Topprodukterna fr\u00e5n Werth Systems st\u00e4ller ocks\u00e5 stora krav p\u00e5 hjulen - Manner","isPartOf":{"@id":"https:\/\/www.manner.fi\/#website"},"primaryImageOfPage":{"@id":"https:\/\/www.manner.fi\/sv\/topprodukterna-fran-werth-systems-staller-ocksa-stora-krav-pa-hjulen\/#primaryimage"},"image":{"@id":"https:\/\/www.manner.fi\/sv\/topprodukterna-fran-werth-systems-staller-ocksa-stora-krav-pa-hjulen\/#primaryimage"},"thumbnailUrl":"https:\/\/www.manner.fi\/wp-content\/uploads\/2022\/08\/Manner-Werth_refe_hero.jpg","datePublished":"2022-08-12T07:39:54+00:00","dateModified":"2022-08-30T14:06:15+00:00","breadcrumb":{"@id":"https:\/\/www.manner.fi\/sv\/topprodukterna-fran-werth-systems-staller-ocksa-stora-krav-pa-hjulen\/#breadcrumb"},"inLanguage":"sv-SE","potentialAction":[{"@type":"ReadAction","target":["https:\/\/www.manner.fi\/sv\/topprodukterna-fran-werth-systems-staller-ocksa-stora-krav-pa-hjulen\/"]}]},{"@type":"ImageObject","inLanguage":"sv-SE","@id":"https:\/\/www.manner.fi\/sv\/topprodukterna-fran-werth-systems-staller-ocksa-stora-krav-pa-hjulen\/#primaryimage","url":"https:\/\/www.manner.fi\/wp-content\/uploads\/2022\/08\/Manner-Werth_refe_hero.jpg","contentUrl":"https:\/\/www.manner.fi\/wp-content\/uploads\/2022\/08\/Manner-Werth_refe_hero.jpg","width":1600,"height":612},{"@type":"BreadcrumbList","@id":"https:\/\/www.manner.fi\/sv\/topprodukterna-fran-werth-systems-staller-ocksa-stora-krav-pa-hjulen\/#breadcrumb","itemListElement":[{"@type":"ListItem","position":1,"name":"Home","item":"https:\/\/www.manner.fi\/sv\/"},{"@type":"ListItem","position":2,"name":"Topprodukterna fr\u00e5n Werth Systems st\u00e4ller ocks\u00e5 stora krav p\u00e5 hjulen"}]},{"@type":"WebSite","@id":"https:\/\/www.manner.fi\/#website","url":"https:\/\/www.manner.fi\/","name":"Manner","description":"Smart Moves on Manner Castors","potentialAction":[{"@type":"SearchAction","target":{"@type":"EntryPoint","urlTemplate":"https:\/\/www.manner.fi\/?s={search_term_string}"},"query-input":{"@type":"PropertyValueSpecification","valueRequired":true,"valueName":"search_term_string"}}],"inLanguage":"sv-SE"}]}},"_links":{"self":[{"href":"https:\/\/www.manner.fi\/sv\/wp-json\/wp\/v2\/pages\/188081","targetHints":{"allow":["GET"]}}],"collection":[{"href":"https:\/\/www.manner.fi\/sv\/wp-json\/wp\/v2\/pages"}],"about":[{"href":"https:\/\/www.manner.fi\/sv\/wp-json\/wp\/v2\/types\/page"}],"author":[{"embeddable":true,"href":"https:\/\/www.manner.fi\/sv\/wp-json\/wp\/v2\/users\/1"}],"replies":[{"embeddable":true,"href":"https:\/\/www.manner.fi\/sv\/wp-json\/wp\/v2\/comments?post=188081"}],"version-history":[{"count":3,"href":"https:\/\/www.manner.fi\/sv\/wp-json\/wp\/v2\/pages\/188081\/revisions"}],"predecessor-version":[{"id":188092,"href":"https:\/\/www.manner.fi\/sv\/wp-json\/wp\/v2\/pages\/188081\/revisions\/188092"}],"wp:featuredmedia":[{"embeddable":true,"href":"https:\/\/www.manner.fi\/sv\/wp-json\/wp\/v2\/media\/188050"}],"wp:attachment":[{"href":"https:\/\/www.manner.fi\/sv\/wp-json\/wp\/v2\/media?parent=188081"}],"curies":[{"name":"wp","href":"https:\/\/api.w.org\/{rel}","templated":true}]}}