{"id":186489,"date":"2020-06-23T08:54:42","date_gmt":"2020-06-23T05:54:42","guid":{"rendered":"https:\/\/www.manner.fi\/?page_id=186489"},"modified":"2022-01-10T11:36:15","modified_gmt":"2022-01-10T09:36:15","slug":"elledande-hjul","status":"publish","type":"page","link":"https:\/\/www.manner.fi\/sv\/produkter\/elledande-hjul\/","title":{"rendered":"Elledande hjul"},"content":{"rendered":"<p style=\"text-align: center;\">Elledande hjul anv\u00e4nds p\u00e5 platser d\u00e4r statisk elektricitet ska ledas bort fr\u00e5n apparaten eller vagnen eller d\u00e5 man vill f\u00f6rhindra att statisk elektricitet bildas. Typiska anv\u00e4ndningsmilj\u00f6er \u00e4r till exempel elektronikindustrin och sjukhus d\u00e4r apparater eller produkter uts\u00e4tts f\u00f6r statisk elektricitet.<\/p>\n<p style=\"text-align: center;\">Manners elledande hjul tillverkas av f\u00f6rstklassiga r\u00e5varor som garanterar goda elledande egenskaper. Stommen i hjulen \u00e4r av b\u00f6jt st\u00e5l eller glasfiberarmerad elledande polyamid. Sj\u00e4lva hjulets material best\u00e5r av elledande polyamid, polyuretan eller termoplastiskt gummi. Hjulen har beroende p\u00e5 modell antingen glid- eller kullager. Tack vare de material som anv\u00e4nds i hjulens slitbana l\u00e4mnar de inga sp\u00e5r p\u00e5 varken underlag eller golv.<\/p>\n<p style=\"text-align: center;\">Manners samtliga elledande hjul \u00e4r f\u00f6renliga med ISO-standarden, vilket inneb\u00e4r att hjulens resistivitet \u00e4r mindre \u00e4n 10<sup>4<\/sup> (10 000) ohm.<\/p>\n","protected":false},"excerpt":{"rendered":"<p>Elledande hjul anv\u00e4nds p\u00e5 platser d\u00e4r statisk elektricitet ska ledas bort fr\u00e5n apparaten eller vagnen eller d\u00e5 man vill f\u00f6rhindra att statisk elektricitet bildas. Typiska anv\u00e4ndningsmilj\u00f6er \u00e4r till exempel elektronikindustrin och sjukhus d\u00e4r apparater eller produkter uts\u00e4tts f\u00f6r statisk elektricitet. Manners elledande hjul tillverkas av f\u00f6rstklassiga r\u00e5varor som garanterar goda elledande egenskaper. Stommen i hjulen [&hellip;]<\/p>\n","protected":false},"author":1,"featured_media":186446,"parent":7581,"menu_order":0,"comment_status":"closed","ping_status":"closed","template":"","meta":{"_acf_changed":false,"footnotes":""},"class_list":["post-186489","page","type-page","status-publish","has-post-thumbnail","hentry"],"acf":[],"yoast_head":"<!-- This site is optimized with the Yoast SEO plugin v25.2 - https:\/\/yoast.com\/wordpress\/plugins\/seo\/ -->\n<title>Elledande hjul - Manner<\/title>\n<meta name=\"robots\" content=\"index, follow, max-snippet:-1, max-image-preview:large, max-video-preview:-1\" \/>\n<meta property=\"og:locale\" content=\"sv_SE\" \/>\n<meta property=\"og:type\" content=\"article\" \/>\n<meta property=\"og:title\" content=\"Elledande hjul - Manner\" \/>\n<meta property=\"og:description\" content=\"Elledande hjul anv\u00e4nds p\u00e5 platser d\u00e4r statisk elektricitet ska ledas bort fr\u00e5n apparaten eller vagnen eller d\u00e5 man vill f\u00f6rhindra att statisk elektricitet bildas. Typiska anv\u00e4ndningsmilj\u00f6er \u00e4r till exempel elektronikindustrin och sjukhus d\u00e4r apparater eller produkter uts\u00e4tts f\u00f6r statisk elektricitet. Manners elledande hjul tillverkas av f\u00f6rstklassiga r\u00e5varor som garanterar goda elledande egenskaper. Stommen i hjulen [&hellip;]\" \/>\n<meta property=\"og:url\" content=\"https:\/\/www.manner.fi\/sv\/produkter\/elledande-hjul\/\" \/>\n<meta property=\"og:site_name\" content=\"Manner\" \/>\n<meta property=\"article:modified_time\" content=\"2022-01-10T09:36:15+00:00\" \/>\n<meta property=\"og:image\" content=\"https:\/\/www.manner.fi\/wp-content\/uploads\/2020\/06\/tuotteet_sahkoa_johtava_hero.jpg\" \/>\n\t<meta property=\"og:image:width\" content=\"1600\" \/>\n\t<meta property=\"og:image:height\" content=\"612\" \/>\n\t<meta property=\"og:image:type\" content=\"image\/jpeg\" \/>\n<meta name=\"twitter:card\" content=\"summary_large_image\" \/>\n<meta name=\"twitter:label1\" content=\"Ber\u00e4knad l\u00e4stid\" \/>\n\t<meta name=\"twitter:data1\" content=\"1 minut\" \/>\n<script type=\"application\/ld+json\" class=\"yoast-schema-graph\">{\"@context\":\"https:\/\/schema.org\",\"@graph\":[{\"@type\":\"WebPage\",\"@id\":\"https:\/\/www.manner.fi\/sv\/produkter\/elledande-hjul\/\",\"url\":\"https:\/\/www.manner.fi\/sv\/produkter\/elledande-hjul\/\",\"name\":\"Elledande hjul - Manner\",\"isPartOf\":{\"@id\":\"https:\/\/www.manner.fi\/#website\"},\"primaryImageOfPage\":{\"@id\":\"https:\/\/www.manner.fi\/sv\/produkter\/elledande-hjul\/#primaryimage\"},\"image\":{\"@id\":\"https:\/\/www.manner.fi\/sv\/produkter\/elledande-hjul\/#primaryimage\"},\"thumbnailUrl\":\"https:\/\/www.manner.fi\/wp-content\/uploads\/2020\/06\/tuotteet_sahkoa_johtava_hero.jpg\",\"datePublished\":\"2020-06-23T05:54:42+00:00\",\"dateModified\":\"2022-01-10T09:36:15+00:00\",\"breadcrumb\":{\"@id\":\"https:\/\/www.manner.fi\/sv\/produkter\/elledande-hjul\/#breadcrumb\"},\"inLanguage\":\"sv-SE\",\"potentialAction\":[{\"@type\":\"ReadAction\",\"target\":[\"https:\/\/www.manner.fi\/sv\/produkter\/elledande-hjul\/\"]}]},{\"@type\":\"ImageObject\",\"inLanguage\":\"sv-SE\",\"@id\":\"https:\/\/www.manner.fi\/sv\/produkter\/elledande-hjul\/#primaryimage\",\"url\":\"https:\/\/www.manner.fi\/wp-content\/uploads\/2020\/06\/tuotteet_sahkoa_johtava_hero.jpg\",\"contentUrl\":\"https:\/\/www.manner.fi\/wp-content\/uploads\/2020\/06\/tuotteet_sahkoa_johtava_hero.jpg\",\"width\":1600,\"height\":612},{\"@type\":\"BreadcrumbList\",\"@id\":\"https:\/\/www.manner.fi\/sv\/produkter\/elledande-hjul\/#breadcrumb\",\"itemListElement\":[{\"@type\":\"ListItem\",\"position\":1,\"name\":\"Home\",\"item\":\"https:\/\/www.manner.fi\/sv\/\"},{\"@type\":\"ListItem\",\"position\":2,\"name\":\"Produkter\",\"item\":\"https:\/\/www.manner.fi\/sv\/produkter\/\"},{\"@type\":\"ListItem\",\"position\":3,\"name\":\"Elledande hjul\"}]},{\"@type\":\"WebSite\",\"@id\":\"https:\/\/www.manner.fi\/#website\",\"url\":\"https:\/\/www.manner.fi\/\",\"name\":\"Manner\",\"description\":\"Smart Moves on Manner Castors\",\"potentialAction\":[{\"@type\":\"SearchAction\",\"target\":{\"@type\":\"EntryPoint\",\"urlTemplate\":\"https:\/\/www.manner.fi\/?s={search_term_string}\"},\"query-input\":{\"@type\":\"PropertyValueSpecification\",\"valueRequired\":true,\"valueName\":\"search_term_string\"}}],\"inLanguage\":\"sv-SE\"}]}<\/script>\n<!-- \/ Yoast SEO plugin. -->","yoast_head_json":{"title":"Elledande hjul - Manner","robots":{"index":"index","follow":"follow","max-snippet":"max-snippet:-1","max-image-preview":"max-image-preview:large","max-video-preview":"max-video-preview:-1"},"og_locale":"sv_SE","og_type":"article","og_title":"Elledande hjul - Manner","og_description":"Elledande hjul anv\u00e4nds p\u00e5 platser d\u00e4r statisk elektricitet ska ledas bort fr\u00e5n apparaten eller vagnen eller d\u00e5 man vill f\u00f6rhindra att statisk elektricitet bildas. Typiska anv\u00e4ndningsmilj\u00f6er \u00e4r till exempel elektronikindustrin och sjukhus d\u00e4r apparater eller produkter uts\u00e4tts f\u00f6r statisk elektricitet. Manners elledande hjul tillverkas av f\u00f6rstklassiga r\u00e5varor som garanterar goda elledande egenskaper. Stommen i hjulen [&hellip;]","og_url":"https:\/\/www.manner.fi\/sv\/produkter\/elledande-hjul\/","og_site_name":"Manner","article_modified_time":"2022-01-10T09:36:15+00:00","og_image":[{"width":1600,"height":612,"url":"https:\/\/www.manner.fi\/wp-content\/uploads\/2020\/06\/tuotteet_sahkoa_johtava_hero.jpg","type":"image\/jpeg"}],"twitter_card":"summary_large_image","twitter_misc":{"Ber\u00e4knad l\u00e4stid":"1 minut"},"schema":{"@context":"https:\/\/schema.org","@graph":[{"@type":"WebPage","@id":"https:\/\/www.manner.fi\/sv\/produkter\/elledande-hjul\/","url":"https:\/\/www.manner.fi\/sv\/produkter\/elledande-hjul\/","name":"Elledande hjul - Manner","isPartOf":{"@id":"https:\/\/www.manner.fi\/#website"},"primaryImageOfPage":{"@id":"https:\/\/www.manner.fi\/sv\/produkter\/elledande-hjul\/#primaryimage"},"image":{"@id":"https:\/\/www.manner.fi\/sv\/produkter\/elledande-hjul\/#primaryimage"},"thumbnailUrl":"https:\/\/www.manner.fi\/wp-content\/uploads\/2020\/06\/tuotteet_sahkoa_johtava_hero.jpg","datePublished":"2020-06-23T05:54:42+00:00","dateModified":"2022-01-10T09:36:15+00:00","breadcrumb":{"@id":"https:\/\/www.manner.fi\/sv\/produkter\/elledande-hjul\/#breadcrumb"},"inLanguage":"sv-SE","potentialAction":[{"@type":"ReadAction","target":["https:\/\/www.manner.fi\/sv\/produkter\/elledande-hjul\/"]}]},{"@type":"ImageObject","inLanguage":"sv-SE","@id":"https:\/\/www.manner.fi\/sv\/produkter\/elledande-hjul\/#primaryimage","url":"https:\/\/www.manner.fi\/wp-content\/uploads\/2020\/06\/tuotteet_sahkoa_johtava_hero.jpg","contentUrl":"https:\/\/www.manner.fi\/wp-content\/uploads\/2020\/06\/tuotteet_sahkoa_johtava_hero.jpg","width":1600,"height":612},{"@type":"BreadcrumbList","@id":"https:\/\/www.manner.fi\/sv\/produkter\/elledande-hjul\/#breadcrumb","itemListElement":[{"@type":"ListItem","position":1,"name":"Home","item":"https:\/\/www.manner.fi\/sv\/"},{"@type":"ListItem","position":2,"name":"Produkter","item":"https:\/\/www.manner.fi\/sv\/produkter\/"},{"@type":"ListItem","position":3,"name":"Elledande hjul"}]},{"@type":"WebSite","@id":"https:\/\/www.manner.fi\/#website","url":"https:\/\/www.manner.fi\/","name":"Manner","description":"Smart Moves on Manner Castors","potentialAction":[{"@type":"SearchAction","target":{"@type":"EntryPoint","urlTemplate":"https:\/\/www.manner.fi\/?s={search_term_string}"},"query-input":{"@type":"PropertyValueSpecification","valueRequired":true,"valueName":"search_term_string"}}],"inLanguage":"sv-SE"}]}},"_links":{"self":[{"href":"https:\/\/www.manner.fi\/sv\/wp-json\/wp\/v2\/pages\/186489","targetHints":{"allow":["GET"]}}],"collection":[{"href":"https:\/\/www.manner.fi\/sv\/wp-json\/wp\/v2\/pages"}],"about":[{"href":"https:\/\/www.manner.fi\/sv\/wp-json\/wp\/v2\/types\/page"}],"author":[{"embeddable":true,"href":"https:\/\/www.manner.fi\/sv\/wp-json\/wp\/v2\/users\/1"}],"replies":[{"embeddable":true,"href":"https:\/\/www.manner.fi\/sv\/wp-json\/wp\/v2\/comments?post=186489"}],"version-history":[{"count":2,"href":"https:\/\/www.manner.fi\/sv\/wp-json\/wp\/v2\/pages\/186489\/revisions"}],"predecessor-version":[{"id":187867,"href":"https:\/\/www.manner.fi\/sv\/wp-json\/wp\/v2\/pages\/186489\/revisions\/187867"}],"up":[{"embeddable":true,"href":"https:\/\/www.manner.fi\/sv\/wp-json\/wp\/v2\/pages\/7581"}],"wp:featuredmedia":[{"embeddable":true,"href":"https:\/\/www.manner.fi\/sv\/wp-json\/wp\/v2\/media\/186446"}],"wp:attachment":[{"href":"https:\/\/www.manner.fi\/sv\/wp-json\/wp\/v2\/media?parent=186489"}],"curies":[{"name":"wp","href":"https:\/\/api.w.org\/{rel}","templated":true}]}}