{"id":186486,"date":"2020-06-23T08:52:32","date_gmt":"2020-06-23T05:52:32","guid":{"rendered":"https:\/\/www.manner.fi\/?page_id=186486"},"modified":"2022-01-10T11:23:49","modified_gmt":"2022-01-10T09:23:49","slug":"icke-magnetiska-hjul","status":"publish","type":"page","link":"https:\/\/www.manner.fi\/sv\/produkter\/icke-magnetiska-hjul\/","title":{"rendered":"Icke-magnetiska hjul"},"content":{"rendered":"<p style=\"text-align: center;\">De icke-magnetiska hjulen har planerats f\u00f6r milj\u00f6er d\u00e4r utrustningen m\u00e5ste vara icke-magnetisk, dvs. den f\u00e5r inte orsaka st\u00f6rningar i magnetf\u00e4lt. S\u00e5dana milj\u00f6er \u00e4r till exempel sjukhuslokaler d\u00e4r man utf\u00f6r magnetisk resonanstomografi eller andra forskningslokaler som kr\u00e4ver att man anv\u00e4nder vagnar och utrusning som \u00e4r icke-magnetisk.<\/p>\n<p style=\"text-align: center;\">Hjulgaffeln \u00e4r gjord av glasfiberarmerad polyamid. I gaffelns sv\u00e4nglager och i hjulnavet finns specialkullager, som \u00e4r helt icke-magnetiska. Hjulet kan ocks\u00e5 f\u00e5s med glidlager. Hjulets axel och den g\u00e4ngade tappen \u00e4r gjorda av m\u00e4ssing.<\/p>\n","protected":false},"excerpt":{"rendered":"<p>De icke-magnetiska hjulen har planerats f\u00f6r milj\u00f6er d\u00e4r utrustningen m\u00e5ste vara icke-magnetisk, dvs. den f\u00e5r inte orsaka st\u00f6rningar i magnetf\u00e4lt. S\u00e5dana milj\u00f6er \u00e4r till exempel sjukhuslokaler d\u00e4r man utf\u00f6r magnetisk resonanstomografi eller andra forskningslokaler som kr\u00e4ver att man anv\u00e4nder vagnar och utrusning som \u00e4r icke-magnetisk. Hjulgaffeln \u00e4r gjord av glasfiberarmerad polyamid. I gaffelns sv\u00e4nglager och [&hellip;]<\/p>\n","protected":false},"author":1,"featured_media":186442,"parent":7581,"menu_order":0,"comment_status":"closed","ping_status":"closed","template":"","meta":{"_acf_changed":false,"footnotes":""},"class_list":["post-186486","page","type-page","status-publish","has-post-thumbnail","hentry"],"acf":[],"yoast_head":"<!-- This site is optimized with the Yoast SEO plugin v25.2 - https:\/\/yoast.com\/wordpress\/plugins\/seo\/ -->\n<title>Icke-magnetiska hjul - Manner<\/title>\n<meta name=\"robots\" content=\"index, follow, max-snippet:-1, max-image-preview:large, max-video-preview:-1\" \/>\n<meta property=\"og:locale\" content=\"sv_SE\" \/>\n<meta property=\"og:type\" content=\"article\" \/>\n<meta property=\"og:title\" content=\"Icke-magnetiska hjul - Manner\" \/>\n<meta property=\"og:description\" content=\"De icke-magnetiska hjulen har planerats f\u00f6r milj\u00f6er d\u00e4r utrustningen m\u00e5ste vara icke-magnetisk, dvs. den f\u00e5r inte orsaka st\u00f6rningar i magnetf\u00e4lt. S\u00e5dana milj\u00f6er \u00e4r till exempel sjukhuslokaler d\u00e4r man utf\u00f6r magnetisk resonanstomografi eller andra forskningslokaler som kr\u00e4ver att man anv\u00e4nder vagnar och utrusning som \u00e4r icke-magnetisk. Hjulgaffeln \u00e4r gjord av glasfiberarmerad polyamid. I gaffelns sv\u00e4nglager och [&hellip;]\" \/>\n<meta property=\"og:url\" content=\"https:\/\/www.manner.fi\/sv\/produkter\/icke-magnetiska-hjul\/\" \/>\n<meta property=\"og:site_name\" content=\"Manner\" \/>\n<meta property=\"article:modified_time\" content=\"2022-01-10T09:23:49+00:00\" \/>\n<meta property=\"og:image\" content=\"https:\/\/www.manner.fi\/wp-content\/uploads\/2020\/06\/tuotteet_magnetisoimaton_hero.jpg\" \/>\n\t<meta property=\"og:image:width\" content=\"1600\" \/>\n\t<meta property=\"og:image:height\" content=\"612\" \/>\n\t<meta property=\"og:image:type\" content=\"image\/jpeg\" \/>\n<meta name=\"twitter:card\" content=\"summary_large_image\" \/>\n<script type=\"application\/ld+json\" class=\"yoast-schema-graph\">{\"@context\":\"https:\/\/schema.org\",\"@graph\":[{\"@type\":\"WebPage\",\"@id\":\"https:\/\/www.manner.fi\/sv\/produkter\/icke-magnetiska-hjul\/\",\"url\":\"https:\/\/www.manner.fi\/sv\/produkter\/icke-magnetiska-hjul\/\",\"name\":\"Icke-magnetiska hjul - Manner\",\"isPartOf\":{\"@id\":\"https:\/\/www.manner.fi\/#website\"},\"primaryImageOfPage\":{\"@id\":\"https:\/\/www.manner.fi\/sv\/produkter\/icke-magnetiska-hjul\/#primaryimage\"},\"image\":{\"@id\":\"https:\/\/www.manner.fi\/sv\/produkter\/icke-magnetiska-hjul\/#primaryimage\"},\"thumbnailUrl\":\"https:\/\/www.manner.fi\/wp-content\/uploads\/2020\/06\/tuotteet_magnetisoimaton_hero.jpg\",\"datePublished\":\"2020-06-23T05:52:32+00:00\",\"dateModified\":\"2022-01-10T09:23:49+00:00\",\"breadcrumb\":{\"@id\":\"https:\/\/www.manner.fi\/sv\/produkter\/icke-magnetiska-hjul\/#breadcrumb\"},\"inLanguage\":\"sv-SE\",\"potentialAction\":[{\"@type\":\"ReadAction\",\"target\":[\"https:\/\/www.manner.fi\/sv\/produkter\/icke-magnetiska-hjul\/\"]}]},{\"@type\":\"ImageObject\",\"inLanguage\":\"sv-SE\",\"@id\":\"https:\/\/www.manner.fi\/sv\/produkter\/icke-magnetiska-hjul\/#primaryimage\",\"url\":\"https:\/\/www.manner.fi\/wp-content\/uploads\/2020\/06\/tuotteet_magnetisoimaton_hero.jpg\",\"contentUrl\":\"https:\/\/www.manner.fi\/wp-content\/uploads\/2020\/06\/tuotteet_magnetisoimaton_hero.jpg\",\"width\":1600,\"height\":612},{\"@type\":\"BreadcrumbList\",\"@id\":\"https:\/\/www.manner.fi\/sv\/produkter\/icke-magnetiska-hjul\/#breadcrumb\",\"itemListElement\":[{\"@type\":\"ListItem\",\"position\":1,\"name\":\"Home\",\"item\":\"https:\/\/www.manner.fi\/sv\/\"},{\"@type\":\"ListItem\",\"position\":2,\"name\":\"Produkter\",\"item\":\"https:\/\/www.manner.fi\/sv\/produkter\/\"},{\"@type\":\"ListItem\",\"position\":3,\"name\":\"Icke-magnetiska hjul\"}]},{\"@type\":\"WebSite\",\"@id\":\"https:\/\/www.manner.fi\/#website\",\"url\":\"https:\/\/www.manner.fi\/\",\"name\":\"Manner\",\"description\":\"Smart Moves on Manner Castors\",\"potentialAction\":[{\"@type\":\"SearchAction\",\"target\":{\"@type\":\"EntryPoint\",\"urlTemplate\":\"https:\/\/www.manner.fi\/?s={search_term_string}\"},\"query-input\":{\"@type\":\"PropertyValueSpecification\",\"valueRequired\":true,\"valueName\":\"search_term_string\"}}],\"inLanguage\":\"sv-SE\"}]}<\/script>\n<!-- \/ Yoast SEO plugin. -->","yoast_head_json":{"title":"Icke-magnetiska hjul - Manner","robots":{"index":"index","follow":"follow","max-snippet":"max-snippet:-1","max-image-preview":"max-image-preview:large","max-video-preview":"max-video-preview:-1"},"og_locale":"sv_SE","og_type":"article","og_title":"Icke-magnetiska hjul - Manner","og_description":"De icke-magnetiska hjulen har planerats f\u00f6r milj\u00f6er d\u00e4r utrustningen m\u00e5ste vara icke-magnetisk, dvs. den f\u00e5r inte orsaka st\u00f6rningar i magnetf\u00e4lt. S\u00e5dana milj\u00f6er \u00e4r till exempel sjukhuslokaler d\u00e4r man utf\u00f6r magnetisk resonanstomografi eller andra forskningslokaler som kr\u00e4ver att man anv\u00e4nder vagnar och utrusning som \u00e4r icke-magnetisk. Hjulgaffeln \u00e4r gjord av glasfiberarmerad polyamid. I gaffelns sv\u00e4nglager och [&hellip;]","og_url":"https:\/\/www.manner.fi\/sv\/produkter\/icke-magnetiska-hjul\/","og_site_name":"Manner","article_modified_time":"2022-01-10T09:23:49+00:00","og_image":[{"width":1600,"height":612,"url":"https:\/\/www.manner.fi\/wp-content\/uploads\/2020\/06\/tuotteet_magnetisoimaton_hero.jpg","type":"image\/jpeg"}],"twitter_card":"summary_large_image","schema":{"@context":"https:\/\/schema.org","@graph":[{"@type":"WebPage","@id":"https:\/\/www.manner.fi\/sv\/produkter\/icke-magnetiska-hjul\/","url":"https:\/\/www.manner.fi\/sv\/produkter\/icke-magnetiska-hjul\/","name":"Icke-magnetiska hjul - Manner","isPartOf":{"@id":"https:\/\/www.manner.fi\/#website"},"primaryImageOfPage":{"@id":"https:\/\/www.manner.fi\/sv\/produkter\/icke-magnetiska-hjul\/#primaryimage"},"image":{"@id":"https:\/\/www.manner.fi\/sv\/produkter\/icke-magnetiska-hjul\/#primaryimage"},"thumbnailUrl":"https:\/\/www.manner.fi\/wp-content\/uploads\/2020\/06\/tuotteet_magnetisoimaton_hero.jpg","datePublished":"2020-06-23T05:52:32+00:00","dateModified":"2022-01-10T09:23:49+00:00","breadcrumb":{"@id":"https:\/\/www.manner.fi\/sv\/produkter\/icke-magnetiska-hjul\/#breadcrumb"},"inLanguage":"sv-SE","potentialAction":[{"@type":"ReadAction","target":["https:\/\/www.manner.fi\/sv\/produkter\/icke-magnetiska-hjul\/"]}]},{"@type":"ImageObject","inLanguage":"sv-SE","@id":"https:\/\/www.manner.fi\/sv\/produkter\/icke-magnetiska-hjul\/#primaryimage","url":"https:\/\/www.manner.fi\/wp-content\/uploads\/2020\/06\/tuotteet_magnetisoimaton_hero.jpg","contentUrl":"https:\/\/www.manner.fi\/wp-content\/uploads\/2020\/06\/tuotteet_magnetisoimaton_hero.jpg","width":1600,"height":612},{"@type":"BreadcrumbList","@id":"https:\/\/www.manner.fi\/sv\/produkter\/icke-magnetiska-hjul\/#breadcrumb","itemListElement":[{"@type":"ListItem","position":1,"name":"Home","item":"https:\/\/www.manner.fi\/sv\/"},{"@type":"ListItem","position":2,"name":"Produkter","item":"https:\/\/www.manner.fi\/sv\/produkter\/"},{"@type":"ListItem","position":3,"name":"Icke-magnetiska hjul"}]},{"@type":"WebSite","@id":"https:\/\/www.manner.fi\/#website","url":"https:\/\/www.manner.fi\/","name":"Manner","description":"Smart Moves on Manner Castors","potentialAction":[{"@type":"SearchAction","target":{"@type":"EntryPoint","urlTemplate":"https:\/\/www.manner.fi\/?s={search_term_string}"},"query-input":{"@type":"PropertyValueSpecification","valueRequired":true,"valueName":"search_term_string"}}],"inLanguage":"sv-SE"}]}},"_links":{"self":[{"href":"https:\/\/www.manner.fi\/sv\/wp-json\/wp\/v2\/pages\/186486","targetHints":{"allow":["GET"]}}],"collection":[{"href":"https:\/\/www.manner.fi\/sv\/wp-json\/wp\/v2\/pages"}],"about":[{"href":"https:\/\/www.manner.fi\/sv\/wp-json\/wp\/v2\/types\/page"}],"author":[{"embeddable":true,"href":"https:\/\/www.manner.fi\/sv\/wp-json\/wp\/v2\/users\/1"}],"replies":[{"embeddable":true,"href":"https:\/\/www.manner.fi\/sv\/wp-json\/wp\/v2\/comments?post=186486"}],"version-history":[{"count":2,"href":"https:\/\/www.manner.fi\/sv\/wp-json\/wp\/v2\/pages\/186486\/revisions"}],"predecessor-version":[{"id":187856,"href":"https:\/\/www.manner.fi\/sv\/wp-json\/wp\/v2\/pages\/186486\/revisions\/187856"}],"up":[{"embeddable":true,"href":"https:\/\/www.manner.fi\/sv\/wp-json\/wp\/v2\/pages\/7581"}],"wp:featuredmedia":[{"embeddable":true,"href":"https:\/\/www.manner.fi\/sv\/wp-json\/wp\/v2\/media\/186442"}],"wp:attachment":[{"href":"https:\/\/www.manner.fi\/sv\/wp-json\/wp\/v2\/media?parent=186486"}],"curies":[{"name":"wp","href":"https:\/\/api.w.org\/{rel}","templated":true}]}}