{"id":186482,"date":"2020-06-23T08:48:09","date_gmt":"2020-06-23T05:48:09","guid":{"rendered":"https:\/\/www.manner.fi\/?page_id=186482"},"modified":"2022-01-10T11:32:29","modified_gmt":"2022-01-10T09:32:29","slug":"rostfria-hjul","status":"publish","type":"page","link":"https:\/\/www.manner.fi\/sv\/produkter\/rostfria-hjul\/","title":{"rendered":"Rostfria hjul"},"content":{"rendered":"<p style=\"text-align: center;\">Rostfria hjul \u00e4r r\u00e4tt val f\u00f6r v\u00e5ta och fuktiga f\u00f6rh\u00e5llanden som har en korroderande effekt. Som exempel p\u00e5 anv\u00e4ndnings\u00e4ndam\u00e5l kan n\u00e4mnas apparater och vagnar inom livsmedelsindustrin samt m\u00f6bler, anordningar och vagnar i stork\u00f6k och sjukhus.<\/p>\n<p style=\"text-align: center;\">Manner har flera alternativ d\u00e4r hjulgaffeln best\u00e5r antingen av b\u00f6jt, rostfritt st\u00e5l eller av glasfiberarmerad polyamid. Lagringen i gaffelns sv\u00e4nglager och i hjulets nav \u00e4r rostfri. Rostfria hjul, kan beroende p\u00e5 modell, f\u00f6rses med totalbroms och riktningssp\u00e4rr.<\/p>\n<p style=\"text-align: center;\">Hjulen \u00e4r enkla att reng\u00f6ra och de \u00e4r mycket tv\u00e4tt\u00e5liga. Om utrustningen tv\u00e4ttas med reng\u00f6ringsmedel g\u00e4ller det att s\u00e4kerst\u00e4lla att reng\u00f6ringsmedlet inte skadar hjulet.<\/p>\n","protected":false},"excerpt":{"rendered":"<p>Rostfria hjul \u00e4r r\u00e4tt val f\u00f6r v\u00e5ta och fuktiga f\u00f6rh\u00e5llanden som har en korroderande effekt. Som exempel p\u00e5 anv\u00e4ndnings\u00e4ndam\u00e5l kan n\u00e4mnas apparater och vagnar inom livsmedelsindustrin samt m\u00f6bler, anordningar och vagnar i stork\u00f6k och sjukhus. Manner har flera alternativ d\u00e4r hjulgaffeln best\u00e5r antingen av b\u00f6jt, rostfritt st\u00e5l eller av glasfiberarmerad polyamid. Lagringen i gaffelns sv\u00e4nglager [&hellip;]<\/p>\n","protected":false},"author":1,"featured_media":185981,"parent":7581,"menu_order":0,"comment_status":"closed","ping_status":"closed","template":"","meta":{"_acf_changed":false,"footnotes":""},"class_list":["post-186482","page","type-page","status-publish","has-post-thumbnail","hentry"],"acf":[],"yoast_head":"<!-- This site is optimized with the Yoast SEO plugin v25.2 - https:\/\/yoast.com\/wordpress\/plugins\/seo\/ -->\n<title>Rostfria hjul - Manner<\/title>\n<meta name=\"robots\" content=\"index, follow, max-snippet:-1, max-image-preview:large, max-video-preview:-1\" \/>\n<meta property=\"og:locale\" content=\"sv_SE\" \/>\n<meta property=\"og:type\" content=\"article\" \/>\n<meta property=\"og:title\" content=\"Rostfria hjul - Manner\" \/>\n<meta property=\"og:description\" content=\"Rostfria hjul \u00e4r r\u00e4tt val f\u00f6r v\u00e5ta och fuktiga f\u00f6rh\u00e5llanden som har en korroderande effekt. Som exempel p\u00e5 anv\u00e4ndnings\u00e4ndam\u00e5l kan n\u00e4mnas apparater och vagnar inom livsmedelsindustrin samt m\u00f6bler, anordningar och vagnar i stork\u00f6k och sjukhus. Manner har flera alternativ d\u00e4r hjulgaffeln best\u00e5r antingen av b\u00f6jt, rostfritt st\u00e5l eller av glasfiberarmerad polyamid. Lagringen i gaffelns sv\u00e4nglager [&hellip;]\" \/>\n<meta property=\"og:url\" content=\"https:\/\/www.manner.fi\/sv\/produkter\/rostfria-hjul\/\" \/>\n<meta property=\"og:site_name\" content=\"Manner\" \/>\n<meta property=\"article:modified_time\" content=\"2022-01-10T09:32:29+00:00\" \/>\n<meta property=\"og:image\" content=\"https:\/\/www.manner.fi\/wp-content\/uploads\/2020\/01\/Rosteri_Tango-intensity-sin-scaled.jpg\" \/>\n\t<meta property=\"og:image:width\" content=\"2560\" \/>\n\t<meta property=\"og:image:height\" content=\"1707\" \/>\n\t<meta property=\"og:image:type\" content=\"image\/jpeg\" \/>\n<meta name=\"twitter:card\" content=\"summary_large_image\" \/>\n<meta name=\"twitter:label1\" content=\"Ber\u00e4knad l\u00e4stid\" \/>\n\t<meta name=\"twitter:data1\" content=\"1 minut\" \/>\n<script type=\"application\/ld+json\" class=\"yoast-schema-graph\">{\"@context\":\"https:\/\/schema.org\",\"@graph\":[{\"@type\":\"WebPage\",\"@id\":\"https:\/\/www.manner.fi\/sv\/produkter\/rostfria-hjul\/\",\"url\":\"https:\/\/www.manner.fi\/sv\/produkter\/rostfria-hjul\/\",\"name\":\"Rostfria hjul - Manner\",\"isPartOf\":{\"@id\":\"https:\/\/www.manner.fi\/#website\"},\"primaryImageOfPage\":{\"@id\":\"https:\/\/www.manner.fi\/sv\/produkter\/rostfria-hjul\/#primaryimage\"},\"image\":{\"@id\":\"https:\/\/www.manner.fi\/sv\/produkter\/rostfria-hjul\/#primaryimage\"},\"thumbnailUrl\":\"https:\/\/www.manner.fi\/wp-content\/uploads\/2020\/01\/Rosteri_Tango-intensity-sin-scaled.jpg\",\"datePublished\":\"2020-06-23T05:48:09+00:00\",\"dateModified\":\"2022-01-10T09:32:29+00:00\",\"breadcrumb\":{\"@id\":\"https:\/\/www.manner.fi\/sv\/produkter\/rostfria-hjul\/#breadcrumb\"},\"inLanguage\":\"sv-SE\",\"potentialAction\":[{\"@type\":\"ReadAction\",\"target\":[\"https:\/\/www.manner.fi\/sv\/produkter\/rostfria-hjul\/\"]}]},{\"@type\":\"ImageObject\",\"inLanguage\":\"sv-SE\",\"@id\":\"https:\/\/www.manner.fi\/sv\/produkter\/rostfria-hjul\/#primaryimage\",\"url\":\"https:\/\/www.manner.fi\/wp-content\/uploads\/2020\/01\/Rosteri_Tango-intensity-sin-scaled.jpg\",\"contentUrl\":\"https:\/\/www.manner.fi\/wp-content\/uploads\/2020\/01\/Rosteri_Tango-intensity-sin-scaled.jpg\",\"width\":2560,\"height\":1707},{\"@type\":\"BreadcrumbList\",\"@id\":\"https:\/\/www.manner.fi\/sv\/produkter\/rostfria-hjul\/#breadcrumb\",\"itemListElement\":[{\"@type\":\"ListItem\",\"position\":1,\"name\":\"Home\",\"item\":\"https:\/\/www.manner.fi\/sv\/\"},{\"@type\":\"ListItem\",\"position\":2,\"name\":\"Produkter\",\"item\":\"https:\/\/www.manner.fi\/sv\/produkter\/\"},{\"@type\":\"ListItem\",\"position\":3,\"name\":\"Rostfria hjul\"}]},{\"@type\":\"WebSite\",\"@id\":\"https:\/\/www.manner.fi\/#website\",\"url\":\"https:\/\/www.manner.fi\/\",\"name\":\"Manner\",\"description\":\"Smart Moves on Manner Castors\",\"potentialAction\":[{\"@type\":\"SearchAction\",\"target\":{\"@type\":\"EntryPoint\",\"urlTemplate\":\"https:\/\/www.manner.fi\/?s={search_term_string}\"},\"query-input\":{\"@type\":\"PropertyValueSpecification\",\"valueRequired\":true,\"valueName\":\"search_term_string\"}}],\"inLanguage\":\"sv-SE\"}]}<\/script>\n<!-- \/ Yoast SEO plugin. -->","yoast_head_json":{"title":"Rostfria hjul - Manner","robots":{"index":"index","follow":"follow","max-snippet":"max-snippet:-1","max-image-preview":"max-image-preview:large","max-video-preview":"max-video-preview:-1"},"og_locale":"sv_SE","og_type":"article","og_title":"Rostfria hjul - Manner","og_description":"Rostfria hjul \u00e4r r\u00e4tt val f\u00f6r v\u00e5ta och fuktiga f\u00f6rh\u00e5llanden som har en korroderande effekt. Som exempel p\u00e5 anv\u00e4ndnings\u00e4ndam\u00e5l kan n\u00e4mnas apparater och vagnar inom livsmedelsindustrin samt m\u00f6bler, anordningar och vagnar i stork\u00f6k och sjukhus. Manner har flera alternativ d\u00e4r hjulgaffeln best\u00e5r antingen av b\u00f6jt, rostfritt st\u00e5l eller av glasfiberarmerad polyamid. Lagringen i gaffelns sv\u00e4nglager [&hellip;]","og_url":"https:\/\/www.manner.fi\/sv\/produkter\/rostfria-hjul\/","og_site_name":"Manner","article_modified_time":"2022-01-10T09:32:29+00:00","og_image":[{"width":2560,"height":1707,"url":"https:\/\/www.manner.fi\/wp-content\/uploads\/2020\/01\/Rosteri_Tango-intensity-sin-scaled.jpg","type":"image\/jpeg"}],"twitter_card":"summary_large_image","twitter_misc":{"Ber\u00e4knad l\u00e4stid":"1 minut"},"schema":{"@context":"https:\/\/schema.org","@graph":[{"@type":"WebPage","@id":"https:\/\/www.manner.fi\/sv\/produkter\/rostfria-hjul\/","url":"https:\/\/www.manner.fi\/sv\/produkter\/rostfria-hjul\/","name":"Rostfria hjul - Manner","isPartOf":{"@id":"https:\/\/www.manner.fi\/#website"},"primaryImageOfPage":{"@id":"https:\/\/www.manner.fi\/sv\/produkter\/rostfria-hjul\/#primaryimage"},"image":{"@id":"https:\/\/www.manner.fi\/sv\/produkter\/rostfria-hjul\/#primaryimage"},"thumbnailUrl":"https:\/\/www.manner.fi\/wp-content\/uploads\/2020\/01\/Rosteri_Tango-intensity-sin-scaled.jpg","datePublished":"2020-06-23T05:48:09+00:00","dateModified":"2022-01-10T09:32:29+00:00","breadcrumb":{"@id":"https:\/\/www.manner.fi\/sv\/produkter\/rostfria-hjul\/#breadcrumb"},"inLanguage":"sv-SE","potentialAction":[{"@type":"ReadAction","target":["https:\/\/www.manner.fi\/sv\/produkter\/rostfria-hjul\/"]}]},{"@type":"ImageObject","inLanguage":"sv-SE","@id":"https:\/\/www.manner.fi\/sv\/produkter\/rostfria-hjul\/#primaryimage","url":"https:\/\/www.manner.fi\/wp-content\/uploads\/2020\/01\/Rosteri_Tango-intensity-sin-scaled.jpg","contentUrl":"https:\/\/www.manner.fi\/wp-content\/uploads\/2020\/01\/Rosteri_Tango-intensity-sin-scaled.jpg","width":2560,"height":1707},{"@type":"BreadcrumbList","@id":"https:\/\/www.manner.fi\/sv\/produkter\/rostfria-hjul\/#breadcrumb","itemListElement":[{"@type":"ListItem","position":1,"name":"Home","item":"https:\/\/www.manner.fi\/sv\/"},{"@type":"ListItem","position":2,"name":"Produkter","item":"https:\/\/www.manner.fi\/sv\/produkter\/"},{"@type":"ListItem","position":3,"name":"Rostfria hjul"}]},{"@type":"WebSite","@id":"https:\/\/www.manner.fi\/#website","url":"https:\/\/www.manner.fi\/","name":"Manner","description":"Smart Moves on Manner Castors","potentialAction":[{"@type":"SearchAction","target":{"@type":"EntryPoint","urlTemplate":"https:\/\/www.manner.fi\/?s={search_term_string}"},"query-input":{"@type":"PropertyValueSpecification","valueRequired":true,"valueName":"search_term_string"}}],"inLanguage":"sv-SE"}]}},"_links":{"self":[{"href":"https:\/\/www.manner.fi\/sv\/wp-json\/wp\/v2\/pages\/186482","targetHints":{"allow":["GET"]}}],"collection":[{"href":"https:\/\/www.manner.fi\/sv\/wp-json\/wp\/v2\/pages"}],"about":[{"href":"https:\/\/www.manner.fi\/sv\/wp-json\/wp\/v2\/types\/page"}],"author":[{"embeddable":true,"href":"https:\/\/www.manner.fi\/sv\/wp-json\/wp\/v2\/users\/1"}],"replies":[{"embeddable":true,"href":"https:\/\/www.manner.fi\/sv\/wp-json\/wp\/v2\/comments?post=186482"}],"version-history":[{"count":2,"href":"https:\/\/www.manner.fi\/sv\/wp-json\/wp\/v2\/pages\/186482\/revisions"}],"predecessor-version":[{"id":187862,"href":"https:\/\/www.manner.fi\/sv\/wp-json\/wp\/v2\/pages\/186482\/revisions\/187862"}],"up":[{"embeddable":true,"href":"https:\/\/www.manner.fi\/sv\/wp-json\/wp\/v2\/pages\/7581"}],"wp:featuredmedia":[{"embeddable":true,"href":"https:\/\/www.manner.fi\/sv\/wp-json\/wp\/v2\/media\/185981"}],"wp:attachment":[{"href":"https:\/\/www.manner.fi\/sv\/wp-json\/wp\/v2\/media?parent=186482"}],"curies":[{"name":"wp","href":"https:\/\/api.w.org\/{rel}","templated":true}]}}