{"id":186480,"date":"2020-06-23T12:15:50","date_gmt":"2020-06-23T09:15:50","guid":{"rendered":"https:\/\/www.manner.fi\/?page_id=186480"},"modified":"2022-01-10T14:28:41","modified_gmt":"2022-01-10T12:28:41","slug":"hjul-i-den-tyngre-serien","status":"publish","type":"page","link":"https:\/\/www.manner.fi\/sv\/produkter\/hjul-i-den-tyngre-serien\/","title":{"rendered":"Hjul i den tyngre serien"},"content":{"rendered":"<p style=\"text-align: center;\"><span lang=\"SV\">Hjulen i den tyngre serien \u00e4r avsedda s\u00e4rskilt f\u00f6r utrustning som ska t\u00e5la stora och tunga laster. En del hjul i Manners sortiment t\u00e5l en belastning p\u00e5 upp till 6\u00a0200 kg. Sv\u00e4nggafflarna har ett starkt och h\u00e5llbart sv\u00e4nglager med material av polyamid, polyuretan eller gjuten uretan i hjulets slitbana. I hjulalternativen finns som standard ett kullagrat hjul som garanterar l\u00e4ttr\u00f6rlighet \u00e4ven vid tunga laster.<\/span><\/p>\n<p>&nbsp;<\/p>\n","protected":false},"excerpt":{"rendered":"<p>Hjulen i den tyngre serien \u00e4r avsedda s\u00e4rskilt f\u00f6r utrustning som ska t\u00e5la stora och tunga laster. En del hjul i Manners sortiment t\u00e5l en belastning p\u00e5 upp till 6\u00a0200 kg. Sv\u00e4nggafflarna har ett starkt och h\u00e5llbart sv\u00e4nglager med material av polyamid, polyuretan eller gjuten uretan i hjulets slitbana. I hjulalternativen finns som standard ett [&hellip;]<\/p>\n","protected":false},"author":1,"featured_media":186462,"parent":7581,"menu_order":0,"comment_status":"closed","ping_status":"closed","template":"","meta":{"_acf_changed":false,"footnotes":""},"class_list":["post-186480","page","type-page","status-publish","has-post-thumbnail","hentry"],"acf":[],"yoast_head":"<!-- This site is optimized with the Yoast SEO plugin v25.2 - https:\/\/yoast.com\/wordpress\/plugins\/seo\/ -->\n<title>Hjul i den tyngre serien - Manner<\/title>\n<meta name=\"robots\" content=\"index, follow, max-snippet:-1, max-image-preview:large, max-video-preview:-1\" \/>\n<meta property=\"og:locale\" content=\"sv_SE\" \/>\n<meta property=\"og:type\" content=\"article\" \/>\n<meta property=\"og:title\" content=\"Hjul i den tyngre serien - Manner\" \/>\n<meta property=\"og:description\" content=\"Hjulen i den tyngre serien \u00e4r avsedda s\u00e4rskilt f\u00f6r utrustning som ska t\u00e5la stora och tunga laster. En del hjul i Manners sortiment t\u00e5l en belastning p\u00e5 upp till 6\u00a0200 kg. Sv\u00e4nggafflarna har ett starkt och h\u00e5llbart sv\u00e4nglager med material av polyamid, polyuretan eller gjuten uretan i hjulets slitbana. I hjulalternativen finns som standard ett [&hellip;]\" \/>\n<meta property=\"og:url\" content=\"https:\/\/www.manner.fi\/sv\/produkter\/hjul-i-den-tyngre-serien\/\" \/>\n<meta property=\"og:site_name\" content=\"Manner\" \/>\n<meta property=\"article:modified_time\" content=\"2022-01-10T12:28:41+00:00\" \/>\n<meta property=\"og:image\" content=\"https:\/\/www.manner.fi\/wp-content\/uploads\/2020\/06\/tuotteet_logistiikka_ja_teollisuus_raskassarja_hero-1.jpg\" \/>\n\t<meta property=\"og:image:width\" content=\"1600\" \/>\n\t<meta property=\"og:image:height\" content=\"612\" \/>\n\t<meta property=\"og:image:type\" content=\"image\/jpeg\" \/>\n<meta name=\"twitter:card\" content=\"summary_large_image\" \/>\n<script type=\"application\/ld+json\" class=\"yoast-schema-graph\">{\"@context\":\"https:\/\/schema.org\",\"@graph\":[{\"@type\":\"WebPage\",\"@id\":\"https:\/\/www.manner.fi\/sv\/produkter\/hjul-i-den-tyngre-serien\/\",\"url\":\"https:\/\/www.manner.fi\/sv\/produkter\/hjul-i-den-tyngre-serien\/\",\"name\":\"Hjul i den tyngre serien - Manner\",\"isPartOf\":{\"@id\":\"https:\/\/www.manner.fi\/#website\"},\"primaryImageOfPage\":{\"@id\":\"https:\/\/www.manner.fi\/sv\/produkter\/hjul-i-den-tyngre-serien\/#primaryimage\"},\"image\":{\"@id\":\"https:\/\/www.manner.fi\/sv\/produkter\/hjul-i-den-tyngre-serien\/#primaryimage\"},\"thumbnailUrl\":\"https:\/\/www.manner.fi\/wp-content\/uploads\/2020\/06\/tuotteet_logistiikka_ja_teollisuus_raskassarja_hero-1.jpg\",\"datePublished\":\"2020-06-23T09:15:50+00:00\",\"dateModified\":\"2022-01-10T12:28:41+00:00\",\"breadcrumb\":{\"@id\":\"https:\/\/www.manner.fi\/sv\/produkter\/hjul-i-den-tyngre-serien\/#breadcrumb\"},\"inLanguage\":\"sv-SE\",\"potentialAction\":[{\"@type\":\"ReadAction\",\"target\":[\"https:\/\/www.manner.fi\/sv\/produkter\/hjul-i-den-tyngre-serien\/\"]}]},{\"@type\":\"ImageObject\",\"inLanguage\":\"sv-SE\",\"@id\":\"https:\/\/www.manner.fi\/sv\/produkter\/hjul-i-den-tyngre-serien\/#primaryimage\",\"url\":\"https:\/\/www.manner.fi\/wp-content\/uploads\/2020\/06\/tuotteet_logistiikka_ja_teollisuus_raskassarja_hero-1.jpg\",\"contentUrl\":\"https:\/\/www.manner.fi\/wp-content\/uploads\/2020\/06\/tuotteet_logistiikka_ja_teollisuus_raskassarja_hero-1.jpg\",\"width\":1600,\"height\":612},{\"@type\":\"BreadcrumbList\",\"@id\":\"https:\/\/www.manner.fi\/sv\/produkter\/hjul-i-den-tyngre-serien\/#breadcrumb\",\"itemListElement\":[{\"@type\":\"ListItem\",\"position\":1,\"name\":\"Home\",\"item\":\"https:\/\/www.manner.fi\/sv\/\"},{\"@type\":\"ListItem\",\"position\":2,\"name\":\"Produkter\",\"item\":\"https:\/\/www.manner.fi\/sv\/produkter\/\"},{\"@type\":\"ListItem\",\"position\":3,\"name\":\"Hjul i den tyngre serien\"}]},{\"@type\":\"WebSite\",\"@id\":\"https:\/\/www.manner.fi\/#website\",\"url\":\"https:\/\/www.manner.fi\/\",\"name\":\"Manner\",\"description\":\"Smart Moves on Manner Castors\",\"potentialAction\":[{\"@type\":\"SearchAction\",\"target\":{\"@type\":\"EntryPoint\",\"urlTemplate\":\"https:\/\/www.manner.fi\/?s={search_term_string}\"},\"query-input\":{\"@type\":\"PropertyValueSpecification\",\"valueRequired\":true,\"valueName\":\"search_term_string\"}}],\"inLanguage\":\"sv-SE\"}]}<\/script>\n<!-- \/ Yoast SEO plugin. -->","yoast_head_json":{"title":"Hjul i den tyngre serien - Manner","robots":{"index":"index","follow":"follow","max-snippet":"max-snippet:-1","max-image-preview":"max-image-preview:large","max-video-preview":"max-video-preview:-1"},"og_locale":"sv_SE","og_type":"article","og_title":"Hjul i den tyngre serien - Manner","og_description":"Hjulen i den tyngre serien \u00e4r avsedda s\u00e4rskilt f\u00f6r utrustning som ska t\u00e5la stora och tunga laster. En del hjul i Manners sortiment t\u00e5l en belastning p\u00e5 upp till 6\u00a0200 kg. Sv\u00e4nggafflarna har ett starkt och h\u00e5llbart sv\u00e4nglager med material av polyamid, polyuretan eller gjuten uretan i hjulets slitbana. I hjulalternativen finns som standard ett [&hellip;]","og_url":"https:\/\/www.manner.fi\/sv\/produkter\/hjul-i-den-tyngre-serien\/","og_site_name":"Manner","article_modified_time":"2022-01-10T12:28:41+00:00","og_image":[{"width":1600,"height":612,"url":"https:\/\/www.manner.fi\/wp-content\/uploads\/2020\/06\/tuotteet_logistiikka_ja_teollisuus_raskassarja_hero-1.jpg","type":"image\/jpeg"}],"twitter_card":"summary_large_image","schema":{"@context":"https:\/\/schema.org","@graph":[{"@type":"WebPage","@id":"https:\/\/www.manner.fi\/sv\/produkter\/hjul-i-den-tyngre-serien\/","url":"https:\/\/www.manner.fi\/sv\/produkter\/hjul-i-den-tyngre-serien\/","name":"Hjul i den tyngre serien - Manner","isPartOf":{"@id":"https:\/\/www.manner.fi\/#website"},"primaryImageOfPage":{"@id":"https:\/\/www.manner.fi\/sv\/produkter\/hjul-i-den-tyngre-serien\/#primaryimage"},"image":{"@id":"https:\/\/www.manner.fi\/sv\/produkter\/hjul-i-den-tyngre-serien\/#primaryimage"},"thumbnailUrl":"https:\/\/www.manner.fi\/wp-content\/uploads\/2020\/06\/tuotteet_logistiikka_ja_teollisuus_raskassarja_hero-1.jpg","datePublished":"2020-06-23T09:15:50+00:00","dateModified":"2022-01-10T12:28:41+00:00","breadcrumb":{"@id":"https:\/\/www.manner.fi\/sv\/produkter\/hjul-i-den-tyngre-serien\/#breadcrumb"},"inLanguage":"sv-SE","potentialAction":[{"@type":"ReadAction","target":["https:\/\/www.manner.fi\/sv\/produkter\/hjul-i-den-tyngre-serien\/"]}]},{"@type":"ImageObject","inLanguage":"sv-SE","@id":"https:\/\/www.manner.fi\/sv\/produkter\/hjul-i-den-tyngre-serien\/#primaryimage","url":"https:\/\/www.manner.fi\/wp-content\/uploads\/2020\/06\/tuotteet_logistiikka_ja_teollisuus_raskassarja_hero-1.jpg","contentUrl":"https:\/\/www.manner.fi\/wp-content\/uploads\/2020\/06\/tuotteet_logistiikka_ja_teollisuus_raskassarja_hero-1.jpg","width":1600,"height":612},{"@type":"BreadcrumbList","@id":"https:\/\/www.manner.fi\/sv\/produkter\/hjul-i-den-tyngre-serien\/#breadcrumb","itemListElement":[{"@type":"ListItem","position":1,"name":"Home","item":"https:\/\/www.manner.fi\/sv\/"},{"@type":"ListItem","position":2,"name":"Produkter","item":"https:\/\/www.manner.fi\/sv\/produkter\/"},{"@type":"ListItem","position":3,"name":"Hjul i den tyngre serien"}]},{"@type":"WebSite","@id":"https:\/\/www.manner.fi\/#website","url":"https:\/\/www.manner.fi\/","name":"Manner","description":"Smart Moves on Manner Castors","potentialAction":[{"@type":"SearchAction","target":{"@type":"EntryPoint","urlTemplate":"https:\/\/www.manner.fi\/?s={search_term_string}"},"query-input":{"@type":"PropertyValueSpecification","valueRequired":true,"valueName":"search_term_string"}}],"inLanguage":"sv-SE"}]}},"_links":{"self":[{"href":"https:\/\/www.manner.fi\/sv\/wp-json\/wp\/v2\/pages\/186480","targetHints":{"allow":["GET"]}}],"collection":[{"href":"https:\/\/www.manner.fi\/sv\/wp-json\/wp\/v2\/pages"}],"about":[{"href":"https:\/\/www.manner.fi\/sv\/wp-json\/wp\/v2\/types\/page"}],"author":[{"embeddable":true,"href":"https:\/\/www.manner.fi\/sv\/wp-json\/wp\/v2\/users\/1"}],"replies":[{"embeddable":true,"href":"https:\/\/www.manner.fi\/sv\/wp-json\/wp\/v2\/comments?post=186480"}],"version-history":[{"count":2,"href":"https:\/\/www.manner.fi\/sv\/wp-json\/wp\/v2\/pages\/186480\/revisions"}],"predecessor-version":[{"id":187906,"href":"https:\/\/www.manner.fi\/sv\/wp-json\/wp\/v2\/pages\/186480\/revisions\/187906"}],"up":[{"embeddable":true,"href":"https:\/\/www.manner.fi\/sv\/wp-json\/wp\/v2\/pages\/7581"}],"wp:featuredmedia":[{"embeddable":true,"href":"https:\/\/www.manner.fi\/sv\/wp-json\/wp\/v2\/media\/186462"}],"wp:attachment":[{"href":"https:\/\/www.manner.fi\/sv\/wp-json\/wp\/v2\/media?parent=186480"}],"curies":[{"name":"wp","href":"https:\/\/api.w.org\/{rel}","templated":true}]}}