{"id":186478,"date":"2020-06-23T12:12:17","date_gmt":"2020-06-23T09:12:17","guid":{"rendered":"https:\/\/www.manner.fi\/?page_id=186478"},"modified":"2022-01-10T14:36:48","modified_gmt":"2022-01-10T12:36:48","slug":"hjul-i-den-lattare-serien","status":"publish","type":"page","link":"https:\/\/www.manner.fi\/sv\/produkter\/hjul-i-den-lattare-serien\/","title":{"rendered":"Hjul i den l\u00e4ttare serien"},"content":{"rendered":"<p style=\"text-align: center;\">Hjul i den l\u00e4ttare serien anv\u00e4nds bl.a. inom bryggeri- och mejeriindustrin samt inom handelns logistikfunktioner.<\/p>\n<p style=\"text-align: center;\">Gaffeln best\u00e5r av b\u00f6jt, f\u00f6rzinkat st\u00e5l. Sv\u00e4nglagret har tv\u00e5 kulkretsar med kulor av h\u00e4rdat st\u00e5l. De underh\u00e5llsfria, lagrade hjulen g\u00f6r det l\u00e4tt att transportera ocks\u00e5 tyngre laster.<\/p>\n<p style=\"text-align: center;\">I Manners sortiment finns flera olika hjulalternativ f\u00f6r olika anv\u00e4ndnings\u00e4ndam\u00e5l. Hjulen kan ocks\u00e5 tillverkas efter kundens f\u00e4rg\u00f6nskem\u00e5l om best\u00e4llningen \u00f6verskrider ett visst minimiantal. Hjul finns ocks\u00e5 som elledande.<\/p>\n","protected":false},"excerpt":{"rendered":"<p>Hjul i den l\u00e4ttare serien anv\u00e4nds bl.a. inom bryggeri- och mejeriindustrin samt inom handelns logistikfunktioner. Gaffeln best\u00e5r av b\u00f6jt, f\u00f6rzinkat st\u00e5l. Sv\u00e4nglagret har tv\u00e5 kulkretsar med kulor av h\u00e4rdat st\u00e5l. De underh\u00e5llsfria, lagrade hjulen g\u00f6r det l\u00e4tt att transportera ocks\u00e5 tyngre laster. I Manners sortiment finns flera olika hjulalternativ f\u00f6r olika anv\u00e4ndnings\u00e4ndam\u00e5l. Hjulen kan ocks\u00e5 [&hellip;]<\/p>\n","protected":false},"author":1,"featured_media":184727,"parent":7581,"menu_order":0,"comment_status":"closed","ping_status":"closed","template":"","meta":{"_acf_changed":false,"footnotes":""},"class_list":["post-186478","page","type-page","status-publish","has-post-thumbnail","hentry"],"acf":[],"yoast_head":"<!-- This site is optimized with the Yoast SEO plugin v25.2 - https:\/\/yoast.com\/wordpress\/plugins\/seo\/ -->\n<title>Hjul i den l\u00e4ttare serien - Manner<\/title>\n<meta name=\"robots\" content=\"index, follow, max-snippet:-1, max-image-preview:large, max-video-preview:-1\" \/>\n<meta property=\"og:locale\" content=\"sv_SE\" \/>\n<meta property=\"og:type\" content=\"article\" \/>\n<meta property=\"og:title\" content=\"Hjul i den l\u00e4ttare serien - Manner\" \/>\n<meta property=\"og:description\" content=\"Hjul i den l\u00e4ttare serien anv\u00e4nds bl.a. inom bryggeri- och mejeriindustrin samt inom handelns logistikfunktioner. Gaffeln best\u00e5r av b\u00f6jt, f\u00f6rzinkat st\u00e5l. Sv\u00e4nglagret har tv\u00e5 kulkretsar med kulor av h\u00e4rdat st\u00e5l. De underh\u00e5llsfria, lagrade hjulen g\u00f6r det l\u00e4tt att transportera ocks\u00e5 tyngre laster. I Manners sortiment finns flera olika hjulalternativ f\u00f6r olika anv\u00e4ndnings\u00e4ndam\u00e5l. Hjulen kan ocks\u00e5 [&hellip;]\" \/>\n<meta property=\"og:url\" content=\"https:\/\/www.manner.fi\/sv\/produkter\/hjul-i-den-lattare-serien\/\" \/>\n<meta property=\"og:site_name\" content=\"Manner\" \/>\n<meta property=\"article:modified_time\" content=\"2022-01-10T12:36:48+00:00\" \/>\n<meta property=\"og:image\" content=\"https:\/\/www.manner.fi\/wp-content\/uploads\/2019\/03\/kayttokohteet-logistiikka-1.jpg\" \/>\n\t<meta property=\"og:image:width\" content=\"1600\" \/>\n\t<meta property=\"og:image:height\" content=\"612\" \/>\n\t<meta property=\"og:image:type\" content=\"image\/jpeg\" \/>\n<meta name=\"twitter:card\" content=\"summary_large_image\" \/>\n<script type=\"application\/ld+json\" class=\"yoast-schema-graph\">{\"@context\":\"https:\/\/schema.org\",\"@graph\":[{\"@type\":\"WebPage\",\"@id\":\"https:\/\/www.manner.fi\/sv\/produkter\/hjul-i-den-lattare-serien\/\",\"url\":\"https:\/\/www.manner.fi\/sv\/produkter\/hjul-i-den-lattare-serien\/\",\"name\":\"Hjul i den l\u00e4ttare serien - Manner\",\"isPartOf\":{\"@id\":\"https:\/\/www.manner.fi\/#website\"},\"primaryImageOfPage\":{\"@id\":\"https:\/\/www.manner.fi\/sv\/produkter\/hjul-i-den-lattare-serien\/#primaryimage\"},\"image\":{\"@id\":\"https:\/\/www.manner.fi\/sv\/produkter\/hjul-i-den-lattare-serien\/#primaryimage\"},\"thumbnailUrl\":\"https:\/\/www.manner.fi\/wp-content\/uploads\/2019\/03\/kayttokohteet-logistiikka-1.jpg\",\"datePublished\":\"2020-06-23T09:12:17+00:00\",\"dateModified\":\"2022-01-10T12:36:48+00:00\",\"breadcrumb\":{\"@id\":\"https:\/\/www.manner.fi\/sv\/produkter\/hjul-i-den-lattare-serien\/#breadcrumb\"},\"inLanguage\":\"sv-SE\",\"potentialAction\":[{\"@type\":\"ReadAction\",\"target\":[\"https:\/\/www.manner.fi\/sv\/produkter\/hjul-i-den-lattare-serien\/\"]}]},{\"@type\":\"ImageObject\",\"inLanguage\":\"sv-SE\",\"@id\":\"https:\/\/www.manner.fi\/sv\/produkter\/hjul-i-den-lattare-serien\/#primaryimage\",\"url\":\"https:\/\/www.manner.fi\/wp-content\/uploads\/2019\/03\/kayttokohteet-logistiikka-1.jpg\",\"contentUrl\":\"https:\/\/www.manner.fi\/wp-content\/uploads\/2019\/03\/kayttokohteet-logistiikka-1.jpg\",\"width\":1600,\"height\":612,\"caption\":\"Manner industrihjul f\u00f6r logistik\"},{\"@type\":\"BreadcrumbList\",\"@id\":\"https:\/\/www.manner.fi\/sv\/produkter\/hjul-i-den-lattare-serien\/#breadcrumb\",\"itemListElement\":[{\"@type\":\"ListItem\",\"position\":1,\"name\":\"Home\",\"item\":\"https:\/\/www.manner.fi\/sv\/\"},{\"@type\":\"ListItem\",\"position\":2,\"name\":\"Produkter\",\"item\":\"https:\/\/www.manner.fi\/sv\/produkter\/\"},{\"@type\":\"ListItem\",\"position\":3,\"name\":\"Hjul i den l\u00e4ttare serien\"}]},{\"@type\":\"WebSite\",\"@id\":\"https:\/\/www.manner.fi\/#website\",\"url\":\"https:\/\/www.manner.fi\/\",\"name\":\"Manner\",\"description\":\"Smart Moves on Manner Castors\",\"potentialAction\":[{\"@type\":\"SearchAction\",\"target\":{\"@type\":\"EntryPoint\",\"urlTemplate\":\"https:\/\/www.manner.fi\/?s={search_term_string}\"},\"query-input\":{\"@type\":\"PropertyValueSpecification\",\"valueRequired\":true,\"valueName\":\"search_term_string\"}}],\"inLanguage\":\"sv-SE\"}]}<\/script>\n<!-- \/ Yoast SEO plugin. -->","yoast_head_json":{"title":"Hjul i den l\u00e4ttare serien - Manner","robots":{"index":"index","follow":"follow","max-snippet":"max-snippet:-1","max-image-preview":"max-image-preview:large","max-video-preview":"max-video-preview:-1"},"og_locale":"sv_SE","og_type":"article","og_title":"Hjul i den l\u00e4ttare serien - Manner","og_description":"Hjul i den l\u00e4ttare serien anv\u00e4nds bl.a. inom bryggeri- och mejeriindustrin samt inom handelns logistikfunktioner. Gaffeln best\u00e5r av b\u00f6jt, f\u00f6rzinkat st\u00e5l. Sv\u00e4nglagret har tv\u00e5 kulkretsar med kulor av h\u00e4rdat st\u00e5l. De underh\u00e5llsfria, lagrade hjulen g\u00f6r det l\u00e4tt att transportera ocks\u00e5 tyngre laster. I Manners sortiment finns flera olika hjulalternativ f\u00f6r olika anv\u00e4ndnings\u00e4ndam\u00e5l. Hjulen kan ocks\u00e5 [&hellip;]","og_url":"https:\/\/www.manner.fi\/sv\/produkter\/hjul-i-den-lattare-serien\/","og_site_name":"Manner","article_modified_time":"2022-01-10T12:36:48+00:00","og_image":[{"width":1600,"height":612,"url":"https:\/\/www.manner.fi\/wp-content\/uploads\/2019\/03\/kayttokohteet-logistiikka-1.jpg","type":"image\/jpeg"}],"twitter_card":"summary_large_image","schema":{"@context":"https:\/\/schema.org","@graph":[{"@type":"WebPage","@id":"https:\/\/www.manner.fi\/sv\/produkter\/hjul-i-den-lattare-serien\/","url":"https:\/\/www.manner.fi\/sv\/produkter\/hjul-i-den-lattare-serien\/","name":"Hjul i den l\u00e4ttare serien - Manner","isPartOf":{"@id":"https:\/\/www.manner.fi\/#website"},"primaryImageOfPage":{"@id":"https:\/\/www.manner.fi\/sv\/produkter\/hjul-i-den-lattare-serien\/#primaryimage"},"image":{"@id":"https:\/\/www.manner.fi\/sv\/produkter\/hjul-i-den-lattare-serien\/#primaryimage"},"thumbnailUrl":"https:\/\/www.manner.fi\/wp-content\/uploads\/2019\/03\/kayttokohteet-logistiikka-1.jpg","datePublished":"2020-06-23T09:12:17+00:00","dateModified":"2022-01-10T12:36:48+00:00","breadcrumb":{"@id":"https:\/\/www.manner.fi\/sv\/produkter\/hjul-i-den-lattare-serien\/#breadcrumb"},"inLanguage":"sv-SE","potentialAction":[{"@type":"ReadAction","target":["https:\/\/www.manner.fi\/sv\/produkter\/hjul-i-den-lattare-serien\/"]}]},{"@type":"ImageObject","inLanguage":"sv-SE","@id":"https:\/\/www.manner.fi\/sv\/produkter\/hjul-i-den-lattare-serien\/#primaryimage","url":"https:\/\/www.manner.fi\/wp-content\/uploads\/2019\/03\/kayttokohteet-logistiikka-1.jpg","contentUrl":"https:\/\/www.manner.fi\/wp-content\/uploads\/2019\/03\/kayttokohteet-logistiikka-1.jpg","width":1600,"height":612,"caption":"Manner industrihjul f\u00f6r logistik"},{"@type":"BreadcrumbList","@id":"https:\/\/www.manner.fi\/sv\/produkter\/hjul-i-den-lattare-serien\/#breadcrumb","itemListElement":[{"@type":"ListItem","position":1,"name":"Home","item":"https:\/\/www.manner.fi\/sv\/"},{"@type":"ListItem","position":2,"name":"Produkter","item":"https:\/\/www.manner.fi\/sv\/produkter\/"},{"@type":"ListItem","position":3,"name":"Hjul i den l\u00e4ttare serien"}]},{"@type":"WebSite","@id":"https:\/\/www.manner.fi\/#website","url":"https:\/\/www.manner.fi\/","name":"Manner","description":"Smart Moves on Manner Castors","potentialAction":[{"@type":"SearchAction","target":{"@type":"EntryPoint","urlTemplate":"https:\/\/www.manner.fi\/?s={search_term_string}"},"query-input":{"@type":"PropertyValueSpecification","valueRequired":true,"valueName":"search_term_string"}}],"inLanguage":"sv-SE"}]}},"_links":{"self":[{"href":"https:\/\/www.manner.fi\/sv\/wp-json\/wp\/v2\/pages\/186478","targetHints":{"allow":["GET"]}}],"collection":[{"href":"https:\/\/www.manner.fi\/sv\/wp-json\/wp\/v2\/pages"}],"about":[{"href":"https:\/\/www.manner.fi\/sv\/wp-json\/wp\/v2\/types\/page"}],"author":[{"embeddable":true,"href":"https:\/\/www.manner.fi\/sv\/wp-json\/wp\/v2\/users\/1"}],"replies":[{"embeddable":true,"href":"https:\/\/www.manner.fi\/sv\/wp-json\/wp\/v2\/comments?post=186478"}],"version-history":[{"count":2,"href":"https:\/\/www.manner.fi\/sv\/wp-json\/wp\/v2\/pages\/186478\/revisions"}],"predecessor-version":[{"id":187911,"href":"https:\/\/www.manner.fi\/sv\/wp-json\/wp\/v2\/pages\/186478\/revisions\/187911"}],"up":[{"embeddable":true,"href":"https:\/\/www.manner.fi\/sv\/wp-json\/wp\/v2\/pages\/7581"}],"wp:featuredmedia":[{"embeddable":true,"href":"https:\/\/www.manner.fi\/sv\/wp-json\/wp\/v2\/media\/184727"}],"wp:attachment":[{"href":"https:\/\/www.manner.fi\/sv\/wp-json\/wp\/v2\/media?parent=186478"}],"curies":[{"name":"wp","href":"https:\/\/api.w.org\/{rel}","templated":true}]}}