{"id":186476,"date":"2020-06-24T08:52:46","date_gmt":"2020-06-24T05:52:46","guid":{"rendered":"https:\/\/www.manner.fi\/?page_id=186476"},"modified":"2022-01-10T14:19:31","modified_gmt":"2022-01-10T12:19:31","slug":"produkter-inom-serien-logistik-och-industri","status":"publish","type":"page","link":"https:\/\/www.manner.fi\/sv\/produkter\/produkter-inom-serien-logistik-och-industri\/","title":{"rendered":"Produkter inom serien logistik och industri"},"content":{"rendered":"<p style=\"text-align: center;\"><span lang=\"SV\">Manners hjul inom serien logistik och industri har \u00f6vertygat sina anv\u00e4ndare med sina utm\u00e4rkta funktionsegenskaper och sin h\u00e5llbarhet. Tack vare en stark och h\u00e5llbar konstruktion h\u00e5ller de l\u00e4nge och fungerar felfritt ocks\u00e5 vid tuff anv\u00e4ndning.<\/span><\/p>\n<p>&nbsp;<\/p>\n","protected":false},"excerpt":{"rendered":"<p>Manners hjul inom serien logistik och industri har \u00f6vertygat sina anv\u00e4ndare med sina utm\u00e4rkta funktionsegenskaper och sin h\u00e5llbarhet. Tack vare en stark och h\u00e5llbar konstruktion h\u00e5ller de l\u00e4nge och fungerar felfritt ocks\u00e5 vid tuff anv\u00e4ndning. &nbsp;<\/p>\n","protected":false},"author":1,"featured_media":1761,"parent":7581,"menu_order":0,"comment_status":"closed","ping_status":"closed","template":"","meta":{"_acf_changed":false,"footnotes":""},"class_list":["post-186476","page","type-page","status-publish","has-post-thumbnail","hentry"],"acf":[],"yoast_head":"<!-- This site is optimized with the Yoast SEO plugin v25.2 - https:\/\/yoast.com\/wordpress\/plugins\/seo\/ -->\n<title>Produkter inom serien logistik och industri - Manner<\/title>\n<meta name=\"robots\" content=\"index, follow, max-snippet:-1, max-image-preview:large, max-video-preview:-1\" \/>\n<meta property=\"og:locale\" content=\"sv_SE\" \/>\n<meta property=\"og:type\" content=\"article\" \/>\n<meta property=\"og:title\" content=\"Produkter inom serien logistik och industri - Manner\" \/>\n<meta property=\"og:description\" content=\"Manners hjul inom serien logistik och industri har \u00f6vertygat sina anv\u00e4ndare med sina utm\u00e4rkta funktionsegenskaper och sin h\u00e5llbarhet. Tack vare en stark och h\u00e5llbar konstruktion h\u00e5ller de l\u00e4nge och fungerar felfritt ocks\u00e5 vid tuff anv\u00e4ndning. &nbsp;\" \/>\n<meta property=\"og:url\" content=\"https:\/\/www.manner.fi\/sv\/produkter\/produkter-inom-serien-logistik-och-industri\/\" \/>\n<meta property=\"og:site_name\" content=\"Manner\" \/>\n<meta property=\"article:modified_time\" content=\"2022-01-10T12:19:31+00:00\" \/>\n<meta property=\"og:image\" content=\"https:\/\/www.manner.fi\/wp-content\/uploads\/2018\/01\/kayttokohteet-teollisuus.jpg\" \/>\n\t<meta property=\"og:image:width\" content=\"1600\" \/>\n\t<meta property=\"og:image:height\" content=\"612\" \/>\n\t<meta property=\"og:image:type\" content=\"image\/jpeg\" \/>\n<meta name=\"twitter:card\" content=\"summary_large_image\" \/>\n<script type=\"application\/ld+json\" class=\"yoast-schema-graph\">{\"@context\":\"https:\/\/schema.org\",\"@graph\":[{\"@type\":\"WebPage\",\"@id\":\"https:\/\/www.manner.fi\/sv\/produkter\/produkter-inom-serien-logistik-och-industri\/\",\"url\":\"https:\/\/www.manner.fi\/sv\/produkter\/produkter-inom-serien-logistik-och-industri\/\",\"name\":\"Produkter inom serien logistik och industri - Manner\",\"isPartOf\":{\"@id\":\"https:\/\/www.manner.fi\/#website\"},\"primaryImageOfPage\":{\"@id\":\"https:\/\/www.manner.fi\/sv\/produkter\/produkter-inom-serien-logistik-och-industri\/#primaryimage\"},\"image\":{\"@id\":\"https:\/\/www.manner.fi\/sv\/produkter\/produkter-inom-serien-logistik-och-industri\/#primaryimage\"},\"thumbnailUrl\":\"https:\/\/www.manner.fi\/wp-content\/uploads\/2018\/01\/kayttokohteet-teollisuus.jpg\",\"datePublished\":\"2020-06-24T05:52:46+00:00\",\"dateModified\":\"2022-01-10T12:19:31+00:00\",\"breadcrumb\":{\"@id\":\"https:\/\/www.manner.fi\/sv\/produkter\/produkter-inom-serien-logistik-och-industri\/#breadcrumb\"},\"inLanguage\":\"sv-SE\",\"potentialAction\":[{\"@type\":\"ReadAction\",\"target\":[\"https:\/\/www.manner.fi\/sv\/produkter\/produkter-inom-serien-logistik-och-industri\/\"]}]},{\"@type\":\"ImageObject\",\"inLanguage\":\"sv-SE\",\"@id\":\"https:\/\/www.manner.fi\/sv\/produkter\/produkter-inom-serien-logistik-och-industri\/#primaryimage\",\"url\":\"https:\/\/www.manner.fi\/wp-content\/uploads\/2018\/01\/kayttokohteet-teollisuus.jpg\",\"contentUrl\":\"https:\/\/www.manner.fi\/wp-content\/uploads\/2018\/01\/kayttokohteet-teollisuus.jpg\",\"width\":1600,\"height\":612},{\"@type\":\"BreadcrumbList\",\"@id\":\"https:\/\/www.manner.fi\/sv\/produkter\/produkter-inom-serien-logistik-och-industri\/#breadcrumb\",\"itemListElement\":[{\"@type\":\"ListItem\",\"position\":1,\"name\":\"Home\",\"item\":\"https:\/\/www.manner.fi\/sv\/\"},{\"@type\":\"ListItem\",\"position\":2,\"name\":\"Produkter\",\"item\":\"https:\/\/www.manner.fi\/sv\/produkter\/\"},{\"@type\":\"ListItem\",\"position\":3,\"name\":\"Produkter inom serien logistik och industri\"}]},{\"@type\":\"WebSite\",\"@id\":\"https:\/\/www.manner.fi\/#website\",\"url\":\"https:\/\/www.manner.fi\/\",\"name\":\"Manner\",\"description\":\"Smart Moves on Manner Castors\",\"potentialAction\":[{\"@type\":\"SearchAction\",\"target\":{\"@type\":\"EntryPoint\",\"urlTemplate\":\"https:\/\/www.manner.fi\/?s={search_term_string}\"},\"query-input\":{\"@type\":\"PropertyValueSpecification\",\"valueRequired\":true,\"valueName\":\"search_term_string\"}}],\"inLanguage\":\"sv-SE\"}]}<\/script>\n<!-- \/ Yoast SEO plugin. -->","yoast_head_json":{"title":"Produkter inom serien logistik och industri - Manner","robots":{"index":"index","follow":"follow","max-snippet":"max-snippet:-1","max-image-preview":"max-image-preview:large","max-video-preview":"max-video-preview:-1"},"og_locale":"sv_SE","og_type":"article","og_title":"Produkter inom serien logistik och industri - Manner","og_description":"Manners hjul inom serien logistik och industri har \u00f6vertygat sina anv\u00e4ndare med sina utm\u00e4rkta funktionsegenskaper och sin h\u00e5llbarhet. Tack vare en stark och h\u00e5llbar konstruktion h\u00e5ller de l\u00e4nge och fungerar felfritt ocks\u00e5 vid tuff anv\u00e4ndning. &nbsp;","og_url":"https:\/\/www.manner.fi\/sv\/produkter\/produkter-inom-serien-logistik-och-industri\/","og_site_name":"Manner","article_modified_time":"2022-01-10T12:19:31+00:00","og_image":[{"width":1600,"height":612,"url":"https:\/\/www.manner.fi\/wp-content\/uploads\/2018\/01\/kayttokohteet-teollisuus.jpg","type":"image\/jpeg"}],"twitter_card":"summary_large_image","schema":{"@context":"https:\/\/schema.org","@graph":[{"@type":"WebPage","@id":"https:\/\/www.manner.fi\/sv\/produkter\/produkter-inom-serien-logistik-och-industri\/","url":"https:\/\/www.manner.fi\/sv\/produkter\/produkter-inom-serien-logistik-och-industri\/","name":"Produkter inom serien logistik och industri - Manner","isPartOf":{"@id":"https:\/\/www.manner.fi\/#website"},"primaryImageOfPage":{"@id":"https:\/\/www.manner.fi\/sv\/produkter\/produkter-inom-serien-logistik-och-industri\/#primaryimage"},"image":{"@id":"https:\/\/www.manner.fi\/sv\/produkter\/produkter-inom-serien-logistik-och-industri\/#primaryimage"},"thumbnailUrl":"https:\/\/www.manner.fi\/wp-content\/uploads\/2018\/01\/kayttokohteet-teollisuus.jpg","datePublished":"2020-06-24T05:52:46+00:00","dateModified":"2022-01-10T12:19:31+00:00","breadcrumb":{"@id":"https:\/\/www.manner.fi\/sv\/produkter\/produkter-inom-serien-logistik-och-industri\/#breadcrumb"},"inLanguage":"sv-SE","potentialAction":[{"@type":"ReadAction","target":["https:\/\/www.manner.fi\/sv\/produkter\/produkter-inom-serien-logistik-och-industri\/"]}]},{"@type":"ImageObject","inLanguage":"sv-SE","@id":"https:\/\/www.manner.fi\/sv\/produkter\/produkter-inom-serien-logistik-och-industri\/#primaryimage","url":"https:\/\/www.manner.fi\/wp-content\/uploads\/2018\/01\/kayttokohteet-teollisuus.jpg","contentUrl":"https:\/\/www.manner.fi\/wp-content\/uploads\/2018\/01\/kayttokohteet-teollisuus.jpg","width":1600,"height":612},{"@type":"BreadcrumbList","@id":"https:\/\/www.manner.fi\/sv\/produkter\/produkter-inom-serien-logistik-och-industri\/#breadcrumb","itemListElement":[{"@type":"ListItem","position":1,"name":"Home","item":"https:\/\/www.manner.fi\/sv\/"},{"@type":"ListItem","position":2,"name":"Produkter","item":"https:\/\/www.manner.fi\/sv\/produkter\/"},{"@type":"ListItem","position":3,"name":"Produkter inom serien logistik och industri"}]},{"@type":"WebSite","@id":"https:\/\/www.manner.fi\/#website","url":"https:\/\/www.manner.fi\/","name":"Manner","description":"Smart Moves on Manner Castors","potentialAction":[{"@type":"SearchAction","target":{"@type":"EntryPoint","urlTemplate":"https:\/\/www.manner.fi\/?s={search_term_string}"},"query-input":{"@type":"PropertyValueSpecification","valueRequired":true,"valueName":"search_term_string"}}],"inLanguage":"sv-SE"}]}},"_links":{"self":[{"href":"https:\/\/www.manner.fi\/sv\/wp-json\/wp\/v2\/pages\/186476","targetHints":{"allow":["GET"]}}],"collection":[{"href":"https:\/\/www.manner.fi\/sv\/wp-json\/wp\/v2\/pages"}],"about":[{"href":"https:\/\/www.manner.fi\/sv\/wp-json\/wp\/v2\/types\/page"}],"author":[{"embeddable":true,"href":"https:\/\/www.manner.fi\/sv\/wp-json\/wp\/v2\/users\/1"}],"replies":[{"embeddable":true,"href":"https:\/\/www.manner.fi\/sv\/wp-json\/wp\/v2\/comments?post=186476"}],"version-history":[{"count":3,"href":"https:\/\/www.manner.fi\/sv\/wp-json\/wp\/v2\/pages\/186476\/revisions"}],"predecessor-version":[{"id":187901,"href":"https:\/\/www.manner.fi\/sv\/wp-json\/wp\/v2\/pages\/186476\/revisions\/187901"}],"up":[{"embeddable":true,"href":"https:\/\/www.manner.fi\/sv\/wp-json\/wp\/v2\/pages\/7581"}],"wp:featuredmedia":[{"embeddable":true,"href":"https:\/\/www.manner.fi\/sv\/wp-json\/wp\/v2\/media\/1761"}],"wp:attachment":[{"href":"https:\/\/www.manner.fi\/sv\/wp-json\/wp\/v2\/media?parent=186476"}],"curies":[{"name":"wp","href":"https:\/\/api.w.org\/{rel}","templated":true}]}}