{"id":186474,"date":"2020-06-23T09:09:56","date_gmt":"2020-06-23T06:09:56","guid":{"rendered":"https:\/\/www.manner.fi\/?page_id=186474"},"modified":"2020-09-15T12:41:30","modified_gmt":"2020-09-15T09:41:30","slug":"apparathjul-2","status":"publish","type":"page","link":"https:\/\/www.manner.fi\/sv\/produkter\/apparathjul-2\/","title":{"rendered":"Apparathjul"},"content":{"rendered":"<p style=\"text-align: center;\">Manners apparathjul kombinerar fullst\u00e4ndig design, innovativa och praktiska egenskaper samt drifts\u00e4kerhet. Hjulen \u00e4r l\u00e4ttrullande och underh\u00e5llsfria. Hjulen \u00e4r tillverkade av glasfiberarmerad polyamid. Tack vare tillverkningsmaterialet och designen \u00e4r hjulen korrosionss\u00e4kra och l\u00e4tta att reng\u00f6ra.<\/p>\n<p style=\"text-align: center;\">I sortimentet finns b\u00e5de traditionella enhjulsl\u00f6sningar och dubbelhjul. Produkterna erbjuder m\u00e5nga m\u00f6jligheter till kundanpassade l\u00f6sningar om best\u00e4llningen \u00f6verskrider ett visst minimiantal. Apparathjulserien inneh\u00e5ller Manners f\u00f6ljande k\u00e4nda varum\u00e4rken.<\/p>\n<p style=\"text-align: center;\">I apparathjulen ing\u00e5r hjul av serien Tango, Twist och e-SMART.<\/p>\n","protected":false},"excerpt":{"rendered":"<p>Manners apparathjul kombinerar fullst\u00e4ndig design, innovativa och praktiska egenskaper samt drifts\u00e4kerhet. Hjulen \u00e4r l\u00e4ttrullande och underh\u00e5llsfria. Hjulen \u00e4r tillverkade av glasfiberarmerad polyamid. Tack vare tillverkningsmaterialet och designen \u00e4r hjulen korrosionss\u00e4kra och l\u00e4tta att reng\u00f6ra. I sortimentet finns b\u00e5de traditionella enhjulsl\u00f6sningar och dubbelhjul. Produkterna erbjuder m\u00e5nga m\u00f6jligheter till kundanpassade l\u00f6sningar om best\u00e4llningen \u00f6verskrider ett visst minimiantal. [&hellip;]<\/p>\n","protected":false},"author":1,"featured_media":185975,"parent":7581,"menu_order":0,"comment_status":"closed","ping_status":"closed","template":"","meta":{"_acf_changed":false,"footnotes":""},"class_list":["post-186474","page","type-page","status-publish","has-post-thumbnail","hentry"],"acf":[],"yoast_head":"<!-- This site is optimized with the Yoast SEO plugin v25.2 - https:\/\/yoast.com\/wordpress\/plugins\/seo\/ -->\n<title>Apparathjul - Manner<\/title>\n<meta name=\"robots\" content=\"index, follow, max-snippet:-1, max-image-preview:large, max-video-preview:-1\" \/>\n<meta property=\"og:locale\" content=\"sv_SE\" \/>\n<meta property=\"og:type\" content=\"article\" \/>\n<meta property=\"og:title\" content=\"Apparathjul - Manner\" \/>\n<meta property=\"og:description\" content=\"Manners apparathjul kombinerar fullst\u00e4ndig design, innovativa och praktiska egenskaper samt drifts\u00e4kerhet. Hjulen \u00e4r l\u00e4ttrullande och underh\u00e5llsfria. Hjulen \u00e4r tillverkade av glasfiberarmerad polyamid. Tack vare tillverkningsmaterialet och designen \u00e4r hjulen korrosionss\u00e4kra och l\u00e4tta att reng\u00f6ra. I sortimentet finns b\u00e5de traditionella enhjulsl\u00f6sningar och dubbelhjul. Produkterna erbjuder m\u00e5nga m\u00f6jligheter till kundanpassade l\u00f6sningar om best\u00e4llningen \u00f6verskrider ett visst minimiantal. [&hellip;]\" \/>\n<meta property=\"og:url\" content=\"https:\/\/www.manner.fi\/sv\/produkter\/apparathjul-2\/\" \/>\n<meta property=\"og:site_name\" content=\"Manner\" \/>\n<meta property=\"article:modified_time\" content=\"2020-09-15T09:41:30+00:00\" \/>\n<meta property=\"og:image\" content=\"https:\/\/www.manner.fi\/wp-content\/uploads\/2020\/01\/Etac_Tango-sin-scaled.jpg\" \/>\n\t<meta property=\"og:image:width\" content=\"2560\" \/>\n\t<meta property=\"og:image:height\" content=\"1685\" \/>\n\t<meta property=\"og:image:type\" content=\"image\/jpeg\" \/>\n<meta name=\"twitter:card\" content=\"summary_large_image\" \/>\n<script type=\"application\/ld+json\" class=\"yoast-schema-graph\">{\"@context\":\"https:\/\/schema.org\",\"@graph\":[{\"@type\":\"WebPage\",\"@id\":\"https:\/\/www.manner.fi\/sv\/produkter\/apparathjul-2\/\",\"url\":\"https:\/\/www.manner.fi\/sv\/produkter\/apparathjul-2\/\",\"name\":\"Apparathjul - Manner\",\"isPartOf\":{\"@id\":\"https:\/\/www.manner.fi\/#website\"},\"primaryImageOfPage\":{\"@id\":\"https:\/\/www.manner.fi\/sv\/produkter\/apparathjul-2\/#primaryimage\"},\"image\":{\"@id\":\"https:\/\/www.manner.fi\/sv\/produkter\/apparathjul-2\/#primaryimage\"},\"thumbnailUrl\":\"https:\/\/www.manner.fi\/wp-content\/uploads\/2020\/01\/Etac_Tango-sin-scaled.jpg\",\"datePublished\":\"2020-06-23T06:09:56+00:00\",\"dateModified\":\"2020-09-15T09:41:30+00:00\",\"breadcrumb\":{\"@id\":\"https:\/\/www.manner.fi\/sv\/produkter\/apparathjul-2\/#breadcrumb\"},\"inLanguage\":\"sv-SE\",\"potentialAction\":[{\"@type\":\"ReadAction\",\"target\":[\"https:\/\/www.manner.fi\/sv\/produkter\/apparathjul-2\/\"]}]},{\"@type\":\"ImageObject\",\"inLanguage\":\"sv-SE\",\"@id\":\"https:\/\/www.manner.fi\/sv\/produkter\/apparathjul-2\/#primaryimage\",\"url\":\"https:\/\/www.manner.fi\/wp-content\/uploads\/2020\/01\/Etac_Tango-sin-scaled.jpg\",\"contentUrl\":\"https:\/\/www.manner.fi\/wp-content\/uploads\/2020\/01\/Etac_Tango-sin-scaled.jpg\",\"width\":2560,\"height\":1685},{\"@type\":\"BreadcrumbList\",\"@id\":\"https:\/\/www.manner.fi\/sv\/produkter\/apparathjul-2\/#breadcrumb\",\"itemListElement\":[{\"@type\":\"ListItem\",\"position\":1,\"name\":\"Home\",\"item\":\"https:\/\/www.manner.fi\/sv\/\"},{\"@type\":\"ListItem\",\"position\":2,\"name\":\"Produkter\",\"item\":\"https:\/\/www.manner.fi\/sv\/produkter\/\"},{\"@type\":\"ListItem\",\"position\":3,\"name\":\"Apparathjul\"}]},{\"@type\":\"WebSite\",\"@id\":\"https:\/\/www.manner.fi\/#website\",\"url\":\"https:\/\/www.manner.fi\/\",\"name\":\"Manner\",\"description\":\"Smart Moves on Manner Castors\",\"potentialAction\":[{\"@type\":\"SearchAction\",\"target\":{\"@type\":\"EntryPoint\",\"urlTemplate\":\"https:\/\/www.manner.fi\/?s={search_term_string}\"},\"query-input\":{\"@type\":\"PropertyValueSpecification\",\"valueRequired\":true,\"valueName\":\"search_term_string\"}}],\"inLanguage\":\"sv-SE\"}]}<\/script>\n<!-- \/ Yoast SEO plugin. -->","yoast_head_json":{"title":"Apparathjul - Manner","robots":{"index":"index","follow":"follow","max-snippet":"max-snippet:-1","max-image-preview":"max-image-preview:large","max-video-preview":"max-video-preview:-1"},"og_locale":"sv_SE","og_type":"article","og_title":"Apparathjul - Manner","og_description":"Manners apparathjul kombinerar fullst\u00e4ndig design, innovativa och praktiska egenskaper samt drifts\u00e4kerhet. Hjulen \u00e4r l\u00e4ttrullande och underh\u00e5llsfria. Hjulen \u00e4r tillverkade av glasfiberarmerad polyamid. Tack vare tillverkningsmaterialet och designen \u00e4r hjulen korrosionss\u00e4kra och l\u00e4tta att reng\u00f6ra. I sortimentet finns b\u00e5de traditionella enhjulsl\u00f6sningar och dubbelhjul. Produkterna erbjuder m\u00e5nga m\u00f6jligheter till kundanpassade l\u00f6sningar om best\u00e4llningen \u00f6verskrider ett visst minimiantal. [&hellip;]","og_url":"https:\/\/www.manner.fi\/sv\/produkter\/apparathjul-2\/","og_site_name":"Manner","article_modified_time":"2020-09-15T09:41:30+00:00","og_image":[{"width":2560,"height":1685,"url":"https:\/\/www.manner.fi\/wp-content\/uploads\/2020\/01\/Etac_Tango-sin-scaled.jpg","type":"image\/jpeg"}],"twitter_card":"summary_large_image","schema":{"@context":"https:\/\/schema.org","@graph":[{"@type":"WebPage","@id":"https:\/\/www.manner.fi\/sv\/produkter\/apparathjul-2\/","url":"https:\/\/www.manner.fi\/sv\/produkter\/apparathjul-2\/","name":"Apparathjul - Manner","isPartOf":{"@id":"https:\/\/www.manner.fi\/#website"},"primaryImageOfPage":{"@id":"https:\/\/www.manner.fi\/sv\/produkter\/apparathjul-2\/#primaryimage"},"image":{"@id":"https:\/\/www.manner.fi\/sv\/produkter\/apparathjul-2\/#primaryimage"},"thumbnailUrl":"https:\/\/www.manner.fi\/wp-content\/uploads\/2020\/01\/Etac_Tango-sin-scaled.jpg","datePublished":"2020-06-23T06:09:56+00:00","dateModified":"2020-09-15T09:41:30+00:00","breadcrumb":{"@id":"https:\/\/www.manner.fi\/sv\/produkter\/apparathjul-2\/#breadcrumb"},"inLanguage":"sv-SE","potentialAction":[{"@type":"ReadAction","target":["https:\/\/www.manner.fi\/sv\/produkter\/apparathjul-2\/"]}]},{"@type":"ImageObject","inLanguage":"sv-SE","@id":"https:\/\/www.manner.fi\/sv\/produkter\/apparathjul-2\/#primaryimage","url":"https:\/\/www.manner.fi\/wp-content\/uploads\/2020\/01\/Etac_Tango-sin-scaled.jpg","contentUrl":"https:\/\/www.manner.fi\/wp-content\/uploads\/2020\/01\/Etac_Tango-sin-scaled.jpg","width":2560,"height":1685},{"@type":"BreadcrumbList","@id":"https:\/\/www.manner.fi\/sv\/produkter\/apparathjul-2\/#breadcrumb","itemListElement":[{"@type":"ListItem","position":1,"name":"Home","item":"https:\/\/www.manner.fi\/sv\/"},{"@type":"ListItem","position":2,"name":"Produkter","item":"https:\/\/www.manner.fi\/sv\/produkter\/"},{"@type":"ListItem","position":3,"name":"Apparathjul"}]},{"@type":"WebSite","@id":"https:\/\/www.manner.fi\/#website","url":"https:\/\/www.manner.fi\/","name":"Manner","description":"Smart Moves on Manner Castors","potentialAction":[{"@type":"SearchAction","target":{"@type":"EntryPoint","urlTemplate":"https:\/\/www.manner.fi\/?s={search_term_string}"},"query-input":{"@type":"PropertyValueSpecification","valueRequired":true,"valueName":"search_term_string"}}],"inLanguage":"sv-SE"}]}},"_links":{"self":[{"href":"https:\/\/www.manner.fi\/sv\/wp-json\/wp\/v2\/pages\/186474","targetHints":{"allow":["GET"]}}],"collection":[{"href":"https:\/\/www.manner.fi\/sv\/wp-json\/wp\/v2\/pages"}],"about":[{"href":"https:\/\/www.manner.fi\/sv\/wp-json\/wp\/v2\/types\/page"}],"author":[{"embeddable":true,"href":"https:\/\/www.manner.fi\/sv\/wp-json\/wp\/v2\/users\/1"}],"replies":[{"embeddable":true,"href":"https:\/\/www.manner.fi\/sv\/wp-json\/wp\/v2\/comments?post=186474"}],"version-history":[{"count":1,"href":"https:\/\/www.manner.fi\/sv\/wp-json\/wp\/v2\/pages\/186474\/revisions"}],"predecessor-version":[{"id":186475,"href":"https:\/\/www.manner.fi\/sv\/wp-json\/wp\/v2\/pages\/186474\/revisions\/186475"}],"up":[{"embeddable":true,"href":"https:\/\/www.manner.fi\/sv\/wp-json\/wp\/v2\/pages\/7581"}],"wp:featuredmedia":[{"embeddable":true,"href":"https:\/\/www.manner.fi\/sv\/wp-json\/wp\/v2\/media\/185975"}],"wp:attachment":[{"href":"https:\/\/www.manner.fi\/sv\/wp-json\/wp\/v2\/media?parent=186474"}],"curies":[{"name":"wp","href":"https:\/\/api.w.org\/{rel}","templated":true}]}}