{"id":186471,"date":"2020-06-23T09:02:57","date_gmt":"2020-06-23T06:02:57","guid":{"rendered":"https:\/\/www.manner.fi\/?page_id=186471"},"modified":"2022-01-10T14:14:42","modified_gmt":"2022-01-10T12:14:42","slug":"mobelhjul-2","status":"publish","type":"page","link":"https:\/\/www.manner.fi\/sv\/produkter\/mobelhjul-2\/","title":{"rendered":"M\u00f6belhjul"},"content":{"rendered":"<p style=\"text-align: center;\"><span lang=\"SV\">I Manners serie av m\u00f6belhjul finns ett brett sortiment av h\u00f6gkvalitativa, h\u00e5llbara och l\u00e4ttrullande m\u00f6belhjul. Hjulen har konstruerats s\u00e5 att de \u00e4r h\u00e5llbara utan att ge avkall p\u00e5 designen. I hjulen framh\u00e4vs ocks\u00e5 drifts\u00e4kerhet och s\u00e4kerhet.<\/span><\/p>\n<p style=\"text-align: center;\"><span lang=\"SV\">Gafflarna har tillverkats av f\u00f6rzinkat st\u00e5l och det finns flera hjulalternativ beroende p\u00e5 anv\u00e4ndnings\u00e4ndam\u00e5l och anv\u00e4ndningsf\u00f6rh\u00e5llanden. Hjulen har antingen enkel- eller totalbroms, beroende p\u00e5 modell.<\/span><\/p>\n","protected":false},"excerpt":{"rendered":"<p>I Manners serie av m\u00f6belhjul finns ett brett sortiment av h\u00f6gkvalitativa, h\u00e5llbara och l\u00e4ttrullande m\u00f6belhjul. Hjulen har konstruerats s\u00e5 att de \u00e4r h\u00e5llbara utan att ge avkall p\u00e5 designen. I hjulen framh\u00e4vs ocks\u00e5 drifts\u00e4kerhet och s\u00e4kerhet. Gafflarna har tillverkats av f\u00f6rzinkat st\u00e5l och det finns flera hjulalternativ beroende p\u00e5 anv\u00e4ndnings\u00e4ndam\u00e5l och anv\u00e4ndningsf\u00f6rh\u00e5llanden. Hjulen har antingen [&hellip;]<\/p>\n","protected":false},"author":1,"featured_media":186450,"parent":7581,"menu_order":0,"comment_status":"closed","ping_status":"closed","template":"","meta":{"_acf_changed":false,"footnotes":""},"class_list":["post-186471","page","type-page","status-publish","has-post-thumbnail","hentry"],"acf":[],"yoast_head":"<!-- This site is optimized with the Yoast SEO plugin v25.2 - https:\/\/yoast.com\/wordpress\/plugins\/seo\/ -->\n<title>M\u00f6belhjul - Manner<\/title>\n<meta name=\"robots\" content=\"index, follow, max-snippet:-1, max-image-preview:large, max-video-preview:-1\" \/>\n<meta property=\"og:locale\" content=\"sv_SE\" \/>\n<meta property=\"og:type\" content=\"article\" \/>\n<meta property=\"og:title\" content=\"M\u00f6belhjul - Manner\" \/>\n<meta property=\"og:description\" content=\"I Manners serie av m\u00f6belhjul finns ett brett sortiment av h\u00f6gkvalitativa, h\u00e5llbara och l\u00e4ttrullande m\u00f6belhjul. Hjulen har konstruerats s\u00e5 att de \u00e4r h\u00e5llbara utan att ge avkall p\u00e5 designen. I hjulen framh\u00e4vs ocks\u00e5 drifts\u00e4kerhet och s\u00e4kerhet. Gafflarna har tillverkats av f\u00f6rzinkat st\u00e5l och det finns flera hjulalternativ beroende p\u00e5 anv\u00e4ndnings\u00e4ndam\u00e5l och anv\u00e4ndningsf\u00f6rh\u00e5llanden. Hjulen har antingen [&hellip;]\" \/>\n<meta property=\"og:url\" content=\"https:\/\/www.manner.fi\/sv\/produkter\/mobelhjul-2\/\" \/>\n<meta property=\"og:site_name\" content=\"Manner\" \/>\n<meta property=\"article:modified_time\" content=\"2022-01-10T12:14:42+00:00\" \/>\n<meta property=\"og:image\" content=\"https:\/\/www.manner.fi\/wp-content\/uploads\/2020\/06\/tuotteet_kalustepyorat_hero-3.jpg\" \/>\n\t<meta property=\"og:image:width\" content=\"1600\" \/>\n\t<meta property=\"og:image:height\" content=\"612\" \/>\n\t<meta property=\"og:image:type\" content=\"image\/jpeg\" \/>\n<meta name=\"twitter:card\" content=\"summary_large_image\" \/>\n<script type=\"application\/ld+json\" class=\"yoast-schema-graph\">{\"@context\":\"https:\/\/schema.org\",\"@graph\":[{\"@type\":\"WebPage\",\"@id\":\"https:\/\/www.manner.fi\/sv\/produkter\/mobelhjul-2\/\",\"url\":\"https:\/\/www.manner.fi\/sv\/produkter\/mobelhjul-2\/\",\"name\":\"M\u00f6belhjul - Manner\",\"isPartOf\":{\"@id\":\"https:\/\/www.manner.fi\/#website\"},\"primaryImageOfPage\":{\"@id\":\"https:\/\/www.manner.fi\/sv\/produkter\/mobelhjul-2\/#primaryimage\"},\"image\":{\"@id\":\"https:\/\/www.manner.fi\/sv\/produkter\/mobelhjul-2\/#primaryimage\"},\"thumbnailUrl\":\"https:\/\/www.manner.fi\/wp-content\/uploads\/2020\/06\/tuotteet_kalustepyorat_hero-3.jpg\",\"datePublished\":\"2020-06-23T06:02:57+00:00\",\"dateModified\":\"2022-01-10T12:14:42+00:00\",\"breadcrumb\":{\"@id\":\"https:\/\/www.manner.fi\/sv\/produkter\/mobelhjul-2\/#breadcrumb\"},\"inLanguage\":\"sv-SE\",\"potentialAction\":[{\"@type\":\"ReadAction\",\"target\":[\"https:\/\/www.manner.fi\/sv\/produkter\/mobelhjul-2\/\"]}]},{\"@type\":\"ImageObject\",\"inLanguage\":\"sv-SE\",\"@id\":\"https:\/\/www.manner.fi\/sv\/produkter\/mobelhjul-2\/#primaryimage\",\"url\":\"https:\/\/www.manner.fi\/wp-content\/uploads\/2020\/06\/tuotteet_kalustepyorat_hero-3.jpg\",\"contentUrl\":\"https:\/\/www.manner.fi\/wp-content\/uploads\/2020\/06\/tuotteet_kalustepyorat_hero-3.jpg\",\"width\":1600,\"height\":612},{\"@type\":\"BreadcrumbList\",\"@id\":\"https:\/\/www.manner.fi\/sv\/produkter\/mobelhjul-2\/#breadcrumb\",\"itemListElement\":[{\"@type\":\"ListItem\",\"position\":1,\"name\":\"Home\",\"item\":\"https:\/\/www.manner.fi\/sv\/\"},{\"@type\":\"ListItem\",\"position\":2,\"name\":\"Produkter\",\"item\":\"https:\/\/www.manner.fi\/sv\/produkter\/\"},{\"@type\":\"ListItem\",\"position\":3,\"name\":\"M\u00f6belhjul\"}]},{\"@type\":\"WebSite\",\"@id\":\"https:\/\/www.manner.fi\/#website\",\"url\":\"https:\/\/www.manner.fi\/\",\"name\":\"Manner\",\"description\":\"Smart Moves on Manner Castors\",\"potentialAction\":[{\"@type\":\"SearchAction\",\"target\":{\"@type\":\"EntryPoint\",\"urlTemplate\":\"https:\/\/www.manner.fi\/?s={search_term_string}\"},\"query-input\":{\"@type\":\"PropertyValueSpecification\",\"valueRequired\":true,\"valueName\":\"search_term_string\"}}],\"inLanguage\":\"sv-SE\"}]}<\/script>\n<!-- \/ Yoast SEO plugin. -->","yoast_head_json":{"title":"M\u00f6belhjul - Manner","robots":{"index":"index","follow":"follow","max-snippet":"max-snippet:-1","max-image-preview":"max-image-preview:large","max-video-preview":"max-video-preview:-1"},"og_locale":"sv_SE","og_type":"article","og_title":"M\u00f6belhjul - Manner","og_description":"I Manners serie av m\u00f6belhjul finns ett brett sortiment av h\u00f6gkvalitativa, h\u00e5llbara och l\u00e4ttrullande m\u00f6belhjul. Hjulen har konstruerats s\u00e5 att de \u00e4r h\u00e5llbara utan att ge avkall p\u00e5 designen. I hjulen framh\u00e4vs ocks\u00e5 drifts\u00e4kerhet och s\u00e4kerhet. Gafflarna har tillverkats av f\u00f6rzinkat st\u00e5l och det finns flera hjulalternativ beroende p\u00e5 anv\u00e4ndnings\u00e4ndam\u00e5l och anv\u00e4ndningsf\u00f6rh\u00e5llanden. Hjulen har antingen [&hellip;]","og_url":"https:\/\/www.manner.fi\/sv\/produkter\/mobelhjul-2\/","og_site_name":"Manner","article_modified_time":"2022-01-10T12:14:42+00:00","og_image":[{"width":1600,"height":612,"url":"https:\/\/www.manner.fi\/wp-content\/uploads\/2020\/06\/tuotteet_kalustepyorat_hero-3.jpg","type":"image\/jpeg"}],"twitter_card":"summary_large_image","schema":{"@context":"https:\/\/schema.org","@graph":[{"@type":"WebPage","@id":"https:\/\/www.manner.fi\/sv\/produkter\/mobelhjul-2\/","url":"https:\/\/www.manner.fi\/sv\/produkter\/mobelhjul-2\/","name":"M\u00f6belhjul - Manner","isPartOf":{"@id":"https:\/\/www.manner.fi\/#website"},"primaryImageOfPage":{"@id":"https:\/\/www.manner.fi\/sv\/produkter\/mobelhjul-2\/#primaryimage"},"image":{"@id":"https:\/\/www.manner.fi\/sv\/produkter\/mobelhjul-2\/#primaryimage"},"thumbnailUrl":"https:\/\/www.manner.fi\/wp-content\/uploads\/2020\/06\/tuotteet_kalustepyorat_hero-3.jpg","datePublished":"2020-06-23T06:02:57+00:00","dateModified":"2022-01-10T12:14:42+00:00","breadcrumb":{"@id":"https:\/\/www.manner.fi\/sv\/produkter\/mobelhjul-2\/#breadcrumb"},"inLanguage":"sv-SE","potentialAction":[{"@type":"ReadAction","target":["https:\/\/www.manner.fi\/sv\/produkter\/mobelhjul-2\/"]}]},{"@type":"ImageObject","inLanguage":"sv-SE","@id":"https:\/\/www.manner.fi\/sv\/produkter\/mobelhjul-2\/#primaryimage","url":"https:\/\/www.manner.fi\/wp-content\/uploads\/2020\/06\/tuotteet_kalustepyorat_hero-3.jpg","contentUrl":"https:\/\/www.manner.fi\/wp-content\/uploads\/2020\/06\/tuotteet_kalustepyorat_hero-3.jpg","width":1600,"height":612},{"@type":"BreadcrumbList","@id":"https:\/\/www.manner.fi\/sv\/produkter\/mobelhjul-2\/#breadcrumb","itemListElement":[{"@type":"ListItem","position":1,"name":"Home","item":"https:\/\/www.manner.fi\/sv\/"},{"@type":"ListItem","position":2,"name":"Produkter","item":"https:\/\/www.manner.fi\/sv\/produkter\/"},{"@type":"ListItem","position":3,"name":"M\u00f6belhjul"}]},{"@type":"WebSite","@id":"https:\/\/www.manner.fi\/#website","url":"https:\/\/www.manner.fi\/","name":"Manner","description":"Smart Moves on Manner Castors","potentialAction":[{"@type":"SearchAction","target":{"@type":"EntryPoint","urlTemplate":"https:\/\/www.manner.fi\/?s={search_term_string}"},"query-input":{"@type":"PropertyValueSpecification","valueRequired":true,"valueName":"search_term_string"}}],"inLanguage":"sv-SE"}]}},"_links":{"self":[{"href":"https:\/\/www.manner.fi\/sv\/wp-json\/wp\/v2\/pages\/186471","targetHints":{"allow":["GET"]}}],"collection":[{"href":"https:\/\/www.manner.fi\/sv\/wp-json\/wp\/v2\/pages"}],"about":[{"href":"https:\/\/www.manner.fi\/sv\/wp-json\/wp\/v2\/types\/page"}],"author":[{"embeddable":true,"href":"https:\/\/www.manner.fi\/sv\/wp-json\/wp\/v2\/users\/1"}],"replies":[{"embeddable":true,"href":"https:\/\/www.manner.fi\/sv\/wp-json\/wp\/v2\/comments?post=186471"}],"version-history":[{"count":3,"href":"https:\/\/www.manner.fi\/sv\/wp-json\/wp\/v2\/pages\/186471\/revisions"}],"predecessor-version":[{"id":187893,"href":"https:\/\/www.manner.fi\/sv\/wp-json\/wp\/v2\/pages\/186471\/revisions\/187893"}],"up":[{"embeddable":true,"href":"https:\/\/www.manner.fi\/sv\/wp-json\/wp\/v2\/pages\/7581"}],"wp:featuredmedia":[{"embeddable":true,"href":"https:\/\/www.manner.fi\/sv\/wp-json\/wp\/v2\/media\/186450"}],"wp:attachment":[{"href":"https:\/\/www.manner.fi\/sv\/wp-json\/wp\/v2\/media?parent=186471"}],"curies":[{"name":"wp","href":"https:\/\/api.w.org\/{rel}","templated":true}]}}