{"id":184813,"date":"2019-04-08T23:17:08","date_gmt":"2019-04-08T20:17:08","guid":{"rendered":"https:\/\/www.manner.fi\/uutiskirjeen-tilaus\/"},"modified":"2019-04-08T23:33:16","modified_gmt":"2019-04-08T20:33:16","slug":"uutiskirjeen-tilaus","status":"publish","type":"page","link":"https:\/\/www.manner.fi\/sv\/bestall-nyhetsbrevet\/uutiskirjeen-tilaus\/","title":{"rendered":"Tack f\u00f6r att du prenumererade p\u00e5 Manners nyhetsbrev!"},"content":{"rendered":"<p>&nbsp;<br \/>\n&nbsp;<\/p>\n<h2 class=\"p1\" style=\"text-align: center;\"><span class=\"s1\">Tack f\u00f6r att du prenumererade p\u00e5 Manners nyhetsbrev!<\/span><\/h2>\n<p class=\"p1\" style=\"text-align: center;\"><span class=\"s1\">Vi \u00f6nskar dig v\u00e4lkommen med det f\u00f6rsta nyhetsbrev som snart kommer till din e-post. Vi belastar inte din e-post med kontinuerliga meddelanden, utan du kommer att f\u00e5 post av oss endast d\u00e5 vi har n\u00e5got viktigt att ber\u00e4tta.<\/span><\/p>\n<p>&nbsp;<br \/>\n&nbsp;<br \/>\n&nbsp;<\/p>\n","protected":false},"excerpt":{"rendered":"<p>&nbsp; &nbsp; Tack f\u00f6r att du prenumererade p\u00e5 Manners nyhetsbrev! Vi \u00f6nskar dig v\u00e4lkommen med det f\u00f6rsta nyhetsbrev som snart kommer till din e-post. Vi belastar inte din e-post med kontinuerliga meddelanden, utan du kommer att f\u00e5 post av oss endast d\u00e5 vi har n\u00e5got viktigt att ber\u00e4tta. &nbsp; &nbsp; &nbsp;<\/p>\n","protected":false},"author":1,"featured_media":2162,"parent":7742,"menu_order":0,"comment_status":"closed","ping_status":"closed","template":"newsletter-order-thankyou.php","meta":{"_acf_changed":false,"footnotes":""},"class_list":["post-184813","page","type-page","status-publish","has-post-thumbnail","hentry"],"acf":[],"yoast_head":"<!-- This site is optimized with the Yoast SEO plugin v25.2 - https:\/\/yoast.com\/wordpress\/plugins\/seo\/ -->\n<title>Tack f\u00f6r att du prenumererade p\u00e5 Manners nyhetsbrev! - Manner<\/title>\n<meta name=\"robots\" content=\"index, follow, max-snippet:-1, max-image-preview:large, max-video-preview:-1\" \/>\n<meta property=\"og:locale\" content=\"sv_SE\" \/>\n<meta property=\"og:type\" content=\"article\" \/>\n<meta property=\"og:title\" content=\"Tack f\u00f6r att du prenumererade p\u00e5 Manners nyhetsbrev! - Manner\" \/>\n<meta property=\"og:description\" content=\"&nbsp; &nbsp; Tack f\u00f6r att du prenumererade p\u00e5 Manners nyhetsbrev! Vi \u00f6nskar dig v\u00e4lkommen med det f\u00f6rsta nyhetsbrev som snart kommer till din e-post. Vi belastar inte din e-post med kontinuerliga meddelanden, utan du kommer att f\u00e5 post av oss endast d\u00e5 vi har n\u00e5got viktigt att ber\u00e4tta. &nbsp; &nbsp; &nbsp;\" \/>\n<meta property=\"og:url\" content=\"https:\/\/www.manner.fi\/sv\/bestall-nyhetsbrevet\/uutiskirjeen-tilaus\/\" \/>\n<meta property=\"og:site_name\" content=\"Manner\" \/>\n<meta property=\"article:modified_time\" content=\"2019-04-08T20:33:16+00:00\" \/>\n<meta property=\"og:image\" content=\"https:\/\/www.manner.fi\/wp-content\/uploads\/2018\/01\/uutiskirje.jpg\" \/>\n\t<meta property=\"og:image:width\" content=\"1600\" \/>\n\t<meta property=\"og:image:height\" content=\"612\" \/>\n\t<meta property=\"og:image:type\" content=\"image\/jpeg\" \/>\n<meta name=\"twitter:card\" content=\"summary_large_image\" \/>\n<script type=\"application\/ld+json\" class=\"yoast-schema-graph\">{\"@context\":\"https:\/\/schema.org\",\"@graph\":[{\"@type\":\"WebPage\",\"@id\":\"https:\/\/www.manner.fi\/sv\/bestall-nyhetsbrevet\/uutiskirjeen-tilaus\/\",\"url\":\"https:\/\/www.manner.fi\/sv\/bestall-nyhetsbrevet\/uutiskirjeen-tilaus\/\",\"name\":\"Tack f\u00f6r att du prenumererade p\u00e5 Manners nyhetsbrev! - Manner\",\"isPartOf\":{\"@id\":\"https:\/\/www.manner.fi\/#website\"},\"primaryImageOfPage\":{\"@id\":\"https:\/\/www.manner.fi\/sv\/bestall-nyhetsbrevet\/uutiskirjeen-tilaus\/#primaryimage\"},\"image\":{\"@id\":\"https:\/\/www.manner.fi\/sv\/bestall-nyhetsbrevet\/uutiskirjeen-tilaus\/#primaryimage\"},\"thumbnailUrl\":\"https:\/\/www.manner.fi\/wp-content\/uploads\/2018\/01\/uutiskirje.jpg\",\"datePublished\":\"2019-04-08T20:17:08+00:00\",\"dateModified\":\"2019-04-08T20:33:16+00:00\",\"breadcrumb\":{\"@id\":\"https:\/\/www.manner.fi\/sv\/bestall-nyhetsbrevet\/uutiskirjeen-tilaus\/#breadcrumb\"},\"inLanguage\":\"sv-SE\",\"potentialAction\":[{\"@type\":\"ReadAction\",\"target\":[\"https:\/\/www.manner.fi\/sv\/bestall-nyhetsbrevet\/uutiskirjeen-tilaus\/\"]}]},{\"@type\":\"ImageObject\",\"inLanguage\":\"sv-SE\",\"@id\":\"https:\/\/www.manner.fi\/sv\/bestall-nyhetsbrevet\/uutiskirjeen-tilaus\/#primaryimage\",\"url\":\"https:\/\/www.manner.fi\/wp-content\/uploads\/2018\/01\/uutiskirje.jpg\",\"contentUrl\":\"https:\/\/www.manner.fi\/wp-content\/uploads\/2018\/01\/uutiskirje.jpg\",\"width\":1600,\"height\":612},{\"@type\":\"BreadcrumbList\",\"@id\":\"https:\/\/www.manner.fi\/sv\/bestall-nyhetsbrevet\/uutiskirjeen-tilaus\/#breadcrumb\",\"itemListElement\":[{\"@type\":\"ListItem\",\"position\":1,\"name\":\"Home\",\"item\":\"https:\/\/www.manner.fi\/sv\/\"},{\"@type\":\"ListItem\",\"position\":2,\"name\":\"Best\u00e4ll nyhetsbrevet\",\"item\":\"https:\/\/www.manner.fi\/sv\/bestall-nyhetsbrevet\/\"},{\"@type\":\"ListItem\",\"position\":3,\"name\":\"Tack f\u00f6r att du prenumererade p\u00e5 Manners nyhetsbrev!\"}]},{\"@type\":\"WebSite\",\"@id\":\"https:\/\/www.manner.fi\/#website\",\"url\":\"https:\/\/www.manner.fi\/\",\"name\":\"Manner\",\"description\":\"Smart Moves on Manner Castors\",\"potentialAction\":[{\"@type\":\"SearchAction\",\"target\":{\"@type\":\"EntryPoint\",\"urlTemplate\":\"https:\/\/www.manner.fi\/?s={search_term_string}\"},\"query-input\":{\"@type\":\"PropertyValueSpecification\",\"valueRequired\":true,\"valueName\":\"search_term_string\"}}],\"inLanguage\":\"sv-SE\"}]}<\/script>\n<!-- \/ Yoast SEO plugin. -->","yoast_head_json":{"title":"Tack f\u00f6r att du prenumererade p\u00e5 Manners nyhetsbrev! - Manner","robots":{"index":"index","follow":"follow","max-snippet":"max-snippet:-1","max-image-preview":"max-image-preview:large","max-video-preview":"max-video-preview:-1"},"og_locale":"sv_SE","og_type":"article","og_title":"Tack f\u00f6r att du prenumererade p\u00e5 Manners nyhetsbrev! - Manner","og_description":"&nbsp; &nbsp; Tack f\u00f6r att du prenumererade p\u00e5 Manners nyhetsbrev! Vi \u00f6nskar dig v\u00e4lkommen med det f\u00f6rsta nyhetsbrev som snart kommer till din e-post. Vi belastar inte din e-post med kontinuerliga meddelanden, utan du kommer att f\u00e5 post av oss endast d\u00e5 vi har n\u00e5got viktigt att ber\u00e4tta. &nbsp; &nbsp; &nbsp;","og_url":"https:\/\/www.manner.fi\/sv\/bestall-nyhetsbrevet\/uutiskirjeen-tilaus\/","og_site_name":"Manner","article_modified_time":"2019-04-08T20:33:16+00:00","og_image":[{"width":1600,"height":612,"url":"https:\/\/www.manner.fi\/wp-content\/uploads\/2018\/01\/uutiskirje.jpg","type":"image\/jpeg"}],"twitter_card":"summary_large_image","schema":{"@context":"https:\/\/schema.org","@graph":[{"@type":"WebPage","@id":"https:\/\/www.manner.fi\/sv\/bestall-nyhetsbrevet\/uutiskirjeen-tilaus\/","url":"https:\/\/www.manner.fi\/sv\/bestall-nyhetsbrevet\/uutiskirjeen-tilaus\/","name":"Tack f\u00f6r att du prenumererade p\u00e5 Manners nyhetsbrev! - Manner","isPartOf":{"@id":"https:\/\/www.manner.fi\/#website"},"primaryImageOfPage":{"@id":"https:\/\/www.manner.fi\/sv\/bestall-nyhetsbrevet\/uutiskirjeen-tilaus\/#primaryimage"},"image":{"@id":"https:\/\/www.manner.fi\/sv\/bestall-nyhetsbrevet\/uutiskirjeen-tilaus\/#primaryimage"},"thumbnailUrl":"https:\/\/www.manner.fi\/wp-content\/uploads\/2018\/01\/uutiskirje.jpg","datePublished":"2019-04-08T20:17:08+00:00","dateModified":"2019-04-08T20:33:16+00:00","breadcrumb":{"@id":"https:\/\/www.manner.fi\/sv\/bestall-nyhetsbrevet\/uutiskirjeen-tilaus\/#breadcrumb"},"inLanguage":"sv-SE","potentialAction":[{"@type":"ReadAction","target":["https:\/\/www.manner.fi\/sv\/bestall-nyhetsbrevet\/uutiskirjeen-tilaus\/"]}]},{"@type":"ImageObject","inLanguage":"sv-SE","@id":"https:\/\/www.manner.fi\/sv\/bestall-nyhetsbrevet\/uutiskirjeen-tilaus\/#primaryimage","url":"https:\/\/www.manner.fi\/wp-content\/uploads\/2018\/01\/uutiskirje.jpg","contentUrl":"https:\/\/www.manner.fi\/wp-content\/uploads\/2018\/01\/uutiskirje.jpg","width":1600,"height":612},{"@type":"BreadcrumbList","@id":"https:\/\/www.manner.fi\/sv\/bestall-nyhetsbrevet\/uutiskirjeen-tilaus\/#breadcrumb","itemListElement":[{"@type":"ListItem","position":1,"name":"Home","item":"https:\/\/www.manner.fi\/sv\/"},{"@type":"ListItem","position":2,"name":"Best\u00e4ll nyhetsbrevet","item":"https:\/\/www.manner.fi\/sv\/bestall-nyhetsbrevet\/"},{"@type":"ListItem","position":3,"name":"Tack f\u00f6r att du prenumererade p\u00e5 Manners nyhetsbrev!"}]},{"@type":"WebSite","@id":"https:\/\/www.manner.fi\/#website","url":"https:\/\/www.manner.fi\/","name":"Manner","description":"Smart Moves on Manner Castors","potentialAction":[{"@type":"SearchAction","target":{"@type":"EntryPoint","urlTemplate":"https:\/\/www.manner.fi\/?s={search_term_string}"},"query-input":{"@type":"PropertyValueSpecification","valueRequired":true,"valueName":"search_term_string"}}],"inLanguage":"sv-SE"}]}},"_links":{"self":[{"href":"https:\/\/www.manner.fi\/sv\/wp-json\/wp\/v2\/pages\/184813","targetHints":{"allow":["GET"]}}],"collection":[{"href":"https:\/\/www.manner.fi\/sv\/wp-json\/wp\/v2\/pages"}],"about":[{"href":"https:\/\/www.manner.fi\/sv\/wp-json\/wp\/v2\/types\/page"}],"author":[{"embeddable":true,"href":"https:\/\/www.manner.fi\/sv\/wp-json\/wp\/v2\/users\/1"}],"replies":[{"embeddable":true,"href":"https:\/\/www.manner.fi\/sv\/wp-json\/wp\/v2\/comments?post=184813"}],"version-history":[{"count":2,"href":"https:\/\/www.manner.fi\/sv\/wp-json\/wp\/v2\/pages\/184813\/revisions"}],"predecessor-version":[{"id":184815,"href":"https:\/\/www.manner.fi\/sv\/wp-json\/wp\/v2\/pages\/184813\/revisions\/184815"}],"up":[{"embeddable":true,"href":"https:\/\/www.manner.fi\/sv\/wp-json\/wp\/v2\/pages\/7742"}],"wp:featuredmedia":[{"embeddable":true,"href":"https:\/\/www.manner.fi\/sv\/wp-json\/wp\/v2\/media\/2162"}],"wp:attachment":[{"href":"https:\/\/www.manner.fi\/sv\/wp-json\/wp\/v2\/media?parent=184813"}],"curies":[{"name":"wp","href":"https:\/\/api.w.org\/{rel}","templated":true}]}}