{"id":184403,"date":"2019-03-08T16:03:14","date_gmt":"2019-03-08T14:03:14","guid":{"rendered":"https:\/\/www.manner.fi\/?page_id=184403"},"modified":"2019-03-22T09:56:04","modified_gmt":"2019-03-22T07:56:04","slug":"manner-underlattar-vardagen-for-teknoscale","status":"publish","type":"page","link":"https:\/\/www.manner.fi\/sv\/manner-underlattar-vardagen-for-teknoscale\/","title":{"rendered":"Manner underl\u00e4ttar vardagen f\u00f6r Teknoscale"},"content":{"rendered":"<p class=\"p1\" style=\"text-align: center;\"><span class=\"s1\">Teknoscale Oy \u00e4r ett finl\u00e4ndskt f\u00f6retag inom teknologibranschen, som i mer \u00e4n 25 \u00e5r har specialiserat sig p\u00e5 planering och tillverkning av mycket exakta fordonsv\u00e5gar. Exempelvis myndigheter anv\u00e4nder v\u00e5ra produkter f\u00f6r att kontrollera \u00f6vervikt hos l\u00e5ngtradare och f\u00f6r att v\u00e4ga flygplan. Dessutom anv\u00e4nds v\u00e5garna vid produktutveckling av tunga specialfordon och f\u00f6r att kontrollera axelvikter samt exempelvis massan hos stora b\u00e5tar och f\u00f6r att fastst\u00e4lla tyngdpunkten. Teknoscale \u00e4r internationellt k\u00e4nt f\u00f6r sina exakta, anv\u00e4ndarv\u00e4nliga och mycket h\u00e5llbara v\u00e5gsystem.<\/span><\/p>\n<p style=\"text-align: center;\"><a class=\"read-more\" href=\"https:\/\/www.teknoscale.com\/\" target=\"_blank\" rel=\"noopener\">L\u00e4s mer om Teknoscale<\/a><\/p>\n","protected":false},"excerpt":{"rendered":"<p>Teknoscale Oy \u00e4r ett finl\u00e4ndskt f\u00f6retag inom teknologibranschen, som i mer \u00e4n 25 \u00e5r har specialiserat sig p\u00e5 planering och tillverkning av mycket exakta fordonsv\u00e5gar. Exempelvis myndigheter anv\u00e4nder v\u00e5ra produkter f\u00f6r att kontrollera \u00f6vervikt hos l\u00e5ngtradare och f\u00f6r att v\u00e4ga flygplan. Dessutom anv\u00e4nds v\u00e5garna vid produktutveckling av tunga specialfordon och f\u00f6r att kontrollera axelvikter samt [&hellip;]<\/p>\n","protected":false},"author":1,"featured_media":184414,"parent":0,"menu_order":0,"comment_status":"closed","ping_status":"closed","template":"reference.php","meta":{"_acf_changed":false,"footnotes":""},"class_list":["post-184403","page","type-page","status-publish","has-post-thumbnail","hentry"],"acf":[],"yoast_head":"<!-- This site is optimized with the Yoast SEO plugin v25.2 - https:\/\/yoast.com\/wordpress\/plugins\/seo\/ -->\n<title>Manner underl\u00e4ttar vardagen f\u00f6r Teknoscale - Manner<\/title>\n<meta name=\"robots\" content=\"index, follow, max-snippet:-1, max-image-preview:large, max-video-preview:-1\" \/>\n<meta property=\"og:locale\" content=\"sv_SE\" \/>\n<meta property=\"og:type\" content=\"article\" \/>\n<meta property=\"og:title\" content=\"Manner underl\u00e4ttar vardagen f\u00f6r Teknoscale - Manner\" \/>\n<meta property=\"og:description\" content=\"Teknoscale Oy \u00e4r ett finl\u00e4ndskt f\u00f6retag inom teknologibranschen, som i mer \u00e4n 25 \u00e5r har specialiserat sig p\u00e5 planering och tillverkning av mycket exakta fordonsv\u00e5gar. Exempelvis myndigheter anv\u00e4nder v\u00e5ra produkter f\u00f6r att kontrollera \u00f6vervikt hos l\u00e5ngtradare och f\u00f6r att v\u00e4ga flygplan. Dessutom anv\u00e4nds v\u00e5garna vid produktutveckling av tunga specialfordon och f\u00f6r att kontrollera axelvikter samt [&hellip;]\" \/>\n<meta property=\"og:url\" content=\"https:\/\/www.manner.fi\/sv\/manner-underlattar-vardagen-for-teknoscale\/\" \/>\n<meta property=\"og:site_name\" content=\"Manner\" \/>\n<meta property=\"article:modified_time\" content=\"2019-03-22T07:56:04+00:00\" \/>\n<meta property=\"og:image\" content=\"https:\/\/www.manner.fi\/wp-content\/uploads\/2019\/03\/teknoscale_hero.jpg\" \/>\n\t<meta property=\"og:image:width\" content=\"1600\" \/>\n\t<meta property=\"og:image:height\" content=\"609\" \/>\n\t<meta property=\"og:image:type\" content=\"image\/jpeg\" \/>\n<meta name=\"twitter:card\" content=\"summary_large_image\" \/>\n<meta name=\"twitter:label1\" content=\"Ber\u00e4knad l\u00e4stid\" \/>\n\t<meta name=\"twitter:data1\" content=\"1 minut\" \/>\n<script type=\"application\/ld+json\" class=\"yoast-schema-graph\">{\"@context\":\"https:\/\/schema.org\",\"@graph\":[{\"@type\":\"WebPage\",\"@id\":\"https:\/\/www.manner.fi\/sv\/manner-underlattar-vardagen-for-teknoscale\/\",\"url\":\"https:\/\/www.manner.fi\/sv\/manner-underlattar-vardagen-for-teknoscale\/\",\"name\":\"Manner underl\u00e4ttar vardagen f\u00f6r Teknoscale - Manner\",\"isPartOf\":{\"@id\":\"https:\/\/www.manner.fi\/#website\"},\"primaryImageOfPage\":{\"@id\":\"https:\/\/www.manner.fi\/sv\/manner-underlattar-vardagen-for-teknoscale\/#primaryimage\"},\"image\":{\"@id\":\"https:\/\/www.manner.fi\/sv\/manner-underlattar-vardagen-for-teknoscale\/#primaryimage\"},\"thumbnailUrl\":\"https:\/\/www.manner.fi\/wp-content\/uploads\/2019\/03\/teknoscale_hero.jpg\",\"datePublished\":\"2019-03-08T14:03:14+00:00\",\"dateModified\":\"2019-03-22T07:56:04+00:00\",\"breadcrumb\":{\"@id\":\"https:\/\/www.manner.fi\/sv\/manner-underlattar-vardagen-for-teknoscale\/#breadcrumb\"},\"inLanguage\":\"sv-SE\",\"potentialAction\":[{\"@type\":\"ReadAction\",\"target\":[\"https:\/\/www.manner.fi\/sv\/manner-underlattar-vardagen-for-teknoscale\/\"]}]},{\"@type\":\"ImageObject\",\"inLanguage\":\"sv-SE\",\"@id\":\"https:\/\/www.manner.fi\/sv\/manner-underlattar-vardagen-for-teknoscale\/#primaryimage\",\"url\":\"https:\/\/www.manner.fi\/wp-content\/uploads\/2019\/03\/teknoscale_hero.jpg\",\"contentUrl\":\"https:\/\/www.manner.fi\/wp-content\/uploads\/2019\/03\/teknoscale_hero.jpg\",\"width\":1600,\"height\":609},{\"@type\":\"BreadcrumbList\",\"@id\":\"https:\/\/www.manner.fi\/sv\/manner-underlattar-vardagen-for-teknoscale\/#breadcrumb\",\"itemListElement\":[{\"@type\":\"ListItem\",\"position\":1,\"name\":\"Home\",\"item\":\"https:\/\/www.manner.fi\/sv\/\"},{\"@type\":\"ListItem\",\"position\":2,\"name\":\"Manner underl\u00e4ttar vardagen f\u00f6r Teknoscale\"}]},{\"@type\":\"WebSite\",\"@id\":\"https:\/\/www.manner.fi\/#website\",\"url\":\"https:\/\/www.manner.fi\/\",\"name\":\"Manner\",\"description\":\"Smart Moves on Manner Castors\",\"potentialAction\":[{\"@type\":\"SearchAction\",\"target\":{\"@type\":\"EntryPoint\",\"urlTemplate\":\"https:\/\/www.manner.fi\/?s={search_term_string}\"},\"query-input\":{\"@type\":\"PropertyValueSpecification\",\"valueRequired\":true,\"valueName\":\"search_term_string\"}}],\"inLanguage\":\"sv-SE\"}]}<\/script>\n<!-- \/ Yoast SEO plugin. -->","yoast_head_json":{"title":"Manner underl\u00e4ttar vardagen f\u00f6r Teknoscale - Manner","robots":{"index":"index","follow":"follow","max-snippet":"max-snippet:-1","max-image-preview":"max-image-preview:large","max-video-preview":"max-video-preview:-1"},"og_locale":"sv_SE","og_type":"article","og_title":"Manner underl\u00e4ttar vardagen f\u00f6r Teknoscale - Manner","og_description":"Teknoscale Oy \u00e4r ett finl\u00e4ndskt f\u00f6retag inom teknologibranschen, som i mer \u00e4n 25 \u00e5r har specialiserat sig p\u00e5 planering och tillverkning av mycket exakta fordonsv\u00e5gar. Exempelvis myndigheter anv\u00e4nder v\u00e5ra produkter f\u00f6r att kontrollera \u00f6vervikt hos l\u00e5ngtradare och f\u00f6r att v\u00e4ga flygplan. Dessutom anv\u00e4nds v\u00e5garna vid produktutveckling av tunga specialfordon och f\u00f6r att kontrollera axelvikter samt [&hellip;]","og_url":"https:\/\/www.manner.fi\/sv\/manner-underlattar-vardagen-for-teknoscale\/","og_site_name":"Manner","article_modified_time":"2019-03-22T07:56:04+00:00","og_image":[{"width":1600,"height":609,"url":"https:\/\/www.manner.fi\/wp-content\/uploads\/2019\/03\/teknoscale_hero.jpg","type":"image\/jpeg"}],"twitter_card":"summary_large_image","twitter_misc":{"Ber\u00e4knad l\u00e4stid":"1 minut"},"schema":{"@context":"https:\/\/schema.org","@graph":[{"@type":"WebPage","@id":"https:\/\/www.manner.fi\/sv\/manner-underlattar-vardagen-for-teknoscale\/","url":"https:\/\/www.manner.fi\/sv\/manner-underlattar-vardagen-for-teknoscale\/","name":"Manner underl\u00e4ttar vardagen f\u00f6r Teknoscale - Manner","isPartOf":{"@id":"https:\/\/www.manner.fi\/#website"},"primaryImageOfPage":{"@id":"https:\/\/www.manner.fi\/sv\/manner-underlattar-vardagen-for-teknoscale\/#primaryimage"},"image":{"@id":"https:\/\/www.manner.fi\/sv\/manner-underlattar-vardagen-for-teknoscale\/#primaryimage"},"thumbnailUrl":"https:\/\/www.manner.fi\/wp-content\/uploads\/2019\/03\/teknoscale_hero.jpg","datePublished":"2019-03-08T14:03:14+00:00","dateModified":"2019-03-22T07:56:04+00:00","breadcrumb":{"@id":"https:\/\/www.manner.fi\/sv\/manner-underlattar-vardagen-for-teknoscale\/#breadcrumb"},"inLanguage":"sv-SE","potentialAction":[{"@type":"ReadAction","target":["https:\/\/www.manner.fi\/sv\/manner-underlattar-vardagen-for-teknoscale\/"]}]},{"@type":"ImageObject","inLanguage":"sv-SE","@id":"https:\/\/www.manner.fi\/sv\/manner-underlattar-vardagen-for-teknoscale\/#primaryimage","url":"https:\/\/www.manner.fi\/wp-content\/uploads\/2019\/03\/teknoscale_hero.jpg","contentUrl":"https:\/\/www.manner.fi\/wp-content\/uploads\/2019\/03\/teknoscale_hero.jpg","width":1600,"height":609},{"@type":"BreadcrumbList","@id":"https:\/\/www.manner.fi\/sv\/manner-underlattar-vardagen-for-teknoscale\/#breadcrumb","itemListElement":[{"@type":"ListItem","position":1,"name":"Home","item":"https:\/\/www.manner.fi\/sv\/"},{"@type":"ListItem","position":2,"name":"Manner underl\u00e4ttar vardagen f\u00f6r Teknoscale"}]},{"@type":"WebSite","@id":"https:\/\/www.manner.fi\/#website","url":"https:\/\/www.manner.fi\/","name":"Manner","description":"Smart Moves on Manner Castors","potentialAction":[{"@type":"SearchAction","target":{"@type":"EntryPoint","urlTemplate":"https:\/\/www.manner.fi\/?s={search_term_string}"},"query-input":{"@type":"PropertyValueSpecification","valueRequired":true,"valueName":"search_term_string"}}],"inLanguage":"sv-SE"}]}},"_links":{"self":[{"href":"https:\/\/www.manner.fi\/sv\/wp-json\/wp\/v2\/pages\/184403","targetHints":{"allow":["GET"]}}],"collection":[{"href":"https:\/\/www.manner.fi\/sv\/wp-json\/wp\/v2\/pages"}],"about":[{"href":"https:\/\/www.manner.fi\/sv\/wp-json\/wp\/v2\/types\/page"}],"author":[{"embeddable":true,"href":"https:\/\/www.manner.fi\/sv\/wp-json\/wp\/v2\/users\/1"}],"replies":[{"embeddable":true,"href":"https:\/\/www.manner.fi\/sv\/wp-json\/wp\/v2\/comments?post=184403"}],"version-history":[{"count":18,"href":"https:\/\/www.manner.fi\/sv\/wp-json\/wp\/v2\/pages\/184403\/revisions"}],"predecessor-version":[{"id":184554,"href":"https:\/\/www.manner.fi\/sv\/wp-json\/wp\/v2\/pages\/184403\/revisions\/184554"}],"wp:featuredmedia":[{"embeddable":true,"href":"https:\/\/www.manner.fi\/sv\/wp-json\/wp\/v2\/media\/184414"}],"wp:attachment":[{"href":"https:\/\/www.manner.fi\/sv\/wp-json\/wp\/v2\/media?parent=184403"}],"curies":[{"name":"wp","href":"https:\/\/api.w.org\/{rel}","templated":true}]}}