{"id":184372,"date":"2019-03-15T10:31:01","date_gmt":"2019-03-15T08:31:01","guid":{"rendered":"https:\/\/www.manner.fi\/?page_id=184372"},"modified":"2022-10-26T12:31:02","modified_gmt":"2022-10-26T09:31:02","slug":"twist","status":"publish","type":"page","link":"https:\/\/www.manner.fi\/sv\/produkter\/twist\/","title":{"rendered":"Twist"},"content":{"rendered":"<div style=\"width: 1920px;\" class=\"wp-video\"><video class=\"wp-video-shortcode\" id=\"video-184372-1\" width=\"1920\" height=\"1080\" preload=\"metadata\" controls=\"controls\"><source type=\"video\/mp4\" src=\"https:\/\/www.manner.fi\/wp-content\/uploads\/2021\/12\/Manner_Twist_Tuotevideo_ENG_12-2021.mp4?_=1\" \/><a href=\"https:\/\/www.manner.fi\/wp-content\/uploads\/2021\/12\/Manner_Twist_Tuotevideo_ENG_12-2021.mp4\">https:\/\/www.manner.fi\/wp-content\/uploads\/2021\/12\/Manner_Twist_Tuotevideo_ENG_12-2021.mp4<\/a><\/video><\/div>\n<h3>Det h\u00f6gkvalitativa Twist-dubbelhjulet \u00e4r mycket stadigt och har stor b\u00e4rf\u00f6rm\u00e5ga, men \u00e4r \u00e4nd\u00e5 l\u00e4ttrullande<\/h3>\n<p>Till dess specialegenskaper h\u00f6r en intuitiv bromspedal, som tydligt visar l\u00e5sningens l\u00e4ge och som \u00e4r l\u00e4tt att anv\u00e4nda. Tack vare tv\u00e5 olika konstruktionsh\u00f6jder kan de kund- och apparatspecifika kraven l\u00e4ttare uppfyllas.<\/p>\n<p>Twist har ett tidl\u00f6st och kliniskt utseende som ger ett hygieniskt och h\u00f6gklassigt intryck d\u00e4r det anv\u00e4nds. Standardf\u00e4rgen \u00e4r ljusgr\u00e5 (RAL 7035) med r\u00f6d bromspedal. Specialf\u00e4rger och f\u00e4rger enligt kundens \u00f6nskem\u00e5l \u00e4r m\u00f6jliga vid st\u00f6rre best\u00e4llningar. Twist kan ocks\u00e5 p\u00e5 m\u00e5nga s\u00e4tt skr\u00e4ddarsys efter kundens \u00f6nskem\u00e5l. Exempelvis f\u00e4rgerna i hjulets stomme, pedal, nav och t\u00e4ckplatta samt logotyp kan \u00e4ndras efter kundens \u00f6nskem\u00e5l.<\/p>\n<p>Twist-hjulen finns b\u00e5de som elledande och rostfria. Hjulalternativen \u00e4r sv\u00e4ngbara hjul, sv\u00e4ngbara hjul med dubbelbroms och sv\u00e4ngbara hjul med riktningsl\u00e5sning.<\/p>\n<p>L\u00e4s mer om Manners andra m\u00f6belhjul, s\u00e5som <a href=\"https:\/\/www.manner.fi\/sv\/produkter\/tango\/\">Tango<\/a> och <a href=\"https:\/\/www.manner.fi\/sv\/produkter\/e-smart\/\">e-SMART<\/a>.<\/p>\n<p class=\"p2\" style=\"text-align: center;\">\n","protected":false},"excerpt":{"rendered":"<p>Det h\u00f6gkvalitativa Twist-dubbelhjulet \u00e4r mycket stadigt och har stor b\u00e4rf\u00f6rm\u00e5ga, men \u00e4r \u00e4nd\u00e5 l\u00e4ttrullande Till dess specialegenskaper h\u00f6r en intuitiv bromspedal, som tydligt visar l\u00e5sningens l\u00e4ge och som \u00e4r l\u00e4tt att anv\u00e4nda. Tack vare tv\u00e5 olika konstruktionsh\u00f6jder kan de kund- och apparatspecifika kraven l\u00e4ttare uppfyllas. Twist har ett tidl\u00f6st och kliniskt utseende som ger ett [&hellip;]<\/p>\n","protected":false},"author":1,"featured_media":185739,"parent":7581,"menu_order":0,"comment_status":"closed","ping_status":"closed","template":"","meta":{"_acf_changed":false,"footnotes":""},"class_list":["post-184372","page","type-page","status-publish","has-post-thumbnail","hentry"],"acf":[],"yoast_head":"<!-- This site is optimized with the Yoast SEO plugin v25.2 - https:\/\/yoast.com\/wordpress\/plugins\/seo\/ -->\n<title>Twist - Manner<\/title>\n<meta name=\"robots\" content=\"index, follow, max-snippet:-1, max-image-preview:large, max-video-preview:-1\" \/>\n<meta property=\"og:locale\" content=\"sv_SE\" \/>\n<meta property=\"og:type\" content=\"article\" \/>\n<meta property=\"og:title\" content=\"Twist - Manner\" \/>\n<meta property=\"og:description\" content=\"Det h\u00f6gkvalitativa Twist-dubbelhjulet \u00e4r mycket stadigt och har stor b\u00e4rf\u00f6rm\u00e5ga, men \u00e4r \u00e4nd\u00e5 l\u00e4ttrullande Till dess specialegenskaper h\u00f6r en intuitiv bromspedal, som tydligt visar l\u00e5sningens l\u00e4ge och som \u00e4r l\u00e4tt att anv\u00e4nda. Tack vare tv\u00e5 olika konstruktionsh\u00f6jder kan de kund- och apparatspecifika kraven l\u00e4ttare uppfyllas. Twist har ett tidl\u00f6st och kliniskt utseende som ger ett [&hellip;]\" \/>\n<meta property=\"og:url\" content=\"https:\/\/www.manner.fi\/sv\/produkter\/twist\/\" \/>\n<meta property=\"og:site_name\" content=\"Manner\" \/>\n<meta property=\"article:modified_time\" content=\"2022-10-26T09:31:02+00:00\" \/>\n<meta property=\"og:image\" content=\"https:\/\/www.manner.fi\/wp-content\/uploads\/2019\/11\/twist_frontpage_hero_2.jpg\" \/>\n\t<meta property=\"og:image:width\" content=\"1600\" \/>\n\t<meta property=\"og:image:height\" content=\"927\" \/>\n\t<meta property=\"og:image:type\" content=\"image\/jpeg\" \/>\n<meta name=\"twitter:card\" content=\"summary_large_image\" \/>\n<meta name=\"twitter:label1\" content=\"Ber\u00e4knad l\u00e4stid\" \/>\n\t<meta name=\"twitter:data1\" content=\"1 minut\" \/>\n<script type=\"application\/ld+json\" class=\"yoast-schema-graph\">{\"@context\":\"https:\/\/schema.org\",\"@graph\":[{\"@type\":\"WebPage\",\"@id\":\"https:\/\/www.manner.fi\/sv\/produkter\/twist\/\",\"url\":\"https:\/\/www.manner.fi\/sv\/produkter\/twist\/\",\"name\":\"Twist - Manner\",\"isPartOf\":{\"@id\":\"https:\/\/www.manner.fi\/#website\"},\"primaryImageOfPage\":{\"@id\":\"https:\/\/www.manner.fi\/sv\/produkter\/twist\/#primaryimage\"},\"image\":{\"@id\":\"https:\/\/www.manner.fi\/sv\/produkter\/twist\/#primaryimage\"},\"thumbnailUrl\":\"https:\/\/www.manner.fi\/wp-content\/uploads\/2019\/11\/twist_frontpage_hero_2.jpg\",\"datePublished\":\"2019-03-15T08:31:01+00:00\",\"dateModified\":\"2022-10-26T09:31:02+00:00\",\"breadcrumb\":{\"@id\":\"https:\/\/www.manner.fi\/sv\/produkter\/twist\/#breadcrumb\"},\"inLanguage\":\"sv-SE\",\"potentialAction\":[{\"@type\":\"ReadAction\",\"target\":[\"https:\/\/www.manner.fi\/sv\/produkter\/twist\/\"]}]},{\"@type\":\"ImageObject\",\"inLanguage\":\"sv-SE\",\"@id\":\"https:\/\/www.manner.fi\/sv\/produkter\/twist\/#primaryimage\",\"url\":\"https:\/\/www.manner.fi\/wp-content\/uploads\/2019\/11\/twist_frontpage_hero_2.jpg\",\"contentUrl\":\"https:\/\/www.manner.fi\/wp-content\/uploads\/2019\/11\/twist_frontpage_hero_2.jpg\",\"width\":1600,\"height\":927},{\"@type\":\"BreadcrumbList\",\"@id\":\"https:\/\/www.manner.fi\/sv\/produkter\/twist\/#breadcrumb\",\"itemListElement\":[{\"@type\":\"ListItem\",\"position\":1,\"name\":\"Home\",\"item\":\"https:\/\/www.manner.fi\/sv\/\"},{\"@type\":\"ListItem\",\"position\":2,\"name\":\"Produkter\",\"item\":\"https:\/\/www.manner.fi\/sv\/produkter\/\"},{\"@type\":\"ListItem\",\"position\":3,\"name\":\"Twist\"}]},{\"@type\":\"WebSite\",\"@id\":\"https:\/\/www.manner.fi\/#website\",\"url\":\"https:\/\/www.manner.fi\/\",\"name\":\"Manner\",\"description\":\"Smart Moves on Manner Castors\",\"potentialAction\":[{\"@type\":\"SearchAction\",\"target\":{\"@type\":\"EntryPoint\",\"urlTemplate\":\"https:\/\/www.manner.fi\/?s={search_term_string}\"},\"query-input\":{\"@type\":\"PropertyValueSpecification\",\"valueRequired\":true,\"valueName\":\"search_term_string\"}}],\"inLanguage\":\"sv-SE\"}]}<\/script>\n<!-- \/ Yoast SEO plugin. -->","yoast_head_json":{"title":"Twist - Manner","robots":{"index":"index","follow":"follow","max-snippet":"max-snippet:-1","max-image-preview":"max-image-preview:large","max-video-preview":"max-video-preview:-1"},"og_locale":"sv_SE","og_type":"article","og_title":"Twist - Manner","og_description":"Det h\u00f6gkvalitativa Twist-dubbelhjulet \u00e4r mycket stadigt och har stor b\u00e4rf\u00f6rm\u00e5ga, men \u00e4r \u00e4nd\u00e5 l\u00e4ttrullande Till dess specialegenskaper h\u00f6r en intuitiv bromspedal, som tydligt visar l\u00e5sningens l\u00e4ge och som \u00e4r l\u00e4tt att anv\u00e4nda. Tack vare tv\u00e5 olika konstruktionsh\u00f6jder kan de kund- och apparatspecifika kraven l\u00e4ttare uppfyllas. Twist har ett tidl\u00f6st och kliniskt utseende som ger ett [&hellip;]","og_url":"https:\/\/www.manner.fi\/sv\/produkter\/twist\/","og_site_name":"Manner","article_modified_time":"2022-10-26T09:31:02+00:00","og_image":[{"width":1600,"height":927,"url":"https:\/\/www.manner.fi\/wp-content\/uploads\/2019\/11\/twist_frontpage_hero_2.jpg","type":"image\/jpeg"}],"twitter_card":"summary_large_image","twitter_misc":{"Ber\u00e4knad l\u00e4stid":"1 minut"},"schema":{"@context":"https:\/\/schema.org","@graph":[{"@type":"WebPage","@id":"https:\/\/www.manner.fi\/sv\/produkter\/twist\/","url":"https:\/\/www.manner.fi\/sv\/produkter\/twist\/","name":"Twist - Manner","isPartOf":{"@id":"https:\/\/www.manner.fi\/#website"},"primaryImageOfPage":{"@id":"https:\/\/www.manner.fi\/sv\/produkter\/twist\/#primaryimage"},"image":{"@id":"https:\/\/www.manner.fi\/sv\/produkter\/twist\/#primaryimage"},"thumbnailUrl":"https:\/\/www.manner.fi\/wp-content\/uploads\/2019\/11\/twist_frontpage_hero_2.jpg","datePublished":"2019-03-15T08:31:01+00:00","dateModified":"2022-10-26T09:31:02+00:00","breadcrumb":{"@id":"https:\/\/www.manner.fi\/sv\/produkter\/twist\/#breadcrumb"},"inLanguage":"sv-SE","potentialAction":[{"@type":"ReadAction","target":["https:\/\/www.manner.fi\/sv\/produkter\/twist\/"]}]},{"@type":"ImageObject","inLanguage":"sv-SE","@id":"https:\/\/www.manner.fi\/sv\/produkter\/twist\/#primaryimage","url":"https:\/\/www.manner.fi\/wp-content\/uploads\/2019\/11\/twist_frontpage_hero_2.jpg","contentUrl":"https:\/\/www.manner.fi\/wp-content\/uploads\/2019\/11\/twist_frontpage_hero_2.jpg","width":1600,"height":927},{"@type":"BreadcrumbList","@id":"https:\/\/www.manner.fi\/sv\/produkter\/twist\/#breadcrumb","itemListElement":[{"@type":"ListItem","position":1,"name":"Home","item":"https:\/\/www.manner.fi\/sv\/"},{"@type":"ListItem","position":2,"name":"Produkter","item":"https:\/\/www.manner.fi\/sv\/produkter\/"},{"@type":"ListItem","position":3,"name":"Twist"}]},{"@type":"WebSite","@id":"https:\/\/www.manner.fi\/#website","url":"https:\/\/www.manner.fi\/","name":"Manner","description":"Smart Moves on Manner Castors","potentialAction":[{"@type":"SearchAction","target":{"@type":"EntryPoint","urlTemplate":"https:\/\/www.manner.fi\/?s={search_term_string}"},"query-input":{"@type":"PropertyValueSpecification","valueRequired":true,"valueName":"search_term_string"}}],"inLanguage":"sv-SE"}]}},"_links":{"self":[{"href":"https:\/\/www.manner.fi\/sv\/wp-json\/wp\/v2\/pages\/184372","targetHints":{"allow":["GET"]}}],"collection":[{"href":"https:\/\/www.manner.fi\/sv\/wp-json\/wp\/v2\/pages"}],"about":[{"href":"https:\/\/www.manner.fi\/sv\/wp-json\/wp\/v2\/types\/page"}],"author":[{"embeddable":true,"href":"https:\/\/www.manner.fi\/sv\/wp-json\/wp\/v2\/users\/1"}],"replies":[{"embeddable":true,"href":"https:\/\/www.manner.fi\/sv\/wp-json\/wp\/v2\/comments?post=184372"}],"version-history":[{"count":21,"href":"https:\/\/www.manner.fi\/sv\/wp-json\/wp\/v2\/pages\/184372\/revisions"}],"predecessor-version":[{"id":187917,"href":"https:\/\/www.manner.fi\/sv\/wp-json\/wp\/v2\/pages\/184372\/revisions\/187917"}],"up":[{"embeddable":true,"href":"https:\/\/www.manner.fi\/sv\/wp-json\/wp\/v2\/pages\/7581"}],"wp:featuredmedia":[{"embeddable":true,"href":"https:\/\/www.manner.fi\/sv\/wp-json\/wp\/v2\/media\/185739"}],"wp:attachment":[{"href":"https:\/\/www.manner.fi\/sv\/wp-json\/wp\/v2\/media?parent=184372"}],"curies":[{"name":"wp","href":"https:\/\/api.w.org\/{rel}","templated":true}]}}