{"id":123377,"date":"2018-11-27T14:40:34","date_gmt":"2018-11-27T12:40:34","guid":{"rendered":"https:\/\/www.manner.fi\/datenschutzerklaerung\/"},"modified":"2019-09-04T08:35:10","modified_gmt":"2019-09-04T05:35:10","slug":"dataskyddsbeskrivning","status":"publish","type":"page","link":"https:\/\/www.manner.fi\/sv\/dataskyddsbeskrivning\/","title":{"rendered":"Dataskyddsbeskrivning"},"content":{"rendered":"<p class=\"p1\"><span class=\"s1\">Dataskyddsbeskrivning i enlighet med EU:s allm\u00e4nna dataskyddsf\u00f6rordning (EU) 2016\/679 <\/span><\/p>\n<p class=\"p1\"><span class=\"s1\">30.10.2018<\/span><b><\/b><\/p>\n<p class=\"p1\"><span class=\"s1\"><b>1. Personuppgiftsansvarig<\/b><br \/>\nOy Mannerin Konepaja Ab, L\u00e5nggatan 17, 10900 Hang\u00f6<\/span><b><\/b><\/p>\n<p class=\"p1\"><span class=\"s1\"><b>2. Kontaktperson i \u00e4renden som g\u00e4ller registret<\/b><br \/>\nOy Mannerin Konepaja Ab, Anders S\u00f6derlund, L\u00e5nggatan 17, 10900 Hang\u00f6. F\u00f6r det tekniska utf\u00f6randet svarar doop dmp Oy.<\/span><b><\/b><\/p>\n<p class=\"p1\"><span class=\"s1\"><b>3. Registrets namn<\/b><br \/>\nOy Mannerin Konepaja Ab:s webbtj\u00e4nstregister f\u00f6r webbplatsen manner.fi.<\/span><b><\/b><\/p>\n<p class=\"p1\"><span class=\"s1\"><b>4. \u00c4ndam\u00e5let med registret<\/b><br \/>\nDen personuppgiftsansvariga eller av denna befullm\u00e4ktigad samarbetspartner anv\u00e4nder kunder eller potentiella kunders personuppgifter f\u00f6r f\u00f6ljande \u00e4ndam\u00e5l: <\/span><\/p>\n<ol class=\"ol1\">\n<li style=\"list-style-type: none;\">\n<ul class=\"ul1\">\n<li class=\"li1\"><span class=\"s1\">Oy Mannerin Konepaja Ab:s marknadskommunikation, inklusive direktmarknadsf\u00f6ring till dem som givit sitt samtycke<\/span><\/li>\n<li class=\"li1\"><span class=\"s1\">Sk\u00f6tsel och utveckling av kundrelationen <\/span><\/li>\n<li class=\"li1\"><span class=\"s1\">Utveckling av den personuppgiftsansvarigas aff\u00e4rsverksamhet och utveckling av d\u00e4rtill h\u00f6rande kundservice. <\/span><\/li>\n<\/ul>\n<\/li>\n<\/ol>\n<p class=\"p1\"><span class=\"s1\">Personuppgifter behandlas i enlighet med EU:s allm\u00e4nna dataskyddsf\u00f6rordning. Behandlingen av personuppgifter baserar sig p\u00e5 samtycke och den registrerade kan n\u00e4r som helst \u00e5terta sitt samtycke. <\/span><b><\/b><\/p>\n<p class=\"p1\"><span class=\"s1\"><b>5. Registrets datainneh\u00e5ll<\/b><br \/>\nI registret insamlas de basuppgifter som anv\u00e4ndare av webbplatsen manner.fi uppgett: namn, stad, e-post och telefonnummer. I anslutning till arbetsans\u00f6kningsblanketten ocks\u00e5 f\u00f6delse\u00e5r, utbildning, examen och spr\u00e5kkunskaper.<\/span><\/p>\n<p class=\"p1\"><span class=\"s1\">Andra uppgifter: kundrespons, uppgifter om kundn\u00f6jdhet, kampanjspecifika uppgifter, uppgifter om anv\u00e4ndning av tj\u00e4nster samt k\u00f6pbeteende, uppgifter om tillst\u00e5nd och f\u00f6rbud i enlighet med lagstiftningen om direktreklam, distansf\u00f6rs\u00e4ljning och annan direktmarknadsf\u00f6ring, andra uppgifter som f\u00e5tts med kundens och potentiella kunders samtycke eller med fullmakt, och som \u00e4r n\u00f6dv\u00e4ndiga f\u00f6r att genomf\u00f6ra den tj\u00e4nst som denna beg\u00e4rt om. <\/span><\/p>\n<p class=\"p1\"><span class=\"s1\"><b>6. Regelm\u00e4ssiga uppgiftsk\u00e4llor <\/b><\/span><\/p>\n<p class=\"p1\"><span class=\"s1\">Uppgifter om kunder och potentiella kunder f\u00e5s bl.a. vid prenumeration av nyhetsbrev, \u00e5sikts- och responsf\u00f6rfr\u00e5gningar, t\u00e4vlingar och dragningar. Av dessa uppgifter sparas endast uppgifter av dem som gett marknadsf\u00f6rings- och kontakttillst\u00e5nd. I \u00f6vrigt f\u00f6rvaras uppgifter som getts kampanjspecifikt endast den tid som anges i reglerna f\u00f6r varje kampanj.<\/span><\/p>\n<p class=\"p1\"><span class=\"s1\"><b>7. Utl\u00e4mnande av uppgifter<\/b><br \/>\nUppgifter kan utl\u00e4mnas till myndigheter i lagstadgade fall. Uppgifter \u00f6vers\u00e4nds inte utanf\u00f6r Europeiska unionen eller Europeiska ekonomiska samarbetsomr\u00e5det, s\u00e5tillvida det inte \u00e4r n\u00f6dv\u00e4ndigt f\u00f6r att tekniskt genomf\u00f6ra en tj\u00e4nst. D\u00e5 ser den personuppgiftsansvariga till att dataskyddet har en tillr\u00e4cklig niv\u00e5 p\u00e5 det s\u00e4tt som avses i lagstiftningen. Uppgifter kan ocks\u00e5 utl\u00e4mnas p\u00e5 det s\u00e4tt som EU:s dataskyddsf\u00f6rordning till\u00e5ter till de av Oy Mannerin Konepaja Ab:s samarbetspartner och underleverant\u00f6rer, som verkar p\u00e5 uppdrag av Oy Mannerin Konepaja Ab och f\u00f6r dess r\u00e4kning i anslutning till Oy Mannerin Konepaja Ab.<\/span><b><\/b><\/p>\n<p class=\"p1\"><span class=\"s1\"><b>8. Principer f\u00f6r registerskyddet<\/b><br \/>\nUppgifterna har sparats i den personuppgiftsansvarigas system och de har skyddats med ett skyddsprogram f\u00f6r operativsystemet. \u00c5tkomstr\u00e4tt till registret f\u00f6ruts\u00e4tter ett personligt anv\u00e4ndarnamn och ett l\u00f6senord, som beviljas endast s\u00e5dana som h\u00f6r till den personuppgiftsansvarigas personal, och d\u00e4r \u00e5tkomstr\u00e4tten h\u00e4nf\u00f6r sig till befattning och arbetsuppgifter. De uppgifter som ing\u00e5r i registret finns i ett l\u00e5st och skyddat rum.<\/span><b><\/b><\/p>\n<p class=\"p1\"><span class=\"s1\"><b>9. Den registrerades r\u00e4ttigheter<\/b><\/span><\/p>\n<p class=\"p1\"><span class=\"s1\">9.1 R\u00e4tt till information<\/span><\/p>\n<p class=\"p1\"><span class=\"s1\">Den registrerade har r\u00e4tt att p\u00e5 ett genomskinligt s\u00e4tt f\u00e5 information om behandlingen av personuppgifter. Registrerade informeras om behandlingen av personuppgifter med denna Dataskyddsbeskrivning. <\/span><\/p>\n<p class=\"p1\"><span class=\"s1\">Den registrerade har r\u00e4tt att f\u00e5 tilltr\u00e4de till sina uppgifter. Den registrerade ska framf\u00f6r en informationsbeg\u00e4ran till registrets kontaktperson skriftligt. Den personuppgiftsansvariga l\u00e4mnar information om de samlade uppgifterna senast inom 30 dagar.<\/span><\/p>\n<p class=\"p1\"><span class=\"s1\">9.2 R\u00e4tt till r\u00e4ttelse av uppgifter<\/span><\/p>\n<p class=\"p1\"><span class=\"s1\">Den registrerade har r\u00e4tt till r\u00e4ttelse av uppgifter och radering av uppgifter utan dr\u00f6jsm\u00e5l. Beg\u00e4ran ska framf\u00f6ras till registrets kontaktperson skriftligen. Den personuppgiftsansvariga \u00e4r skyldig att radera uppgifter, om n\u00e5gon av f\u00f6ljande grunder uppfylls: 1) om personuppgifterna inte l\u00e4ngre beh\u00f6vs f\u00f6r de \u00e4ndam\u00e5l som de samlades in f\u00f6r, 2) om den registrerade \u00e5terkallar sitt samtycke, 3) om den registrerade mots\u00e4tter sig behandling eller det inte finns n\u00e5gon laglig grund f\u00f6r behandlingen eller om den registrerade mots\u00e4tter sig direktmarknadsf\u00f6ringssyftet, 4) personuppgifter har behandlats olagligt, 5) om radering av personuppgifter kr\u00e4vs f\u00f6r att uppfylla en laglig skyldighet, 6) om personuppgifter insamlats vid tillhandah\u00e5llandet av datasamh\u00e4llets tj\u00e4nster. <\/span><\/p>\n<p class=\"p1\"><span class=\"s1\">9.3 R\u00e4tt till begr\u00e4nsning av behandling<\/span><\/p>\n<p class=\"p1\"><span class=\"s1\">En registrerad har r\u00e4tt att begr\u00e4nsa behandlingen av sina uppgifter, om n\u00e5gon av grunderna i artikel 18 uppfylls. En grund finns exempelvis i en s\u00e5dan situation att den registrerade bestrider riktigheten i sina personuppgifter.<\/span><\/p>\n<p class=\"p1\"><span class=\"s1\">Den personuppgiftsansvariga informerar om r\u00e4ttelser och raderingar av personuppgift eller om begr\u00e4nsning av behandling, till varje mottagare som personuppgifter \u00f6verl\u00e4mnats till, om det inte f\u00f6rorsakar osk\u00e4ligt besv\u00e4r. Den personuppgiftsansvariga meddelar den registrerade om dessa mottagare, om den registrerade separat beg\u00e4r detta.<\/span><\/p>\n<p class=\"p1\"><span class=\"s1\">9.4 R\u00e4tt att \u00f6verf\u00f6ra uppgifter<\/span><\/p>\n<p class=\"p1\"><span class=\"s1\">Den registrerade har r\u00e4tt att f\u00e5 de personuppgifter som g\u00e4ller honom eller henne att f\u00e5 dem \u00f6verf\u00f6rda till en annan personuppgiftsansvarig. Till \u00f6verf\u00f6ringsr\u00e4tten h\u00f6r ocks\u00e5 r\u00e4tt att \u00f6verf\u00f6ra uppgifter direkt fr\u00e5n en personuppgiftsansvarig till en annan, om det \u00e4r tekniskt m\u00f6jligt. R\u00e4tten f\u00f6ruts\u00e4tter att behandlingen baserar sig p\u00e5 samtycke eller avtal och att behandlingen g\u00f6rs automatiserat. <\/span><\/p>\n<p class=\"p1\"><span class=\"s1\">9.5 R\u00e4tt att g\u00f6ra inv\u00e4ndningar<\/span><\/p>\n<p class=\"p1\"><span class=\"s1\">Den registrerade har r\u00e4tt att n\u00e4r som helst g\u00f6ra inv\u00e4ndningar \u00f6ver behandling av personuppgifter som g\u00e4ller personen, om han eller hon har gett sitt samtycke till behandlingen av uppgifter. Den registrerade har ocks\u00e5 r\u00e4tt att n\u00e4r som helst g\u00f6ra inv\u00e4ndningar mot behandling av personuppgifter som g\u00e4ller honom eller henne, och som baserar sig p\u00e5 ett f\u00f6retags ber\u00e4ttigade intresse eller profilering. Profilering avser vilken som helst automatiserad behandling av personuppgifter, d\u00e4r man genom att anv\u00e4nda personuppgifter bed\u00f6mer vissa personliga egenskaper hos en m\u00e4nniska, i synnerhet analyseras eller f\u00f6rutses drag, som h\u00e4nf\u00f6r sig till den fysiska personens arbetsprestation, ekonomiska situation, h\u00e4lsa, personliga preferenser, intressen, p\u00e5litlighet, beteende, vistelseort eller f\u00f6rflyttningar.<\/span><\/p>\n<p class=\"p1\"><span class=\"s1\">Den personuppgiftsansvariga f\u00e5r efter f\u00f6rbudet inte l\u00e4ngre behandla personuppgifter, f\u00f6rutom om den personuppgiftsansvariga kan p\u00e5visa att det finns en betydande viktig och motiverad orsak.<\/span><\/p>\n<p class=\"p1\"><span class=\"s1\">Den registrerade har n\u00e4r som helst r\u00e4tt att g\u00f6ra inv\u00e4ndningar mot behandling av personuppgifter f\u00f6r direktmarknadsf\u00f6ring som g\u00e4ller honom eller henne \u2014 inklusive profilering d\u00e5 den anknyter sig till direktmarknadsf\u00f6ring.<\/span><\/p>\n<p class=\"p1\"><span class=\"s1\">9.6 Automatiskt beslutsfattande<\/span><\/p>\n<p class=\"p1\"><span class=\"s1\">Den registrerade har r\u00e4tt att inte bli f\u00f6rem\u00e5l f\u00f6r ett beslut som enbart grundas p\u00e5 automatiserat beslutsfattande, s\u00e5som profilering, om beslutet kan ha r\u00e4ttsliga f\u00f6ljder f\u00f6r den registrerade eller p\u00e5 liknande s\u00e4tt i betydande grad p\u00e5verkar honom eller henne. Det ovan n\u00e4mnda till\u00e4mpas inte om beslutet \u00e4r exempelvis n\u00f6dv\u00e4ndigt f\u00f6r ing\u00e5ende eller verkst\u00e4llande av ett avtal mellan den registrerade och den personuppgiftsansvariga eller om det baserar sig p\u00e5 att den registrerade har gett sitt uttryckliga samtycke.<\/span><\/p>\n<p class=\"p1\"><span class=\"s1\">9.7 R\u00e4tt till information vid personuppgiftsincident<\/span><\/p>\n<p class=\"p1\"><span class=\"s1\">Den registrerade har r\u00e4tt att f\u00e5 information vid personuppgiftsincident som g\u00e4ller den registrerades personuppgifter. R\u00e4tten tr\u00e4der i kraft om personuppgiftsincidenten sannolikt f\u00f6rorsakar en stor risk f\u00f6r individens r\u00e4ttigheter och friheter, exempelvis i form av identitetsst\u00f6ld, betalningsmedelsbedr\u00e4geri eller annan kriminell verksamhet.<\/span><\/p>\n<p class=\"p1\"><span class=\"s1\">9.8 Besv\u00e4rsr\u00e4tt<\/span><\/p>\n<p class=\"p1\"><span class=\"s1\">Om den registrerade anser att vid behandlingen av personuppgifter som g\u00e4ller honom eller henne bryts mot dataskyddsf\u00f6rordningen, har den registrerade r\u00e4tt att i \u00e4rendet g\u00f6ra ett besv\u00e4r till tillsynsmyndigheten, som i detta fall i f\u00f6rsta hand \u00e4r dataskyddsombudsmannen. <\/span><\/p>\n<p class=\"p1\"><span class=\"s1\">9.9 R\u00e4tt till skadest\u00e5nd<\/span><\/p>\n<p class=\"p1\"><span class=\"s1\">Om en person har lidit materiell eller immateriell skada p\u00e5 grund av att hans eller hennes personuppgifter har behandlats i strid med dataskyddsf\u00f6rordningen har denna r\u00e4tt till skadest\u00e5nd av den personuppgiftsansvariga eller av personuppgiftsbitr\u00e4det. Den personuppgiftsansvariga eller personuppgiftsbitr\u00e4det befrias fr\u00e5n ansvar, om de kan p\u00e5visa att de inte p\u00e5 n\u00e5got s\u00e4tt svarar f\u00f6r den h\u00e4ndelse som f\u00f6rorsakade skadan.<\/span><b><\/b><\/p>\n<p class=\"p1\"><span class=\"s1\"><b>10. Kakor<\/b><br \/>\nVi anv\u00e4nder p\u00e5 v\u00e5ra sidor s.k.<span class=\"Apple-converted-space\">\u00a0 <\/span>cookiefunktion eller kakor. Kakor \u00e4r en textfil som s\u00e4nds till anv\u00e4ndarens dator och som f\u00f6rvaras d\u00e4r, som m\u00f6jligg\u00f6r att administrat\u00f6ren av internetsidorna kan identifiera bes\u00f6kare som ofta bes\u00f6ker sidorna, underl\u00e4tta bes\u00f6karnas inloggning p\u00e5 sidorna samt f\u00f6r att m\u00f6jligg\u00f6ra en profilering och uppr\u00e4ttandet av aggregerade data om bes\u00f6karna. Kakorna skadar inte bes\u00f6karnas datorer eller filer. Med kakor kan vi f\u00f6rb\u00e4ttra inneh\u00e5llet p\u00e5 sidorna. <\/span><\/p>\n<p class=\"p1\"><span class=\"s1\">Om en anv\u00e4ndare som bes\u00f6ker v\u00e5ra sidor inte vill att vi ska f\u00e5 ovan n\u00e4mnda data med kakor, m\u00f6jligg\u00f6r de flesta webbl\u00e4sarprogrammen att funktionen med kakor kopplas bort. Detta g\u00f6rs t.ex. i webbl\u00e4sarprogrammet Internet Explorer i menyn \u201dVerktyg\u201d som har menyn \u201dInternetinst\u00e4llningar\u201d och d\u00e4r punkten \u201dSkydd\u201d. Kakor kan emellertid vara n\u00f6dv\u00e4ndiga f\u00f6r att vissa av de sidor som vi administrerar och de tj\u00e4nster som vi tillhandah\u00e5ller ska fungera p\u00e5 ett beh\u00f6rigt s\u00e4tt.<\/span><\/p>\n","protected":false},"excerpt":{"rendered":"<p>Dataskyddsbeskrivning i enlighet med EU:s allm\u00e4nna dataskyddsf\u00f6rordning (EU) 2016\/679 30.10.2018 1. Personuppgiftsansvarig Oy Mannerin Konepaja Ab, L\u00e5nggatan 17, 10900 Hang\u00f6 2. Kontaktperson i \u00e4renden som g\u00e4ller registret Oy Mannerin Konepaja Ab, Anders S\u00f6derlund, L\u00e5nggatan 17, 10900 Hang\u00f6. F\u00f6r det tekniska utf\u00f6randet svarar doop dmp Oy. 3. Registrets namn Oy Mannerin Konepaja Ab:s webbtj\u00e4nstregister f\u00f6r webbplatsen [&hellip;]<\/p>\n","protected":false},"author":1,"featured_media":44173,"parent":0,"menu_order":0,"comment_status":"closed","ping_status":"closed","template":"","meta":{"_acf_changed":false,"footnotes":""},"class_list":["post-123377","page","type-page","status-publish","has-post-thumbnail","hentry"],"acf":[],"yoast_head":"<!-- This site is optimized with the Yoast SEO plugin v25.2 - https:\/\/yoast.com\/wordpress\/plugins\/seo\/ -->\n<title>Dataskyddsbeskrivning | Manner<\/title>\n<meta name=\"description\" content=\"Dataskydssbeskrinvning i enlighet med EU:s allm\u00e4nna dataskyddsf\u00f6rordning (EU) 2016\/679 hittar du h\u00e4r. Du kan \u00e4ven kontakta oss med \u00e4renden som g\u00e4ller registret.\" \/>\n<meta name=\"robots\" content=\"index, follow, max-snippet:-1, max-image-preview:large, max-video-preview:-1\" \/>\n<meta property=\"og:locale\" content=\"sv_SE\" \/>\n<meta property=\"og:type\" content=\"article\" \/>\n<meta property=\"og:title\" content=\"Dataskyddsbeskrivning | Manner\" \/>\n<meta property=\"og:description\" content=\"Dataskydssbeskrinvning i enlighet med EU:s allm\u00e4nna dataskyddsf\u00f6rordning (EU) 2016\/679 hittar du h\u00e4r. Du kan \u00e4ven kontakta oss med \u00e4renden som g\u00e4ller registret.\" \/>\n<meta property=\"og:url\" content=\"https:\/\/www.manner.fi\/sv\/dataskyddsbeskrivning\/\" \/>\n<meta property=\"og:site_name\" content=\"Manner\" \/>\n<meta property=\"article:modified_time\" content=\"2019-09-04T05:35:10+00:00\" \/>\n<meta property=\"og:image\" content=\"https:\/\/www.manner.fi\/wp-content\/uploads\/2018\/04\/contact.jpg\" \/>\n\t<meta property=\"og:image:width\" content=\"1600\" \/>\n\t<meta property=\"og:image:height\" content=\"514\" \/>\n\t<meta property=\"og:image:type\" content=\"image\/jpeg\" \/>\n<meta name=\"twitter:card\" content=\"summary_large_image\" \/>\n<meta name=\"twitter:label1\" content=\"Ber\u00e4knad l\u00e4stid\" \/>\n\t<meta name=\"twitter:data1\" content=\"8 minuter\" \/>\n<script type=\"application\/ld+json\" class=\"yoast-schema-graph\">{\"@context\":\"https:\/\/schema.org\",\"@graph\":[{\"@type\":\"WebPage\",\"@id\":\"https:\/\/www.manner.fi\/sv\/dataskyddsbeskrivning\/\",\"url\":\"https:\/\/www.manner.fi\/sv\/dataskyddsbeskrivning\/\",\"name\":\"Dataskyddsbeskrivning | Manner\",\"isPartOf\":{\"@id\":\"https:\/\/www.manner.fi\/#website\"},\"primaryImageOfPage\":{\"@id\":\"https:\/\/www.manner.fi\/sv\/dataskyddsbeskrivning\/#primaryimage\"},\"image\":{\"@id\":\"https:\/\/www.manner.fi\/sv\/dataskyddsbeskrivning\/#primaryimage\"},\"thumbnailUrl\":\"https:\/\/www.manner.fi\/wp-content\/uploads\/2018\/04\/contact.jpg\",\"datePublished\":\"2018-11-27T12:40:34+00:00\",\"dateModified\":\"2019-09-04T05:35:10+00:00\",\"description\":\"Dataskydssbeskrinvning i enlighet med EU:s allm\u00e4nna dataskyddsf\u00f6rordning (EU) 2016\/679 hittar du h\u00e4r. Du kan \u00e4ven kontakta oss med \u00e4renden som g\u00e4ller registret.\",\"breadcrumb\":{\"@id\":\"https:\/\/www.manner.fi\/sv\/dataskyddsbeskrivning\/#breadcrumb\"},\"inLanguage\":\"sv-SE\",\"potentialAction\":[{\"@type\":\"ReadAction\",\"target\":[\"https:\/\/www.manner.fi\/sv\/dataskyddsbeskrivning\/\"]}]},{\"@type\":\"ImageObject\",\"inLanguage\":\"sv-SE\",\"@id\":\"https:\/\/www.manner.fi\/sv\/dataskyddsbeskrivning\/#primaryimage\",\"url\":\"https:\/\/www.manner.fi\/wp-content\/uploads\/2018\/04\/contact.jpg\",\"contentUrl\":\"https:\/\/www.manner.fi\/wp-content\/uploads\/2018\/04\/contact.jpg\",\"width\":1600,\"height\":514},{\"@type\":\"BreadcrumbList\",\"@id\":\"https:\/\/www.manner.fi\/sv\/dataskyddsbeskrivning\/#breadcrumb\",\"itemListElement\":[{\"@type\":\"ListItem\",\"position\":1,\"name\":\"Home\",\"item\":\"https:\/\/www.manner.fi\/sv\/\"},{\"@type\":\"ListItem\",\"position\":2,\"name\":\"Dataskyddsbeskrivning\"}]},{\"@type\":\"WebSite\",\"@id\":\"https:\/\/www.manner.fi\/#website\",\"url\":\"https:\/\/www.manner.fi\/\",\"name\":\"Manner\",\"description\":\"Smart Moves on Manner Castors\",\"potentialAction\":[{\"@type\":\"SearchAction\",\"target\":{\"@type\":\"EntryPoint\",\"urlTemplate\":\"https:\/\/www.manner.fi\/?s={search_term_string}\"},\"query-input\":{\"@type\":\"PropertyValueSpecification\",\"valueRequired\":true,\"valueName\":\"search_term_string\"}}],\"inLanguage\":\"sv-SE\"}]}<\/script>\n<!-- \/ Yoast SEO plugin. -->","yoast_head_json":{"title":"Dataskyddsbeskrivning | Manner","description":"Dataskydssbeskrinvning i enlighet med EU:s allm\u00e4nna dataskyddsf\u00f6rordning (EU) 2016\/679 hittar du h\u00e4r. Du kan \u00e4ven kontakta oss med \u00e4renden som g\u00e4ller registret.","robots":{"index":"index","follow":"follow","max-snippet":"max-snippet:-1","max-image-preview":"max-image-preview:large","max-video-preview":"max-video-preview:-1"},"og_locale":"sv_SE","og_type":"article","og_title":"Dataskyddsbeskrivning | Manner","og_description":"Dataskydssbeskrinvning i enlighet med EU:s allm\u00e4nna dataskyddsf\u00f6rordning (EU) 2016\/679 hittar du h\u00e4r. Du kan \u00e4ven kontakta oss med \u00e4renden som g\u00e4ller registret.","og_url":"https:\/\/www.manner.fi\/sv\/dataskyddsbeskrivning\/","og_site_name":"Manner","article_modified_time":"2019-09-04T05:35:10+00:00","og_image":[{"width":1600,"height":514,"url":"https:\/\/www.manner.fi\/wp-content\/uploads\/2018\/04\/contact.jpg","type":"image\/jpeg"}],"twitter_card":"summary_large_image","twitter_misc":{"Ber\u00e4knad l\u00e4stid":"8 minuter"},"schema":{"@context":"https:\/\/schema.org","@graph":[{"@type":"WebPage","@id":"https:\/\/www.manner.fi\/sv\/dataskyddsbeskrivning\/","url":"https:\/\/www.manner.fi\/sv\/dataskyddsbeskrivning\/","name":"Dataskyddsbeskrivning | Manner","isPartOf":{"@id":"https:\/\/www.manner.fi\/#website"},"primaryImageOfPage":{"@id":"https:\/\/www.manner.fi\/sv\/dataskyddsbeskrivning\/#primaryimage"},"image":{"@id":"https:\/\/www.manner.fi\/sv\/dataskyddsbeskrivning\/#primaryimage"},"thumbnailUrl":"https:\/\/www.manner.fi\/wp-content\/uploads\/2018\/04\/contact.jpg","datePublished":"2018-11-27T12:40:34+00:00","dateModified":"2019-09-04T05:35:10+00:00","description":"Dataskydssbeskrinvning i enlighet med EU:s allm\u00e4nna dataskyddsf\u00f6rordning (EU) 2016\/679 hittar du h\u00e4r. Du kan \u00e4ven kontakta oss med \u00e4renden som g\u00e4ller registret.","breadcrumb":{"@id":"https:\/\/www.manner.fi\/sv\/dataskyddsbeskrivning\/#breadcrumb"},"inLanguage":"sv-SE","potentialAction":[{"@type":"ReadAction","target":["https:\/\/www.manner.fi\/sv\/dataskyddsbeskrivning\/"]}]},{"@type":"ImageObject","inLanguage":"sv-SE","@id":"https:\/\/www.manner.fi\/sv\/dataskyddsbeskrivning\/#primaryimage","url":"https:\/\/www.manner.fi\/wp-content\/uploads\/2018\/04\/contact.jpg","contentUrl":"https:\/\/www.manner.fi\/wp-content\/uploads\/2018\/04\/contact.jpg","width":1600,"height":514},{"@type":"BreadcrumbList","@id":"https:\/\/www.manner.fi\/sv\/dataskyddsbeskrivning\/#breadcrumb","itemListElement":[{"@type":"ListItem","position":1,"name":"Home","item":"https:\/\/www.manner.fi\/sv\/"},{"@type":"ListItem","position":2,"name":"Dataskyddsbeskrivning"}]},{"@type":"WebSite","@id":"https:\/\/www.manner.fi\/#website","url":"https:\/\/www.manner.fi\/","name":"Manner","description":"Smart Moves on Manner Castors","potentialAction":[{"@type":"SearchAction","target":{"@type":"EntryPoint","urlTemplate":"https:\/\/www.manner.fi\/?s={search_term_string}"},"query-input":{"@type":"PropertyValueSpecification","valueRequired":true,"valueName":"search_term_string"}}],"inLanguage":"sv-SE"}]}},"_links":{"self":[{"href":"https:\/\/www.manner.fi\/sv\/wp-json\/wp\/v2\/pages\/123377","targetHints":{"allow":["GET"]}}],"collection":[{"href":"https:\/\/www.manner.fi\/sv\/wp-json\/wp\/v2\/pages"}],"about":[{"href":"https:\/\/www.manner.fi\/sv\/wp-json\/wp\/v2\/types\/page"}],"author":[{"embeddable":true,"href":"https:\/\/www.manner.fi\/sv\/wp-json\/wp\/v2\/users\/1"}],"replies":[{"embeddable":true,"href":"https:\/\/www.manner.fi\/sv\/wp-json\/wp\/v2\/comments?post=123377"}],"version-history":[{"count":3,"href":"https:\/\/www.manner.fi\/sv\/wp-json\/wp\/v2\/pages\/123377\/revisions"}],"predecessor-version":[{"id":185498,"href":"https:\/\/www.manner.fi\/sv\/wp-json\/wp\/v2\/pages\/123377\/revisions\/185498"}],"wp:featuredmedia":[{"embeddable":true,"href":"https:\/\/www.manner.fi\/sv\/wp-json\/wp\/v2\/media\/44173"}],"wp:attachment":[{"href":"https:\/\/www.manner.fi\/sv\/wp-json\/wp\/v2\/media?parent=123377"}],"curies":[{"name":"wp","href":"https:\/\/api.w.org\/{rel}","templated":true}]}}