{"id":123371,"date":"2018-11-27T14:40:34","date_gmt":"2018-11-27T12:40:34","guid":{"rendered":"https:\/\/www.manner.fi\/tietosuojaseloste\/"},"modified":"2019-09-04T08:34:09","modified_gmt":"2019-09-04T05:34:09","slug":"privacy-policy","status":"publish","type":"page","link":"https:\/\/www.manner.fi\/en\/privacy-policy\/","title":{"rendered":"Privacy policy"},"content":{"rendered":"<p class=\"p1\"><span class=\"s1\">Privacy Policy in compliance with the General Data Protection Regulation (EU) 2016\/679<\/span><\/p>\n<p class=\"p1\"><span class=\"s1\">30 October 2018<\/span><b><\/b><\/p>\n<p class=\"p1\"><span class=\"s1\"><b>1. Controller<\/b><br \/>\nOy Mannerin Konepaja Ab, Pitk\u00e4katu 17, 10900 Hanko, Finland<\/span><b><\/b><\/p>\n<p class=\"p1\"><span class=\"s1\"><b>2. Contact person in matters concerning the data file<\/b><br \/>\nOy Mannerin Konepaja Ab, Anders S\u00f6derlund, Pitk\u00e4katu 17, 10900 Hanko. The technical implementation is carried out by doop dmp Oy.<\/span><b><\/b><\/p>\n<p class=\"p1\"><span class=\"s1\"><b>3. Name of the data file<\/b><br \/>\nOy Mannerin Konepaja Ab\u2019s manner.fi website visitor data file.<\/span><b><\/b><\/p>\n<p class=\"p1\"><span class=\"s1\"><b>4. Purpose of the data file<\/b><br \/>\nThe controller or a partner authorised by the controller can use customers\u2019 or potential customers\u2019 personal data for the following purposes: <\/span><\/p>\n<ol class=\"ol1\">\n<li style=\"list-style-type: none;\">\n<ul class=\"ul1\">\n<li class=\"li1\"><span class=\"s1\">Oy Mannerin Konepaja Ab\u2019s marketing communications, including direct marketing to those who have given their consent. <\/span><\/li>\n<li class=\"li1\"><span class=\"s1\">Managing and improving customer relations.<\/span><\/li>\n<li class=\"li1\"><span class=\"s1\">Developing the controller\u2019s business and related customer services. <\/span><\/li>\n<\/ul>\n<\/li>\n<\/ol>\n<p class=\"p1\"><span class=\"s1\">Personal data is processed in accordance with the EU\u2019s General Data Protection Regulation (GDPR). The processing of personal data is based on consent and data subjects can withdraw their consent at any time.<\/span><b><\/b><\/p>\n<p class=\"p1\"><span class=\"s1\"><b>5. Data content of the data file<\/b><br \/>\nThe data file contains basic information provided by visitors to the manner.fi website: name, town, email address and telephone number. If a visitor fills in a job application form, their year of birth, education, qualifications and language skills will also be included in the data file.<\/span><\/p>\n<p class=\"p1\"><span class=\"s1\">Other information: customer feedback, customer satisfaction data, campaign-specific data, data relating to the use of services as well as purchase behaviour, consent or refusal to receive direct marketing and distance sales communications, other information concerning customers or potential customers obtained with their consent or authorisation that are necessary for the provision of the services they require.<\/span><\/p>\n<p class=\"p1\"><span class=\"s1\"><b>6. Regular sources of data<\/b><\/span><\/p>\n<p class=\"p1\"><span class=\"s1\">Data concerning customers and potential customers is obtained by means such as newsletter subscriptions, opinion and feedback messages, and competitions and prize draws. Only the data of those persons who have given their consent for being contacted for marketing and communications purposes is stored. Otherwise, the data provided for a specific campaign is only retained for the time specified in each campaign\u2019s terms and conditions.<\/span><\/p>\n<p class=\"p1\"><span class=\"s1\"><b>7. Data disclosure<\/b><br \/>\nPersonal data may be disclosed to authorities in cases specified in the law. Personal data is not transferred outside the European Union or the European Economic Area unless this is required for the technical implementation of the service. In this case, the controller ensures an adequate level of protection as required by the law. Personal data may be disclosed, within the limits set in the GDPR, to Oy Mannerin Konepaja Ab\u2019s partners and subcontractors that work by order of or on behalf of Oy Mannerin Konepaja Ab in operations related to Oy Mannerin Konepaja Ab\u2019s online services.<\/span><b><\/b><\/p>\n<p class=\"p1\"><span class=\"s1\"><b>8. Principles of protecting the data file<\/b><br \/>\nThe data is stored in the controller\u2019s system and protected with data protection software. The access right to the data file requires an individual user name and password that are only provided to members of the controller\u2019s staff whose position and duties require access. The data contained in the data file is located in a locked and secure space.<\/span><b><\/b><\/p>\n<p class=\"p1\"><span class=\"s1\"><b>9. Rights of data subjects<\/b><\/span><b><\/b><\/p>\n<p class=\"p1\"><span class=\"s1\">9.1 Right to be informed<\/span><\/p>\n<p class=\"p1\"><span class=\"s1\">Data subjects have the right to obtain transparent information about the processing of their personal data. Data subjects are informed of the processing of their personal data by this Privacy policy. <\/span><\/p>\n<p class=\"p1\"><span class=\"s1\">Data subjects have the right to have access to their personal data. They must submit a request to the controller\u2019s contact person in writing, and the controller provides the data within 30 days of the request.<\/span><\/p>\n<p class=\"p1\"><span class=\"s1\">9.2 Right to rectification<\/span><\/p>\n<p class=\"p1\"><span class=\"s1\">Data subjects have the right to request that their data be rectified and erased without delay. The request must be submitted to the controller\u2019s contact person in writing. The controller is obliged to erase the data if one of the following criteria is met: 1) The personal data is no longer needed for the purposes for which it was collected; 2) The data subject withdraws their consent; 3) There is no legitimate reason for the processing of the data or the data subject objects to the processing of their data or to the use of their data for direct marketing purposes; 4) Personal data has been processed unlawfully; 5) Personal data has to be erased due to a legal obligation; 6) Personal data has been collected in connection with the provision of information society services. <\/span><\/p>\n<p class=\"p1\"><span class=\"s1\">9.3 Right to restrict processing<\/span><\/p>\n<p class=\"p1\"><span class=\"s1\">Data subjects have the right to request that the processing of their personal data be restricted if any of the criteria in Article 18 of the GDPR is fulfilled. The right to restrict the processing applies if the data subject contests the accuracy of their personal data.<\/span><\/p>\n<p class=\"p1\"><span class=\"s1\">The controller informs every recipient of the personal data of any rectification, erasure or restriction unless this involves disproportionate effort. The controller informs the data subject of these recipients if the data subject so requests.<\/span><\/p>\n<p class=\"p1\"><span class=\"s1\">9.4 Right to data portability<\/span><\/p>\n<p class=\"p1\"><span class=\"s1\">Data subjects have the right to obtain their personal data and to submit their data to another controller. The right to data portability also gives data subjects the right to request that the controller transmits their data directly to another controller if this is technically feasible. The right applies if the processing is based on consent or for the performance of a contract and is carried out by automated means. <\/span><\/p>\n<p class=\"p1\"><span class=\"s1\">9.5 Right to object<\/span><\/p>\n<p class=\"p1\"><span class=\"s1\">Data subjects have the right to object to the processing of their personal data at any time if they have given consent to the processing. They also have the right to object to the processing of their personal data at any time if the processing is based on the company\u2019s legitimate interest or profiling. Profiling means any form of automated processing of personal data consisting of the use of personal data to evaluate certain personal aspects relating to a natural person, in particular to analyse or predict aspects concerning that natural person\u2019s performance at work, economic situation, health, personal preferences, interests, reliability, behaviour, location or movements.<\/span><\/p>\n<p class=\"p1\"><span class=\"s1\">After a data subject has objected to the processing of their personal data, the controller is only allowed to carry out processing if it can demonstrate compelling legitimate grounds for the processing.<\/span><\/p>\n<p class=\"p1\"><span class=\"s1\">Data subjects have the right to object to the processing of their personal data for direct marketing purposes at any time, including profiling when it is related to direct marketing.<\/span><\/p>\n<p class=\"p1\"><span class=\"s1\">9.6 Automated decision-making<\/span><\/p>\n<p class=\"p1\"><span class=\"s1\">Data subjects have the right not to be subject to a decision based solely on automated processing, including profiling, which produces legal effects concerning them or similarly significantly affects them. The above paragraph does not apply if, for example, the decision is necessary for entering into or performance of a contract between the data subject and the controller or if it is based on the data subject\u2019s explicit consent. <\/span><\/p>\n<p class=\"p1\"><span class=\"s1\">9.7 Right to be informed of personal data breaches<\/span><\/p>\n<p class=\"p1\"><span class=\"s1\">Data subjects have the right to obtain information about personal data breaches. The right applies if the breach is likely to result in a high risk of adversely affecting data subjects\u2019 rights and freedoms, in the form of identity theft, fraud or other criminal activity, for example.<\/span><\/p>\n<p class=\"p1\"><span class=\"s1\">9.8 Right to lodge a complaint<\/span><\/p>\n<p class=\"p1\"><span class=\"s1\">If a data subject considers that the processing of personal data relating to them infringes the GDPR, they have the right to lodge a complaint with a supervisory authority, who in this case is primarily the data protection ombudsman. <\/span><\/p>\n<p class=\"p1\"><span class=\"s1\">9.9 Right to compensation<\/span><\/p>\n<p class=\"p1\"><span class=\"s1\">If a data subject suffers material or non-material damage as a result of an infringement of the GDPR, they have the right to receive compensation from the controller or processor for the damage suffered. The controller or the processor is exempt from liability if it proves that it is not in any way responsible for the event that gave rise to the damage.<\/span><b><\/b><\/p>\n<p class=\"p1\"><span class=\"s1\"><b>10. Cookies<\/b><br \/>\nWe use cookies on our website. A cookie is a small text file that is sent to the user\u2019s computer and stored on it. It enables the website administrator to recognise users who visit the website often, makes user login easier and also makes it possible to profile and collect combined data on the visitors. Cookies do not harm users\u2019 computers or files. We use cookies to improve the content of our website. <\/span><\/p>\n<p class=\"p1\"><span class=\"s1\">If users visiting our website do not want us to obtain the above-mentioned data using cookies, most browsers allow cookies to be disabled. For example, users of Internet Explorer can manage cookies via Tools -&gt; Internet Options -&gt; Privacy. Some cookies may be necessary for the functioning of our website and the services we provide.<\/span><\/p>\n","protected":false},"excerpt":{"rendered":"<p>Privacy Policy in compliance with the General Data Protection Regulation (EU) 2016\/679 30 October 2018 1. Controller Oy Mannerin Konepaja Ab, Pitk\u00e4katu 17, 10900 Hanko, Finland 2. Contact person in matters concerning the data file Oy Mannerin Konepaja Ab, Anders S\u00f6derlund, Pitk\u00e4katu 17, 10900 Hanko. The technical implementation is carried out by doop dmp Oy. [&hellip;]<\/p>\n","protected":false},"author":1,"featured_media":44170,"parent":0,"menu_order":0,"comment_status":"closed","ping_status":"closed","template":"","meta":{"_acf_changed":false,"footnotes":""},"class_list":["post-123371","page","type-page","status-publish","has-post-thumbnail","hentry"],"acf":[],"yoast_head":"<!-- This site is optimized with the Yoast SEO plugin v25.2 - https:\/\/yoast.com\/wordpress\/plugins\/seo\/ -->\n<title>Privacy Policy | Manner<\/title>\n<meta name=\"description\" content=\"Find our Privacy Policy in compliance with the General Data Protection Regulation (EU) 2016\/679 here. You may also contact us regarding matters concerning the data file.\" \/>\n<meta name=\"robots\" content=\"index, follow, max-snippet:-1, max-image-preview:large, max-video-preview:-1\" \/>\n<meta property=\"og:locale\" content=\"en_US\" \/>\n<meta property=\"og:type\" content=\"article\" \/>\n<meta property=\"og:title\" content=\"Privacy Policy | Manner\" \/>\n<meta property=\"og:description\" content=\"Find our Privacy Policy in compliance with the General Data Protection Regulation (EU) 2016\/679 here. You may also contact us regarding matters concerning the data file.\" \/>\n<meta property=\"og:url\" content=\"https:\/\/www.manner.fi\/en\/privacy-policy\/\" \/>\n<meta property=\"og:site_name\" content=\"Manner\" \/>\n<meta property=\"article:modified_time\" content=\"2019-09-04T05:34:09+00:00\" \/>\n<meta property=\"og:image\" content=\"https:\/\/www.manner.fi\/wp-content\/uploads\/2018\/04\/contact.jpg\" \/>\n\t<meta property=\"og:image:width\" content=\"1600\" \/>\n\t<meta property=\"og:image:height\" content=\"514\" \/>\n\t<meta property=\"og:image:type\" content=\"image\/jpeg\" \/>\n<meta name=\"twitter:card\" content=\"summary_large_image\" \/>\n<meta name=\"twitter:label1\" content=\"Est. reading time\" \/>\n\t<meta name=\"twitter:data1\" content=\"7 minutes\" \/>\n<script type=\"application\/ld+json\" class=\"yoast-schema-graph\">{\"@context\":\"https:\/\/schema.org\",\"@graph\":[{\"@type\":\"WebPage\",\"@id\":\"https:\/\/www.manner.fi\/en\/privacy-policy\/\",\"url\":\"https:\/\/www.manner.fi\/en\/privacy-policy\/\",\"name\":\"Privacy Policy | Manner\",\"isPartOf\":{\"@id\":\"https:\/\/www.manner.fi\/#website\"},\"primaryImageOfPage\":{\"@id\":\"https:\/\/www.manner.fi\/en\/privacy-policy\/#primaryimage\"},\"image\":{\"@id\":\"https:\/\/www.manner.fi\/en\/privacy-policy\/#primaryimage\"},\"thumbnailUrl\":\"https:\/\/www.manner.fi\/wp-content\/uploads\/2018\/04\/contact.jpg\",\"datePublished\":\"2018-11-27T12:40:34+00:00\",\"dateModified\":\"2019-09-04T05:34:09+00:00\",\"description\":\"Find our Privacy Policy in compliance with the General Data Protection Regulation (EU) 2016\/679 here. You may also contact us regarding matters concerning the data file.\",\"breadcrumb\":{\"@id\":\"https:\/\/www.manner.fi\/en\/privacy-policy\/#breadcrumb\"},\"inLanguage\":\"en-US\",\"potentialAction\":[{\"@type\":\"ReadAction\",\"target\":[\"https:\/\/www.manner.fi\/en\/privacy-policy\/\"]}]},{\"@type\":\"ImageObject\",\"inLanguage\":\"en-US\",\"@id\":\"https:\/\/www.manner.fi\/en\/privacy-policy\/#primaryimage\",\"url\":\"https:\/\/www.manner.fi\/wp-content\/uploads\/2018\/04\/contact.jpg\",\"contentUrl\":\"https:\/\/www.manner.fi\/wp-content\/uploads\/2018\/04\/contact.jpg\",\"width\":1600,\"height\":514},{\"@type\":\"BreadcrumbList\",\"@id\":\"https:\/\/www.manner.fi\/en\/privacy-policy\/#breadcrumb\",\"itemListElement\":[{\"@type\":\"ListItem\",\"position\":1,\"name\":\"Home\",\"item\":\"https:\/\/www.manner.fi\/en\/\"},{\"@type\":\"ListItem\",\"position\":2,\"name\":\"Privacy policy\"}]},{\"@type\":\"WebSite\",\"@id\":\"https:\/\/www.manner.fi\/#website\",\"url\":\"https:\/\/www.manner.fi\/\",\"name\":\"Manner\",\"description\":\"Smart Moves on Manner Castors\",\"potentialAction\":[{\"@type\":\"SearchAction\",\"target\":{\"@type\":\"EntryPoint\",\"urlTemplate\":\"https:\/\/www.manner.fi\/?s={search_term_string}\"},\"query-input\":{\"@type\":\"PropertyValueSpecification\",\"valueRequired\":true,\"valueName\":\"search_term_string\"}}],\"inLanguage\":\"en-US\"}]}<\/script>\n<!-- \/ Yoast SEO plugin. -->","yoast_head_json":{"title":"Privacy Policy | Manner","description":"Find our Privacy Policy in compliance with the General Data Protection Regulation (EU) 2016\/679 here. You may also contact us regarding matters concerning the data file.","robots":{"index":"index","follow":"follow","max-snippet":"max-snippet:-1","max-image-preview":"max-image-preview:large","max-video-preview":"max-video-preview:-1"},"og_locale":"en_US","og_type":"article","og_title":"Privacy Policy | Manner","og_description":"Find our Privacy Policy in compliance with the General Data Protection Regulation (EU) 2016\/679 here. You may also contact us regarding matters concerning the data file.","og_url":"https:\/\/www.manner.fi\/en\/privacy-policy\/","og_site_name":"Manner","article_modified_time":"2019-09-04T05:34:09+00:00","og_image":[{"width":1600,"height":514,"url":"https:\/\/www.manner.fi\/wp-content\/uploads\/2018\/04\/contact.jpg","type":"image\/jpeg"}],"twitter_card":"summary_large_image","twitter_misc":{"Est. reading time":"7 minutes"},"schema":{"@context":"https:\/\/schema.org","@graph":[{"@type":"WebPage","@id":"https:\/\/www.manner.fi\/en\/privacy-policy\/","url":"https:\/\/www.manner.fi\/en\/privacy-policy\/","name":"Privacy Policy | Manner","isPartOf":{"@id":"https:\/\/www.manner.fi\/#website"},"primaryImageOfPage":{"@id":"https:\/\/www.manner.fi\/en\/privacy-policy\/#primaryimage"},"image":{"@id":"https:\/\/www.manner.fi\/en\/privacy-policy\/#primaryimage"},"thumbnailUrl":"https:\/\/www.manner.fi\/wp-content\/uploads\/2018\/04\/contact.jpg","datePublished":"2018-11-27T12:40:34+00:00","dateModified":"2019-09-04T05:34:09+00:00","description":"Find our Privacy Policy in compliance with the General Data Protection Regulation (EU) 2016\/679 here. You may also contact us regarding matters concerning the data file.","breadcrumb":{"@id":"https:\/\/www.manner.fi\/en\/privacy-policy\/#breadcrumb"},"inLanguage":"en-US","potentialAction":[{"@type":"ReadAction","target":["https:\/\/www.manner.fi\/en\/privacy-policy\/"]}]},{"@type":"ImageObject","inLanguage":"en-US","@id":"https:\/\/www.manner.fi\/en\/privacy-policy\/#primaryimage","url":"https:\/\/www.manner.fi\/wp-content\/uploads\/2018\/04\/contact.jpg","contentUrl":"https:\/\/www.manner.fi\/wp-content\/uploads\/2018\/04\/contact.jpg","width":1600,"height":514},{"@type":"BreadcrumbList","@id":"https:\/\/www.manner.fi\/en\/privacy-policy\/#breadcrumb","itemListElement":[{"@type":"ListItem","position":1,"name":"Home","item":"https:\/\/www.manner.fi\/en\/"},{"@type":"ListItem","position":2,"name":"Privacy policy"}]},{"@type":"WebSite","@id":"https:\/\/www.manner.fi\/#website","url":"https:\/\/www.manner.fi\/","name":"Manner","description":"Smart Moves on Manner Castors","potentialAction":[{"@type":"SearchAction","target":{"@type":"EntryPoint","urlTemplate":"https:\/\/www.manner.fi\/?s={search_term_string}"},"query-input":{"@type":"PropertyValueSpecification","valueRequired":true,"valueName":"search_term_string"}}],"inLanguage":"en-US"}]}},"_links":{"self":[{"href":"https:\/\/www.manner.fi\/en\/wp-json\/wp\/v2\/pages\/123371","targetHints":{"allow":["GET"]}}],"collection":[{"href":"https:\/\/www.manner.fi\/en\/wp-json\/wp\/v2\/pages"}],"about":[{"href":"https:\/\/www.manner.fi\/en\/wp-json\/wp\/v2\/types\/page"}],"author":[{"embeddable":true,"href":"https:\/\/www.manner.fi\/en\/wp-json\/wp\/v2\/users\/1"}],"replies":[{"embeddable":true,"href":"https:\/\/www.manner.fi\/en\/wp-json\/wp\/v2\/comments?post=123371"}],"version-history":[{"count":4,"href":"https:\/\/www.manner.fi\/en\/wp-json\/wp\/v2\/pages\/123371\/revisions"}],"predecessor-version":[{"id":185495,"href":"https:\/\/www.manner.fi\/en\/wp-json\/wp\/v2\/pages\/123371\/revisions\/185495"}],"wp:featuredmedia":[{"embeddable":true,"href":"https:\/\/www.manner.fi\/en\/wp-json\/wp\/v2\/media\/44170"}],"wp:attachment":[{"href":"https:\/\/www.manner.fi\/en\/wp-json\/wp\/v2\/media?parent=123371"}],"curies":[{"name":"wp","href":"https:\/\/api.w.org\/{rel}","templated":true}]}}