{"id":44711,"date":"2018-06-04T17:05:37","date_gmt":"2018-06-04T14:05:37","guid":{"rendered":"https:\/\/www.manner.fi\/multi-trolleyn-tuotevalikoima-laajeni-mannerin-pyorien-avulla\/"},"modified":"2019-03-28T09:19:43","modified_gmt":"2019-03-28T07:19:43","slug":"multi-trolleyn-tuotevalikoima-laajeni-mannerin-pyorien-avulla","status":"publish","type":"page","link":"https:\/\/www.manner.fi\/de\/multi-trolleyn-tuotevalikoima-laajeni-mannerin-pyorien-avulla\/","title":{"rendered":"Multi Trolley erweitert das Produktsortiment \u2013 dank Manner"},"content":{"rendered":"<p class=\"p1\" style=\"text-align: center;\"><span class=\"s1\">Die 2010 gegr\u00fcndete schwedische Firma Multi Trolley Ab entwirft und produziert ergonomische Produkte, die es m\u00f6glich machen, schwere M\u00f6belst\u00fccke wie Schreibtische, Betten, Sofas und massive Tischplatten ohne Anheben zu bewegen. Zu den Kunden von Multi Trolley Ab z\u00e4hlt unter anderem die DMS Spangenberg, eine der gr\u00f6\u00dften deutschen Speditionsfirmen. <\/span><\/p>\n<p class=\"p1\" style=\"text-align: center;\"><span class=\"s1\">Multi Trolley verwendet Rollen von Manner, weil diese den hohen Anforderungen des Unternehmens perfekt entsprechen. Die agilen und<span class=\"Apple-converted-space\">\u00a0 <\/span>zuverl\u00e4ssigen modernen Qualit\u00e4tsrollen von Manner sind ideal f\u00fcr die hochwertigen, strapazierf\u00e4higen und innovativen Produkte von Multi Trolley. Dank der Manner-Rollen kann das Unternehmen seinen Kunden sowohl f\u00fcr den Innen- als auch f\u00fcr den Au\u00dfengebrauch geeignete Alternativen anbieten. Zudem erh\u00f6hen sie die Wendigkeit der Ger\u00e4te erheblich. <\/span><\/p>\n","protected":false},"excerpt":{"rendered":"<p>Die 2010 gegr\u00fcndete schwedische Firma Multi Trolley Ab entwirft und produziert ergonomische Produkte, die es m\u00f6glich machen, schwere M\u00f6belst\u00fccke wie Schreibtische, Betten, Sofas und massive Tischplatten ohne Anheben zu bewegen. Zu den Kunden von Multi Trolley Ab z\u00e4hlt unter anderem die DMS Spangenberg, eine der gr\u00f6\u00dften deutschen Speditionsfirmen. Multi Trolley verwendet Rollen von Manner, weil [&hellip;]<\/p>\n","protected":false},"author":1,"featured_media":44735,"parent":0,"menu_order":0,"comment_status":"closed","ping_status":"closed","template":"reference.php","meta":{"_acf_changed":false,"footnotes":""},"class_list":["post-44711","page","type-page","status-publish","has-post-thumbnail","hentry"],"acf":[],"yoast_head":"<!-- This site is optimized with the Yoast SEO plugin v25.2 - https:\/\/yoast.com\/wordpress\/plugins\/seo\/ -->\n<title>Multi Trolley erweitert das Produktsortiment dank Manner | Manner<\/title>\n<meta name=\"description\" content=\"Die modernen, sanft rollenden und zuverl\u00e4ssigen Manner Rollen passen perfekt zu den h\u00f6chsten Standards der Highend-Produkte der Marke Multi Trolley.\" \/>\n<meta name=\"robots\" content=\"index, follow, max-snippet:-1, max-image-preview:large, max-video-preview:-1\" \/>\n<meta property=\"og:locale\" content=\"de_DE\" \/>\n<meta property=\"og:type\" content=\"article\" \/>\n<meta property=\"og:title\" content=\"Multi Trolley erweitert das Produktsortiment dank Manner | Manner\" \/>\n<meta property=\"og:description\" content=\"Die modernen, sanft rollenden und zuverl\u00e4ssigen Manner Rollen passen perfekt zu den h\u00f6chsten Standards der Highend-Produkte der Marke Multi Trolley.\" \/>\n<meta property=\"og:url\" content=\"https:\/\/www.manner.fi\/de\/multi-trolleyn-tuotevalikoima-laajeni-mannerin-pyorien-avulla\/\" \/>\n<meta property=\"og:site_name\" content=\"Manner\" \/>\n<meta property=\"article:modified_time\" content=\"2019-03-28T07:19:43+00:00\" \/>\n<meta property=\"og:image\" content=\"https:\/\/www.manner.fi\/wp-content\/uploads\/2018\/06\/Manner_multitrolley.jpg\" \/>\n\t<meta property=\"og:image:width\" content=\"1600\" \/>\n\t<meta property=\"og:image:height\" content=\"612\" \/>\n\t<meta property=\"og:image:type\" content=\"image\/jpeg\" \/>\n<meta name=\"twitter:card\" content=\"summary_large_image\" \/>\n<meta name=\"twitter:label1\" content=\"Gesch\u00e4tzte Lesezeit\" \/>\n\t<meta name=\"twitter:data1\" content=\"1\u00a0Minute\" \/>\n<script type=\"application\/ld+json\" class=\"yoast-schema-graph\">{\"@context\":\"https:\/\/schema.org\",\"@graph\":[{\"@type\":\"WebPage\",\"@id\":\"https:\/\/www.manner.fi\/de\/multi-trolleyn-tuotevalikoima-laajeni-mannerin-pyorien-avulla\/\",\"url\":\"https:\/\/www.manner.fi\/de\/multi-trolleyn-tuotevalikoima-laajeni-mannerin-pyorien-avulla\/\",\"name\":\"Multi Trolley erweitert das Produktsortiment dank Manner | Manner\",\"isPartOf\":{\"@id\":\"https:\/\/www.manner.fi\/#website\"},\"primaryImageOfPage\":{\"@id\":\"https:\/\/www.manner.fi\/de\/multi-trolleyn-tuotevalikoima-laajeni-mannerin-pyorien-avulla\/#primaryimage\"},\"image\":{\"@id\":\"https:\/\/www.manner.fi\/de\/multi-trolleyn-tuotevalikoima-laajeni-mannerin-pyorien-avulla\/#primaryimage\"},\"thumbnailUrl\":\"https:\/\/www.manner.fi\/wp-content\/uploads\/2018\/06\/Manner_multitrolley.jpg\",\"datePublished\":\"2018-06-04T14:05:37+00:00\",\"dateModified\":\"2019-03-28T07:19:43+00:00\",\"description\":\"Die modernen, sanft rollenden und zuverl\u00e4ssigen Manner Rollen passen perfekt zu den h\u00f6chsten Standards der Highend-Produkte der Marke Multi Trolley.\",\"breadcrumb\":{\"@id\":\"https:\/\/www.manner.fi\/de\/multi-trolleyn-tuotevalikoima-laajeni-mannerin-pyorien-avulla\/#breadcrumb\"},\"inLanguage\":\"de\",\"potentialAction\":[{\"@type\":\"ReadAction\",\"target\":[\"https:\/\/www.manner.fi\/de\/multi-trolleyn-tuotevalikoima-laajeni-mannerin-pyorien-avulla\/\"]}]},{\"@type\":\"ImageObject\",\"inLanguage\":\"de\",\"@id\":\"https:\/\/www.manner.fi\/de\/multi-trolleyn-tuotevalikoima-laajeni-mannerin-pyorien-avulla\/#primaryimage\",\"url\":\"https:\/\/www.manner.fi\/wp-content\/uploads\/2018\/06\/Manner_multitrolley.jpg\",\"contentUrl\":\"https:\/\/www.manner.fi\/wp-content\/uploads\/2018\/06\/Manner_multitrolley.jpg\",\"width\":1600,\"height\":612},{\"@type\":\"BreadcrumbList\",\"@id\":\"https:\/\/www.manner.fi\/de\/multi-trolleyn-tuotevalikoima-laajeni-mannerin-pyorien-avulla\/#breadcrumb\",\"itemListElement\":[{\"@type\":\"ListItem\",\"position\":1,\"name\":\"Home\",\"item\":\"https:\/\/www.manner.fi\/de\/\"},{\"@type\":\"ListItem\",\"position\":2,\"name\":\"Multi Trolley erweitert das Produktsortiment \u2013 dank Manner\"}]},{\"@type\":\"WebSite\",\"@id\":\"https:\/\/www.manner.fi\/#website\",\"url\":\"https:\/\/www.manner.fi\/\",\"name\":\"Manner\",\"description\":\"Smart Moves on Manner Castors\",\"potentialAction\":[{\"@type\":\"SearchAction\",\"target\":{\"@type\":\"EntryPoint\",\"urlTemplate\":\"https:\/\/www.manner.fi\/?s={search_term_string}\"},\"query-input\":{\"@type\":\"PropertyValueSpecification\",\"valueRequired\":true,\"valueName\":\"search_term_string\"}}],\"inLanguage\":\"de\"}]}<\/script>\n<!-- \/ Yoast SEO plugin. -->","yoast_head_json":{"title":"Multi Trolley erweitert das Produktsortiment dank Manner | Manner","description":"Die modernen, sanft rollenden und zuverl\u00e4ssigen Manner Rollen passen perfekt zu den h\u00f6chsten Standards der Highend-Produkte der Marke Multi Trolley.","robots":{"index":"index","follow":"follow","max-snippet":"max-snippet:-1","max-image-preview":"max-image-preview:large","max-video-preview":"max-video-preview:-1"},"og_locale":"de_DE","og_type":"article","og_title":"Multi Trolley erweitert das Produktsortiment dank Manner | Manner","og_description":"Die modernen, sanft rollenden und zuverl\u00e4ssigen Manner Rollen passen perfekt zu den h\u00f6chsten Standards der Highend-Produkte der Marke Multi Trolley.","og_url":"https:\/\/www.manner.fi\/de\/multi-trolleyn-tuotevalikoima-laajeni-mannerin-pyorien-avulla\/","og_site_name":"Manner","article_modified_time":"2019-03-28T07:19:43+00:00","og_image":[{"width":1600,"height":612,"url":"https:\/\/www.manner.fi\/wp-content\/uploads\/2018\/06\/Manner_multitrolley.jpg","type":"image\/jpeg"}],"twitter_card":"summary_large_image","twitter_misc":{"Gesch\u00e4tzte Lesezeit":"1\u00a0Minute"},"schema":{"@context":"https:\/\/schema.org","@graph":[{"@type":"WebPage","@id":"https:\/\/www.manner.fi\/de\/multi-trolleyn-tuotevalikoima-laajeni-mannerin-pyorien-avulla\/","url":"https:\/\/www.manner.fi\/de\/multi-trolleyn-tuotevalikoima-laajeni-mannerin-pyorien-avulla\/","name":"Multi Trolley erweitert das Produktsortiment dank Manner | Manner","isPartOf":{"@id":"https:\/\/www.manner.fi\/#website"},"primaryImageOfPage":{"@id":"https:\/\/www.manner.fi\/de\/multi-trolleyn-tuotevalikoima-laajeni-mannerin-pyorien-avulla\/#primaryimage"},"image":{"@id":"https:\/\/www.manner.fi\/de\/multi-trolleyn-tuotevalikoima-laajeni-mannerin-pyorien-avulla\/#primaryimage"},"thumbnailUrl":"https:\/\/www.manner.fi\/wp-content\/uploads\/2018\/06\/Manner_multitrolley.jpg","datePublished":"2018-06-04T14:05:37+00:00","dateModified":"2019-03-28T07:19:43+00:00","description":"Die modernen, sanft rollenden und zuverl\u00e4ssigen Manner Rollen passen perfekt zu den h\u00f6chsten Standards der Highend-Produkte der Marke Multi Trolley.","breadcrumb":{"@id":"https:\/\/www.manner.fi\/de\/multi-trolleyn-tuotevalikoima-laajeni-mannerin-pyorien-avulla\/#breadcrumb"},"inLanguage":"de","potentialAction":[{"@type":"ReadAction","target":["https:\/\/www.manner.fi\/de\/multi-trolleyn-tuotevalikoima-laajeni-mannerin-pyorien-avulla\/"]}]},{"@type":"ImageObject","inLanguage":"de","@id":"https:\/\/www.manner.fi\/de\/multi-trolleyn-tuotevalikoima-laajeni-mannerin-pyorien-avulla\/#primaryimage","url":"https:\/\/www.manner.fi\/wp-content\/uploads\/2018\/06\/Manner_multitrolley.jpg","contentUrl":"https:\/\/www.manner.fi\/wp-content\/uploads\/2018\/06\/Manner_multitrolley.jpg","width":1600,"height":612},{"@type":"BreadcrumbList","@id":"https:\/\/www.manner.fi\/de\/multi-trolleyn-tuotevalikoima-laajeni-mannerin-pyorien-avulla\/#breadcrumb","itemListElement":[{"@type":"ListItem","position":1,"name":"Home","item":"https:\/\/www.manner.fi\/de\/"},{"@type":"ListItem","position":2,"name":"Multi Trolley erweitert das Produktsortiment \u2013 dank Manner"}]},{"@type":"WebSite","@id":"https:\/\/www.manner.fi\/#website","url":"https:\/\/www.manner.fi\/","name":"Manner","description":"Smart Moves on Manner Castors","potentialAction":[{"@type":"SearchAction","target":{"@type":"EntryPoint","urlTemplate":"https:\/\/www.manner.fi\/?s={search_term_string}"},"query-input":{"@type":"PropertyValueSpecification","valueRequired":true,"valueName":"search_term_string"}}],"inLanguage":"de"}]}},"_links":{"self":[{"href":"https:\/\/www.manner.fi\/de\/wp-json\/wp\/v2\/pages\/44711","targetHints":{"allow":["GET"]}}],"collection":[{"href":"https:\/\/www.manner.fi\/de\/wp-json\/wp\/v2\/pages"}],"about":[{"href":"https:\/\/www.manner.fi\/de\/wp-json\/wp\/v2\/types\/page"}],"author":[{"embeddable":true,"href":"https:\/\/www.manner.fi\/de\/wp-json\/wp\/v2\/users\/1"}],"replies":[{"embeddable":true,"href":"https:\/\/www.manner.fi\/de\/wp-json\/wp\/v2\/comments?post=44711"}],"version-history":[{"count":2,"href":"https:\/\/www.manner.fi\/de\/wp-json\/wp\/v2\/pages\/44711\/revisions"}],"predecessor-version":[{"id":44722,"href":"https:\/\/www.manner.fi\/de\/wp-json\/wp\/v2\/pages\/44711\/revisions\/44722"}],"wp:featuredmedia":[{"embeddable":true,"href":"https:\/\/www.manner.fi\/de\/wp-json\/wp\/v2\/media\/44735"}],"wp:attachment":[{"href":"https:\/\/www.manner.fi\/de\/wp-json\/wp\/v2\/media?parent=44711"}],"curies":[{"name":"wp","href":"https:\/\/api.w.org\/{rel}","templated":true}]}}