{"id":44461,"date":"2018-04-23T13:11:50","date_gmt":"2018-04-23T10:11:50","guid":{"rendered":"https:\/\/www.manner.fi\/?page_id=44461"},"modified":"2018-11-13T13:32:04","modified_gmt":"2018-11-13T11:32:04","slug":"lapastilla","status":"publish","type":"page","link":"https:\/\/www.manner.fi\/de\/lapastilla\/","title":{"rendered":"LaPastilla"},"content":{"rendered":"<p style=\"text-align: center;\">LaPastilla ist eine spanische Firma, die Krankenhaus- und Medikamentewagen, Arzneibeh\u00e4lter sowie M\u00f6bel und Aufbewahrungskonzepte f\u00fcr Krankenh\u00e4user an Endkunden und Zwischenh\u00e4ndler in mehr als 15 L\u00e4ndern liefert. Ihre Wettbewerbsst\u00e4rken sind Innovation, Erfahrung, kundenspezifische L\u00f6sungen, Qualit\u00e4t und eigene Herstellung.<\/p>\n<p style=\"text-align: center;\">Auf der Suche nach Kunststoffrollen der Gr\u00f6\u00dfe 125 mm mit geeignetem Design wurde LaPastilla in Finnland f\u00fcndig und verwendet seit Ende 2017 Manner-Rollen in s\u00e4mtlichen Krankenhaus- und Medikamentewagen. Laut LaPastilla sprechen viele Gr\u00fcnde f\u00fcr Manner:\u00a0der Wandschutz, der bei Kollisionen auch den Wagen selbst vor Besch\u00e4digungen sch\u00fctzt, das attraktive Design der Rollen, das gute Preis-Leistungs-Verh\u00e4ltnis und nicht zuletzt die Herstellung in Europa.<\/p>\n","protected":false},"excerpt":{"rendered":"<p>LaPastilla ist eine spanische Firma, die Krankenhaus- und Medikamentewagen, Arzneibeh\u00e4lter sowie M\u00f6bel und Aufbewahrungskonzepte f\u00fcr Krankenh\u00e4user an Endkunden und Zwischenh\u00e4ndler in mehr als 15 L\u00e4ndern liefert. Ihre Wettbewerbsst\u00e4rken sind Innovation, Erfahrung, kundenspezifische L\u00f6sungen, Qualit\u00e4t und eigene Herstellung. Auf der Suche nach Kunststoffrollen der Gr\u00f6\u00dfe 125 mm mit geeignetem Design wurde LaPastilla in Finnland f\u00fcndig und [&hellip;]<\/p>\n","protected":false},"author":1,"featured_media":44863,"parent":0,"menu_order":0,"comment_status":"closed","ping_status":"closed","template":"reference.php","meta":{"_acf_changed":false,"footnotes":""},"class_list":["post-44461","page","type-page","status-publish","has-post-thumbnail","hentry"],"acf":[],"yoast_head":"<!-- This site is optimized with the Yoast SEO plugin v25.2 - https:\/\/yoast.com\/wordpress\/plugins\/seo\/ -->\n<title>LaPastilla | Manner<\/title>\n<meta name=\"description\" content=\"Lapastilla ist ein spanischer Hersteller von medizinischen Ger\u00e4ten. Viele der Klinikw\u00e4gen und medizinischen Trolleys sind mit Manner Rollen ausger\u00fcstet.\" \/>\n<meta name=\"robots\" content=\"index, follow, max-snippet:-1, max-image-preview:large, max-video-preview:-1\" \/>\n<meta property=\"og:locale\" content=\"de_DE\" \/>\n<meta property=\"og:type\" content=\"article\" \/>\n<meta property=\"og:title\" content=\"LaPastilla | Manner\" \/>\n<meta property=\"og:description\" content=\"Lapastilla ist ein spanischer Hersteller von medizinischen Ger\u00e4ten. Viele der Klinikw\u00e4gen und medizinischen Trolleys sind mit Manner Rollen ausger\u00fcstet.\" \/>\n<meta property=\"og:url\" content=\"https:\/\/www.manner.fi\/de\/lapastilla\/\" \/>\n<meta property=\"og:site_name\" content=\"Manner\" \/>\n<meta property=\"article:modified_time\" content=\"2018-11-13T11:32:04+00:00\" \/>\n<meta property=\"og:image\" content=\"https:\/\/www.manner.fi\/wp-content\/uploads\/2018\/06\/lapastilla-hero.jpg\" \/>\n\t<meta property=\"og:image:width\" content=\"1600\" \/>\n\t<meta property=\"og:image:height\" content=\"612\" \/>\n\t<meta property=\"og:image:type\" content=\"image\/jpeg\" \/>\n<meta name=\"twitter:card\" content=\"summary_large_image\" \/>\n<meta name=\"twitter:label1\" content=\"Gesch\u00e4tzte Lesezeit\" \/>\n\t<meta name=\"twitter:data1\" content=\"1\u00a0Minute\" \/>\n<script type=\"application\/ld+json\" class=\"yoast-schema-graph\">{\"@context\":\"https:\/\/schema.org\",\"@graph\":[{\"@type\":\"WebPage\",\"@id\":\"https:\/\/www.manner.fi\/de\/lapastilla\/\",\"url\":\"https:\/\/www.manner.fi\/de\/lapastilla\/\",\"name\":\"LaPastilla | Manner\",\"isPartOf\":{\"@id\":\"https:\/\/www.manner.fi\/#website\"},\"primaryImageOfPage\":{\"@id\":\"https:\/\/www.manner.fi\/de\/lapastilla\/#primaryimage\"},\"image\":{\"@id\":\"https:\/\/www.manner.fi\/de\/lapastilla\/#primaryimage\"},\"thumbnailUrl\":\"https:\/\/www.manner.fi\/wp-content\/uploads\/2018\/06\/lapastilla-hero.jpg\",\"datePublished\":\"2018-04-23T10:11:50+00:00\",\"dateModified\":\"2018-11-13T11:32:04+00:00\",\"description\":\"Lapastilla ist ein spanischer Hersteller von medizinischen Ger\u00e4ten. Viele der Klinikw\u00e4gen und medizinischen Trolleys sind mit Manner Rollen ausger\u00fcstet.\",\"breadcrumb\":{\"@id\":\"https:\/\/www.manner.fi\/de\/lapastilla\/#breadcrumb\"},\"inLanguage\":\"de\",\"potentialAction\":[{\"@type\":\"ReadAction\",\"target\":[\"https:\/\/www.manner.fi\/de\/lapastilla\/\"]}]},{\"@type\":\"ImageObject\",\"inLanguage\":\"de\",\"@id\":\"https:\/\/www.manner.fi\/de\/lapastilla\/#primaryimage\",\"url\":\"https:\/\/www.manner.fi\/wp-content\/uploads\/2018\/06\/lapastilla-hero.jpg\",\"contentUrl\":\"https:\/\/www.manner.fi\/wp-content\/uploads\/2018\/06\/lapastilla-hero.jpg\",\"width\":1600,\"height\":612},{\"@type\":\"BreadcrumbList\",\"@id\":\"https:\/\/www.manner.fi\/de\/lapastilla\/#breadcrumb\",\"itemListElement\":[{\"@type\":\"ListItem\",\"position\":1,\"name\":\"Home\",\"item\":\"https:\/\/www.manner.fi\/de\/\"},{\"@type\":\"ListItem\",\"position\":2,\"name\":\"LaPastilla\"}]},{\"@type\":\"WebSite\",\"@id\":\"https:\/\/www.manner.fi\/#website\",\"url\":\"https:\/\/www.manner.fi\/\",\"name\":\"Manner\",\"description\":\"Smart Moves on Manner Castors\",\"potentialAction\":[{\"@type\":\"SearchAction\",\"target\":{\"@type\":\"EntryPoint\",\"urlTemplate\":\"https:\/\/www.manner.fi\/?s={search_term_string}\"},\"query-input\":{\"@type\":\"PropertyValueSpecification\",\"valueRequired\":true,\"valueName\":\"search_term_string\"}}],\"inLanguage\":\"de\"}]}<\/script>\n<!-- \/ Yoast SEO plugin. -->","yoast_head_json":{"title":"LaPastilla | Manner","description":"Lapastilla ist ein spanischer Hersteller von medizinischen Ger\u00e4ten. Viele der Klinikw\u00e4gen und medizinischen Trolleys sind mit Manner Rollen ausger\u00fcstet.","robots":{"index":"index","follow":"follow","max-snippet":"max-snippet:-1","max-image-preview":"max-image-preview:large","max-video-preview":"max-video-preview:-1"},"og_locale":"de_DE","og_type":"article","og_title":"LaPastilla | Manner","og_description":"Lapastilla ist ein spanischer Hersteller von medizinischen Ger\u00e4ten. Viele der Klinikw\u00e4gen und medizinischen Trolleys sind mit Manner Rollen ausger\u00fcstet.","og_url":"https:\/\/www.manner.fi\/de\/lapastilla\/","og_site_name":"Manner","article_modified_time":"2018-11-13T11:32:04+00:00","og_image":[{"width":1600,"height":612,"url":"https:\/\/www.manner.fi\/wp-content\/uploads\/2018\/06\/lapastilla-hero.jpg","type":"image\/jpeg"}],"twitter_card":"summary_large_image","twitter_misc":{"Gesch\u00e4tzte Lesezeit":"1\u00a0Minute"},"schema":{"@context":"https:\/\/schema.org","@graph":[{"@type":"WebPage","@id":"https:\/\/www.manner.fi\/de\/lapastilla\/","url":"https:\/\/www.manner.fi\/de\/lapastilla\/","name":"LaPastilla | Manner","isPartOf":{"@id":"https:\/\/www.manner.fi\/#website"},"primaryImageOfPage":{"@id":"https:\/\/www.manner.fi\/de\/lapastilla\/#primaryimage"},"image":{"@id":"https:\/\/www.manner.fi\/de\/lapastilla\/#primaryimage"},"thumbnailUrl":"https:\/\/www.manner.fi\/wp-content\/uploads\/2018\/06\/lapastilla-hero.jpg","datePublished":"2018-04-23T10:11:50+00:00","dateModified":"2018-11-13T11:32:04+00:00","description":"Lapastilla ist ein spanischer Hersteller von medizinischen Ger\u00e4ten. Viele der Klinikw\u00e4gen und medizinischen Trolleys sind mit Manner Rollen ausger\u00fcstet.","breadcrumb":{"@id":"https:\/\/www.manner.fi\/de\/lapastilla\/#breadcrumb"},"inLanguage":"de","potentialAction":[{"@type":"ReadAction","target":["https:\/\/www.manner.fi\/de\/lapastilla\/"]}]},{"@type":"ImageObject","inLanguage":"de","@id":"https:\/\/www.manner.fi\/de\/lapastilla\/#primaryimage","url":"https:\/\/www.manner.fi\/wp-content\/uploads\/2018\/06\/lapastilla-hero.jpg","contentUrl":"https:\/\/www.manner.fi\/wp-content\/uploads\/2018\/06\/lapastilla-hero.jpg","width":1600,"height":612},{"@type":"BreadcrumbList","@id":"https:\/\/www.manner.fi\/de\/lapastilla\/#breadcrumb","itemListElement":[{"@type":"ListItem","position":1,"name":"Home","item":"https:\/\/www.manner.fi\/de\/"},{"@type":"ListItem","position":2,"name":"LaPastilla"}]},{"@type":"WebSite","@id":"https:\/\/www.manner.fi\/#website","url":"https:\/\/www.manner.fi\/","name":"Manner","description":"Smart Moves on Manner Castors","potentialAction":[{"@type":"SearchAction","target":{"@type":"EntryPoint","urlTemplate":"https:\/\/www.manner.fi\/?s={search_term_string}"},"query-input":{"@type":"PropertyValueSpecification","valueRequired":true,"valueName":"search_term_string"}}],"inLanguage":"de"}]}},"_links":{"self":[{"href":"https:\/\/www.manner.fi\/de\/wp-json\/wp\/v2\/pages\/44461","targetHints":{"allow":["GET"]}}],"collection":[{"href":"https:\/\/www.manner.fi\/de\/wp-json\/wp\/v2\/pages"}],"about":[{"href":"https:\/\/www.manner.fi\/de\/wp-json\/wp\/v2\/types\/page"}],"author":[{"embeddable":true,"href":"https:\/\/www.manner.fi\/de\/wp-json\/wp\/v2\/users\/1"}],"replies":[{"embeddable":true,"href":"https:\/\/www.manner.fi\/de\/wp-json\/wp\/v2\/comments?post=44461"}],"version-history":[{"count":3,"href":"https:\/\/www.manner.fi\/de\/wp-json\/wp\/v2\/pages\/44461\/revisions"}],"predecessor-version":[{"id":44464,"href":"https:\/\/www.manner.fi\/de\/wp-json\/wp\/v2\/pages\/44461\/revisions\/44464"}],"wp:featuredmedia":[{"embeddable":true,"href":"https:\/\/www.manner.fi\/de\/wp-json\/wp\/v2\/media\/44863"}],"wp:attachment":[{"href":"https:\/\/www.manner.fi\/de\/wp-json\/wp\/v2\/media?parent=44461"}],"curies":[{"name":"wp","href":"https:\/\/api.w.org\/{rel}","templated":true}]}}