{"id":44254,"date":"2018-04-05T16:36:47","date_gmt":"2018-04-05T13:36:47","guid":{"rendered":"https:\/\/www.manner.fi\/eco-systems\/"},"modified":"2018-11-13T13:31:24","modified_gmt":"2018-11-13T11:31:24","slug":"eco-systems","status":"publish","type":"page","link":"https:\/\/www.manner.fi\/de\/eco-systems\/","title":{"rendered":"Eco Systems"},"content":{"rendered":"<h2 style=\"text-align: center;\">Das Design von Manner eSMART l\u00e4sst andere Rollen weit hinter sich.<\/h2>\n<p style=\"text-align: center;\">Eco Systems ist ein holl\u00e4ndisches Unternehmen, das 1993 als Ein-Mann- Betrieb startete. Die Firma entwickelte zun\u00e4chst Luft- und Wasserfilter, verlegte ihren Schwerpunkt jedoch sp\u00e4ter auf die Produktion von medizinischen Ger\u00e4ten und LED-Beleuchtung. Unsere Philosophie liegt darin, mit unseren Produkten Menschen und Umwelt zu helfen.<\/p>\n<p style=\"text-align: center;\">Die eSMART-Rollen von Manner kommen bei uns in zwei innovativen Produkten zum Einsatz: dem Arbeitsstuhl MG6 und dem Operationsstuhl OPR5.<\/p>\n<p style=\"text-align: center;\">F\u00fcr uns z\u00e4hlen in erster Linie Zuverl\u00e4ssigkeit, geringer Rollwiderstand und einfache Montage. Manner- Rollen erf\u00fcllen all diese Kriterien. Die Qualit\u00e4t ist hervorragend und auch das Design von Manner eSMART l\u00e4sst andere Rollen weit hinter sich.<\/p>\n<p style=\"text-align: center;\">\n","protected":false},"excerpt":{"rendered":"<p>Das Design von Manner eSMART l\u00e4sst andere Rollen weit hinter sich. Eco Systems ist ein holl\u00e4ndisches Unternehmen, das 1993 als Ein-Mann- Betrieb startete. Die Firma entwickelte zun\u00e4chst Luft- und Wasserfilter, verlegte ihren Schwerpunkt jedoch sp\u00e4ter auf die Produktion von medizinischen Ger\u00e4ten und LED-Beleuchtung. Unsere Philosophie liegt darin, mit unseren Produkten Menschen und Umwelt zu helfen. [&hellip;]<\/p>\n","protected":false},"author":1,"featured_media":44245,"parent":0,"menu_order":0,"comment_status":"closed","ping_status":"closed","template":"reference.php","meta":{"_acf_changed":false,"footnotes":""},"class_list":["post-44254","page","type-page","status-publish","has-post-thumbnail","hentry"],"acf":[],"yoast_head":"<!-- This site is optimized with the Yoast SEO plugin v25.2 - https:\/\/yoast.com\/wordpress\/plugins\/seo\/ -->\n<title>Eco Systems | Manner<\/title>\n<meta name=\"description\" content=\"Eco Systems ist ein niederl\u00e4ndischer Hersteller von innovativer LED Beleuchtung. Zwei ihrer Produkte sind mit Manner e-SMART Rollen ausgestattet.\" \/>\n<meta name=\"robots\" content=\"index, follow, max-snippet:-1, max-image-preview:large, max-video-preview:-1\" \/>\n<meta property=\"og:locale\" content=\"de_DE\" \/>\n<meta property=\"og:type\" content=\"article\" \/>\n<meta property=\"og:title\" content=\"Eco Systems | Manner\" \/>\n<meta property=\"og:description\" content=\"Eco Systems ist ein niederl\u00e4ndischer Hersteller von innovativer LED Beleuchtung. Zwei ihrer Produkte sind mit Manner e-SMART Rollen ausgestattet.\" \/>\n<meta property=\"og:url\" content=\"https:\/\/www.manner.fi\/de\/eco-systems\/\" \/>\n<meta property=\"og:site_name\" content=\"Manner\" \/>\n<meta property=\"article:modified_time\" content=\"2018-11-13T11:31:24+00:00\" \/>\n<meta property=\"og:image\" content=\"https:\/\/www.manner.fi\/wp-content\/uploads\/2018\/04\/tuotteet-kalustep-esmart.jpg\" \/>\n\t<meta property=\"og:image:width\" content=\"1600\" \/>\n\t<meta property=\"og:image:height\" content=\"612\" \/>\n\t<meta property=\"og:image:type\" content=\"image\/jpeg\" \/>\n<meta name=\"twitter:card\" content=\"summary_large_image\" \/>\n<meta name=\"twitter:label1\" content=\"Gesch\u00e4tzte Lesezeit\" \/>\n\t<meta name=\"twitter:data1\" content=\"1\u00a0Minute\" \/>\n<script type=\"application\/ld+json\" class=\"yoast-schema-graph\">{\"@context\":\"https:\/\/schema.org\",\"@graph\":[{\"@type\":\"WebPage\",\"@id\":\"https:\/\/www.manner.fi\/de\/eco-systems\/\",\"url\":\"https:\/\/www.manner.fi\/de\/eco-systems\/\",\"name\":\"Eco Systems | Manner\",\"isPartOf\":{\"@id\":\"https:\/\/www.manner.fi\/#website\"},\"primaryImageOfPage\":{\"@id\":\"https:\/\/www.manner.fi\/de\/eco-systems\/#primaryimage\"},\"image\":{\"@id\":\"https:\/\/www.manner.fi\/de\/eco-systems\/#primaryimage\"},\"thumbnailUrl\":\"https:\/\/www.manner.fi\/wp-content\/uploads\/2018\/04\/tuotteet-kalustep-esmart.jpg\",\"datePublished\":\"2018-04-05T13:36:47+00:00\",\"dateModified\":\"2018-11-13T11:31:24+00:00\",\"description\":\"Eco Systems ist ein niederl\u00e4ndischer Hersteller von innovativer LED Beleuchtung. Zwei ihrer Produkte sind mit Manner e-SMART Rollen ausgestattet.\",\"breadcrumb\":{\"@id\":\"https:\/\/www.manner.fi\/de\/eco-systems\/#breadcrumb\"},\"inLanguage\":\"de\",\"potentialAction\":[{\"@type\":\"ReadAction\",\"target\":[\"https:\/\/www.manner.fi\/de\/eco-systems\/\"]}]},{\"@type\":\"ImageObject\",\"inLanguage\":\"de\",\"@id\":\"https:\/\/www.manner.fi\/de\/eco-systems\/#primaryimage\",\"url\":\"https:\/\/www.manner.fi\/wp-content\/uploads\/2018\/04\/tuotteet-kalustep-esmart.jpg\",\"contentUrl\":\"https:\/\/www.manner.fi\/wp-content\/uploads\/2018\/04\/tuotteet-kalustep-esmart.jpg\",\"width\":1600,\"height\":612},{\"@type\":\"BreadcrumbList\",\"@id\":\"https:\/\/www.manner.fi\/de\/eco-systems\/#breadcrumb\",\"itemListElement\":[{\"@type\":\"ListItem\",\"position\":1,\"name\":\"Home\",\"item\":\"https:\/\/www.manner.fi\/de\/\"},{\"@type\":\"ListItem\",\"position\":2,\"name\":\"Eco Systems\"}]},{\"@type\":\"WebSite\",\"@id\":\"https:\/\/www.manner.fi\/#website\",\"url\":\"https:\/\/www.manner.fi\/\",\"name\":\"Manner\",\"description\":\"Smart Moves on Manner Castors\",\"potentialAction\":[{\"@type\":\"SearchAction\",\"target\":{\"@type\":\"EntryPoint\",\"urlTemplate\":\"https:\/\/www.manner.fi\/?s={search_term_string}\"},\"query-input\":{\"@type\":\"PropertyValueSpecification\",\"valueRequired\":true,\"valueName\":\"search_term_string\"}}],\"inLanguage\":\"de\"}]}<\/script>\n<!-- \/ Yoast SEO plugin. -->","yoast_head_json":{"title":"Eco Systems | Manner","description":"Eco Systems ist ein niederl\u00e4ndischer Hersteller von innovativer LED Beleuchtung. Zwei ihrer Produkte sind mit Manner e-SMART Rollen ausgestattet.","robots":{"index":"index","follow":"follow","max-snippet":"max-snippet:-1","max-image-preview":"max-image-preview:large","max-video-preview":"max-video-preview:-1"},"og_locale":"de_DE","og_type":"article","og_title":"Eco Systems | Manner","og_description":"Eco Systems ist ein niederl\u00e4ndischer Hersteller von innovativer LED Beleuchtung. Zwei ihrer Produkte sind mit Manner e-SMART Rollen ausgestattet.","og_url":"https:\/\/www.manner.fi\/de\/eco-systems\/","og_site_name":"Manner","article_modified_time":"2018-11-13T11:31:24+00:00","og_image":[{"width":1600,"height":612,"url":"https:\/\/www.manner.fi\/wp-content\/uploads\/2018\/04\/tuotteet-kalustep-esmart.jpg","type":"image\/jpeg"}],"twitter_card":"summary_large_image","twitter_misc":{"Gesch\u00e4tzte Lesezeit":"1\u00a0Minute"},"schema":{"@context":"https:\/\/schema.org","@graph":[{"@type":"WebPage","@id":"https:\/\/www.manner.fi\/de\/eco-systems\/","url":"https:\/\/www.manner.fi\/de\/eco-systems\/","name":"Eco Systems | Manner","isPartOf":{"@id":"https:\/\/www.manner.fi\/#website"},"primaryImageOfPage":{"@id":"https:\/\/www.manner.fi\/de\/eco-systems\/#primaryimage"},"image":{"@id":"https:\/\/www.manner.fi\/de\/eco-systems\/#primaryimage"},"thumbnailUrl":"https:\/\/www.manner.fi\/wp-content\/uploads\/2018\/04\/tuotteet-kalustep-esmart.jpg","datePublished":"2018-04-05T13:36:47+00:00","dateModified":"2018-11-13T11:31:24+00:00","description":"Eco Systems ist ein niederl\u00e4ndischer Hersteller von innovativer LED Beleuchtung. Zwei ihrer Produkte sind mit Manner e-SMART Rollen ausgestattet.","breadcrumb":{"@id":"https:\/\/www.manner.fi\/de\/eco-systems\/#breadcrumb"},"inLanguage":"de","potentialAction":[{"@type":"ReadAction","target":["https:\/\/www.manner.fi\/de\/eco-systems\/"]}]},{"@type":"ImageObject","inLanguage":"de","@id":"https:\/\/www.manner.fi\/de\/eco-systems\/#primaryimage","url":"https:\/\/www.manner.fi\/wp-content\/uploads\/2018\/04\/tuotteet-kalustep-esmart.jpg","contentUrl":"https:\/\/www.manner.fi\/wp-content\/uploads\/2018\/04\/tuotteet-kalustep-esmart.jpg","width":1600,"height":612},{"@type":"BreadcrumbList","@id":"https:\/\/www.manner.fi\/de\/eco-systems\/#breadcrumb","itemListElement":[{"@type":"ListItem","position":1,"name":"Home","item":"https:\/\/www.manner.fi\/de\/"},{"@type":"ListItem","position":2,"name":"Eco Systems"}]},{"@type":"WebSite","@id":"https:\/\/www.manner.fi\/#website","url":"https:\/\/www.manner.fi\/","name":"Manner","description":"Smart Moves on Manner Castors","potentialAction":[{"@type":"SearchAction","target":{"@type":"EntryPoint","urlTemplate":"https:\/\/www.manner.fi\/?s={search_term_string}"},"query-input":{"@type":"PropertyValueSpecification","valueRequired":true,"valueName":"search_term_string"}}],"inLanguage":"de"}]}},"_links":{"self":[{"href":"https:\/\/www.manner.fi\/de\/wp-json\/wp\/v2\/pages\/44254","targetHints":{"allow":["GET"]}}],"collection":[{"href":"https:\/\/www.manner.fi\/de\/wp-json\/wp\/v2\/pages"}],"about":[{"href":"https:\/\/www.manner.fi\/de\/wp-json\/wp\/v2\/types\/page"}],"author":[{"embeddable":true,"href":"https:\/\/www.manner.fi\/de\/wp-json\/wp\/v2\/users\/1"}],"replies":[{"embeddable":true,"href":"https:\/\/www.manner.fi\/de\/wp-json\/wp\/v2\/comments?post=44254"}],"version-history":[{"count":3,"href":"https:\/\/www.manner.fi\/de\/wp-json\/wp\/v2\/pages\/44254\/revisions"}],"predecessor-version":[{"id":44305,"href":"https:\/\/www.manner.fi\/de\/wp-json\/wp\/v2\/pages\/44254\/revisions\/44305"}],"wp:featuredmedia":[{"embeddable":true,"href":"https:\/\/www.manner.fi\/de\/wp-json\/wp\/v2\/media\/44245"}],"wp:attachment":[{"href":"https:\/\/www.manner.fi\/de\/wp-json\/wp\/v2\/media?parent=44254"}],"curies":[{"name":"wp","href":"https:\/\/api.w.org\/{rel}","templated":true}]}}