{"id":43837,"date":"2018-01-02T16:55:36","date_gmt":"2018-01-02T14:55:36","guid":{"rendered":"https:\/\/www.manner.fi\/tuotehaku\/"},"modified":"2020-11-12T13:07:18","modified_gmt":"2020-11-12T11:07:18","slug":"produktsuche","status":"publish","type":"page","link":"https:\/\/www.manner.fi\/de\/produktsuche\/","title":{"rendered":"Produktsuche"},"content":{"rendered":"<p style=\"text-align: center;\">Manner-Lenkrollen sind leichtg\u00e4ngig, leicht schwenkbar und extrem strapazierf\u00e4hig. Zu den typischen Einsatzbereichen z\u00e4hlen Transport- und Milchwagen, Krankenhaus- und Rehabilitationsmobiliar, Gro\u00dfk\u00fcchenger\u00e4te, Servierwagen und Tische, Fabrik- und B\u00fcromobiliar sowie Putzwagen.<\/p>\n<p>&nbsp;<\/p>\n","protected":false},"excerpt":{"rendered":"<p>Manner-Lenkrollen sind leichtg\u00e4ngig, leicht schwenkbar und extrem strapazierf\u00e4hig. Zu den typischen Einsatzbereichen z\u00e4hlen Transport- und Milchwagen, Krankenhaus- und Rehabilitationsmobiliar, Gro\u00dfk\u00fcchenger\u00e4te, Servierwagen und Tische, Fabrik- und B\u00fcromobiliar sowie Putzwagen. &nbsp;<\/p>\n","protected":false},"author":1,"featured_media":1710,"parent":0,"menu_order":0,"comment_status":"closed","ping_status":"closed","template":"product-search.php","meta":{"_acf_changed":false,"footnotes":""},"class_list":["post-43837","page","type-page","status-publish","has-post-thumbnail","hentry"],"acf":[],"yoast_head":"<!-- This site is optimized with the Yoast SEO plugin v25.2 - https:\/\/yoast.com\/wordpress\/plugins\/seo\/ -->\n<title>Produktsuche | Manner<\/title>\n<meta name=\"description\" content=\"Willkommen zu unserer Produktsuche. Hier finden Sie leicht das f\u00fcr Sie passende System aus unserer gro\u00dfen Auswahl an Rollen.\" \/>\n<meta name=\"robots\" content=\"index, follow, max-snippet:-1, max-image-preview:large, max-video-preview:-1\" \/>\n<meta property=\"og:locale\" content=\"de_DE\" \/>\n<meta property=\"og:type\" content=\"article\" \/>\n<meta property=\"og:title\" content=\"Produktsuche | Manner\" \/>\n<meta property=\"og:description\" content=\"Willkommen zu unserer Produktsuche. Hier finden Sie leicht das f\u00fcr Sie passende System aus unserer gro\u00dfen Auswahl an Rollen.\" \/>\n<meta property=\"og:url\" content=\"https:\/\/www.manner.fi\/de\/produktsuche\/\" \/>\n<meta property=\"og:site_name\" content=\"Manner\" \/>\n<meta property=\"article:modified_time\" content=\"2020-11-12T11:07:18+00:00\" \/>\n<meta property=\"og:image\" content=\"https:\/\/www.manner.fi\/wp-content\/uploads\/2018\/01\/tuotteet.jpg\" \/>\n\t<meta property=\"og:image:width\" content=\"1600\" \/>\n\t<meta property=\"og:image:height\" content=\"612\" \/>\n\t<meta property=\"og:image:type\" content=\"image\/jpeg\" \/>\n<meta name=\"twitter:card\" content=\"summary_large_image\" \/>\n<script type=\"application\/ld+json\" class=\"yoast-schema-graph\">{\"@context\":\"https:\/\/schema.org\",\"@graph\":[{\"@type\":\"WebPage\",\"@id\":\"https:\/\/www.manner.fi\/de\/produktsuche\/\",\"url\":\"https:\/\/www.manner.fi\/de\/produktsuche\/\",\"name\":\"Produktsuche | Manner\",\"isPartOf\":{\"@id\":\"https:\/\/www.manner.fi\/#website\"},\"primaryImageOfPage\":{\"@id\":\"https:\/\/www.manner.fi\/de\/produktsuche\/#primaryimage\"},\"image\":{\"@id\":\"https:\/\/www.manner.fi\/de\/produktsuche\/#primaryimage\"},\"thumbnailUrl\":\"https:\/\/www.manner.fi\/wp-content\/uploads\/2018\/01\/tuotteet.jpg\",\"datePublished\":\"2018-01-02T14:55:36+00:00\",\"dateModified\":\"2020-11-12T11:07:18+00:00\",\"description\":\"Willkommen zu unserer Produktsuche. Hier finden Sie leicht das f\u00fcr Sie passende System aus unserer gro\u00dfen Auswahl an Rollen.\",\"breadcrumb\":{\"@id\":\"https:\/\/www.manner.fi\/de\/produktsuche\/#breadcrumb\"},\"inLanguage\":\"de\",\"potentialAction\":[{\"@type\":\"ReadAction\",\"target\":[\"https:\/\/www.manner.fi\/de\/produktsuche\/\"]}]},{\"@type\":\"ImageObject\",\"inLanguage\":\"de\",\"@id\":\"https:\/\/www.manner.fi\/de\/produktsuche\/#primaryimage\",\"url\":\"https:\/\/www.manner.fi\/wp-content\/uploads\/2018\/01\/tuotteet.jpg\",\"contentUrl\":\"https:\/\/www.manner.fi\/wp-content\/uploads\/2018\/01\/tuotteet.jpg\",\"width\":1600,\"height\":612},{\"@type\":\"BreadcrumbList\",\"@id\":\"https:\/\/www.manner.fi\/de\/produktsuche\/#breadcrumb\",\"itemListElement\":[{\"@type\":\"ListItem\",\"position\":1,\"name\":\"Home\",\"item\":\"https:\/\/www.manner.fi\/de\/\"},{\"@type\":\"ListItem\",\"position\":2,\"name\":\"Produktsuche\"}]},{\"@type\":\"WebSite\",\"@id\":\"https:\/\/www.manner.fi\/#website\",\"url\":\"https:\/\/www.manner.fi\/\",\"name\":\"Manner\",\"description\":\"Smart Moves on Manner Castors\",\"potentialAction\":[{\"@type\":\"SearchAction\",\"target\":{\"@type\":\"EntryPoint\",\"urlTemplate\":\"https:\/\/www.manner.fi\/?s={search_term_string}\"},\"query-input\":{\"@type\":\"PropertyValueSpecification\",\"valueRequired\":true,\"valueName\":\"search_term_string\"}}],\"inLanguage\":\"de\"}]}<\/script>\n<!-- \/ Yoast SEO plugin. -->","yoast_head_json":{"title":"Produktsuche | Manner","description":"Willkommen zu unserer Produktsuche. Hier finden Sie leicht das f\u00fcr Sie passende System aus unserer gro\u00dfen Auswahl an Rollen.","robots":{"index":"index","follow":"follow","max-snippet":"max-snippet:-1","max-image-preview":"max-image-preview:large","max-video-preview":"max-video-preview:-1"},"og_locale":"de_DE","og_type":"article","og_title":"Produktsuche | Manner","og_description":"Willkommen zu unserer Produktsuche. Hier finden Sie leicht das f\u00fcr Sie passende System aus unserer gro\u00dfen Auswahl an Rollen.","og_url":"https:\/\/www.manner.fi\/de\/produktsuche\/","og_site_name":"Manner","article_modified_time":"2020-11-12T11:07:18+00:00","og_image":[{"width":1600,"height":612,"url":"https:\/\/www.manner.fi\/wp-content\/uploads\/2018\/01\/tuotteet.jpg","type":"image\/jpeg"}],"twitter_card":"summary_large_image","schema":{"@context":"https:\/\/schema.org","@graph":[{"@type":"WebPage","@id":"https:\/\/www.manner.fi\/de\/produktsuche\/","url":"https:\/\/www.manner.fi\/de\/produktsuche\/","name":"Produktsuche | Manner","isPartOf":{"@id":"https:\/\/www.manner.fi\/#website"},"primaryImageOfPage":{"@id":"https:\/\/www.manner.fi\/de\/produktsuche\/#primaryimage"},"image":{"@id":"https:\/\/www.manner.fi\/de\/produktsuche\/#primaryimage"},"thumbnailUrl":"https:\/\/www.manner.fi\/wp-content\/uploads\/2018\/01\/tuotteet.jpg","datePublished":"2018-01-02T14:55:36+00:00","dateModified":"2020-11-12T11:07:18+00:00","description":"Willkommen zu unserer Produktsuche. Hier finden Sie leicht das f\u00fcr Sie passende System aus unserer gro\u00dfen Auswahl an Rollen.","breadcrumb":{"@id":"https:\/\/www.manner.fi\/de\/produktsuche\/#breadcrumb"},"inLanguage":"de","potentialAction":[{"@type":"ReadAction","target":["https:\/\/www.manner.fi\/de\/produktsuche\/"]}]},{"@type":"ImageObject","inLanguage":"de","@id":"https:\/\/www.manner.fi\/de\/produktsuche\/#primaryimage","url":"https:\/\/www.manner.fi\/wp-content\/uploads\/2018\/01\/tuotteet.jpg","contentUrl":"https:\/\/www.manner.fi\/wp-content\/uploads\/2018\/01\/tuotteet.jpg","width":1600,"height":612},{"@type":"BreadcrumbList","@id":"https:\/\/www.manner.fi\/de\/produktsuche\/#breadcrumb","itemListElement":[{"@type":"ListItem","position":1,"name":"Home","item":"https:\/\/www.manner.fi\/de\/"},{"@type":"ListItem","position":2,"name":"Produktsuche"}]},{"@type":"WebSite","@id":"https:\/\/www.manner.fi\/#website","url":"https:\/\/www.manner.fi\/","name":"Manner","description":"Smart Moves on Manner Castors","potentialAction":[{"@type":"SearchAction","target":{"@type":"EntryPoint","urlTemplate":"https:\/\/www.manner.fi\/?s={search_term_string}"},"query-input":{"@type":"PropertyValueSpecification","valueRequired":true,"valueName":"search_term_string"}}],"inLanguage":"de"}]}},"_links":{"self":[{"href":"https:\/\/www.manner.fi\/de\/wp-json\/wp\/v2\/pages\/43837","targetHints":{"allow":["GET"]}}],"collection":[{"href":"https:\/\/www.manner.fi\/de\/wp-json\/wp\/v2\/pages"}],"about":[{"href":"https:\/\/www.manner.fi\/de\/wp-json\/wp\/v2\/types\/page"}],"author":[{"embeddable":true,"href":"https:\/\/www.manner.fi\/de\/wp-json\/wp\/v2\/users\/1"}],"replies":[{"embeddable":true,"href":"https:\/\/www.manner.fi\/de\/wp-json\/wp\/v2\/comments?post=43837"}],"version-history":[{"count":3,"href":"https:\/\/www.manner.fi\/de\/wp-json\/wp\/v2\/pages\/43837\/revisions"}],"predecessor-version":[{"id":43960,"href":"https:\/\/www.manner.fi\/de\/wp-json\/wp\/v2\/pages\/43837\/revisions\/43960"}],"wp:featuredmedia":[{"embeddable":true,"href":"https:\/\/www.manner.fi\/de\/wp-json\/wp\/v2\/media\/1710"}],"wp:attachment":[{"href":"https:\/\/www.manner.fi\/de\/wp-json\/wp\/v2\/media?parent=43837"}],"curies":[{"name":"wp","href":"https:\/\/api.w.org\/{rel}","templated":true}]}}