{"id":3236,"date":"2018-01-02T13:38:09","date_gmt":"2018-01-02T11:38:09","guid":{"rendered":"https:\/\/www.manner.fi\/produkte\/customised-solutions\/"},"modified":"2020-09-15T13:58:22","modified_gmt":"2020-09-15T10:58:22","slug":"massgeschneiderte-loesungen","status":"publish","type":"page","link":"https:\/\/www.manner.fi\/de\/produkte\/massgeschneiderte-loesungen\/","title":{"rendered":"Spezialrollen und kundenspezifische Anpassung"},"content":{"rendered":"<p style=\"text-align: center;\">Jahrzehntelange Erfahrung in der Herstellung von Rollen hat Manner zum Experten f\u00fcr die Entwicklung und Produktion von Spezial- und ma\u00dfgeschneiderten L\u00f6sungen gemacht.<\/p>\n<p style=\"text-align: center;\">\n<p style=\"text-align: center;\">Die Einbeziehung unserer Kunden in den Entwicklungsprozess und die Anfertigung von Spezialrollen sind wichtige Elemente unserer T\u00e4tigkeit. Kontinuierliche Produkt- und Materialforschung ist dabei ebenso wichtig wie die enge Zusammenarbeit mit unseren Kunden.<\/p>\n<p style=\"text-align: center;\">Das Ziel ist die Entwicklung neuer, hochwertiger Produkte, die ihren Benutzern Mehrwert bringen.<\/p>\n<p style=\"text-align: center;\">\n<p style=\"text-align: center;\">Falls Sie auf der Suche nach einer innovativen L\u00f6sung f\u00fcr ein spezielles Rollenproblem sind, z\u00f6gern Sie nicht, sich mit uns in Verbindung zu setzen. Die Antwort kann die Verbesserung eines spezifischen Details sein \u2013 oder ein brandneues Produkt!<\/p>\n","protected":false},"excerpt":{"rendered":"<p>Jahrzehntelange Erfahrung in der Herstellung von Rollen hat Manner zum Experten f\u00fcr die Entwicklung und Produktion von Spezial- und ma\u00dfgeschneiderten L\u00f6sungen gemacht. Die Einbeziehung unserer Kunden in den Entwicklungsprozess und die Anfertigung von Spezialrollen sind wichtige Elemente unserer T\u00e4tigkeit. Kontinuierliche Produkt- und Materialforschung ist dabei ebenso wichtig wie die enge Zusammenarbeit mit unseren Kunden. Das [&hellip;]<\/p>\n","protected":false},"author":1,"featured_media":1730,"parent":3001,"menu_order":0,"comment_status":"closed","ping_status":"closed","template":"","meta":{"_acf_changed":false,"footnotes":""},"class_list":["post-3236","page","type-page","status-publish","has-post-thumbnail","hentry"],"acf":[],"yoast_head":"<!-- This site is optimized with the Yoast SEO plugin v25.2 - https:\/\/yoast.com\/wordpress\/plugins\/seo\/ -->\n<title>Ma\u00dfgeschneiderte L\u00f6sungen | Manner<\/title>\n<meta name=\"description\" content=\"Manner produziert Rollen f\u00fcr viele verschiedene Industrien. Wir bieten Ihnen Rollen, die genau auf Ihre Anforderungen hin angepasst werden.\" \/>\n<meta name=\"robots\" content=\"index, follow, max-snippet:-1, max-image-preview:large, max-video-preview:-1\" \/>\n<meta property=\"og:locale\" content=\"de_DE\" \/>\n<meta property=\"og:type\" content=\"article\" \/>\n<meta property=\"og:title\" content=\"Ma\u00dfgeschneiderte L\u00f6sungen | Manner\" \/>\n<meta property=\"og:description\" content=\"Manner produziert Rollen f\u00fcr viele verschiedene Industrien. Wir bieten Ihnen Rollen, die genau auf Ihre Anforderungen hin angepasst werden.\" \/>\n<meta property=\"og:url\" content=\"https:\/\/www.manner.fi\/de\/produkte\/massgeschneiderte-loesungen\/\" \/>\n<meta property=\"og:site_name\" content=\"Manner\" \/>\n<meta property=\"article:modified_time\" content=\"2020-09-15T10:58:22+00:00\" \/>\n<meta property=\"og:image\" content=\"https:\/\/www.manner.fi\/wp-content\/uploads\/2018\/01\/tuotteet-raataloidyt.jpg\" \/>\n\t<meta property=\"og:image:width\" content=\"1600\" \/>\n\t<meta property=\"og:image:height\" content=\"612\" \/>\n\t<meta property=\"og:image:type\" content=\"image\/jpeg\" \/>\n<meta name=\"twitter:card\" content=\"summary_large_image\" \/>\n<meta name=\"twitter:label1\" content=\"Gesch\u00e4tzte Lesezeit\" \/>\n\t<meta name=\"twitter:data1\" content=\"1\u00a0Minute\" \/>\n<script type=\"application\/ld+json\" class=\"yoast-schema-graph\">{\"@context\":\"https:\/\/schema.org\",\"@graph\":[{\"@type\":\"WebPage\",\"@id\":\"https:\/\/www.manner.fi\/de\/produkte\/massgeschneiderte-loesungen\/\",\"url\":\"https:\/\/www.manner.fi\/de\/produkte\/massgeschneiderte-loesungen\/\",\"name\":\"Ma\u00dfgeschneiderte L\u00f6sungen | Manner\",\"isPartOf\":{\"@id\":\"https:\/\/www.manner.fi\/#website\"},\"primaryImageOfPage\":{\"@id\":\"https:\/\/www.manner.fi\/de\/produkte\/massgeschneiderte-loesungen\/#primaryimage\"},\"image\":{\"@id\":\"https:\/\/www.manner.fi\/de\/produkte\/massgeschneiderte-loesungen\/#primaryimage\"},\"thumbnailUrl\":\"https:\/\/www.manner.fi\/wp-content\/uploads\/2018\/01\/tuotteet-raataloidyt.jpg\",\"datePublished\":\"2018-01-02T11:38:09+00:00\",\"dateModified\":\"2020-09-15T10:58:22+00:00\",\"description\":\"Manner produziert Rollen f\u00fcr viele verschiedene Industrien. Wir bieten Ihnen Rollen, die genau auf Ihre Anforderungen hin angepasst werden.\",\"breadcrumb\":{\"@id\":\"https:\/\/www.manner.fi\/de\/produkte\/massgeschneiderte-loesungen\/#breadcrumb\"},\"inLanguage\":\"de\",\"potentialAction\":[{\"@type\":\"ReadAction\",\"target\":[\"https:\/\/www.manner.fi\/de\/produkte\/massgeschneiderte-loesungen\/\"]}]},{\"@type\":\"ImageObject\",\"inLanguage\":\"de\",\"@id\":\"https:\/\/www.manner.fi\/de\/produkte\/massgeschneiderte-loesungen\/#primaryimage\",\"url\":\"https:\/\/www.manner.fi\/wp-content\/uploads\/2018\/01\/tuotteet-raataloidyt.jpg\",\"contentUrl\":\"https:\/\/www.manner.fi\/wp-content\/uploads\/2018\/01\/tuotteet-raataloidyt.jpg\",\"width\":1600,\"height\":612},{\"@type\":\"BreadcrumbList\",\"@id\":\"https:\/\/www.manner.fi\/de\/produkte\/massgeschneiderte-loesungen\/#breadcrumb\",\"itemListElement\":[{\"@type\":\"ListItem\",\"position\":1,\"name\":\"Home\",\"item\":\"https:\/\/www.manner.fi\/de\/\"},{\"@type\":\"ListItem\",\"position\":2,\"name\":\"Produkte\",\"item\":\"https:\/\/www.manner.fi\/de\/produkte\/\"},{\"@type\":\"ListItem\",\"position\":3,\"name\":\"Spezialrollen und kundenspezifische Anpassung\"}]},{\"@type\":\"WebSite\",\"@id\":\"https:\/\/www.manner.fi\/#website\",\"url\":\"https:\/\/www.manner.fi\/\",\"name\":\"Manner\",\"description\":\"Smart Moves on Manner Castors\",\"potentialAction\":[{\"@type\":\"SearchAction\",\"target\":{\"@type\":\"EntryPoint\",\"urlTemplate\":\"https:\/\/www.manner.fi\/?s={search_term_string}\"},\"query-input\":{\"@type\":\"PropertyValueSpecification\",\"valueRequired\":true,\"valueName\":\"search_term_string\"}}],\"inLanguage\":\"de\"}]}<\/script>\n<!-- \/ Yoast SEO plugin. -->","yoast_head_json":{"title":"Ma\u00dfgeschneiderte L\u00f6sungen | Manner","description":"Manner produziert Rollen f\u00fcr viele verschiedene Industrien. Wir bieten Ihnen Rollen, die genau auf Ihre Anforderungen hin angepasst werden.","robots":{"index":"index","follow":"follow","max-snippet":"max-snippet:-1","max-image-preview":"max-image-preview:large","max-video-preview":"max-video-preview:-1"},"og_locale":"de_DE","og_type":"article","og_title":"Ma\u00dfgeschneiderte L\u00f6sungen | Manner","og_description":"Manner produziert Rollen f\u00fcr viele verschiedene Industrien. Wir bieten Ihnen Rollen, die genau auf Ihre Anforderungen hin angepasst werden.","og_url":"https:\/\/www.manner.fi\/de\/produkte\/massgeschneiderte-loesungen\/","og_site_name":"Manner","article_modified_time":"2020-09-15T10:58:22+00:00","og_image":[{"width":1600,"height":612,"url":"https:\/\/www.manner.fi\/wp-content\/uploads\/2018\/01\/tuotteet-raataloidyt.jpg","type":"image\/jpeg"}],"twitter_card":"summary_large_image","twitter_misc":{"Gesch\u00e4tzte Lesezeit":"1\u00a0Minute"},"schema":{"@context":"https:\/\/schema.org","@graph":[{"@type":"WebPage","@id":"https:\/\/www.manner.fi\/de\/produkte\/massgeschneiderte-loesungen\/","url":"https:\/\/www.manner.fi\/de\/produkte\/massgeschneiderte-loesungen\/","name":"Ma\u00dfgeschneiderte L\u00f6sungen | Manner","isPartOf":{"@id":"https:\/\/www.manner.fi\/#website"},"primaryImageOfPage":{"@id":"https:\/\/www.manner.fi\/de\/produkte\/massgeschneiderte-loesungen\/#primaryimage"},"image":{"@id":"https:\/\/www.manner.fi\/de\/produkte\/massgeschneiderte-loesungen\/#primaryimage"},"thumbnailUrl":"https:\/\/www.manner.fi\/wp-content\/uploads\/2018\/01\/tuotteet-raataloidyt.jpg","datePublished":"2018-01-02T11:38:09+00:00","dateModified":"2020-09-15T10:58:22+00:00","description":"Manner produziert Rollen f\u00fcr viele verschiedene Industrien. Wir bieten Ihnen Rollen, die genau auf Ihre Anforderungen hin angepasst werden.","breadcrumb":{"@id":"https:\/\/www.manner.fi\/de\/produkte\/massgeschneiderte-loesungen\/#breadcrumb"},"inLanguage":"de","potentialAction":[{"@type":"ReadAction","target":["https:\/\/www.manner.fi\/de\/produkte\/massgeschneiderte-loesungen\/"]}]},{"@type":"ImageObject","inLanguage":"de","@id":"https:\/\/www.manner.fi\/de\/produkte\/massgeschneiderte-loesungen\/#primaryimage","url":"https:\/\/www.manner.fi\/wp-content\/uploads\/2018\/01\/tuotteet-raataloidyt.jpg","contentUrl":"https:\/\/www.manner.fi\/wp-content\/uploads\/2018\/01\/tuotteet-raataloidyt.jpg","width":1600,"height":612},{"@type":"BreadcrumbList","@id":"https:\/\/www.manner.fi\/de\/produkte\/massgeschneiderte-loesungen\/#breadcrumb","itemListElement":[{"@type":"ListItem","position":1,"name":"Home","item":"https:\/\/www.manner.fi\/de\/"},{"@type":"ListItem","position":2,"name":"Produkte","item":"https:\/\/www.manner.fi\/de\/produkte\/"},{"@type":"ListItem","position":3,"name":"Spezialrollen und kundenspezifische Anpassung"}]},{"@type":"WebSite","@id":"https:\/\/www.manner.fi\/#website","url":"https:\/\/www.manner.fi\/","name":"Manner","description":"Smart Moves on Manner Castors","potentialAction":[{"@type":"SearchAction","target":{"@type":"EntryPoint","urlTemplate":"https:\/\/www.manner.fi\/?s={search_term_string}"},"query-input":{"@type":"PropertyValueSpecification","valueRequired":true,"valueName":"search_term_string"}}],"inLanguage":"de"}]}},"_links":{"self":[{"href":"https:\/\/www.manner.fi\/de\/wp-json\/wp\/v2\/pages\/3236","targetHints":{"allow":["GET"]}}],"collection":[{"href":"https:\/\/www.manner.fi\/de\/wp-json\/wp\/v2\/pages"}],"about":[{"href":"https:\/\/www.manner.fi\/de\/wp-json\/wp\/v2\/types\/page"}],"author":[{"embeddable":true,"href":"https:\/\/www.manner.fi\/de\/wp-json\/wp\/v2\/users\/1"}],"replies":[{"embeddable":true,"href":"https:\/\/www.manner.fi\/de\/wp-json\/wp\/v2\/comments?post=3236"}],"version-history":[{"count":6,"href":"https:\/\/www.manner.fi\/de\/wp-json\/wp\/v2\/pages\/3236\/revisions"}],"predecessor-version":[{"id":186652,"href":"https:\/\/www.manner.fi\/de\/wp-json\/wp\/v2\/pages\/3236\/revisions\/186652"}],"up":[{"embeddable":true,"href":"https:\/\/www.manner.fi\/de\/wp-json\/wp\/v2\/pages\/3001"}],"wp:featuredmedia":[{"embeddable":true,"href":"https:\/\/www.manner.fi\/de\/wp-json\/wp\/v2\/media\/1730"}],"wp:attachment":[{"href":"https:\/\/www.manner.fi\/de\/wp-json\/wp\/v2\/media?parent=3236"}],"curies":[{"name":"wp","href":"https:\/\/api.w.org\/{rel}","templated":true}]}}