{"id":3083,"date":"2018-02-08T09:55:10","date_gmt":"2018-02-08T07:55:10","guid":{"rendered":"https:\/\/www.manner.fi\/mizuho-osin-leikkauspoytaratkaisu-hyodyntaa-e-smart-pyoria\/"},"modified":"2018-11-13T13:32:44","modified_gmt":"2018-11-13T11:32:44","slug":"mizuho-osi-einzigartige-op-tische-auf-e-smart-rollen","status":"publish","type":"page","link":"https:\/\/www.manner.fi\/de\/mizuho-osi-einzigartige-op-tische-auf-e-smart-rollen\/","title":{"rendered":"Mizuho OSI: Einzigartige OP-Tische auf e-SMART-Rollen"},"content":{"rendered":"<p style=\"text-align: center;\">Mizuho OSI ist Marktf\u00fchrer unter den Herstellern von Tischen und Positionierungsger\u00e4ten f\u00fcr Spezialoperationen. Eine ergonomisch optimale Position des Patienten w\u00e4hrend komplizierter Operationen am R\u00fcckgrat oder am St\u00fctz- und Bewegungsapparat verbessert die Heilungsaussichten.<\/p>\n<p style=\"text-align: center;\">\u201cWir waren auf der Suche nach einer elektromechanisch feststellbaren Rolle in modernem Design, die unsere Tragf\u00e4higkeitsspezifikationen erf\u00fcllt und bei welcher der Preis stimmt. Manner ist ein serviceorientierter Partner, der uns die gew\u00fcnschte Unterst\u00fctzung bietet, und nur die Manner-Rollen erf\u00fcllten s\u00e4mtliche unserer Anspr\u00fcche: Tragf\u00e4higkeit, \u00c4sthetik, elektromechanische Sperrung sowohl der Roll- als auch der Schwenkbewegung sowie manuelle Freigabe. Au\u00dferdem sind sie einfach zu montieren<em>.<\/em>\u201d<\/p>\n<p style=\"text-align: center;\"><small style=\"text-align: center;\">Die in den USA ans\u00e4ssige Mizuho OSI ist eine hundertprozentige Tochter der in Tokio\/Japan ans\u00e4ssigen Mizuho Ikakogyo Co., Ltd.<\/small><\/p>\n<p style=\"text-align: center;\"><a class=\"read-more\" href=\"https:\/\/www.mizuhosi.com\/\">Erfahren Sie mehr \u00fcber Mizuho OSI<\/a><\/p>\n","protected":false},"excerpt":{"rendered":"<p>Mizuho OSI ist Marktf\u00fchrer unter den Herstellern von Tischen und Positionierungsger\u00e4ten f\u00fcr Spezialoperationen. Eine ergonomisch optimale Position des Patienten w\u00e4hrend komplizierter Operationen am R\u00fcckgrat oder am St\u00fctz- und Bewegungsapparat verbessert die Heilungsaussichten. \u201cWir waren auf der Suche nach einer elektromechanisch feststellbaren Rolle in modernem Design, die unsere Tragf\u00e4higkeitsspezifikationen erf\u00fcllt und bei welcher der Preis stimmt. [&hellip;]<\/p>\n","protected":false},"author":1,"featured_media":2855,"parent":0,"menu_order":0,"comment_status":"closed","ping_status":"closed","template":"reference.php","meta":{"_acf_changed":false,"footnotes":""},"class_list":["post-3083","page","type-page","status-publish","has-post-thumbnail","hentry"],"acf":[],"yoast_head":"<!-- This site is optimized with the Yoast SEO plugin v25.2 - https:\/\/yoast.com\/wordpress\/plugins\/seo\/ -->\n<title>Mizuho OSI: Einzigartige OP-Tische auf e-SMART-Rollen | Manner<\/title>\n<meta name=\"description\" content=\"Mizuho OSI ist spezialisiert auf Tische f\u00fcr Wirbels\u00e4ulenoperationen, R\u00f6ntgentische und Tische f\u00fcr die Verwendung bei orthop\u00e4dischen Br\u00fcchen und Traumata.\" \/>\n<meta name=\"robots\" content=\"index, follow, max-snippet:-1, max-image-preview:large, max-video-preview:-1\" \/>\n<meta property=\"og:locale\" content=\"de_DE\" \/>\n<meta property=\"og:type\" content=\"article\" \/>\n<meta property=\"og:title\" content=\"Mizuho OSI: Einzigartige OP-Tische auf e-SMART-Rollen | Manner\" \/>\n<meta property=\"og:description\" content=\"Mizuho OSI ist spezialisiert auf Tische f\u00fcr Wirbels\u00e4ulenoperationen, R\u00f6ntgentische und Tische f\u00fcr die Verwendung bei orthop\u00e4dischen Br\u00fcchen und Traumata.\" \/>\n<meta property=\"og:url\" content=\"https:\/\/www.manner.fi\/de\/mizuho-osi-einzigartige-op-tische-auf-e-smart-rollen\/\" \/>\n<meta property=\"og:site_name\" content=\"Manner\" \/>\n<meta property=\"article:modified_time\" content=\"2018-11-13T11:32:44+00:00\" \/>\n<meta property=\"og:image\" content=\"https:\/\/www.manner.fi\/wp-content\/uploads\/2018\/02\/refe_mizuho.png\" \/>\n\t<meta property=\"og:image:width\" content=\"1600\" \/>\n\t<meta property=\"og:image:height\" content=\"578\" \/>\n\t<meta property=\"og:image:type\" content=\"image\/png\" \/>\n<meta name=\"twitter:card\" content=\"summary_large_image\" \/>\n<meta name=\"twitter:label1\" content=\"Gesch\u00e4tzte Lesezeit\" \/>\n\t<meta name=\"twitter:data1\" content=\"1\u00a0Minute\" \/>\n<script type=\"application\/ld+json\" class=\"yoast-schema-graph\">{\"@context\":\"https:\/\/schema.org\",\"@graph\":[{\"@type\":\"WebPage\",\"@id\":\"https:\/\/www.manner.fi\/de\/mizuho-osi-einzigartige-op-tische-auf-e-smart-rollen\/\",\"url\":\"https:\/\/www.manner.fi\/de\/mizuho-osi-einzigartige-op-tische-auf-e-smart-rollen\/\",\"name\":\"Mizuho OSI: Einzigartige OP-Tische auf e-SMART-Rollen | Manner\",\"isPartOf\":{\"@id\":\"https:\/\/www.manner.fi\/#website\"},\"primaryImageOfPage\":{\"@id\":\"https:\/\/www.manner.fi\/de\/mizuho-osi-einzigartige-op-tische-auf-e-smart-rollen\/#primaryimage\"},\"image\":{\"@id\":\"https:\/\/www.manner.fi\/de\/mizuho-osi-einzigartige-op-tische-auf-e-smart-rollen\/#primaryimage\"},\"thumbnailUrl\":\"https:\/\/www.manner.fi\/wp-content\/uploads\/2018\/02\/refe_mizuho.png\",\"datePublished\":\"2018-02-08T07:55:10+00:00\",\"dateModified\":\"2018-11-13T11:32:44+00:00\",\"description\":\"Mizuho OSI ist spezialisiert auf Tische f\u00fcr Wirbels\u00e4ulenoperationen, R\u00f6ntgentische und Tische f\u00fcr die Verwendung bei orthop\u00e4dischen Br\u00fcchen und Traumata.\",\"breadcrumb\":{\"@id\":\"https:\/\/www.manner.fi\/de\/mizuho-osi-einzigartige-op-tische-auf-e-smart-rollen\/#breadcrumb\"},\"inLanguage\":\"de\",\"potentialAction\":[{\"@type\":\"ReadAction\",\"target\":[\"https:\/\/www.manner.fi\/de\/mizuho-osi-einzigartige-op-tische-auf-e-smart-rollen\/\"]}]},{\"@type\":\"ImageObject\",\"inLanguage\":\"de\",\"@id\":\"https:\/\/www.manner.fi\/de\/mizuho-osi-einzigartige-op-tische-auf-e-smart-rollen\/#primaryimage\",\"url\":\"https:\/\/www.manner.fi\/wp-content\/uploads\/2018\/02\/refe_mizuho.png\",\"contentUrl\":\"https:\/\/www.manner.fi\/wp-content\/uploads\/2018\/02\/refe_mizuho.png\",\"width\":1600,\"height\":578},{\"@type\":\"BreadcrumbList\",\"@id\":\"https:\/\/www.manner.fi\/de\/mizuho-osi-einzigartige-op-tische-auf-e-smart-rollen\/#breadcrumb\",\"itemListElement\":[{\"@type\":\"ListItem\",\"position\":1,\"name\":\"Home\",\"item\":\"https:\/\/www.manner.fi\/de\/\"},{\"@type\":\"ListItem\",\"position\":2,\"name\":\"Mizuho OSI: Einzigartige OP-Tische auf e-SMART-Rollen\"}]},{\"@type\":\"WebSite\",\"@id\":\"https:\/\/www.manner.fi\/#website\",\"url\":\"https:\/\/www.manner.fi\/\",\"name\":\"Manner\",\"description\":\"Smart Moves on Manner Castors\",\"potentialAction\":[{\"@type\":\"SearchAction\",\"target\":{\"@type\":\"EntryPoint\",\"urlTemplate\":\"https:\/\/www.manner.fi\/?s={search_term_string}\"},\"query-input\":{\"@type\":\"PropertyValueSpecification\",\"valueRequired\":true,\"valueName\":\"search_term_string\"}}],\"inLanguage\":\"de\"}]}<\/script>\n<!-- \/ Yoast SEO plugin. -->","yoast_head_json":{"title":"Mizuho OSI: Einzigartige OP-Tische auf e-SMART-Rollen | Manner","description":"Mizuho OSI ist spezialisiert auf Tische f\u00fcr Wirbels\u00e4ulenoperationen, R\u00f6ntgentische und Tische f\u00fcr die Verwendung bei orthop\u00e4dischen Br\u00fcchen und Traumata.","robots":{"index":"index","follow":"follow","max-snippet":"max-snippet:-1","max-image-preview":"max-image-preview:large","max-video-preview":"max-video-preview:-1"},"og_locale":"de_DE","og_type":"article","og_title":"Mizuho OSI: Einzigartige OP-Tische auf e-SMART-Rollen | Manner","og_description":"Mizuho OSI ist spezialisiert auf Tische f\u00fcr Wirbels\u00e4ulenoperationen, R\u00f6ntgentische und Tische f\u00fcr die Verwendung bei orthop\u00e4dischen Br\u00fcchen und Traumata.","og_url":"https:\/\/www.manner.fi\/de\/mizuho-osi-einzigartige-op-tische-auf-e-smart-rollen\/","og_site_name":"Manner","article_modified_time":"2018-11-13T11:32:44+00:00","og_image":[{"width":1600,"height":578,"url":"https:\/\/www.manner.fi\/wp-content\/uploads\/2018\/02\/refe_mizuho.png","type":"image\/png"}],"twitter_card":"summary_large_image","twitter_misc":{"Gesch\u00e4tzte Lesezeit":"1\u00a0Minute"},"schema":{"@context":"https:\/\/schema.org","@graph":[{"@type":"WebPage","@id":"https:\/\/www.manner.fi\/de\/mizuho-osi-einzigartige-op-tische-auf-e-smart-rollen\/","url":"https:\/\/www.manner.fi\/de\/mizuho-osi-einzigartige-op-tische-auf-e-smart-rollen\/","name":"Mizuho OSI: Einzigartige OP-Tische auf e-SMART-Rollen | Manner","isPartOf":{"@id":"https:\/\/www.manner.fi\/#website"},"primaryImageOfPage":{"@id":"https:\/\/www.manner.fi\/de\/mizuho-osi-einzigartige-op-tische-auf-e-smart-rollen\/#primaryimage"},"image":{"@id":"https:\/\/www.manner.fi\/de\/mizuho-osi-einzigartige-op-tische-auf-e-smart-rollen\/#primaryimage"},"thumbnailUrl":"https:\/\/www.manner.fi\/wp-content\/uploads\/2018\/02\/refe_mizuho.png","datePublished":"2018-02-08T07:55:10+00:00","dateModified":"2018-11-13T11:32:44+00:00","description":"Mizuho OSI ist spezialisiert auf Tische f\u00fcr Wirbels\u00e4ulenoperationen, R\u00f6ntgentische und Tische f\u00fcr die Verwendung bei orthop\u00e4dischen Br\u00fcchen und Traumata.","breadcrumb":{"@id":"https:\/\/www.manner.fi\/de\/mizuho-osi-einzigartige-op-tische-auf-e-smart-rollen\/#breadcrumb"},"inLanguage":"de","potentialAction":[{"@type":"ReadAction","target":["https:\/\/www.manner.fi\/de\/mizuho-osi-einzigartige-op-tische-auf-e-smart-rollen\/"]}]},{"@type":"ImageObject","inLanguage":"de","@id":"https:\/\/www.manner.fi\/de\/mizuho-osi-einzigartige-op-tische-auf-e-smart-rollen\/#primaryimage","url":"https:\/\/www.manner.fi\/wp-content\/uploads\/2018\/02\/refe_mizuho.png","contentUrl":"https:\/\/www.manner.fi\/wp-content\/uploads\/2018\/02\/refe_mizuho.png","width":1600,"height":578},{"@type":"BreadcrumbList","@id":"https:\/\/www.manner.fi\/de\/mizuho-osi-einzigartige-op-tische-auf-e-smart-rollen\/#breadcrumb","itemListElement":[{"@type":"ListItem","position":1,"name":"Home","item":"https:\/\/www.manner.fi\/de\/"},{"@type":"ListItem","position":2,"name":"Mizuho OSI: Einzigartige OP-Tische auf e-SMART-Rollen"}]},{"@type":"WebSite","@id":"https:\/\/www.manner.fi\/#website","url":"https:\/\/www.manner.fi\/","name":"Manner","description":"Smart Moves on Manner Castors","potentialAction":[{"@type":"SearchAction","target":{"@type":"EntryPoint","urlTemplate":"https:\/\/www.manner.fi\/?s={search_term_string}"},"query-input":{"@type":"PropertyValueSpecification","valueRequired":true,"valueName":"search_term_string"}}],"inLanguage":"de"}]}},"_links":{"self":[{"href":"https:\/\/www.manner.fi\/de\/wp-json\/wp\/v2\/pages\/3083","targetHints":{"allow":["GET"]}}],"collection":[{"href":"https:\/\/www.manner.fi\/de\/wp-json\/wp\/v2\/pages"}],"about":[{"href":"https:\/\/www.manner.fi\/de\/wp-json\/wp\/v2\/types\/page"}],"author":[{"embeddable":true,"href":"https:\/\/www.manner.fi\/de\/wp-json\/wp\/v2\/users\/1"}],"replies":[{"embeddable":true,"href":"https:\/\/www.manner.fi\/de\/wp-json\/wp\/v2\/comments?post=3083"}],"version-history":[{"count":4,"href":"https:\/\/www.manner.fi\/de\/wp-json\/wp\/v2\/pages\/3083\/revisions"}],"predecessor-version":[{"id":43888,"href":"https:\/\/www.manner.fi\/de\/wp-json\/wp\/v2\/pages\/3083\/revisions\/43888"}],"wp:featuredmedia":[{"embeddable":true,"href":"https:\/\/www.manner.fi\/de\/wp-json\/wp\/v2\/media\/2855"}],"wp:attachment":[{"href":"https:\/\/www.manner.fi\/de\/wp-json\/wp\/v2\/media?parent=3083"}],"curies":[{"name":"wp","href":"https:\/\/api.w.org\/{rel}","templated":true}]}}