{"id":3079,"date":"2018-02-08T13:02:06","date_gmt":"2018-02-08T11:02:06","guid":{"rendered":"https:\/\/www.manner.fi\/treston-trusts-tango\/"},"modified":"2020-01-16T16:45:40","modified_gmt":"2020-01-16T14:45:40","slug":"treston-vertraut-auf-tango","status":"publish","type":"page","link":"https:\/\/www.manner.fi\/de\/treston-vertraut-auf-tango\/","title":{"rendered":"Treston vertraut auf Tango"},"content":{"rendered":"<p style=\"text-align: center;\">\u201cWir sind ein finnischer Hersteller qualitativ hochwertiger Industriem\u00f6bel und Arbeitsstationen, und wir stellen an alle von uns verwendeten Bauteile &#8211; darunter auch Rollen &#8211; dieselben hohen Anforderungen. Wir liefern unsere M\u00f6bel in die ganze Welt, was bedeutet, dass unsere Produkte weltweite Qualit\u00e4tsanforderungen in verschiedenen Betriebsumgebungen, wie die der EPA, erf\u00fcllen m\u00fcssen. Ein breites Rollensortiment, kontinuierliche Produktentwicklung und eine hervorragende Zusammenarbeit bilden die Eckpfeiler unserer jahrzehntelangen Zusammenarbeit mit Manner. Mehrere unserer Rollwagen-Modelle sind mit Tango-Rollen ausgestattet, da sie nicht nur optisch ansprechen, sondern auch eine hervorragende Leistungsf\u00e4higkeit bieten. Tango-Rollen erf\u00fcllen unsere wichtigsten Kriterien, wie Sicherheit, Reinigungsf\u00e4higkeit und Mobilit\u00e4t (maximale Tragf\u00e4higkeit der Wagen = 300 kg) mit Leichtigkeit.\u201d<\/p>\n<p style=\"text-align: center;\"><a class=\"read-more\" href=\"https:\/\/www.treston.fi\/\">Erfahren Sie mehr \u00fcber Treston<\/a><\/p>\n","protected":false},"excerpt":{"rendered":"<p>\u201cWir sind ein finnischer Hersteller qualitativ hochwertiger Industriem\u00f6bel und Arbeitsstationen, und wir stellen an alle von uns verwendeten Bauteile &#8211; darunter auch Rollen &#8211; dieselben hohen Anforderungen. Wir liefern unsere M\u00f6bel in die ganze Welt, was bedeutet, dass unsere Produkte weltweite Qualit\u00e4tsanforderungen in verschiedenen Betriebsumgebungen, wie die der EPA, erf\u00fcllen m\u00fcssen. Ein breites Rollensortiment, kontinuierliche [&hellip;]<\/p>\n","protected":false},"author":1,"featured_media":2848,"parent":0,"menu_order":0,"comment_status":"closed","ping_status":"closed","template":"reference.php","meta":{"_acf_changed":false,"footnotes":""},"class_list":["post-3079","page","type-page","status-publish","has-post-thumbnail","hentry"],"acf":[],"yoast_head":"<!-- This site is optimized with the Yoast SEO plugin v25.2 - https:\/\/yoast.com\/wordpress\/plugins\/seo\/ -->\n<title>Treston vertraut auf Tango | Manner<\/title>\n<meta name=\"description\" content=\"Treston ist ein finnischer Hersteller von hochwertigen Industriem\u00f6beln und Arbeitsstationen. In ihren Produkten werden Manner Rollen verbaut.\" \/>\n<meta name=\"robots\" content=\"index, follow, max-snippet:-1, max-image-preview:large, max-video-preview:-1\" \/>\n<meta property=\"og:locale\" content=\"de_DE\" \/>\n<meta property=\"og:type\" content=\"article\" \/>\n<meta property=\"og:title\" content=\"Treston vertraut auf Tango | Manner\" \/>\n<meta property=\"og:description\" content=\"Treston ist ein finnischer Hersteller von hochwertigen Industriem\u00f6beln und Arbeitsstationen. In ihren Produkten werden Manner Rollen verbaut.\" \/>\n<meta property=\"og:url\" content=\"https:\/\/www.manner.fi\/de\/treston-vertraut-auf-tango\/\" \/>\n<meta property=\"og:site_name\" content=\"Manner\" \/>\n<meta property=\"article:modified_time\" content=\"2020-01-16T14:45:40+00:00\" \/>\n<meta property=\"og:image\" content=\"https:\/\/www.manner.fi\/wp-content\/uploads\/2018\/02\/refe_treston.png\" \/>\n\t<meta property=\"og:image:width\" content=\"1600\" \/>\n\t<meta property=\"og:image:height\" content=\"603\" \/>\n\t<meta property=\"og:image:type\" content=\"image\/png\" \/>\n<meta name=\"twitter:card\" content=\"summary_large_image\" \/>\n<meta name=\"twitter:label1\" content=\"Gesch\u00e4tzte Lesezeit\" \/>\n\t<meta name=\"twitter:data1\" content=\"1\u00a0Minute\" \/>\n<script type=\"application\/ld+json\" class=\"yoast-schema-graph\">{\"@context\":\"https:\/\/schema.org\",\"@graph\":[{\"@type\":\"WebPage\",\"@id\":\"https:\/\/www.manner.fi\/de\/treston-vertraut-auf-tango\/\",\"url\":\"https:\/\/www.manner.fi\/de\/treston-vertraut-auf-tango\/\",\"name\":\"Treston vertraut auf Tango | Manner\",\"isPartOf\":{\"@id\":\"https:\/\/www.manner.fi\/#website\"},\"primaryImageOfPage\":{\"@id\":\"https:\/\/www.manner.fi\/de\/treston-vertraut-auf-tango\/#primaryimage\"},\"image\":{\"@id\":\"https:\/\/www.manner.fi\/de\/treston-vertraut-auf-tango\/#primaryimage\"},\"thumbnailUrl\":\"https:\/\/www.manner.fi\/wp-content\/uploads\/2018\/02\/refe_treston.png\",\"datePublished\":\"2018-02-08T11:02:06+00:00\",\"dateModified\":\"2020-01-16T14:45:40+00:00\",\"description\":\"Treston ist ein finnischer Hersteller von hochwertigen Industriem\u00f6beln und Arbeitsstationen. In ihren Produkten werden Manner Rollen verbaut.\",\"breadcrumb\":{\"@id\":\"https:\/\/www.manner.fi\/de\/treston-vertraut-auf-tango\/#breadcrumb\"},\"inLanguage\":\"de\",\"potentialAction\":[{\"@type\":\"ReadAction\",\"target\":[\"https:\/\/www.manner.fi\/de\/treston-vertraut-auf-tango\/\"]}]},{\"@type\":\"ImageObject\",\"inLanguage\":\"de\",\"@id\":\"https:\/\/www.manner.fi\/de\/treston-vertraut-auf-tango\/#primaryimage\",\"url\":\"https:\/\/www.manner.fi\/wp-content\/uploads\/2018\/02\/refe_treston.png\",\"contentUrl\":\"https:\/\/www.manner.fi\/wp-content\/uploads\/2018\/02\/refe_treston.png\",\"width\":1600,\"height\":603},{\"@type\":\"BreadcrumbList\",\"@id\":\"https:\/\/www.manner.fi\/de\/treston-vertraut-auf-tango\/#breadcrumb\",\"itemListElement\":[{\"@type\":\"ListItem\",\"position\":1,\"name\":\"Home\",\"item\":\"https:\/\/www.manner.fi\/de\/\"},{\"@type\":\"ListItem\",\"position\":2,\"name\":\"Treston vertraut auf Tango\"}]},{\"@type\":\"WebSite\",\"@id\":\"https:\/\/www.manner.fi\/#website\",\"url\":\"https:\/\/www.manner.fi\/\",\"name\":\"Manner\",\"description\":\"Smart Moves on Manner Castors\",\"potentialAction\":[{\"@type\":\"SearchAction\",\"target\":{\"@type\":\"EntryPoint\",\"urlTemplate\":\"https:\/\/www.manner.fi\/?s={search_term_string}\"},\"query-input\":{\"@type\":\"PropertyValueSpecification\",\"valueRequired\":true,\"valueName\":\"search_term_string\"}}],\"inLanguage\":\"de\"}]}<\/script>\n<!-- \/ Yoast SEO plugin. -->","yoast_head_json":{"title":"Treston vertraut auf Tango | Manner","description":"Treston ist ein finnischer Hersteller von hochwertigen Industriem\u00f6beln und Arbeitsstationen. In ihren Produkten werden Manner Rollen verbaut.","robots":{"index":"index","follow":"follow","max-snippet":"max-snippet:-1","max-image-preview":"max-image-preview:large","max-video-preview":"max-video-preview:-1"},"og_locale":"de_DE","og_type":"article","og_title":"Treston vertraut auf Tango | Manner","og_description":"Treston ist ein finnischer Hersteller von hochwertigen Industriem\u00f6beln und Arbeitsstationen. In ihren Produkten werden Manner Rollen verbaut.","og_url":"https:\/\/www.manner.fi\/de\/treston-vertraut-auf-tango\/","og_site_name":"Manner","article_modified_time":"2020-01-16T14:45:40+00:00","og_image":[{"width":1600,"height":603,"url":"https:\/\/www.manner.fi\/wp-content\/uploads\/2018\/02\/refe_treston.png","type":"image\/png"}],"twitter_card":"summary_large_image","twitter_misc":{"Gesch\u00e4tzte Lesezeit":"1\u00a0Minute"},"schema":{"@context":"https:\/\/schema.org","@graph":[{"@type":"WebPage","@id":"https:\/\/www.manner.fi\/de\/treston-vertraut-auf-tango\/","url":"https:\/\/www.manner.fi\/de\/treston-vertraut-auf-tango\/","name":"Treston vertraut auf Tango | Manner","isPartOf":{"@id":"https:\/\/www.manner.fi\/#website"},"primaryImageOfPage":{"@id":"https:\/\/www.manner.fi\/de\/treston-vertraut-auf-tango\/#primaryimage"},"image":{"@id":"https:\/\/www.manner.fi\/de\/treston-vertraut-auf-tango\/#primaryimage"},"thumbnailUrl":"https:\/\/www.manner.fi\/wp-content\/uploads\/2018\/02\/refe_treston.png","datePublished":"2018-02-08T11:02:06+00:00","dateModified":"2020-01-16T14:45:40+00:00","description":"Treston ist ein finnischer Hersteller von hochwertigen Industriem\u00f6beln und Arbeitsstationen. In ihren Produkten werden Manner Rollen verbaut.","breadcrumb":{"@id":"https:\/\/www.manner.fi\/de\/treston-vertraut-auf-tango\/#breadcrumb"},"inLanguage":"de","potentialAction":[{"@type":"ReadAction","target":["https:\/\/www.manner.fi\/de\/treston-vertraut-auf-tango\/"]}]},{"@type":"ImageObject","inLanguage":"de","@id":"https:\/\/www.manner.fi\/de\/treston-vertraut-auf-tango\/#primaryimage","url":"https:\/\/www.manner.fi\/wp-content\/uploads\/2018\/02\/refe_treston.png","contentUrl":"https:\/\/www.manner.fi\/wp-content\/uploads\/2018\/02\/refe_treston.png","width":1600,"height":603},{"@type":"BreadcrumbList","@id":"https:\/\/www.manner.fi\/de\/treston-vertraut-auf-tango\/#breadcrumb","itemListElement":[{"@type":"ListItem","position":1,"name":"Home","item":"https:\/\/www.manner.fi\/de\/"},{"@type":"ListItem","position":2,"name":"Treston vertraut auf Tango"}]},{"@type":"WebSite","@id":"https:\/\/www.manner.fi\/#website","url":"https:\/\/www.manner.fi\/","name":"Manner","description":"Smart Moves on Manner Castors","potentialAction":[{"@type":"SearchAction","target":{"@type":"EntryPoint","urlTemplate":"https:\/\/www.manner.fi\/?s={search_term_string}"},"query-input":{"@type":"PropertyValueSpecification","valueRequired":true,"valueName":"search_term_string"}}],"inLanguage":"de"}]}},"_links":{"self":[{"href":"https:\/\/www.manner.fi\/de\/wp-json\/wp\/v2\/pages\/3079","targetHints":{"allow":["GET"]}}],"collection":[{"href":"https:\/\/www.manner.fi\/de\/wp-json\/wp\/v2\/pages"}],"about":[{"href":"https:\/\/www.manner.fi\/de\/wp-json\/wp\/v2\/types\/page"}],"author":[{"embeddable":true,"href":"https:\/\/www.manner.fi\/de\/wp-json\/wp\/v2\/users\/1"}],"replies":[{"embeddable":true,"href":"https:\/\/www.manner.fi\/de\/wp-json\/wp\/v2\/comments?post=3079"}],"version-history":[{"count":5,"href":"https:\/\/www.manner.fi\/de\/wp-json\/wp\/v2\/pages\/3079\/revisions"}],"predecessor-version":[{"id":185948,"href":"https:\/\/www.manner.fi\/de\/wp-json\/wp\/v2\/pages\/3079\/revisions\/185948"}],"wp:featuredmedia":[{"embeddable":true,"href":"https:\/\/www.manner.fi\/de\/wp-json\/wp\/v2\/media\/2848"}],"wp:attachment":[{"href":"https:\/\/www.manner.fi\/de\/wp-json\/wp\/v2\/media?parent=3079"}],"curies":[{"name":"wp","href":"https:\/\/api.w.org\/{rel}","templated":true}]}}