{"id":3071,"date":"2018-02-09T14:09:34","date_gmt":"2018-02-09T12:09:34","guid":{"rendered":"https:\/\/www.manner.fi\/?page_id=3071"},"modified":"2020-11-12T13:20:38","modified_gmt":"2020-11-12T11:20:38","slug":"umweltschutz-und-qualitaet","status":"publish","type":"page","link":"https:\/\/www.manner.fi\/de\/manner-als-unternehmen\/umweltschutz-und-qualitaet\/","title":{"rendered":"Umweltschutz und Qualit\u00e4t"},"content":{"rendered":"<p>Wir entwickeln und produzieren praktische, sichere und mehrwertsteigernde Rollen- und Befestigungskonzepte, die sich konsequent an den Bed\u00fcrfnissen unserer Kunden orientieren. Unser Angebot umfasst auch erg\u00e4nzende Produkte unserer Partnerfirmen. Wir sind bestrebt, wartungsfreie L\u00f6sungen zu liefern, die jahrelang zuverl\u00e4ssig funktionieren.<\/p>\n<p>Die Betriebsabl\u00e4ufe von Manner sind nach der <strong>Qualit\u00e4tsnorm ISO-9001<\/strong> und der Umweltnorm <strong>ISO 14001 zertifiziert<\/strong>. Unser internes Managementsystem wird st\u00e4ndig weiterentwickelt und regelm\u00e4\u00dfig von unabh\u00e4ngigen Experten auditiert.<\/p>\n<p>Umweltfaktoren werden in jeder Phase unserer T\u00e4tigkeit ber\u00fccksichtigt und die Wahl von Produkteigenschaften, Rohmaterialien und Produktionsverfahren beruht auf \u00f6kologischen ebenso wie auf sicherheitstechnischen Gesichtspunkten. Das Verantwortungsbewusstsein unserer Mitarbeiterinnen und Mitarbeiter beschr\u00e4nkt sich nicht nur auf die jeweils eigene Arbeit, sondern jedes Teammitglied achtet mit darauf, dass kein fehlerhaftes Produkt in die n\u00e4chste Produktionsphase gelangt.<\/p>\n<p>Schadstoffaussto\u00df und Abfallvolumen unserer Fabrik werden st\u00e4ndig \u00fcberwacht und auf ein Minimum reduziert. F\u00fcr die Oberfl\u00e4chenbehandlung unserer Produkte ist Umweltschutz das wichtigste Kriterium. Zudem nutzen wir die fortschrittlichsten Wasserreinigungstechnologien und entsorgen alle Filterr\u00fcckst\u00e4nde sachgem\u00e4\u00df als Sonderm\u00fcll.<\/p>\n<p>Die Schwerpunkte unserer Mitarbeiterschulungen sind Qualit\u00e4t, Sicherheit, Umweltschutz und die kontinuierlicher Verbesserung unserer Betriebsabl\u00e4ufe als Ganzes.<\/p>\n<p>Manner pflegt offene und ehrlichen Beziehungen zu Kunden, Beh\u00f6rden und den Nachbarn unserer Produktionsanlagen und ist bem\u00fcht, die Interessengruppen des Unternehmens jederzeit \u00fcber dessen Entwicklung und geplante \u00c4nderungen auf dem Laufenden zu halten.<\/p>\n<h4>Qualit\u00e4t und Produktentwicklung<\/h4>\n<p>Manner hat mehr als 80 Jahre Erfahrung in der Entwicklung und Herstellung von Rollenprodukten. Die hauseigene F&amp;E-Abteilung und eigenen Produktionsanlagen schaffen ideale Voraussetzungen f\u00fcr die kontinuierliche Entwicklung von Fachkompetenz, Zuverl\u00e4ssigkeit, technischem Support und Kundendienst.<\/p>\n<h4>Design \u2013 eine unserer gr\u00f6\u00dften St\u00e4rken<\/h4>\n<p>Bei der Entwicklung neuer und Verbesserung vorhandener Produkte spielt praxisgerechtes, attraktives Design eine Hauptrolle. Manner ist stolz auf die traditionsreiche Zusammenarbeit mit Finnlands f\u00fchrenden Industriedesignern.<\/p>\n<p>Die <strong>Tango<\/strong>-Rolle, einer der gr\u00f6\u00dften Erfolge unserer F&amp;E-Arbeit, besteht komplett aus korrosionsfreien Polyamiden und konstituiert eine der wichtigsten neuen Errungenschaften der Branche auf globaler Ebene. Auch <strong>Manner e-SMART<\/strong> repr\u00e4sentiert die Speerspitze der Entwicklung und wurde mit dem internationalen Red Dot Design Award f\u00fcr herausragendes, innovatives Design ausgezeichnet.<\/p>\n","protected":false},"excerpt":{"rendered":"<p>Wir entwickeln und produzieren praktische, sichere und mehrwertsteigernde Rollen- und Befestigungskonzepte, die sich konsequent an den Bed\u00fcrfnissen unserer Kunden orientieren. Unser Angebot umfasst auch erg\u00e4nzende Produkte unserer Partnerfirmen. Wir sind bestrebt, wartungsfreie L\u00f6sungen zu liefern, die jahrelang zuverl\u00e4ssig funktionieren. Die Betriebsabl\u00e4ufe von Manner sind nach der Qualit\u00e4tsnorm ISO-9001 und der Umweltnorm ISO 14001 zertifiziert. Unser [&hellip;]<\/p>\n","protected":false},"author":1,"featured_media":2120,"parent":3068,"menu_order":0,"comment_status":"closed","ping_status":"closed","template":"","meta":{"_acf_changed":false,"footnotes":""},"class_list":["post-3071","page","type-page","status-publish","has-post-thumbnail","hentry"],"acf":[],"yoast_head":"<!-- This site is optimized with the Yoast SEO plugin v25.2 - https:\/\/yoast.com\/wordpress\/plugins\/seo\/ -->\n<title>Umweltschutz und Qualit\u00e4t | Manner<\/title>\n<meta name=\"description\" content=\"Manner Produkte sind nach den ISO Standards 9001 und 14001 zertifiziert und garantieren unseren Beitrag zu einem bewussten Umgang mit der Natur.\" \/>\n<meta name=\"robots\" content=\"index, follow, max-snippet:-1, max-image-preview:large, max-video-preview:-1\" \/>\n<meta property=\"og:locale\" content=\"de_DE\" \/>\n<meta property=\"og:type\" content=\"article\" \/>\n<meta property=\"og:title\" content=\"Umweltschutz und Qualit\u00e4t | Manner\" \/>\n<meta property=\"og:description\" content=\"Manner Produkte sind nach den ISO Standards 9001 und 14001 zertifiziert und garantieren unseren Beitrag zu einem bewussten Umgang mit der Natur.\" \/>\n<meta property=\"og:url\" content=\"https:\/\/www.manner.fi\/de\/manner-als-unternehmen\/umweltschutz-und-qualitaet\/\" \/>\n<meta property=\"og:site_name\" content=\"Manner\" \/>\n<meta property=\"article:modified_time\" content=\"2020-11-12T11:20:38+00:00\" \/>\n<meta property=\"og:image\" content=\"https:\/\/www.manner.fi\/wp-content\/uploads\/2018\/01\/yritys-ymparisto-2.jpg\" \/>\n\t<meta property=\"og:image:width\" content=\"1600\" \/>\n\t<meta property=\"og:image:height\" content=\"612\" \/>\n\t<meta property=\"og:image:type\" content=\"image\/jpeg\" \/>\n<meta name=\"twitter:card\" content=\"summary_large_image\" \/>\n<meta name=\"twitter:label1\" content=\"Gesch\u00e4tzte Lesezeit\" \/>\n\t<meta name=\"twitter:data1\" content=\"2\u00a0Minuten\" \/>\n<script type=\"application\/ld+json\" class=\"yoast-schema-graph\">{\"@context\":\"https:\/\/schema.org\",\"@graph\":[{\"@type\":\"WebPage\",\"@id\":\"https:\/\/www.manner.fi\/de\/manner-als-unternehmen\/umweltschutz-und-qualitaet\/\",\"url\":\"https:\/\/www.manner.fi\/de\/manner-als-unternehmen\/umweltschutz-und-qualitaet\/\",\"name\":\"Umweltschutz und Qualit\u00e4t | Manner\",\"isPartOf\":{\"@id\":\"https:\/\/www.manner.fi\/#website\"},\"primaryImageOfPage\":{\"@id\":\"https:\/\/www.manner.fi\/de\/manner-als-unternehmen\/umweltschutz-und-qualitaet\/#primaryimage\"},\"image\":{\"@id\":\"https:\/\/www.manner.fi\/de\/manner-als-unternehmen\/umweltschutz-und-qualitaet\/#primaryimage\"},\"thumbnailUrl\":\"https:\/\/www.manner.fi\/wp-content\/uploads\/2018\/01\/yritys-ymparisto-2.jpg\",\"datePublished\":\"2018-02-09T12:09:34+00:00\",\"dateModified\":\"2020-11-12T11:20:38+00:00\",\"description\":\"Manner Produkte sind nach den ISO Standards 9001 und 14001 zertifiziert und garantieren unseren Beitrag zu einem bewussten Umgang mit der Natur.\",\"breadcrumb\":{\"@id\":\"https:\/\/www.manner.fi\/de\/manner-als-unternehmen\/umweltschutz-und-qualitaet\/#breadcrumb\"},\"inLanguage\":\"de\",\"potentialAction\":[{\"@type\":\"ReadAction\",\"target\":[\"https:\/\/www.manner.fi\/de\/manner-als-unternehmen\/umweltschutz-und-qualitaet\/\"]}]},{\"@type\":\"ImageObject\",\"inLanguage\":\"de\",\"@id\":\"https:\/\/www.manner.fi\/de\/manner-als-unternehmen\/umweltschutz-und-qualitaet\/#primaryimage\",\"url\":\"https:\/\/www.manner.fi\/wp-content\/uploads\/2018\/01\/yritys-ymparisto-2.jpg\",\"contentUrl\":\"https:\/\/www.manner.fi\/wp-content\/uploads\/2018\/01\/yritys-ymparisto-2.jpg\",\"width\":1600,\"height\":612},{\"@type\":\"BreadcrumbList\",\"@id\":\"https:\/\/www.manner.fi\/de\/manner-als-unternehmen\/umweltschutz-und-qualitaet\/#breadcrumb\",\"itemListElement\":[{\"@type\":\"ListItem\",\"position\":1,\"name\":\"Home\",\"item\":\"https:\/\/www.manner.fi\/de\/\"},{\"@type\":\"ListItem\",\"position\":2,\"name\":\"Manner als Unternehmen\",\"item\":\"https:\/\/www.manner.fi\/de\/manner-als-unternehmen\/\"},{\"@type\":\"ListItem\",\"position\":3,\"name\":\"Umweltschutz und Qualit\u00e4t\"}]},{\"@type\":\"WebSite\",\"@id\":\"https:\/\/www.manner.fi\/#website\",\"url\":\"https:\/\/www.manner.fi\/\",\"name\":\"Manner\",\"description\":\"Smart Moves on Manner Castors\",\"potentialAction\":[{\"@type\":\"SearchAction\",\"target\":{\"@type\":\"EntryPoint\",\"urlTemplate\":\"https:\/\/www.manner.fi\/?s={search_term_string}\"},\"query-input\":{\"@type\":\"PropertyValueSpecification\",\"valueRequired\":true,\"valueName\":\"search_term_string\"}}],\"inLanguage\":\"de\"}]}<\/script>\n<!-- \/ Yoast SEO plugin. -->","yoast_head_json":{"title":"Umweltschutz und Qualit\u00e4t | Manner","description":"Manner Produkte sind nach den ISO Standards 9001 und 14001 zertifiziert und garantieren unseren Beitrag zu einem bewussten Umgang mit der Natur.","robots":{"index":"index","follow":"follow","max-snippet":"max-snippet:-1","max-image-preview":"max-image-preview:large","max-video-preview":"max-video-preview:-1"},"og_locale":"de_DE","og_type":"article","og_title":"Umweltschutz und Qualit\u00e4t | Manner","og_description":"Manner Produkte sind nach den ISO Standards 9001 und 14001 zertifiziert und garantieren unseren Beitrag zu einem bewussten Umgang mit der Natur.","og_url":"https:\/\/www.manner.fi\/de\/manner-als-unternehmen\/umweltschutz-und-qualitaet\/","og_site_name":"Manner","article_modified_time":"2020-11-12T11:20:38+00:00","og_image":[{"width":1600,"height":612,"url":"https:\/\/www.manner.fi\/wp-content\/uploads\/2018\/01\/yritys-ymparisto-2.jpg","type":"image\/jpeg"}],"twitter_card":"summary_large_image","twitter_misc":{"Gesch\u00e4tzte Lesezeit":"2\u00a0Minuten"},"schema":{"@context":"https:\/\/schema.org","@graph":[{"@type":"WebPage","@id":"https:\/\/www.manner.fi\/de\/manner-als-unternehmen\/umweltschutz-und-qualitaet\/","url":"https:\/\/www.manner.fi\/de\/manner-als-unternehmen\/umweltschutz-und-qualitaet\/","name":"Umweltschutz und Qualit\u00e4t | Manner","isPartOf":{"@id":"https:\/\/www.manner.fi\/#website"},"primaryImageOfPage":{"@id":"https:\/\/www.manner.fi\/de\/manner-als-unternehmen\/umweltschutz-und-qualitaet\/#primaryimage"},"image":{"@id":"https:\/\/www.manner.fi\/de\/manner-als-unternehmen\/umweltschutz-und-qualitaet\/#primaryimage"},"thumbnailUrl":"https:\/\/www.manner.fi\/wp-content\/uploads\/2018\/01\/yritys-ymparisto-2.jpg","datePublished":"2018-02-09T12:09:34+00:00","dateModified":"2020-11-12T11:20:38+00:00","description":"Manner Produkte sind nach den ISO Standards 9001 und 14001 zertifiziert und garantieren unseren Beitrag zu einem bewussten Umgang mit der Natur.","breadcrumb":{"@id":"https:\/\/www.manner.fi\/de\/manner-als-unternehmen\/umweltschutz-und-qualitaet\/#breadcrumb"},"inLanguage":"de","potentialAction":[{"@type":"ReadAction","target":["https:\/\/www.manner.fi\/de\/manner-als-unternehmen\/umweltschutz-und-qualitaet\/"]}]},{"@type":"ImageObject","inLanguage":"de","@id":"https:\/\/www.manner.fi\/de\/manner-als-unternehmen\/umweltschutz-und-qualitaet\/#primaryimage","url":"https:\/\/www.manner.fi\/wp-content\/uploads\/2018\/01\/yritys-ymparisto-2.jpg","contentUrl":"https:\/\/www.manner.fi\/wp-content\/uploads\/2018\/01\/yritys-ymparisto-2.jpg","width":1600,"height":612},{"@type":"BreadcrumbList","@id":"https:\/\/www.manner.fi\/de\/manner-als-unternehmen\/umweltschutz-und-qualitaet\/#breadcrumb","itemListElement":[{"@type":"ListItem","position":1,"name":"Home","item":"https:\/\/www.manner.fi\/de\/"},{"@type":"ListItem","position":2,"name":"Manner als Unternehmen","item":"https:\/\/www.manner.fi\/de\/manner-als-unternehmen\/"},{"@type":"ListItem","position":3,"name":"Umweltschutz und Qualit\u00e4t"}]},{"@type":"WebSite","@id":"https:\/\/www.manner.fi\/#website","url":"https:\/\/www.manner.fi\/","name":"Manner","description":"Smart Moves on Manner Castors","potentialAction":[{"@type":"SearchAction","target":{"@type":"EntryPoint","urlTemplate":"https:\/\/www.manner.fi\/?s={search_term_string}"},"query-input":{"@type":"PropertyValueSpecification","valueRequired":true,"valueName":"search_term_string"}}],"inLanguage":"de"}]}},"_links":{"self":[{"href":"https:\/\/www.manner.fi\/de\/wp-json\/wp\/v2\/pages\/3071","targetHints":{"allow":["GET"]}}],"collection":[{"href":"https:\/\/www.manner.fi\/de\/wp-json\/wp\/v2\/pages"}],"about":[{"href":"https:\/\/www.manner.fi\/de\/wp-json\/wp\/v2\/types\/page"}],"author":[{"embeddable":true,"href":"https:\/\/www.manner.fi\/de\/wp-json\/wp\/v2\/users\/1"}],"replies":[{"embeddable":true,"href":"https:\/\/www.manner.fi\/de\/wp-json\/wp\/v2\/comments?post=3071"}],"version-history":[{"count":7,"href":"https:\/\/www.manner.fi\/de\/wp-json\/wp\/v2\/pages\/3071\/revisions"}],"predecessor-version":[{"id":186970,"href":"https:\/\/www.manner.fi\/de\/wp-json\/wp\/v2\/pages\/3071\/revisions\/186970"}],"up":[{"embeddable":true,"href":"https:\/\/www.manner.fi\/de\/wp-json\/wp\/v2\/pages\/3068"}],"wp:featuredmedia":[{"embeddable":true,"href":"https:\/\/www.manner.fi\/de\/wp-json\/wp\/v2\/media\/2120"}],"wp:attachment":[{"href":"https:\/\/www.manner.fi\/de\/wp-json\/wp\/v2\/media?parent=3071"}],"curies":[{"name":"wp","href":"https:\/\/api.w.org\/{rel}","templated":true}]}}