{"id":3068,"date":"2018-01-30T09:17:10","date_gmt":"2018-01-30T07:17:10","guid":{"rendered":"https:\/\/www.manner.fi\/company\/"},"modified":"2021-12-21T11:01:00","modified_gmt":"2021-12-21T09:01:00","slug":"manner-als-unternehmen","status":"publish","type":"page","link":"https:\/\/www.manner.fi\/de\/manner-als-unternehmen\/","title":{"rendered":"Manner als Unternehmen"},"content":{"rendered":"<div style=\"width: 1920px;\" class=\"wp-video\"><video class=\"wp-video-shortcode\" id=\"video-3068-1\" width=\"1920\" height=\"1080\" poster=\"https:\/\/www.manner.fi\/wp-content\/uploads\/2018\/05\/Manner_Yritys_GER_thumbnail.png\" preload=\"metadata\" controls=\"controls\"><source type=\"video\/mp4\" src=\"https:\/\/www.manner.fi\/wp-content\/uploads\/2021\/12\/Manner_Yritys_GER_12-2021.mp4?_=1\" \/><a href=\"https:\/\/www.manner.fi\/wp-content\/uploads\/2021\/12\/Manner_Yritys_GER_12-2021.mp4\">https:\/\/www.manner.fi\/wp-content\/uploads\/2021\/12\/Manner_Yritys_GER_12-2021.mp4<\/a><\/video><\/div>\n<h3>Manner \u2013 kundenorientiert seit 1890<\/h3>\n<p>Manner ist ein traditionsreiches Familienunternehmen, das bereits 1890 gegr\u00fcndet wurde. In der Planung und Produktion von Transportrollen hat Manner mehr als 80 Jahre Erfahrung. Die ersten Rollen wurden bereits in den 1930er Jahren hergestellt. Seit 1974 konzentriert Manner sich ausschlie\u00dflich auf Rollenprodukte.<\/p>\n<p>Die Grundprinzipien von Manner sind seit jeher Kundenorientierung und Professionalit\u00e4t. Wir helfen unseren Kunden kontinuierlich dabei, bedarfsgerechte L\u00f6sungen zu finden. Unser flexibles Produktionsmodell erm\u00f6glicht die Ber\u00fccksichtigung von Spezialbed\u00fcrfnissen und unsere lange Erfahrung garantiert die Spitzenqualit\u00e4t jedes einzelnen Manner-Produkts.<\/p>\n<h4>F\u00fchrender Rollenhersteller in den nordischen L\u00e4ndern<\/h4>\n<p>In Finnland sind Manner-Rollen l\u00e4ngst ein Begriff. Das Unternehmen ist in seinem Heimatland Marktf\u00fchrer und z\u00e4hlt auch in den \u00fcbrigen nordischen L\u00e4ndern zu den f\u00fchrenden Rollenmarken. Auch international sind die Transportwagen- und Apparaterollen von Manner bekannt und gesch\u00e4tzt. Etwa 2\/3 der Produktion gehen in den Export.<\/p>\n<p>Das Vertriebsnetz von Manner erstreckt sich \u00fcber ganz Finnland und in mehr als 20 weitere L\u00e4nder.<\/p>\n<p>Die Produktentwicklung erfolgt nahe an den Kunden, um eine optimale Anpassung an deren Bed\u00fcrfnisse sicherzustellen. Bereits seit den Anf\u00e4ngen investiert das Unternehmen zielstrebig in Qualit\u00e4t, Testverfahren und Design. Im Jahr 1995 erhielt Manner das Qualit\u00e4tszertifikat ISO 9001 und 2001 das Umweltzertifikat ISO 14001.<\/p>\n<p>Die meisten Manner-Produkte werden in unserem Stammwerk im s\u00fcdfinnischen Hanko hergestellt. Besondere St\u00e4rke unserer Fabrik ist die Spritzgussproduktion technischer Kunststoffe.<\/p>\n<h4>Erfolgsfaktoren<\/h4>\n<p>Der Ausgangspunkt f\u00fcr alle T\u00e4tigkeiten von Manner \u2013 Produktentwicklung, Herstellung, Verkauf und Kundendienst \u2013 ist die Ber\u00fccksichtigung von 5 Erfolgsfaktoren:<\/p>\n<h4>Kunde<\/h4>\n<p>Die Bed\u00fcrfnisse der Kunden m\u00fcssen stets klar identifiziert werden.<\/p>\n<h4>Kontinuit\u00e4t<\/h4>\n<p>Sinnvolle Entscheidungen und effizienter Betrieb sichern Rentabilit\u00e4t und Zukunft des Unternehmens.<\/p>\n<h4>Zuverl\u00e4ssigkeit<\/h4>\n<p>Durch Einhaltung von Vertr\u00e4gen und Zusagen leisten wir auch zum Erfolg unserer Kunden einen entscheidenden Beitrag.<\/p>\n<h4>Know-how und Mitarbeiterzufriedenheit<\/h4>\n<p>Wir erreichen unsere Ziele durch regelm\u00e4\u00dfige Schulungen und ein angenehmes Arbeitsumfeld f\u00fcr unsere Belegschaft.<\/p>\n<h4>Umwelt<\/h4>\n<p>Umweltschutz und Erf\u00fcllung unserer gesellschaftlichen Pflichten z\u00e4hlen zu unseren Entscheidungsgrundlagen.<\/p>\n","protected":false},"excerpt":{"rendered":"<p>Manner \u2013 kundenorientiert seit 1890 Manner ist ein traditionsreiches Familienunternehmen, das bereits 1890 gegr\u00fcndet wurde. In der Planung und Produktion von Transportrollen hat Manner mehr als 80 Jahre Erfahrung. Die ersten Rollen wurden bereits in den 1930er Jahren hergestellt. Seit 1974 konzentriert Manner sich ausschlie\u00dflich auf Rollenprodukte. Die Grundprinzipien von Manner sind seit jeher Kundenorientierung [&hellip;]<\/p>\n","protected":false},"author":1,"featured_media":1665,"parent":0,"menu_order":2,"comment_status":"closed","ping_status":"closed","template":"","meta":{"_acf_changed":false,"footnotes":""},"class_list":["post-3068","page","type-page","status-publish","has-post-thumbnail","hentry"],"acf":[],"yoast_head":"<!-- This site is optimized with the Yoast SEO plugin v25.2 - https:\/\/yoast.com\/wordpress\/plugins\/seo\/ -->\n<title>Manner als Unternehmen | Manner<\/title>\n<meta name=\"description\" content=\"Manner ist ein Familienbetrieb, der seit 1890 besteht. Im Jahr 1950 spezialisierte sich das Unternehmen auf die Herstellung von Rollen.\" \/>\n<meta name=\"robots\" content=\"index, follow, max-snippet:-1, max-image-preview:large, max-video-preview:-1\" \/>\n<meta property=\"og:locale\" content=\"de_DE\" \/>\n<meta property=\"og:type\" content=\"article\" \/>\n<meta property=\"og:title\" content=\"Manner als Unternehmen | Manner\" \/>\n<meta property=\"og:description\" content=\"Manner ist ein Familienbetrieb, der seit 1890 besteht. Im Jahr 1950 spezialisierte sich das Unternehmen auf die Herstellung von Rollen.\" \/>\n<meta property=\"og:url\" content=\"https:\/\/www.manner.fi\/de\/manner-als-unternehmen\/\" \/>\n<meta property=\"og:site_name\" content=\"Manner\" \/>\n<meta property=\"article:modified_time\" content=\"2021-12-21T09:01:00+00:00\" \/>\n<meta property=\"og:image\" content=\"https:\/\/www.manner.fi\/wp-content\/uploads\/2018\/01\/yritys-manneriyrityksena-1.jpg\" \/>\n\t<meta property=\"og:image:width\" content=\"1600\" \/>\n\t<meta property=\"og:image:height\" content=\"612\" \/>\n\t<meta property=\"og:image:type\" content=\"image\/jpeg\" \/>\n<meta name=\"twitter:card\" content=\"summary_large_image\" \/>\n<meta name=\"twitter:label1\" content=\"Gesch\u00e4tzte Lesezeit\" \/>\n\t<meta name=\"twitter:data1\" content=\"2\u00a0Minuten\" \/>\n<script type=\"application\/ld+json\" class=\"yoast-schema-graph\">{\"@context\":\"https:\/\/schema.org\",\"@graph\":[{\"@type\":\"WebPage\",\"@id\":\"https:\/\/www.manner.fi\/de\/manner-als-unternehmen\/\",\"url\":\"https:\/\/www.manner.fi\/de\/manner-als-unternehmen\/\",\"name\":\"Manner als Unternehmen | Manner\",\"isPartOf\":{\"@id\":\"https:\/\/www.manner.fi\/#website\"},\"primaryImageOfPage\":{\"@id\":\"https:\/\/www.manner.fi\/de\/manner-als-unternehmen\/#primaryimage\"},\"image\":{\"@id\":\"https:\/\/www.manner.fi\/de\/manner-als-unternehmen\/#primaryimage\"},\"thumbnailUrl\":\"https:\/\/www.manner.fi\/wp-content\/uploads\/2018\/01\/yritys-manneriyrityksena-1.jpg\",\"datePublished\":\"2018-01-30T07:17:10+00:00\",\"dateModified\":\"2021-12-21T09:01:00+00:00\",\"description\":\"Manner ist ein Familienbetrieb, der seit 1890 besteht. Im Jahr 1950 spezialisierte sich das Unternehmen auf die Herstellung von Rollen.\",\"breadcrumb\":{\"@id\":\"https:\/\/www.manner.fi\/de\/manner-als-unternehmen\/#breadcrumb\"},\"inLanguage\":\"de\",\"potentialAction\":[{\"@type\":\"ReadAction\",\"target\":[\"https:\/\/www.manner.fi\/de\/manner-als-unternehmen\/\"]}]},{\"@type\":\"ImageObject\",\"inLanguage\":\"de\",\"@id\":\"https:\/\/www.manner.fi\/de\/manner-als-unternehmen\/#primaryimage\",\"url\":\"https:\/\/www.manner.fi\/wp-content\/uploads\/2018\/01\/yritys-manneriyrityksena-1.jpg\",\"contentUrl\":\"https:\/\/www.manner.fi\/wp-content\/uploads\/2018\/01\/yritys-manneriyrityksena-1.jpg\",\"width\":1600,\"height\":612},{\"@type\":\"BreadcrumbList\",\"@id\":\"https:\/\/www.manner.fi\/de\/manner-als-unternehmen\/#breadcrumb\",\"itemListElement\":[{\"@type\":\"ListItem\",\"position\":1,\"name\":\"Home\",\"item\":\"https:\/\/www.manner.fi\/de\/\"},{\"@type\":\"ListItem\",\"position\":2,\"name\":\"Manner als Unternehmen\"}]},{\"@type\":\"WebSite\",\"@id\":\"https:\/\/www.manner.fi\/#website\",\"url\":\"https:\/\/www.manner.fi\/\",\"name\":\"Manner\",\"description\":\"Smart Moves on Manner Castors\",\"potentialAction\":[{\"@type\":\"SearchAction\",\"target\":{\"@type\":\"EntryPoint\",\"urlTemplate\":\"https:\/\/www.manner.fi\/?s={search_term_string}\"},\"query-input\":{\"@type\":\"PropertyValueSpecification\",\"valueRequired\":true,\"valueName\":\"search_term_string\"}}],\"inLanguage\":\"de\"}]}<\/script>\n<!-- \/ Yoast SEO plugin. -->","yoast_head_json":{"title":"Manner als Unternehmen | Manner","description":"Manner ist ein Familienbetrieb, der seit 1890 besteht. Im Jahr 1950 spezialisierte sich das Unternehmen auf die Herstellung von Rollen.","robots":{"index":"index","follow":"follow","max-snippet":"max-snippet:-1","max-image-preview":"max-image-preview:large","max-video-preview":"max-video-preview:-1"},"og_locale":"de_DE","og_type":"article","og_title":"Manner als Unternehmen | Manner","og_description":"Manner ist ein Familienbetrieb, der seit 1890 besteht. Im Jahr 1950 spezialisierte sich das Unternehmen auf die Herstellung von Rollen.","og_url":"https:\/\/www.manner.fi\/de\/manner-als-unternehmen\/","og_site_name":"Manner","article_modified_time":"2021-12-21T09:01:00+00:00","og_image":[{"width":1600,"height":612,"url":"https:\/\/www.manner.fi\/wp-content\/uploads\/2018\/01\/yritys-manneriyrityksena-1.jpg","type":"image\/jpeg"}],"twitter_card":"summary_large_image","twitter_misc":{"Gesch\u00e4tzte Lesezeit":"2\u00a0Minuten"},"schema":{"@context":"https:\/\/schema.org","@graph":[{"@type":"WebPage","@id":"https:\/\/www.manner.fi\/de\/manner-als-unternehmen\/","url":"https:\/\/www.manner.fi\/de\/manner-als-unternehmen\/","name":"Manner als Unternehmen | Manner","isPartOf":{"@id":"https:\/\/www.manner.fi\/#website"},"primaryImageOfPage":{"@id":"https:\/\/www.manner.fi\/de\/manner-als-unternehmen\/#primaryimage"},"image":{"@id":"https:\/\/www.manner.fi\/de\/manner-als-unternehmen\/#primaryimage"},"thumbnailUrl":"https:\/\/www.manner.fi\/wp-content\/uploads\/2018\/01\/yritys-manneriyrityksena-1.jpg","datePublished":"2018-01-30T07:17:10+00:00","dateModified":"2021-12-21T09:01:00+00:00","description":"Manner ist ein Familienbetrieb, der seit 1890 besteht. Im Jahr 1950 spezialisierte sich das Unternehmen auf die Herstellung von Rollen.","breadcrumb":{"@id":"https:\/\/www.manner.fi\/de\/manner-als-unternehmen\/#breadcrumb"},"inLanguage":"de","potentialAction":[{"@type":"ReadAction","target":["https:\/\/www.manner.fi\/de\/manner-als-unternehmen\/"]}]},{"@type":"ImageObject","inLanguage":"de","@id":"https:\/\/www.manner.fi\/de\/manner-als-unternehmen\/#primaryimage","url":"https:\/\/www.manner.fi\/wp-content\/uploads\/2018\/01\/yritys-manneriyrityksena-1.jpg","contentUrl":"https:\/\/www.manner.fi\/wp-content\/uploads\/2018\/01\/yritys-manneriyrityksena-1.jpg","width":1600,"height":612},{"@type":"BreadcrumbList","@id":"https:\/\/www.manner.fi\/de\/manner-als-unternehmen\/#breadcrumb","itemListElement":[{"@type":"ListItem","position":1,"name":"Home","item":"https:\/\/www.manner.fi\/de\/"},{"@type":"ListItem","position":2,"name":"Manner als Unternehmen"}]},{"@type":"WebSite","@id":"https:\/\/www.manner.fi\/#website","url":"https:\/\/www.manner.fi\/","name":"Manner","description":"Smart Moves on Manner Castors","potentialAction":[{"@type":"SearchAction","target":{"@type":"EntryPoint","urlTemplate":"https:\/\/www.manner.fi\/?s={search_term_string}"},"query-input":{"@type":"PropertyValueSpecification","valueRequired":true,"valueName":"search_term_string"}}],"inLanguage":"de"}]}},"_links":{"self":[{"href":"https:\/\/www.manner.fi\/de\/wp-json\/wp\/v2\/pages\/3068","targetHints":{"allow":["GET"]}}],"collection":[{"href":"https:\/\/www.manner.fi\/de\/wp-json\/wp\/v2\/pages"}],"about":[{"href":"https:\/\/www.manner.fi\/de\/wp-json\/wp\/v2\/types\/page"}],"author":[{"embeddable":true,"href":"https:\/\/www.manner.fi\/de\/wp-json\/wp\/v2\/users\/1"}],"replies":[{"embeddable":true,"href":"https:\/\/www.manner.fi\/de\/wp-json\/wp\/v2\/comments?post=3068"}],"version-history":[{"count":6,"href":"https:\/\/www.manner.fi\/de\/wp-json\/wp\/v2\/pages\/3068\/revisions"}],"predecessor-version":[{"id":187836,"href":"https:\/\/www.manner.fi\/de\/wp-json\/wp\/v2\/pages\/3068\/revisions\/187836"}],"wp:featuredmedia":[{"embeddable":true,"href":"https:\/\/www.manner.fi\/de\/wp-json\/wp\/v2\/media\/1665"}],"wp:attachment":[{"href":"https:\/\/www.manner.fi\/de\/wp-json\/wp\/v2\/media?parent=3068"}],"curies":[{"name":"wp","href":"https:\/\/api.w.org\/{rel}","templated":true}]}}