{"id":3063,"date":"2017-11-30T16:36:49","date_gmt":"2017-11-30T14:36:49","guid":{"rendered":"https:\/\/www.manner.fi\/home\/"},"modified":"2025-12-04T12:20:30","modified_gmt":"2025-12-04T10:20:30","slug":"home","status":"publish","type":"page","link":"https:\/\/www.manner.fi\/de\/","title":{"rendered":"Startseite"},"content":{"rendered":"<h2 style=\"text-align: center;\">F\u00fchrender Rollenhersteller in den nordischen L\u00e4ndern<\/h2>\n<p style=\"text-align: center;\">Manner ist ein finnisches Unternehmen, das sich auf die Entwicklung, Produktion und Vermarktung von Transportrollenprodukten und -l\u00f6sungen spezialisiert hat. Die Qualit\u00e4tsrollen von Manner sind \u00fcberall im Einsatz, wo es auf einfachen Transport, weiche Bewegungen, Strapazierf\u00e4higkeit und Verl\u00e4sslichkeit ankommt. Das Rollensortiment von Manner umfasst nahezu 2000 Produktalternativen f\u00fcr eine Vielzahl von Einsatzbereichen. Unser breites Spektrum unterschiedlicher M\u00f6bel-, Apparate-, Industrie- und Logistikrollen ber\u00fccksichtigt den Alltagsbedarf ebenso wie Spezial- und Hochleistungsanforderungen. Au\u00dferdem entwickeln wir individuelle L\u00f6sungskonzepte f\u00fcr kundenspezifische Transportbed\u00fcrfnisse.<\/p>\n","protected":false},"excerpt":{"rendered":"<p>F\u00fchrender Rollenhersteller in den nordischen L\u00e4ndern Manner ist ein finnisches Unternehmen, das sich auf die Entwicklung, Produktion und Vermarktung von Transportrollenprodukten und -l\u00f6sungen spezialisiert hat. Die Qualit\u00e4tsrollen von Manner sind \u00fcberall im Einsatz, wo es auf einfachen Transport, weiche Bewegungen, Strapazierf\u00e4higkeit und Verl\u00e4sslichkeit ankommt. Das Rollensortiment von Manner umfasst nahezu 2000 Produktalternativen f\u00fcr eine Vielzahl [&hellip;]<\/p>\n","protected":false},"author":1,"featured_media":0,"parent":0,"menu_order":2,"comment_status":"closed","ping_status":"closed","template":"frontpage.php","meta":{"_acf_changed":false,"footnotes":""},"class_list":["post-3063","page","type-page","status-publish","hentry"],"acf":[],"yoast_head":"<!-- This site is optimized with the Yoast SEO plugin v25.2 - https:\/\/yoast.com\/wordpress\/plugins\/seo\/ -->\n<title>F\u00fchrender Rollenhersteller in den nordischen L\u00e4ndern | Manner<\/title>\n<meta name=\"description\" content=\"Wir sind der f\u00fchrende Hersteller von hochwertigen und belastbaren Rollen und R\u00e4dern f\u00fcr Trolleys, Rollw\u00e4gen, M\u00f6bel, leichten Apparaten und schweren Maschinen.\" \/>\n<meta name=\"robots\" content=\"index, follow, max-snippet:-1, max-image-preview:large, max-video-preview:-1\" \/>\n<meta property=\"og:locale\" content=\"de_DE\" \/>\n<meta property=\"og:type\" content=\"article\" \/>\n<meta property=\"og:title\" content=\"F\u00fchrender Rollenhersteller in den nordischen L\u00e4ndern | Manner\" \/>\n<meta property=\"og:description\" content=\"Wir sind der f\u00fchrende Hersteller von hochwertigen und belastbaren Rollen und R\u00e4dern f\u00fcr Trolleys, Rollw\u00e4gen, M\u00f6bel, leichten Apparaten und schweren Maschinen.\" \/>\n<meta property=\"og:url\" content=\"https:\/\/www.manner.fi\/de\/\" \/>\n<meta property=\"og:site_name\" content=\"Manner\" \/>\n<meta property=\"article:modified_time\" content=\"2025-12-04T10:20:30+00:00\" \/>\n<meta name=\"twitter:card\" content=\"summary_large_image\" \/>\n<meta name=\"twitter:label1\" content=\"Gesch\u00e4tzte Lesezeit\" \/>\n\t<meta name=\"twitter:data1\" content=\"1\u00a0Minute\" \/>\n<script type=\"application\/ld+json\" class=\"yoast-schema-graph\">{\"@context\":\"https:\/\/schema.org\",\"@graph\":[{\"@type\":\"WebPage\",\"@id\":\"https:\/\/www.manner.fi\/de\/\",\"url\":\"https:\/\/www.manner.fi\/de\/\",\"name\":\"F\u00fchrender Rollenhersteller in den nordischen L\u00e4ndern | Manner\",\"isPartOf\":{\"@id\":\"https:\/\/www.manner.fi\/#website\"},\"datePublished\":\"2017-11-30T14:36:49+00:00\",\"dateModified\":\"2025-12-04T10:20:30+00:00\",\"description\":\"Wir sind der f\u00fchrende Hersteller von hochwertigen und belastbaren Rollen und R\u00e4dern f\u00fcr Trolleys, Rollw\u00e4gen, M\u00f6bel, leichten Apparaten und schweren Maschinen.\",\"breadcrumb\":{\"@id\":\"https:\/\/www.manner.fi\/de\/#breadcrumb\"},\"inLanguage\":\"de\",\"potentialAction\":[{\"@type\":\"ReadAction\",\"target\":[\"https:\/\/www.manner.fi\/de\/\"]}]},{\"@type\":\"BreadcrumbList\",\"@id\":\"https:\/\/www.manner.fi\/de\/#breadcrumb\",\"itemListElement\":[{\"@type\":\"ListItem\",\"position\":1,\"name\":\"Home\",\"item\":\"https:\/\/www.manner.fi\/de\/\"},{\"@type\":\"ListItem\",\"position\":2,\"name\":\"Startseite\"}]},{\"@type\":\"WebSite\",\"@id\":\"https:\/\/www.manner.fi\/#website\",\"url\":\"https:\/\/www.manner.fi\/\",\"name\":\"Manner\",\"description\":\"Smart Moves on Manner Castors\",\"potentialAction\":[{\"@type\":\"SearchAction\",\"target\":{\"@type\":\"EntryPoint\",\"urlTemplate\":\"https:\/\/www.manner.fi\/?s={search_term_string}\"},\"query-input\":{\"@type\":\"PropertyValueSpecification\",\"valueRequired\":true,\"valueName\":\"search_term_string\"}}],\"inLanguage\":\"de\"}]}<\/script>\n<!-- \/ Yoast SEO plugin. -->","yoast_head_json":{"title":"F\u00fchrender Rollenhersteller in den nordischen L\u00e4ndern | Manner","description":"Wir sind der f\u00fchrende Hersteller von hochwertigen und belastbaren Rollen und R\u00e4dern f\u00fcr Trolleys, Rollw\u00e4gen, M\u00f6bel, leichten Apparaten und schweren Maschinen.","robots":{"index":"index","follow":"follow","max-snippet":"max-snippet:-1","max-image-preview":"max-image-preview:large","max-video-preview":"max-video-preview:-1"},"og_locale":"de_DE","og_type":"article","og_title":"F\u00fchrender Rollenhersteller in den nordischen L\u00e4ndern | Manner","og_description":"Wir sind der f\u00fchrende Hersteller von hochwertigen und belastbaren Rollen und R\u00e4dern f\u00fcr Trolleys, Rollw\u00e4gen, M\u00f6bel, leichten Apparaten und schweren Maschinen.","og_url":"https:\/\/www.manner.fi\/de\/","og_site_name":"Manner","article_modified_time":"2025-12-04T10:20:30+00:00","twitter_card":"summary_large_image","twitter_misc":{"Gesch\u00e4tzte Lesezeit":"1\u00a0Minute"},"schema":{"@context":"https:\/\/schema.org","@graph":[{"@type":"WebPage","@id":"https:\/\/www.manner.fi\/de\/","url":"https:\/\/www.manner.fi\/de\/","name":"F\u00fchrender Rollenhersteller in den nordischen L\u00e4ndern | Manner","isPartOf":{"@id":"https:\/\/www.manner.fi\/#website"},"datePublished":"2017-11-30T14:36:49+00:00","dateModified":"2025-12-04T10:20:30+00:00","description":"Wir sind der f\u00fchrende Hersteller von hochwertigen und belastbaren Rollen und R\u00e4dern f\u00fcr Trolleys, Rollw\u00e4gen, M\u00f6bel, leichten Apparaten und schweren Maschinen.","breadcrumb":{"@id":"https:\/\/www.manner.fi\/de\/#breadcrumb"},"inLanguage":"de","potentialAction":[{"@type":"ReadAction","target":["https:\/\/www.manner.fi\/de\/"]}]},{"@type":"BreadcrumbList","@id":"https:\/\/www.manner.fi\/de\/#breadcrumb","itemListElement":[{"@type":"ListItem","position":1,"name":"Home","item":"https:\/\/www.manner.fi\/de\/"},{"@type":"ListItem","position":2,"name":"Startseite"}]},{"@type":"WebSite","@id":"https:\/\/www.manner.fi\/#website","url":"https:\/\/www.manner.fi\/","name":"Manner","description":"Smart Moves on Manner Castors","potentialAction":[{"@type":"SearchAction","target":{"@type":"EntryPoint","urlTemplate":"https:\/\/www.manner.fi\/?s={search_term_string}"},"query-input":{"@type":"PropertyValueSpecification","valueRequired":true,"valueName":"search_term_string"}}],"inLanguage":"de"}]}},"_links":{"self":[{"href":"https:\/\/www.manner.fi\/de\/wp-json\/wp\/v2\/pages\/3063","targetHints":{"allow":["GET"]}}],"collection":[{"href":"https:\/\/www.manner.fi\/de\/wp-json\/wp\/v2\/pages"}],"about":[{"href":"https:\/\/www.manner.fi\/de\/wp-json\/wp\/v2\/types\/page"}],"author":[{"embeddable":true,"href":"https:\/\/www.manner.fi\/de\/wp-json\/wp\/v2\/users\/1"}],"replies":[{"embeddable":true,"href":"https:\/\/www.manner.fi\/de\/wp-json\/wp\/v2\/comments?post=3063"}],"version-history":[{"count":71,"href":"https:\/\/www.manner.fi\/de\/wp-json\/wp\/v2\/pages\/3063\/revisions"}],"predecessor-version":[{"id":188543,"href":"https:\/\/www.manner.fi\/de\/wp-json\/wp\/v2\/pages\/3063\/revisions\/188543"}],"wp:attachment":[{"href":"https:\/\/www.manner.fi\/de\/wp-json\/wp\/v2\/media?parent=3063"}],"curies":[{"name":"wp","href":"https:\/\/api.w.org\/{rel}","templated":true}]}}