{"id":3051,"date":"2018-01-02T11:33:43","date_gmt":"2018-01-02T09:33:43","guid":{"rendered":"https:\/\/www.manner.fi\/produkte\/industrial-castors\/"},"modified":"2020-01-21T13:58:56","modified_gmt":"2020-01-21T11:58:56","slug":"industrierollen","status":"publish","type":"page","link":"https:\/\/www.manner.fi\/de\/produkte\/industrierollen\/","title":{"rendered":"Industrierollen"},"content":{"rendered":"<p style=\"text-align: center;\">Die beeindruckende Strapazierf\u00e4higkeit und Funktionalit\u00e4t der traditionsreichen, schweren Manner-Industrierollen hat sich unter anderem in Brauereien, Molkereien, Gesch\u00e4ften und Lagern bew\u00e4hrt. Die Gabel ist aus verzinktem Pressstahl und der Gabelkopf mit doppelte Kugellagerung aus geh\u00e4rtetem Stahl. Die wartungsfreien, mit Lagern ausgestatten R\u00e4der sorgen daf\u00fcr, dass sich selbst die schwersten Lasten gut man\u00f6vrieren lassen. Es sind verschiedenen Rad- und Gleitlageroptionen verf\u00fcgbar. Die Farbe kann vom Kunden nach eigenen W\u00fcnschen gew\u00e4hlt werden.<\/p>\n<p style=\"text-align: center;\">Unser Sortiment umfasst eine Vielzahl von Rollenalternativen.<\/p>\n<p style=\"text-align: center;\">Lernen Sie auch die \u00fcbrigen <a href=\"https:\/\/www.manner.fi\/de\/produkte\/\">Transportrollenalternativen<\/a> von Manner kennen, beispielsweise unsere <a href=\"https:\/\/www.manner.fi\/de\/produkte\/apparaterollen\/\">Apparaterollen<\/a>, <a href=\"\/?page_id=3043\">M\u00f6belrollen<\/a> und nach Kundenspezifikationen entwickelten <a href=\"https:\/\/www.manner.fi\/de\/produkte\/massgeschneiderte-loesungen\/\">Speziall\u00f6sungen.<\/a><\/p>\n","protected":false},"excerpt":{"rendered":"<p>Die beeindruckende Strapazierf\u00e4higkeit und Funktionalit\u00e4t der traditionsreichen, schweren Manner-Industrierollen hat sich unter anderem in Brauereien, Molkereien, Gesch\u00e4ften und Lagern bew\u00e4hrt. Die Gabel ist aus verzinktem Pressstahl und der Gabelkopf mit doppelte Kugellagerung aus geh\u00e4rtetem Stahl. Die wartungsfreien, mit Lagern ausgestatten R\u00e4der sorgen daf\u00fcr, dass sich selbst die schwersten Lasten gut man\u00f6vrieren lassen. Es sind verschiedenen [&hellip;]<\/p>\n","protected":false},"author":1,"featured_media":1530,"parent":3001,"menu_order":0,"comment_status":"closed","ping_status":"closed","template":"","meta":{"_acf_changed":false,"footnotes":""},"class_list":["post-3051","page","type-page","status-publish","has-post-thumbnail","hentry"],"acf":[],"yoast_head":"<!-- This site is optimized with the Yoast SEO plugin v25.2 - https:\/\/yoast.com\/wordpress\/plugins\/seo\/ -->\n<title>Industrierollen | Manner<\/title>\n<meta name=\"description\" content=\"Manner bietet Standardrollen und speziell zugeschnittene L\u00f6sungen f\u00fcr schwere und leichte Transporte.\" \/>\n<meta name=\"robots\" content=\"index, follow, max-snippet:-1, max-image-preview:large, max-video-preview:-1\" \/>\n<meta property=\"og:locale\" content=\"de_DE\" \/>\n<meta property=\"og:type\" content=\"article\" \/>\n<meta property=\"og:title\" content=\"Industrierollen | Manner\" \/>\n<meta property=\"og:description\" content=\"Manner bietet Standardrollen und speziell zugeschnittene L\u00f6sungen f\u00fcr schwere und leichte Transporte.\" \/>\n<meta property=\"og:url\" content=\"https:\/\/www.manner.fi\/de\/produkte\/industrierollen\/\" \/>\n<meta property=\"og:site_name\" content=\"Manner\" \/>\n<meta property=\"article:modified_time\" content=\"2020-01-21T11:58:56+00:00\" \/>\n<meta property=\"og:image\" content=\"https:\/\/www.manner.fi\/wp-content\/uploads\/2018\/01\/tuotteet-teollisuuspyorat.jpg\" \/>\n\t<meta property=\"og:image:width\" content=\"1600\" \/>\n\t<meta property=\"og:image:height\" content=\"612\" \/>\n\t<meta property=\"og:image:type\" content=\"image\/jpeg\" \/>\n<meta name=\"twitter:card\" content=\"summary_large_image\" \/>\n<meta name=\"twitter:label1\" content=\"Gesch\u00e4tzte Lesezeit\" \/>\n\t<meta name=\"twitter:data1\" content=\"1\u00a0Minute\" \/>\n<script type=\"application\/ld+json\" class=\"yoast-schema-graph\">{\"@context\":\"https:\/\/schema.org\",\"@graph\":[{\"@type\":\"WebPage\",\"@id\":\"https:\/\/www.manner.fi\/de\/produkte\/industrierollen\/\",\"url\":\"https:\/\/www.manner.fi\/de\/produkte\/industrierollen\/\",\"name\":\"Industrierollen | Manner\",\"isPartOf\":{\"@id\":\"https:\/\/www.manner.fi\/#website\"},\"primaryImageOfPage\":{\"@id\":\"https:\/\/www.manner.fi\/de\/produkte\/industrierollen\/#primaryimage\"},\"image\":{\"@id\":\"https:\/\/www.manner.fi\/de\/produkte\/industrierollen\/#primaryimage\"},\"thumbnailUrl\":\"https:\/\/www.manner.fi\/wp-content\/uploads\/2018\/01\/tuotteet-teollisuuspyorat.jpg\",\"datePublished\":\"2018-01-02T09:33:43+00:00\",\"dateModified\":\"2020-01-21T11:58:56+00:00\",\"description\":\"Manner bietet Standardrollen und speziell zugeschnittene L\u00f6sungen f\u00fcr schwere und leichte Transporte.\",\"breadcrumb\":{\"@id\":\"https:\/\/www.manner.fi\/de\/produkte\/industrierollen\/#breadcrumb\"},\"inLanguage\":\"de\",\"potentialAction\":[{\"@type\":\"ReadAction\",\"target\":[\"https:\/\/www.manner.fi\/de\/produkte\/industrierollen\/\"]}]},{\"@type\":\"ImageObject\",\"inLanguage\":\"de\",\"@id\":\"https:\/\/www.manner.fi\/de\/produkte\/industrierollen\/#primaryimage\",\"url\":\"https:\/\/www.manner.fi\/wp-content\/uploads\/2018\/01\/tuotteet-teollisuuspyorat.jpg\",\"contentUrl\":\"https:\/\/www.manner.fi\/wp-content\/uploads\/2018\/01\/tuotteet-teollisuuspyorat.jpg\",\"width\":1600,\"height\":612,\"caption\":\"Manner teollisuuspy\u00f6r\u00e4t\"},{\"@type\":\"BreadcrumbList\",\"@id\":\"https:\/\/www.manner.fi\/de\/produkte\/industrierollen\/#breadcrumb\",\"itemListElement\":[{\"@type\":\"ListItem\",\"position\":1,\"name\":\"Home\",\"item\":\"https:\/\/www.manner.fi\/de\/\"},{\"@type\":\"ListItem\",\"position\":2,\"name\":\"Produkte\",\"item\":\"https:\/\/www.manner.fi\/de\/produkte\/\"},{\"@type\":\"ListItem\",\"position\":3,\"name\":\"Industrierollen\"}]},{\"@type\":\"WebSite\",\"@id\":\"https:\/\/www.manner.fi\/#website\",\"url\":\"https:\/\/www.manner.fi\/\",\"name\":\"Manner\",\"description\":\"Smart Moves on Manner Castors\",\"potentialAction\":[{\"@type\":\"SearchAction\",\"target\":{\"@type\":\"EntryPoint\",\"urlTemplate\":\"https:\/\/www.manner.fi\/?s={search_term_string}\"},\"query-input\":{\"@type\":\"PropertyValueSpecification\",\"valueRequired\":true,\"valueName\":\"search_term_string\"}}],\"inLanguage\":\"de\"}]}<\/script>\n<!-- \/ Yoast SEO plugin. -->","yoast_head_json":{"title":"Industrierollen | Manner","description":"Manner bietet Standardrollen und speziell zugeschnittene L\u00f6sungen f\u00fcr schwere und leichte Transporte.","robots":{"index":"index","follow":"follow","max-snippet":"max-snippet:-1","max-image-preview":"max-image-preview:large","max-video-preview":"max-video-preview:-1"},"og_locale":"de_DE","og_type":"article","og_title":"Industrierollen | Manner","og_description":"Manner bietet Standardrollen und speziell zugeschnittene L\u00f6sungen f\u00fcr schwere und leichte Transporte.","og_url":"https:\/\/www.manner.fi\/de\/produkte\/industrierollen\/","og_site_name":"Manner","article_modified_time":"2020-01-21T11:58:56+00:00","og_image":[{"width":1600,"height":612,"url":"https:\/\/www.manner.fi\/wp-content\/uploads\/2018\/01\/tuotteet-teollisuuspyorat.jpg","type":"image\/jpeg"}],"twitter_card":"summary_large_image","twitter_misc":{"Gesch\u00e4tzte Lesezeit":"1\u00a0Minute"},"schema":{"@context":"https:\/\/schema.org","@graph":[{"@type":"WebPage","@id":"https:\/\/www.manner.fi\/de\/produkte\/industrierollen\/","url":"https:\/\/www.manner.fi\/de\/produkte\/industrierollen\/","name":"Industrierollen | Manner","isPartOf":{"@id":"https:\/\/www.manner.fi\/#website"},"primaryImageOfPage":{"@id":"https:\/\/www.manner.fi\/de\/produkte\/industrierollen\/#primaryimage"},"image":{"@id":"https:\/\/www.manner.fi\/de\/produkte\/industrierollen\/#primaryimage"},"thumbnailUrl":"https:\/\/www.manner.fi\/wp-content\/uploads\/2018\/01\/tuotteet-teollisuuspyorat.jpg","datePublished":"2018-01-02T09:33:43+00:00","dateModified":"2020-01-21T11:58:56+00:00","description":"Manner bietet Standardrollen und speziell zugeschnittene L\u00f6sungen f\u00fcr schwere und leichte Transporte.","breadcrumb":{"@id":"https:\/\/www.manner.fi\/de\/produkte\/industrierollen\/#breadcrumb"},"inLanguage":"de","potentialAction":[{"@type":"ReadAction","target":["https:\/\/www.manner.fi\/de\/produkte\/industrierollen\/"]}]},{"@type":"ImageObject","inLanguage":"de","@id":"https:\/\/www.manner.fi\/de\/produkte\/industrierollen\/#primaryimage","url":"https:\/\/www.manner.fi\/wp-content\/uploads\/2018\/01\/tuotteet-teollisuuspyorat.jpg","contentUrl":"https:\/\/www.manner.fi\/wp-content\/uploads\/2018\/01\/tuotteet-teollisuuspyorat.jpg","width":1600,"height":612,"caption":"Manner teollisuuspy\u00f6r\u00e4t"},{"@type":"BreadcrumbList","@id":"https:\/\/www.manner.fi\/de\/produkte\/industrierollen\/#breadcrumb","itemListElement":[{"@type":"ListItem","position":1,"name":"Home","item":"https:\/\/www.manner.fi\/de\/"},{"@type":"ListItem","position":2,"name":"Produkte","item":"https:\/\/www.manner.fi\/de\/produkte\/"},{"@type":"ListItem","position":3,"name":"Industrierollen"}]},{"@type":"WebSite","@id":"https:\/\/www.manner.fi\/#website","url":"https:\/\/www.manner.fi\/","name":"Manner","description":"Smart Moves on Manner Castors","potentialAction":[{"@type":"SearchAction","target":{"@type":"EntryPoint","urlTemplate":"https:\/\/www.manner.fi\/?s={search_term_string}"},"query-input":{"@type":"PropertyValueSpecification","valueRequired":true,"valueName":"search_term_string"}}],"inLanguage":"de"}]}},"_links":{"self":[{"href":"https:\/\/www.manner.fi\/de\/wp-json\/wp\/v2\/pages\/3051","targetHints":{"allow":["GET"]}}],"collection":[{"href":"https:\/\/www.manner.fi\/de\/wp-json\/wp\/v2\/pages"}],"about":[{"href":"https:\/\/www.manner.fi\/de\/wp-json\/wp\/v2\/types\/page"}],"author":[{"embeddable":true,"href":"https:\/\/www.manner.fi\/de\/wp-json\/wp\/v2\/users\/1"}],"replies":[{"embeddable":true,"href":"https:\/\/www.manner.fi\/de\/wp-json\/wp\/v2\/comments?post=3051"}],"version-history":[{"count":10,"href":"https:\/\/www.manner.fi\/de\/wp-json\/wp\/v2\/pages\/3051\/revisions"}],"predecessor-version":[{"id":186062,"href":"https:\/\/www.manner.fi\/de\/wp-json\/wp\/v2\/pages\/3051\/revisions\/186062"}],"up":[{"embeddable":true,"href":"https:\/\/www.manner.fi\/de\/wp-json\/wp\/v2\/pages\/3001"}],"wp:featuredmedia":[{"embeddable":true,"href":"https:\/\/www.manner.fi\/de\/wp-json\/wp\/v2\/media\/1530"}],"wp:attachment":[{"href":"https:\/\/www.manner.fi\/de\/wp-json\/wp\/v2\/media?parent=3051"}],"curies":[{"name":"wp","href":"https:\/\/api.w.org\/{rel}","templated":true}]}}