{"id":3047,"date":"2018-01-02T10:54:38","date_gmt":"2018-01-02T08:54:38","guid":{"rendered":"https:\/\/www.manner.fi\/produkte\/heavy-duty-castors\/"},"modified":"2018-11-22T16:45:51","modified_gmt":"2018-11-22T14:45:51","slug":"schwerlastrollen","status":"publish","type":"page","link":"https:\/\/www.manner.fi\/de\/produkte\/schwerlastrollen\/","title":{"rendered":"Schwerlastrollen"},"content":{"rendered":"<p style=\"text-align: center;\">Die Felge ist aus verzinktem Pressstahl oder geschwei\u00dftem und beschichtetem Stahl. Die Geh\u00e4usetypen SKL und SKLP haben einen starken, strapazierf\u00e4higen Lenkkopf mit Bolzen und Kontermutter. Der SKLP-Gabelkopf enth\u00e4lt eine doppelte Kugellagerung mit Kugeln aus geh\u00e4rtetem Stahl, die SKL-Variante ein Kegelrollenlager. Die Lauffl\u00e4che ist aus Polyamid, Polyurethan oder Gusspolyurethan, das auf den Aluminium- oder Stahlkern vulkanisiert wird. Kugellager sorgen daf\u00fcr, dass die Rolle auch unter Schwerlasteinwirkung gut man\u00f6vrierbar bleibt.<\/p>\n<p style=\"text-align: center;\">Lernen Sie auch die \u00fcbrigen <a href=\"https:\/\/www.manner.fi\/de\/produkte\/\">Transportrollenalternativen<\/a> von Manner kennen, beispielsweise unsere <a href=\"https:\/\/www.manner.fi\/de\/produkte\/apparaterollen\/\">Apparaterollen<\/a>, <a href=\"https:\/\/www.manner.fi\/de\/produkte\/industrierollen\/\">Industrierollen<\/a> und nach Kundenspezifikationen entwickelten <a href=\"https:\/\/www.manner.fi\/de\/produkte\/massgeschneiderte-loesungen\/\">Speziall\u00f6sungen.<\/a><\/p>\n","protected":false},"excerpt":{"rendered":"<p>Die Felge ist aus verzinktem Pressstahl oder geschwei\u00dftem und beschichtetem Stahl. Die Geh\u00e4usetypen SKL und SKLP haben einen starken, strapazierf\u00e4higen Lenkkopf mit Bolzen und Kontermutter. Der SKLP-Gabelkopf enth\u00e4lt eine doppelte Kugellagerung mit Kugeln aus geh\u00e4rtetem Stahl, die SKL-Variante ein Kegelrollenlager. Die Lauffl\u00e4che ist aus Polyamid, Polyurethan oder Gusspolyurethan, das auf den Aluminium- oder Stahlkern vulkanisiert [&hellip;]<\/p>\n","protected":false},"author":1,"featured_media":1541,"parent":3001,"menu_order":0,"comment_status":"closed","ping_status":"closed","template":"","meta":{"_acf_changed":false,"footnotes":""},"class_list":["post-3047","page","type-page","status-publish","has-post-thumbnail","hentry"],"acf":[],"yoast_head":"<!-- This site is optimized with the Yoast SEO plugin v25.2 - https:\/\/yoast.com\/wordpress\/plugins\/seo\/ -->\n<title>Schwerlastrollen | Manner<\/title>\n<meta name=\"description\" content=\"Unsere Schwerlastrollen aus galvanisiertem Stahl sind extrem belastbar und geeignet f\u00fcr Lasten von bis zu 6200 kg.\" \/>\n<meta name=\"robots\" content=\"index, follow, max-snippet:-1, max-image-preview:large, max-video-preview:-1\" \/>\n<meta property=\"og:locale\" content=\"de_DE\" \/>\n<meta property=\"og:type\" content=\"article\" \/>\n<meta property=\"og:title\" content=\"Schwerlastrollen | Manner\" \/>\n<meta property=\"og:description\" content=\"Unsere Schwerlastrollen aus galvanisiertem Stahl sind extrem belastbar und geeignet f\u00fcr Lasten von bis zu 6200 kg.\" \/>\n<meta property=\"og:url\" content=\"https:\/\/www.manner.fi\/de\/produkte\/schwerlastrollen\/\" \/>\n<meta property=\"og:site_name\" content=\"Manner\" \/>\n<meta property=\"article:modified_time\" content=\"2018-11-22T14:45:51+00:00\" \/>\n<meta property=\"og:image\" content=\"https:\/\/www.manner.fi\/wp-content\/uploads\/2018\/01\/tuotteet-raskaatpyorat.jpg\" \/>\n\t<meta property=\"og:image:width\" content=\"1600\" \/>\n\t<meta property=\"og:image:height\" content=\"612\" \/>\n\t<meta property=\"og:image:type\" content=\"image\/jpeg\" \/>\n<meta name=\"twitter:card\" content=\"summary_large_image\" \/>\n<script type=\"application\/ld+json\" class=\"yoast-schema-graph\">{\"@context\":\"https:\/\/schema.org\",\"@graph\":[{\"@type\":\"WebPage\",\"@id\":\"https:\/\/www.manner.fi\/de\/produkte\/schwerlastrollen\/\",\"url\":\"https:\/\/www.manner.fi\/de\/produkte\/schwerlastrollen\/\",\"name\":\"Schwerlastrollen | Manner\",\"isPartOf\":{\"@id\":\"https:\/\/www.manner.fi\/#website\"},\"primaryImageOfPage\":{\"@id\":\"https:\/\/www.manner.fi\/de\/produkte\/schwerlastrollen\/#primaryimage\"},\"image\":{\"@id\":\"https:\/\/www.manner.fi\/de\/produkte\/schwerlastrollen\/#primaryimage\"},\"thumbnailUrl\":\"https:\/\/www.manner.fi\/wp-content\/uploads\/2018\/01\/tuotteet-raskaatpyorat.jpg\",\"datePublished\":\"2018-01-02T08:54:38+00:00\",\"dateModified\":\"2018-11-22T14:45:51+00:00\",\"description\":\"Unsere Schwerlastrollen aus galvanisiertem Stahl sind extrem belastbar und geeignet f\u00fcr Lasten von bis zu 6200 kg.\",\"breadcrumb\":{\"@id\":\"https:\/\/www.manner.fi\/de\/produkte\/schwerlastrollen\/#breadcrumb\"},\"inLanguage\":\"de\",\"potentialAction\":[{\"@type\":\"ReadAction\",\"target\":[\"https:\/\/www.manner.fi\/de\/produkte\/schwerlastrollen\/\"]}]},{\"@type\":\"ImageObject\",\"inLanguage\":\"de\",\"@id\":\"https:\/\/www.manner.fi\/de\/produkte\/schwerlastrollen\/#primaryimage\",\"url\":\"https:\/\/www.manner.fi\/wp-content\/uploads\/2018\/01\/tuotteet-raskaatpyorat.jpg\",\"contentUrl\":\"https:\/\/www.manner.fi\/wp-content\/uploads\/2018\/01\/tuotteet-raskaatpyorat.jpg\",\"width\":1600,\"height\":612,\"caption\":\"Mannerin raskaat py\u00f6r\u00e4t kest\u00e4v\u00e4t suuria ja raskaita kuormia\"},{\"@type\":\"BreadcrumbList\",\"@id\":\"https:\/\/www.manner.fi\/de\/produkte\/schwerlastrollen\/#breadcrumb\",\"itemListElement\":[{\"@type\":\"ListItem\",\"position\":1,\"name\":\"Home\",\"item\":\"https:\/\/www.manner.fi\/de\/\"},{\"@type\":\"ListItem\",\"position\":2,\"name\":\"Produkte\",\"item\":\"https:\/\/www.manner.fi\/de\/produkte\/\"},{\"@type\":\"ListItem\",\"position\":3,\"name\":\"Schwerlastrollen\"}]},{\"@type\":\"WebSite\",\"@id\":\"https:\/\/www.manner.fi\/#website\",\"url\":\"https:\/\/www.manner.fi\/\",\"name\":\"Manner\",\"description\":\"Smart Moves on Manner Castors\",\"potentialAction\":[{\"@type\":\"SearchAction\",\"target\":{\"@type\":\"EntryPoint\",\"urlTemplate\":\"https:\/\/www.manner.fi\/?s={search_term_string}\"},\"query-input\":{\"@type\":\"PropertyValueSpecification\",\"valueRequired\":true,\"valueName\":\"search_term_string\"}}],\"inLanguage\":\"de\"}]}<\/script>\n<!-- \/ Yoast SEO plugin. -->","yoast_head_json":{"title":"Schwerlastrollen | Manner","description":"Unsere Schwerlastrollen aus galvanisiertem Stahl sind extrem belastbar und geeignet f\u00fcr Lasten von bis zu 6200 kg.","robots":{"index":"index","follow":"follow","max-snippet":"max-snippet:-1","max-image-preview":"max-image-preview:large","max-video-preview":"max-video-preview:-1"},"og_locale":"de_DE","og_type":"article","og_title":"Schwerlastrollen | Manner","og_description":"Unsere Schwerlastrollen aus galvanisiertem Stahl sind extrem belastbar und geeignet f\u00fcr Lasten von bis zu 6200 kg.","og_url":"https:\/\/www.manner.fi\/de\/produkte\/schwerlastrollen\/","og_site_name":"Manner","article_modified_time":"2018-11-22T14:45:51+00:00","og_image":[{"width":1600,"height":612,"url":"https:\/\/www.manner.fi\/wp-content\/uploads\/2018\/01\/tuotteet-raskaatpyorat.jpg","type":"image\/jpeg"}],"twitter_card":"summary_large_image","schema":{"@context":"https:\/\/schema.org","@graph":[{"@type":"WebPage","@id":"https:\/\/www.manner.fi\/de\/produkte\/schwerlastrollen\/","url":"https:\/\/www.manner.fi\/de\/produkte\/schwerlastrollen\/","name":"Schwerlastrollen | Manner","isPartOf":{"@id":"https:\/\/www.manner.fi\/#website"},"primaryImageOfPage":{"@id":"https:\/\/www.manner.fi\/de\/produkte\/schwerlastrollen\/#primaryimage"},"image":{"@id":"https:\/\/www.manner.fi\/de\/produkte\/schwerlastrollen\/#primaryimage"},"thumbnailUrl":"https:\/\/www.manner.fi\/wp-content\/uploads\/2018\/01\/tuotteet-raskaatpyorat.jpg","datePublished":"2018-01-02T08:54:38+00:00","dateModified":"2018-11-22T14:45:51+00:00","description":"Unsere Schwerlastrollen aus galvanisiertem Stahl sind extrem belastbar und geeignet f\u00fcr Lasten von bis zu 6200 kg.","breadcrumb":{"@id":"https:\/\/www.manner.fi\/de\/produkte\/schwerlastrollen\/#breadcrumb"},"inLanguage":"de","potentialAction":[{"@type":"ReadAction","target":["https:\/\/www.manner.fi\/de\/produkte\/schwerlastrollen\/"]}]},{"@type":"ImageObject","inLanguage":"de","@id":"https:\/\/www.manner.fi\/de\/produkte\/schwerlastrollen\/#primaryimage","url":"https:\/\/www.manner.fi\/wp-content\/uploads\/2018\/01\/tuotteet-raskaatpyorat.jpg","contentUrl":"https:\/\/www.manner.fi\/wp-content\/uploads\/2018\/01\/tuotteet-raskaatpyorat.jpg","width":1600,"height":612,"caption":"Mannerin raskaat py\u00f6r\u00e4t kest\u00e4v\u00e4t suuria ja raskaita kuormia"},{"@type":"BreadcrumbList","@id":"https:\/\/www.manner.fi\/de\/produkte\/schwerlastrollen\/#breadcrumb","itemListElement":[{"@type":"ListItem","position":1,"name":"Home","item":"https:\/\/www.manner.fi\/de\/"},{"@type":"ListItem","position":2,"name":"Produkte","item":"https:\/\/www.manner.fi\/de\/produkte\/"},{"@type":"ListItem","position":3,"name":"Schwerlastrollen"}]},{"@type":"WebSite","@id":"https:\/\/www.manner.fi\/#website","url":"https:\/\/www.manner.fi\/","name":"Manner","description":"Smart Moves on Manner Castors","potentialAction":[{"@type":"SearchAction","target":{"@type":"EntryPoint","urlTemplate":"https:\/\/www.manner.fi\/?s={search_term_string}"},"query-input":{"@type":"PropertyValueSpecification","valueRequired":true,"valueName":"search_term_string"}}],"inLanguage":"de"}]}},"_links":{"self":[{"href":"https:\/\/www.manner.fi\/de\/wp-json\/wp\/v2\/pages\/3047","targetHints":{"allow":["GET"]}}],"collection":[{"href":"https:\/\/www.manner.fi\/de\/wp-json\/wp\/v2\/pages"}],"about":[{"href":"https:\/\/www.manner.fi\/de\/wp-json\/wp\/v2\/types\/page"}],"author":[{"embeddable":true,"href":"https:\/\/www.manner.fi\/de\/wp-json\/wp\/v2\/users\/1"}],"replies":[{"embeddable":true,"href":"https:\/\/www.manner.fi\/de\/wp-json\/wp\/v2\/comments?post=3047"}],"version-history":[{"count":6,"href":"https:\/\/www.manner.fi\/de\/wp-json\/wp\/v2\/pages\/3047\/revisions"}],"predecessor-version":[{"id":106493,"href":"https:\/\/www.manner.fi\/de\/wp-json\/wp\/v2\/pages\/3047\/revisions\/106493"}],"up":[{"embeddable":true,"href":"https:\/\/www.manner.fi\/de\/wp-json\/wp\/v2\/pages\/3001"}],"wp:featuredmedia":[{"embeddable":true,"href":"https:\/\/www.manner.fi\/de\/wp-json\/wp\/v2\/media\/1541"}],"wp:attachment":[{"href":"https:\/\/www.manner.fi\/de\/wp-json\/wp\/v2\/media?parent=3047"}],"curies":[{"name":"wp","href":"https:\/\/api.w.org\/{rel}","templated":true}]}}