{"id":3025,"date":"2018-01-18T15:24:46","date_gmt":"2018-01-18T13:24:46","guid":{"rendered":"https:\/\/www.manner.fi\/produkte\/apparaterollen\/es-series\/"},"modified":"2019-03-06T14:56:25","modified_gmt":"2019-03-06T12:56:25","slug":"es-serie","status":"publish","type":"page","link":"https:\/\/www.manner.fi\/de\/produkte\/es-serie\/","title":{"rendered":"ES-serie"},"content":{"rendered":"<p style=\"text-align: center;\">Die ES-Serie umfasst hochwertige Schwerlastrollen mit Stahlrahmen f\u00fcr vielf\u00e4ltige Zwecke. Sorgf\u00e4ltig ausgew\u00e4hlte Rohmaterialien und Qualit\u00e4tslager garantieren Zuverl\u00e4ssigkeit und Langlebigkeit auch bei strapazi\u00f6sem Dauerbetrieb. Die Gabel aus verzinktem Pressstahl und der Gabelkopf mit zwei Kugelkr\u00e4nzen sorgen auch unter schwierigen Einsatzbedingungen f\u00fcr problemlose Funktion. Je nach Bedarf finden Sie in unserem Sortiment Modelle mit Gleit- sowie mit Kugellagern. Die Rollen sind mit Total- oder Richtungsfeststeller lieferbar. Die Farbe des Bremspedals kann unter mehreren Standardvarianten ausgew\u00e4hlt werden. Wir liefern auch Pedale nach Kundenwunsch. Die Rollen der ES-Serie sind auch in leitf\u00e4higer Ausf\u00fchrung erh\u00e4ltlich.<\/p>\n<p style=\"text-align: center;\">Lernen Sie auch die \u00fcbrigen <a href=\"https:\/\/www.manner.fi\/de\/produkte\/apparaterollen\/\">Apparaterollen<\/a> von Manner kennen, beispielsweise die <a href=\"https:\/\/www.manner.fi\/de\/produkte\/e-smart\/\">e-SMART<\/a>-Serie.<\/p>\n","protected":false},"excerpt":{"rendered":"<p>Die ES-Serie umfasst hochwertige Schwerlastrollen mit Stahlrahmen f\u00fcr vielf\u00e4ltige Zwecke. Sorgf\u00e4ltig ausgew\u00e4hlte Rohmaterialien und Qualit\u00e4tslager garantieren Zuverl\u00e4ssigkeit und Langlebigkeit auch bei strapazi\u00f6sem Dauerbetrieb. Die Gabel aus verzinktem Pressstahl und der Gabelkopf mit zwei Kugelkr\u00e4nzen sorgen auch unter schwierigen Einsatzbedingungen f\u00fcr problemlose Funktion. Je nach Bedarf finden Sie in unserem Sortiment Modelle mit Gleit- sowie mit [&hellip;]<\/p>\n","protected":false},"author":1,"featured_media":1720,"parent":3001,"menu_order":0,"comment_status":"closed","ping_status":"closed","template":"","meta":{"_acf_changed":false,"footnotes":""},"class_list":["post-3025","page","type-page","status-publish","has-post-thumbnail","hentry"],"acf":[],"yoast_head":"<!-- This site is optimized with the Yoast SEO plugin v25.2 - https:\/\/yoast.com\/wordpress\/plugins\/seo\/ -->\n<title>ES-serie | Manner<\/title>\n<meta name=\"description\" content=\"Die ES Serie von Manner bietet eine gro\u00dfe Auswahl an Rollen f\u00fcr den Schwertransport. Ihre St\u00e4rken sind Robustheit, Haltbarkeit und einfaches Man\u00f6vrieren.\" \/>\n<meta name=\"robots\" content=\"index, follow, max-snippet:-1, max-image-preview:large, max-video-preview:-1\" \/>\n<meta property=\"og:locale\" content=\"de_DE\" \/>\n<meta property=\"og:type\" content=\"article\" \/>\n<meta property=\"og:title\" content=\"ES-serie | Manner\" \/>\n<meta property=\"og:description\" content=\"Die ES Serie von Manner bietet eine gro\u00dfe Auswahl an Rollen f\u00fcr den Schwertransport. Ihre St\u00e4rken sind Robustheit, Haltbarkeit und einfaches Man\u00f6vrieren.\" \/>\n<meta property=\"og:url\" content=\"https:\/\/www.manner.fi\/de\/produkte\/es-serie\/\" \/>\n<meta property=\"og:site_name\" content=\"Manner\" \/>\n<meta property=\"article:modified_time\" content=\"2019-03-06T12:56:25+00:00\" \/>\n<meta property=\"og:image\" content=\"https:\/\/www.manner.fi\/wp-content\/uploads\/2018\/01\/tuotteet-kalustep-es-sarja.jpg\" \/>\n\t<meta property=\"og:image:width\" content=\"1600\" \/>\n\t<meta property=\"og:image:height\" content=\"612\" \/>\n\t<meta property=\"og:image:type\" content=\"image\/jpeg\" \/>\n<meta name=\"twitter:card\" content=\"summary_large_image\" \/>\n<meta name=\"twitter:label1\" content=\"Gesch\u00e4tzte Lesezeit\" \/>\n\t<meta name=\"twitter:data1\" content=\"1\u00a0Minute\" \/>\n<script type=\"application\/ld+json\" class=\"yoast-schema-graph\">{\"@context\":\"https:\/\/schema.org\",\"@graph\":[{\"@type\":\"WebPage\",\"@id\":\"https:\/\/www.manner.fi\/de\/produkte\/es-serie\/\",\"url\":\"https:\/\/www.manner.fi\/de\/produkte\/es-serie\/\",\"name\":\"ES-serie | Manner\",\"isPartOf\":{\"@id\":\"https:\/\/www.manner.fi\/#website\"},\"primaryImageOfPage\":{\"@id\":\"https:\/\/www.manner.fi\/de\/produkte\/es-serie\/#primaryimage\"},\"image\":{\"@id\":\"https:\/\/www.manner.fi\/de\/produkte\/es-serie\/#primaryimage\"},\"thumbnailUrl\":\"https:\/\/www.manner.fi\/wp-content\/uploads\/2018\/01\/tuotteet-kalustep-es-sarja.jpg\",\"datePublished\":\"2018-01-18T13:24:46+00:00\",\"dateModified\":\"2019-03-06T12:56:25+00:00\",\"description\":\"Die ES Serie von Manner bietet eine gro\u00dfe Auswahl an Rollen f\u00fcr den Schwertransport. Ihre St\u00e4rken sind Robustheit, Haltbarkeit und einfaches Man\u00f6vrieren.\",\"breadcrumb\":{\"@id\":\"https:\/\/www.manner.fi\/de\/produkte\/es-serie\/#breadcrumb\"},\"inLanguage\":\"de\",\"potentialAction\":[{\"@type\":\"ReadAction\",\"target\":[\"https:\/\/www.manner.fi\/de\/produkte\/es-serie\/\"]}]},{\"@type\":\"ImageObject\",\"inLanguage\":\"de\",\"@id\":\"https:\/\/www.manner.fi\/de\/produkte\/es-serie\/#primaryimage\",\"url\":\"https:\/\/www.manner.fi\/wp-content\/uploads\/2018\/01\/tuotteet-kalustep-es-sarja.jpg\",\"contentUrl\":\"https:\/\/www.manner.fi\/wp-content\/uploads\/2018\/01\/tuotteet-kalustep-es-sarja.jpg\",\"width\":1600,\"height\":612},{\"@type\":\"BreadcrumbList\",\"@id\":\"https:\/\/www.manner.fi\/de\/produkte\/es-serie\/#breadcrumb\",\"itemListElement\":[{\"@type\":\"ListItem\",\"position\":1,\"name\":\"Home\",\"item\":\"https:\/\/www.manner.fi\/de\/\"},{\"@type\":\"ListItem\",\"position\":2,\"name\":\"Produkte\",\"item\":\"https:\/\/www.manner.fi\/de\/produkte\/\"},{\"@type\":\"ListItem\",\"position\":3,\"name\":\"ES-serie\"}]},{\"@type\":\"WebSite\",\"@id\":\"https:\/\/www.manner.fi\/#website\",\"url\":\"https:\/\/www.manner.fi\/\",\"name\":\"Manner\",\"description\":\"Smart Moves on Manner Castors\",\"potentialAction\":[{\"@type\":\"SearchAction\",\"target\":{\"@type\":\"EntryPoint\",\"urlTemplate\":\"https:\/\/www.manner.fi\/?s={search_term_string}\"},\"query-input\":{\"@type\":\"PropertyValueSpecification\",\"valueRequired\":true,\"valueName\":\"search_term_string\"}}],\"inLanguage\":\"de\"}]}<\/script>\n<!-- \/ Yoast SEO plugin. -->","yoast_head_json":{"title":"ES-serie | Manner","description":"Die ES Serie von Manner bietet eine gro\u00dfe Auswahl an Rollen f\u00fcr den Schwertransport. Ihre St\u00e4rken sind Robustheit, Haltbarkeit und einfaches Man\u00f6vrieren.","robots":{"index":"index","follow":"follow","max-snippet":"max-snippet:-1","max-image-preview":"max-image-preview:large","max-video-preview":"max-video-preview:-1"},"og_locale":"de_DE","og_type":"article","og_title":"ES-serie | Manner","og_description":"Die ES Serie von Manner bietet eine gro\u00dfe Auswahl an Rollen f\u00fcr den Schwertransport. Ihre St\u00e4rken sind Robustheit, Haltbarkeit und einfaches Man\u00f6vrieren.","og_url":"https:\/\/www.manner.fi\/de\/produkte\/es-serie\/","og_site_name":"Manner","article_modified_time":"2019-03-06T12:56:25+00:00","og_image":[{"width":1600,"height":612,"url":"https:\/\/www.manner.fi\/wp-content\/uploads\/2018\/01\/tuotteet-kalustep-es-sarja.jpg","type":"image\/jpeg"}],"twitter_card":"summary_large_image","twitter_misc":{"Gesch\u00e4tzte Lesezeit":"1\u00a0Minute"},"schema":{"@context":"https:\/\/schema.org","@graph":[{"@type":"WebPage","@id":"https:\/\/www.manner.fi\/de\/produkte\/es-serie\/","url":"https:\/\/www.manner.fi\/de\/produkte\/es-serie\/","name":"ES-serie | Manner","isPartOf":{"@id":"https:\/\/www.manner.fi\/#website"},"primaryImageOfPage":{"@id":"https:\/\/www.manner.fi\/de\/produkte\/es-serie\/#primaryimage"},"image":{"@id":"https:\/\/www.manner.fi\/de\/produkte\/es-serie\/#primaryimage"},"thumbnailUrl":"https:\/\/www.manner.fi\/wp-content\/uploads\/2018\/01\/tuotteet-kalustep-es-sarja.jpg","datePublished":"2018-01-18T13:24:46+00:00","dateModified":"2019-03-06T12:56:25+00:00","description":"Die ES Serie von Manner bietet eine gro\u00dfe Auswahl an Rollen f\u00fcr den Schwertransport. Ihre St\u00e4rken sind Robustheit, Haltbarkeit und einfaches Man\u00f6vrieren.","breadcrumb":{"@id":"https:\/\/www.manner.fi\/de\/produkte\/es-serie\/#breadcrumb"},"inLanguage":"de","potentialAction":[{"@type":"ReadAction","target":["https:\/\/www.manner.fi\/de\/produkte\/es-serie\/"]}]},{"@type":"ImageObject","inLanguage":"de","@id":"https:\/\/www.manner.fi\/de\/produkte\/es-serie\/#primaryimage","url":"https:\/\/www.manner.fi\/wp-content\/uploads\/2018\/01\/tuotteet-kalustep-es-sarja.jpg","contentUrl":"https:\/\/www.manner.fi\/wp-content\/uploads\/2018\/01\/tuotteet-kalustep-es-sarja.jpg","width":1600,"height":612},{"@type":"BreadcrumbList","@id":"https:\/\/www.manner.fi\/de\/produkte\/es-serie\/#breadcrumb","itemListElement":[{"@type":"ListItem","position":1,"name":"Home","item":"https:\/\/www.manner.fi\/de\/"},{"@type":"ListItem","position":2,"name":"Produkte","item":"https:\/\/www.manner.fi\/de\/produkte\/"},{"@type":"ListItem","position":3,"name":"ES-serie"}]},{"@type":"WebSite","@id":"https:\/\/www.manner.fi\/#website","url":"https:\/\/www.manner.fi\/","name":"Manner","description":"Smart Moves on Manner Castors","potentialAction":[{"@type":"SearchAction","target":{"@type":"EntryPoint","urlTemplate":"https:\/\/www.manner.fi\/?s={search_term_string}"},"query-input":{"@type":"PropertyValueSpecification","valueRequired":true,"valueName":"search_term_string"}}],"inLanguage":"de"}]}},"_links":{"self":[{"href":"https:\/\/www.manner.fi\/de\/wp-json\/wp\/v2\/pages\/3025","targetHints":{"allow":["GET"]}}],"collection":[{"href":"https:\/\/www.manner.fi\/de\/wp-json\/wp\/v2\/pages"}],"about":[{"href":"https:\/\/www.manner.fi\/de\/wp-json\/wp\/v2\/types\/page"}],"author":[{"embeddable":true,"href":"https:\/\/www.manner.fi\/de\/wp-json\/wp\/v2\/users\/1"}],"replies":[{"embeddable":true,"href":"https:\/\/www.manner.fi\/de\/wp-json\/wp\/v2\/comments?post=3025"}],"version-history":[{"count":6,"href":"https:\/\/www.manner.fi\/de\/wp-json\/wp\/v2\/pages\/3025\/revisions"}],"predecessor-version":[{"id":184269,"href":"https:\/\/www.manner.fi\/de\/wp-json\/wp\/v2\/pages\/3025\/revisions\/184269"}],"up":[{"embeddable":true,"href":"https:\/\/www.manner.fi\/de\/wp-json\/wp\/v2\/pages\/3001"}],"wp:featuredmedia":[{"embeddable":true,"href":"https:\/\/www.manner.fi\/de\/wp-json\/wp\/v2\/media\/1720"}],"wp:attachment":[{"href":"https:\/\/www.manner.fi\/de\/wp-json\/wp\/v2\/media?parent=3025"}],"curies":[{"name":"wp","href":"https:\/\/api.w.org\/{rel}","templated":true}]}}