{"id":3018,"date":"2018-01-16T09:50:11","date_gmt":"2018-01-16T07:50:11","guid":{"rendered":"https:\/\/www.manner.fi\/produkte\/apparaterollen\/e-series\/"},"modified":"2018-11-13T13:42:06","modified_gmt":"2018-11-13T11:42:06","slug":"e-serie","status":"publish","type":"page","link":"https:\/\/www.manner.fi\/de\/produkte\/e-serie\/","title":{"rendered":"E-Serie"},"content":{"rendered":"<p style=\"text-align: center;\">Die Gabel dieser eleganten, aber strapazierf\u00e4higen Rollen ist aus verzinktem Pressstahl und die Achse genietet. Die thermoplastische Gummilauffl\u00e4che sorgt f\u00fcr Stabilit\u00e4t und gute Man\u00f6vrierbarkeit. Ebenfalls im Angebot ist eine Polyamidrolle (75 mm). Der Radfeststeller kann auch nachtr\u00e4glich erg\u00e4nzt werden. Die leichten Apparaterollen sind auch in leitf\u00e4higer Ausf\u00fchrung erh\u00e4ltlich.<\/p>\n<p style=\"text-align: center;\">Lernen Sie auch die \u00fcbrigen <a href=\"https:\/\/www.manner.fi\/de\/produkte\/apparaterollen\/\">Apparaterollen<\/a> von Manner kennen, beispielsweise die <a href=\"https:\/\/www.manner.fi\/de\/produkte\/e-smart\/\">e-SMART<\/a>-Serie.<\/p>\n","protected":false},"excerpt":{"rendered":"<p>Die Gabel dieser eleganten, aber strapazierf\u00e4higen Rollen ist aus verzinktem Pressstahl und die Achse genietet. Die thermoplastische Gummilauffl\u00e4che sorgt f\u00fcr Stabilit\u00e4t und gute Man\u00f6vrierbarkeit. Ebenfalls im Angebot ist eine Polyamidrolle (75 mm). Der Radfeststeller kann auch nachtr\u00e4glich erg\u00e4nzt werden. Die leichten Apparaterollen sind auch in leitf\u00e4higer Ausf\u00fchrung erh\u00e4ltlich. Lernen Sie auch die \u00fcbrigen Apparaterollen von [&hellip;]<\/p>\n","protected":false},"author":1,"featured_media":1591,"parent":3001,"menu_order":0,"comment_status":"closed","ping_status":"closed","template":"","meta":{"_acf_changed":false,"footnotes":""},"class_list":["post-3018","page","type-page","status-publish","has-post-thumbnail","hentry"],"acf":[],"yoast_head":"<!-- This site is optimized with the Yoast SEO plugin v25.2 - https:\/\/yoast.com\/wordpress\/plugins\/seo\/ -->\n<title>E-Serie | Manner<\/title>\n<meta name=\"description\" content=\"E-Series Stahl-Rollen sind f\u00fcr Trolleys und fahrbare Tische entwickelt worden. Die Radgabel besteht aus galvanisiertem Stahl.\" \/>\n<meta name=\"robots\" content=\"index, follow, max-snippet:-1, max-image-preview:large, max-video-preview:-1\" \/>\n<meta property=\"og:locale\" content=\"de_DE\" \/>\n<meta property=\"og:type\" content=\"article\" \/>\n<meta property=\"og:title\" content=\"E-Serie | Manner\" \/>\n<meta property=\"og:description\" content=\"E-Series Stahl-Rollen sind f\u00fcr Trolleys und fahrbare Tische entwickelt worden. Die Radgabel besteht aus galvanisiertem Stahl.\" \/>\n<meta property=\"og:url\" content=\"https:\/\/www.manner.fi\/de\/produkte\/e-serie\/\" \/>\n<meta property=\"og:site_name\" content=\"Manner\" \/>\n<meta property=\"article:modified_time\" content=\"2018-11-13T11:42:06+00:00\" \/>\n<meta property=\"og:image\" content=\"https:\/\/www.manner.fi\/wp-content\/uploads\/2018\/01\/tuotteet-kalustep-e-sarja-1.jpg\" \/>\n\t<meta property=\"og:image:width\" content=\"1600\" \/>\n\t<meta property=\"og:image:height\" content=\"612\" \/>\n\t<meta property=\"og:image:type\" content=\"image\/jpeg\" \/>\n<meta name=\"twitter:card\" content=\"summary_large_image\" \/>\n<script type=\"application\/ld+json\" class=\"yoast-schema-graph\">{\"@context\":\"https:\/\/schema.org\",\"@graph\":[{\"@type\":\"WebPage\",\"@id\":\"https:\/\/www.manner.fi\/de\/produkte\/e-serie\/\",\"url\":\"https:\/\/www.manner.fi\/de\/produkte\/e-serie\/\",\"name\":\"E-Serie | Manner\",\"isPartOf\":{\"@id\":\"https:\/\/www.manner.fi\/#website\"},\"primaryImageOfPage\":{\"@id\":\"https:\/\/www.manner.fi\/de\/produkte\/e-serie\/#primaryimage\"},\"image\":{\"@id\":\"https:\/\/www.manner.fi\/de\/produkte\/e-serie\/#primaryimage\"},\"thumbnailUrl\":\"https:\/\/www.manner.fi\/wp-content\/uploads\/2018\/01\/tuotteet-kalustep-e-sarja-1.jpg\",\"datePublished\":\"2018-01-16T07:50:11+00:00\",\"dateModified\":\"2018-11-13T11:42:06+00:00\",\"description\":\"E-Series Stahl-Rollen sind f\u00fcr Trolleys und fahrbare Tische entwickelt worden. Die Radgabel besteht aus galvanisiertem Stahl.\",\"breadcrumb\":{\"@id\":\"https:\/\/www.manner.fi\/de\/produkte\/e-serie\/#breadcrumb\"},\"inLanguage\":\"de\",\"potentialAction\":[{\"@type\":\"ReadAction\",\"target\":[\"https:\/\/www.manner.fi\/de\/produkte\/e-serie\/\"]}]},{\"@type\":\"ImageObject\",\"inLanguage\":\"de\",\"@id\":\"https:\/\/www.manner.fi\/de\/produkte\/e-serie\/#primaryimage\",\"url\":\"https:\/\/www.manner.fi\/wp-content\/uploads\/2018\/01\/tuotteet-kalustep-e-sarja-1.jpg\",\"contentUrl\":\"https:\/\/www.manner.fi\/wp-content\/uploads\/2018\/01\/tuotteet-kalustep-e-sarja-1.jpg\",\"width\":1600,\"height\":612},{\"@type\":\"BreadcrumbList\",\"@id\":\"https:\/\/www.manner.fi\/de\/produkte\/e-serie\/#breadcrumb\",\"itemListElement\":[{\"@type\":\"ListItem\",\"position\":1,\"name\":\"Home\",\"item\":\"https:\/\/www.manner.fi\/de\/\"},{\"@type\":\"ListItem\",\"position\":2,\"name\":\"Produkte\",\"item\":\"https:\/\/www.manner.fi\/de\/produkte\/\"},{\"@type\":\"ListItem\",\"position\":3,\"name\":\"E-Serie\"}]},{\"@type\":\"WebSite\",\"@id\":\"https:\/\/www.manner.fi\/#website\",\"url\":\"https:\/\/www.manner.fi\/\",\"name\":\"Manner\",\"description\":\"Smart Moves on Manner Castors\",\"potentialAction\":[{\"@type\":\"SearchAction\",\"target\":{\"@type\":\"EntryPoint\",\"urlTemplate\":\"https:\/\/www.manner.fi\/?s={search_term_string}\"},\"query-input\":{\"@type\":\"PropertyValueSpecification\",\"valueRequired\":true,\"valueName\":\"search_term_string\"}}],\"inLanguage\":\"de\"}]}<\/script>\n<!-- \/ Yoast SEO plugin. -->","yoast_head_json":{"title":"E-Serie | Manner","description":"E-Series Stahl-Rollen sind f\u00fcr Trolleys und fahrbare Tische entwickelt worden. Die Radgabel besteht aus galvanisiertem Stahl.","robots":{"index":"index","follow":"follow","max-snippet":"max-snippet:-1","max-image-preview":"max-image-preview:large","max-video-preview":"max-video-preview:-1"},"og_locale":"de_DE","og_type":"article","og_title":"E-Serie | Manner","og_description":"E-Series Stahl-Rollen sind f\u00fcr Trolleys und fahrbare Tische entwickelt worden. Die Radgabel besteht aus galvanisiertem Stahl.","og_url":"https:\/\/www.manner.fi\/de\/produkte\/e-serie\/","og_site_name":"Manner","article_modified_time":"2018-11-13T11:42:06+00:00","og_image":[{"width":1600,"height":612,"url":"https:\/\/www.manner.fi\/wp-content\/uploads\/2018\/01\/tuotteet-kalustep-e-sarja-1.jpg","type":"image\/jpeg"}],"twitter_card":"summary_large_image","schema":{"@context":"https:\/\/schema.org","@graph":[{"@type":"WebPage","@id":"https:\/\/www.manner.fi\/de\/produkte\/e-serie\/","url":"https:\/\/www.manner.fi\/de\/produkte\/e-serie\/","name":"E-Serie | Manner","isPartOf":{"@id":"https:\/\/www.manner.fi\/#website"},"primaryImageOfPage":{"@id":"https:\/\/www.manner.fi\/de\/produkte\/e-serie\/#primaryimage"},"image":{"@id":"https:\/\/www.manner.fi\/de\/produkte\/e-serie\/#primaryimage"},"thumbnailUrl":"https:\/\/www.manner.fi\/wp-content\/uploads\/2018\/01\/tuotteet-kalustep-e-sarja-1.jpg","datePublished":"2018-01-16T07:50:11+00:00","dateModified":"2018-11-13T11:42:06+00:00","description":"E-Series Stahl-Rollen sind f\u00fcr Trolleys und fahrbare Tische entwickelt worden. Die Radgabel besteht aus galvanisiertem Stahl.","breadcrumb":{"@id":"https:\/\/www.manner.fi\/de\/produkte\/e-serie\/#breadcrumb"},"inLanguage":"de","potentialAction":[{"@type":"ReadAction","target":["https:\/\/www.manner.fi\/de\/produkte\/e-serie\/"]}]},{"@type":"ImageObject","inLanguage":"de","@id":"https:\/\/www.manner.fi\/de\/produkte\/e-serie\/#primaryimage","url":"https:\/\/www.manner.fi\/wp-content\/uploads\/2018\/01\/tuotteet-kalustep-e-sarja-1.jpg","contentUrl":"https:\/\/www.manner.fi\/wp-content\/uploads\/2018\/01\/tuotteet-kalustep-e-sarja-1.jpg","width":1600,"height":612},{"@type":"BreadcrumbList","@id":"https:\/\/www.manner.fi\/de\/produkte\/e-serie\/#breadcrumb","itemListElement":[{"@type":"ListItem","position":1,"name":"Home","item":"https:\/\/www.manner.fi\/de\/"},{"@type":"ListItem","position":2,"name":"Produkte","item":"https:\/\/www.manner.fi\/de\/produkte\/"},{"@type":"ListItem","position":3,"name":"E-Serie"}]},{"@type":"WebSite","@id":"https:\/\/www.manner.fi\/#website","url":"https:\/\/www.manner.fi\/","name":"Manner","description":"Smart Moves on Manner Castors","potentialAction":[{"@type":"SearchAction","target":{"@type":"EntryPoint","urlTemplate":"https:\/\/www.manner.fi\/?s={search_term_string}"},"query-input":{"@type":"PropertyValueSpecification","valueRequired":true,"valueName":"search_term_string"}}],"inLanguage":"de"}]}},"_links":{"self":[{"href":"https:\/\/www.manner.fi\/de\/wp-json\/wp\/v2\/pages\/3018","targetHints":{"allow":["GET"]}}],"collection":[{"href":"https:\/\/www.manner.fi\/de\/wp-json\/wp\/v2\/pages"}],"about":[{"href":"https:\/\/www.manner.fi\/de\/wp-json\/wp\/v2\/types\/page"}],"author":[{"embeddable":true,"href":"https:\/\/www.manner.fi\/de\/wp-json\/wp\/v2\/users\/1"}],"replies":[{"embeddable":true,"href":"https:\/\/www.manner.fi\/de\/wp-json\/wp\/v2\/comments?post=3018"}],"version-history":[{"count":6,"href":"https:\/\/www.manner.fi\/de\/wp-json\/wp\/v2\/pages\/3018\/revisions"}],"predecessor-version":[{"id":44192,"href":"https:\/\/www.manner.fi\/de\/wp-json\/wp\/v2\/pages\/3018\/revisions\/44192"}],"up":[{"embeddable":true,"href":"https:\/\/www.manner.fi\/de\/wp-json\/wp\/v2\/pages\/3001"}],"wp:featuredmedia":[{"embeddable":true,"href":"https:\/\/www.manner.fi\/de\/wp-json\/wp\/v2\/media\/1591"}],"wp:attachment":[{"href":"https:\/\/www.manner.fi\/de\/wp-json\/wp\/v2\/media?parent=3018"}],"curies":[{"name":"wp","href":"https:\/\/api.w.org\/{rel}","templated":true}]}}