{"id":3014,"date":"2018-01-02T11:55:48","date_gmt":"2018-01-02T09:55:48","guid":{"rendered":"https:\/\/www.manner.fi\/produkte\/apparaterollen\/tango\/"},"modified":"2022-01-10T12:49:22","modified_gmt":"2022-01-10T10:49:22","slug":"tango","status":"publish","type":"page","link":"https:\/\/www.manner.fi\/de\/produkte\/tango\/","title":{"rendered":"Tango"},"content":{"rendered":"<div style=\"width: 1920px;\" class=\"wp-video\"><video class=\"wp-video-shortcode\" id=\"video-3014-1\" width=\"1920\" height=\"1080\" preload=\"metadata\" controls=\"controls\"><source type=\"video\/mp4\" src=\"https:\/\/www.manner.fi\/wp-content\/uploads\/2021\/12\/Manner_Tango_Tuotevideo_GER_12-2021.mp4?_=1\" \/><a href=\"https:\/\/www.manner.fi\/wp-content\/uploads\/2021\/12\/Manner_Tango_Tuotevideo_GER_12-2021.mp4\">https:\/\/www.manner.fi\/wp-content\/uploads\/2021\/12\/Manner_Tango_Tuotevideo_GER_12-2021.mp4<\/a><\/video><\/div>\n<h3 data-canvas-width=\"220.73333333333335\">Tango \u2013 rundum anpassungsf\u00e4hig<\/h3>\n<p data-canvas-width=\"220.73333333333335\">Spezialisierte und anspruchsvolle Einsatzzwecke stellen auch an Rollen besondere Anforderungen. Falls Sie eine hochwertige, strapazierf\u00e4hige und korrosionsfreie Apparaterolle suchen, die obendrein optisch eine gute Figur macht, empfehlen wir Tango. Die aus glasfaserverst\u00e4rktem Polyamid bestehende Tango-Rolle ist wendig und wartungsfrei.<br \/>\nDank des intelligenten Designs ist Tango leicht zu reinigen und nahezu universell einsetzbar. Ob Krankenhaus oder Reha-Klinik, Gro\u00dfk\u00fcche oder Restaurant, Supermarkt oder B\u00fcro, \u00f6ffentliches Geb\u00e4ude oder Fabrik \u2013 Tango ist stets die richtige Wahl. Die Tango-Rolle ist auch in rostfreier, leitf\u00e4higer oder antimagnetischer Ausf\u00fchrung erh\u00e4ltlich. Die Standardfarbe von Tango ist grau (RAL 7042) mit rotem Pedal. Dar\u00fcber hinaus bietet Tango vielseitige M\u00f6glichkeiten f\u00fcr die kundenspezifischen Anpassung: Bei gr\u00f6\u00dferen Bestellmengen k\u00f6nnen auch spezielle Farbw\u00fcnsche des Kunden realisiert werden.<\/p>\n<p>Lernen Sie auch die \u00fcbrigen Apparaterollen von Manner kennen, beispielsweise <a href=\"https:\/\/www.manner.fi\/de\/produkte\/twist\/\">Twist<\/a> und <a href=\"https:\/\/www.manner.fi\/de\/produkte\/e-smart\/\">e-SMART<\/a>.<\/p>\n","protected":false},"excerpt":{"rendered":"<p>Tango \u2013 rundum anpassungsf\u00e4hig Spezialisierte und anspruchsvolle Einsatzzwecke stellen auch an Rollen besondere Anforderungen. Falls Sie eine hochwertige, strapazierf\u00e4hige und korrosionsfreie Apparaterolle suchen, die obendrein optisch eine gute Figur macht, empfehlen wir Tango. Die aus glasfaserverst\u00e4rktem Polyamid bestehende Tango-Rolle ist wendig und wartungsfrei. Dank des intelligenten Designs ist Tango leicht zu reinigen und nahezu universell [&hellip;]<\/p>\n","protected":false},"author":1,"featured_media":1750,"parent":3001,"menu_order":0,"comment_status":"closed","ping_status":"closed","template":"","meta":{"_acf_changed":false,"footnotes":""},"class_list":["post-3014","page","type-page","status-publish","has-post-thumbnail","hentry"],"acf":[],"yoast_head":"<!-- This site is optimized with the Yoast SEO plugin v25.2 - https:\/\/yoast.com\/wordpress\/plugins\/seo\/ -->\n<title>Tango | Manner<\/title>\n<meta name=\"description\" content=\"Manner Tango Apparaterollen eignen sich f\u00fcr den zuverl\u00e4ssigen Einsatz bei Klinikm\u00f6beln, Gro\u00dfk\u00fcchenequipment und Hilfsger\u00e4ten.\" \/>\n<meta name=\"robots\" content=\"index, follow, max-snippet:-1, max-image-preview:large, max-video-preview:-1\" \/>\n<meta property=\"og:locale\" content=\"de_DE\" \/>\n<meta property=\"og:type\" content=\"article\" \/>\n<meta property=\"og:title\" content=\"Tango | Manner\" \/>\n<meta property=\"og:description\" content=\"Manner Tango Apparaterollen eignen sich f\u00fcr den zuverl\u00e4ssigen Einsatz bei Klinikm\u00f6beln, Gro\u00dfk\u00fcchenequipment und Hilfsger\u00e4ten.\" \/>\n<meta property=\"og:url\" content=\"https:\/\/www.manner.fi\/de\/produkte\/tango\/\" \/>\n<meta property=\"og:site_name\" content=\"Manner\" \/>\n<meta property=\"article:modified_time\" content=\"2022-01-10T10:49:22+00:00\" \/>\n<meta property=\"og:image\" content=\"https:\/\/www.manner.fi\/wp-content\/uploads\/2018\/01\/tuotteet-kalustep-tango.jpg\" \/>\n\t<meta property=\"og:image:width\" content=\"1600\" \/>\n\t<meta property=\"og:image:height\" content=\"612\" \/>\n\t<meta property=\"og:image:type\" content=\"image\/jpeg\" \/>\n<meta name=\"twitter:card\" content=\"summary_large_image\" \/>\n<meta name=\"twitter:label1\" content=\"Gesch\u00e4tzte Lesezeit\" \/>\n\t<meta name=\"twitter:data1\" content=\"1\u00a0Minute\" \/>\n<script type=\"application\/ld+json\" class=\"yoast-schema-graph\">{\"@context\":\"https:\/\/schema.org\",\"@graph\":[{\"@type\":\"WebPage\",\"@id\":\"https:\/\/www.manner.fi\/de\/produkte\/tango\/\",\"url\":\"https:\/\/www.manner.fi\/de\/produkte\/tango\/\",\"name\":\"Tango | Manner\",\"isPartOf\":{\"@id\":\"https:\/\/www.manner.fi\/#website\"},\"primaryImageOfPage\":{\"@id\":\"https:\/\/www.manner.fi\/de\/produkte\/tango\/#primaryimage\"},\"image\":{\"@id\":\"https:\/\/www.manner.fi\/de\/produkte\/tango\/#primaryimage\"},\"thumbnailUrl\":\"https:\/\/www.manner.fi\/wp-content\/uploads\/2018\/01\/tuotteet-kalustep-tango.jpg\",\"datePublished\":\"2018-01-02T09:55:48+00:00\",\"dateModified\":\"2022-01-10T10:49:22+00:00\",\"description\":\"Manner Tango Apparaterollen eignen sich f\u00fcr den zuverl\u00e4ssigen Einsatz bei Klinikm\u00f6beln, Gro\u00dfk\u00fcchenequipment und Hilfsger\u00e4ten.\",\"breadcrumb\":{\"@id\":\"https:\/\/www.manner.fi\/de\/produkte\/tango\/#breadcrumb\"},\"inLanguage\":\"de\",\"potentialAction\":[{\"@type\":\"ReadAction\",\"target\":[\"https:\/\/www.manner.fi\/de\/produkte\/tango\/\"]}]},{\"@type\":\"ImageObject\",\"inLanguage\":\"de\",\"@id\":\"https:\/\/www.manner.fi\/de\/produkte\/tango\/#primaryimage\",\"url\":\"https:\/\/www.manner.fi\/wp-content\/uploads\/2018\/01\/tuotteet-kalustep-tango.jpg\",\"contentUrl\":\"https:\/\/www.manner.fi\/wp-content\/uploads\/2018\/01\/tuotteet-kalustep-tango.jpg\",\"width\":1600,\"height\":612},{\"@type\":\"BreadcrumbList\",\"@id\":\"https:\/\/www.manner.fi\/de\/produkte\/tango\/#breadcrumb\",\"itemListElement\":[{\"@type\":\"ListItem\",\"position\":1,\"name\":\"Home\",\"item\":\"https:\/\/www.manner.fi\/de\/\"},{\"@type\":\"ListItem\",\"position\":2,\"name\":\"Produkte\",\"item\":\"https:\/\/www.manner.fi\/de\/produkte\/\"},{\"@type\":\"ListItem\",\"position\":3,\"name\":\"Tango\"}]},{\"@type\":\"WebSite\",\"@id\":\"https:\/\/www.manner.fi\/#website\",\"url\":\"https:\/\/www.manner.fi\/\",\"name\":\"Manner\",\"description\":\"Smart Moves on Manner Castors\",\"potentialAction\":[{\"@type\":\"SearchAction\",\"target\":{\"@type\":\"EntryPoint\",\"urlTemplate\":\"https:\/\/www.manner.fi\/?s={search_term_string}\"},\"query-input\":{\"@type\":\"PropertyValueSpecification\",\"valueRequired\":true,\"valueName\":\"search_term_string\"}}],\"inLanguage\":\"de\"}]}<\/script>\n<!-- \/ Yoast SEO plugin. -->","yoast_head_json":{"title":"Tango | Manner","description":"Manner Tango Apparaterollen eignen sich f\u00fcr den zuverl\u00e4ssigen Einsatz bei Klinikm\u00f6beln, Gro\u00dfk\u00fcchenequipment und Hilfsger\u00e4ten.","robots":{"index":"index","follow":"follow","max-snippet":"max-snippet:-1","max-image-preview":"max-image-preview:large","max-video-preview":"max-video-preview:-1"},"og_locale":"de_DE","og_type":"article","og_title":"Tango | Manner","og_description":"Manner Tango Apparaterollen eignen sich f\u00fcr den zuverl\u00e4ssigen Einsatz bei Klinikm\u00f6beln, Gro\u00dfk\u00fcchenequipment und Hilfsger\u00e4ten.","og_url":"https:\/\/www.manner.fi\/de\/produkte\/tango\/","og_site_name":"Manner","article_modified_time":"2022-01-10T10:49:22+00:00","og_image":[{"width":1600,"height":612,"url":"https:\/\/www.manner.fi\/wp-content\/uploads\/2018\/01\/tuotteet-kalustep-tango.jpg","type":"image\/jpeg"}],"twitter_card":"summary_large_image","twitter_misc":{"Gesch\u00e4tzte Lesezeit":"1\u00a0Minute"},"schema":{"@context":"https:\/\/schema.org","@graph":[{"@type":"WebPage","@id":"https:\/\/www.manner.fi\/de\/produkte\/tango\/","url":"https:\/\/www.manner.fi\/de\/produkte\/tango\/","name":"Tango | Manner","isPartOf":{"@id":"https:\/\/www.manner.fi\/#website"},"primaryImageOfPage":{"@id":"https:\/\/www.manner.fi\/de\/produkte\/tango\/#primaryimage"},"image":{"@id":"https:\/\/www.manner.fi\/de\/produkte\/tango\/#primaryimage"},"thumbnailUrl":"https:\/\/www.manner.fi\/wp-content\/uploads\/2018\/01\/tuotteet-kalustep-tango.jpg","datePublished":"2018-01-02T09:55:48+00:00","dateModified":"2022-01-10T10:49:22+00:00","description":"Manner Tango Apparaterollen eignen sich f\u00fcr den zuverl\u00e4ssigen Einsatz bei Klinikm\u00f6beln, Gro\u00dfk\u00fcchenequipment und Hilfsger\u00e4ten.","breadcrumb":{"@id":"https:\/\/www.manner.fi\/de\/produkte\/tango\/#breadcrumb"},"inLanguage":"de","potentialAction":[{"@type":"ReadAction","target":["https:\/\/www.manner.fi\/de\/produkte\/tango\/"]}]},{"@type":"ImageObject","inLanguage":"de","@id":"https:\/\/www.manner.fi\/de\/produkte\/tango\/#primaryimage","url":"https:\/\/www.manner.fi\/wp-content\/uploads\/2018\/01\/tuotteet-kalustep-tango.jpg","contentUrl":"https:\/\/www.manner.fi\/wp-content\/uploads\/2018\/01\/tuotteet-kalustep-tango.jpg","width":1600,"height":612},{"@type":"BreadcrumbList","@id":"https:\/\/www.manner.fi\/de\/produkte\/tango\/#breadcrumb","itemListElement":[{"@type":"ListItem","position":1,"name":"Home","item":"https:\/\/www.manner.fi\/de\/"},{"@type":"ListItem","position":2,"name":"Produkte","item":"https:\/\/www.manner.fi\/de\/produkte\/"},{"@type":"ListItem","position":3,"name":"Tango"}]},{"@type":"WebSite","@id":"https:\/\/www.manner.fi\/#website","url":"https:\/\/www.manner.fi\/","name":"Manner","description":"Smart Moves on Manner Castors","potentialAction":[{"@type":"SearchAction","target":{"@type":"EntryPoint","urlTemplate":"https:\/\/www.manner.fi\/?s={search_term_string}"},"query-input":{"@type":"PropertyValueSpecification","valueRequired":true,"valueName":"search_term_string"}}],"inLanguage":"de"}]}},"_links":{"self":[{"href":"https:\/\/www.manner.fi\/de\/wp-json\/wp\/v2\/pages\/3014","targetHints":{"allow":["GET"]}}],"collection":[{"href":"https:\/\/www.manner.fi\/de\/wp-json\/wp\/v2\/pages"}],"about":[{"href":"https:\/\/www.manner.fi\/de\/wp-json\/wp\/v2\/types\/page"}],"author":[{"embeddable":true,"href":"https:\/\/www.manner.fi\/de\/wp-json\/wp\/v2\/users\/1"}],"replies":[{"embeddable":true,"href":"https:\/\/www.manner.fi\/de\/wp-json\/wp\/v2\/comments?post=3014"}],"version-history":[{"count":14,"href":"https:\/\/www.manner.fi\/de\/wp-json\/wp\/v2\/pages\/3014\/revisions"}],"predecessor-version":[{"id":187870,"href":"https:\/\/www.manner.fi\/de\/wp-json\/wp\/v2\/pages\/3014\/revisions\/187870"}],"up":[{"embeddable":true,"href":"https:\/\/www.manner.fi\/de\/wp-json\/wp\/v2\/pages\/3001"}],"wp:featuredmedia":[{"embeddable":true,"href":"https:\/\/www.manner.fi\/de\/wp-json\/wp\/v2\/media\/1750"}],"wp:attachment":[{"href":"https:\/\/www.manner.fi\/de\/wp-json\/wp\/v2\/media?parent=3014"}],"curies":[{"name":"wp","href":"https:\/\/api.w.org\/{rel}","templated":true}]}}