{"id":3009,"date":"2018-01-10T12:58:33","date_gmt":"2018-01-10T10:58:33","guid":{"rendered":"https:\/\/www.manner.fi\/produkte\/apparaterollen\/e-smart\/"},"modified":"2022-01-10T12:56:26","modified_gmt":"2022-01-10T10:56:26","slug":"e-smart","status":"publish","type":"page","link":"https:\/\/www.manner.fi\/de\/produkte\/e-smart\/","title":{"rendered":"e-SMART"},"content":{"rendered":"<div style=\"width: 1920px;\" class=\"wp-video\"><video class=\"wp-video-shortcode\" id=\"video-3009-1\" width=\"1920\" height=\"1080\" preload=\"metadata\" controls=\"controls\"><source type=\"video\/mp4\" src=\"https:\/\/www.manner.fi\/wp-content\/uploads\/2021\/12\/Manner_eSMART_Tuotevideo_GER_12-2021.mp4?_=1\" \/><a href=\"https:\/\/www.manner.fi\/wp-content\/uploads\/2021\/12\/Manner_eSMART_Tuotevideo_GER_12-2021.mp4\">https:\/\/www.manner.fi\/wp-content\/uploads\/2021\/12\/Manner_eSMART_Tuotevideo_GER_12-2021.mp4<\/a><\/video><\/div>\n<p>&nbsp;<\/p>\n<p>Ideal f\u00fcr Krankenh\u00e4user, Pflegeheime und \u00e4hnliche Einrichtungen, in denen einfaches und zuverl\u00e4ssiges Feststellen des Mobiliars zu den wesentlichen Sicherheitsanforderungen z\u00e4hlt. Die Feststellung bzw. Entriegelung der Rolle erfolgt m\u00fchelos und ergonomisch mittels Knopfdruck. Der Stellmotor des Feststellsystems ist in das Rad integriert und an das Steuersystem angeschlossen. Die Rolle wird ohne nennenswerten Arbeitsaufwand direkt am waagerechten Rahmenrohr (rund oder eckig) montiert. Der Bewegungssensor erm\u00f6glicht die automatische Feststellung.<\/p>\n<p>e-SMART ist eine robuste Rolle aus glasfaserverst\u00e4rktem Polyamid. Sie ist auch in leitf\u00e4higer Ausf\u00fchrung lieferbar und kann bei gr\u00f6\u00dferen Bestellmengen an die Farbw\u00fcnsche des Kunden angepasst werden.<\/p>\n<p>Krankenhaus- und Pflegebetten, Duschst\u00fchle, Behandlungssessel, sonstiges Krankenpflege- bzw. Rehabilitationsmobiliar und andere Gegenst\u00e4nde, die Rollen mit fernsteuerbarer Zentralfeststellung ben\u00f6tigen<\/p>\n<p>Lernen Sie auch die \u00fcbrigen Apparaterollen von Manner kennen, beispielsweise <a href=\"https:\/\/www.manner.fi\/de\/produkte\/tango\/\">Tango<\/a> und <a href=\"https:\/\/www.manner.fi\/de\/produkte\/twist\/\">Twist<\/a>.<\/p>\n","protected":false},"excerpt":{"rendered":"<p>&nbsp; Ideal f\u00fcr Krankenh\u00e4user, Pflegeheime und \u00e4hnliche Einrichtungen, in denen einfaches und zuverl\u00e4ssiges Feststellen des Mobiliars zu den wesentlichen Sicherheitsanforderungen z\u00e4hlt. Die Feststellung bzw. Entriegelung der Rolle erfolgt m\u00fchelos und ergonomisch mittels Knopfdruck. Der Stellmotor des Feststellsystems ist in das Rad integriert und an das Steuersystem angeschlossen. Die Rolle wird ohne nennenswerten Arbeitsaufwand direkt am [&hellip;]<\/p>\n","protected":false},"author":1,"featured_media":1735,"parent":3001,"menu_order":0,"comment_status":"closed","ping_status":"closed","template":"","meta":{"_acf_changed":false,"footnotes":""},"class_list":["post-3009","page","type-page","status-publish","has-post-thumbnail","hentry"],"acf":[],"yoast_head":"<!-- This site is optimized with the Yoast SEO plugin v25.2 - https:\/\/yoast.com\/wordpress\/plugins\/seo\/ -->\n<title>e-SMART | Manner<\/title>\n<meta name=\"description\" content=\"Die elektronischen Komponenten von Manner e-SMART Rollen sind im Inneren verbaut. Ein d\u00fcnnes Kabel verbindet die Rolle mit der Fernbedienung.\" \/>\n<meta name=\"robots\" content=\"index, follow, max-snippet:-1, max-image-preview:large, max-video-preview:-1\" \/>\n<meta property=\"og:locale\" content=\"de_DE\" \/>\n<meta property=\"og:type\" content=\"article\" \/>\n<meta property=\"og:title\" content=\"e-SMART | Manner\" \/>\n<meta property=\"og:description\" content=\"Die elektronischen Komponenten von Manner e-SMART Rollen sind im Inneren verbaut. Ein d\u00fcnnes Kabel verbindet die Rolle mit der Fernbedienung.\" \/>\n<meta property=\"og:url\" content=\"https:\/\/www.manner.fi\/de\/produkte\/e-smart\/\" \/>\n<meta property=\"og:site_name\" content=\"Manner\" \/>\n<meta property=\"article:modified_time\" content=\"2022-01-10T10:56:26+00:00\" \/>\n<meta property=\"og:image\" content=\"https:\/\/www.manner.fi\/wp-content\/uploads\/2018\/01\/tuotteet-kalustep-esmart-1.jpg\" \/>\n\t<meta property=\"og:image:width\" content=\"1600\" \/>\n\t<meta property=\"og:image:height\" content=\"612\" \/>\n\t<meta property=\"og:image:type\" content=\"image\/jpeg\" \/>\n<meta name=\"twitter:card\" content=\"summary_large_image\" \/>\n<meta name=\"twitter:label1\" content=\"Gesch\u00e4tzte Lesezeit\" \/>\n\t<meta name=\"twitter:data1\" content=\"1\u00a0Minute\" \/>\n<script type=\"application\/ld+json\" class=\"yoast-schema-graph\">{\"@context\":\"https:\/\/schema.org\",\"@graph\":[{\"@type\":\"WebPage\",\"@id\":\"https:\/\/www.manner.fi\/de\/produkte\/e-smart\/\",\"url\":\"https:\/\/www.manner.fi\/de\/produkte\/e-smart\/\",\"name\":\"e-SMART | Manner\",\"isPartOf\":{\"@id\":\"https:\/\/www.manner.fi\/#website\"},\"primaryImageOfPage\":{\"@id\":\"https:\/\/www.manner.fi\/de\/produkte\/e-smart\/#primaryimage\"},\"image\":{\"@id\":\"https:\/\/www.manner.fi\/de\/produkte\/e-smart\/#primaryimage\"},\"thumbnailUrl\":\"https:\/\/www.manner.fi\/wp-content\/uploads\/2018\/01\/tuotteet-kalustep-esmart-1.jpg\",\"datePublished\":\"2018-01-10T10:58:33+00:00\",\"dateModified\":\"2022-01-10T10:56:26+00:00\",\"description\":\"Die elektronischen Komponenten von Manner e-SMART Rollen sind im Inneren verbaut. Ein d\u00fcnnes Kabel verbindet die Rolle mit der Fernbedienung.\",\"breadcrumb\":{\"@id\":\"https:\/\/www.manner.fi\/de\/produkte\/e-smart\/#breadcrumb\"},\"inLanguage\":\"de\",\"potentialAction\":[{\"@type\":\"ReadAction\",\"target\":[\"https:\/\/www.manner.fi\/de\/produkte\/e-smart\/\"]}]},{\"@type\":\"ImageObject\",\"inLanguage\":\"de\",\"@id\":\"https:\/\/www.manner.fi\/de\/produkte\/e-smart\/#primaryimage\",\"url\":\"https:\/\/www.manner.fi\/wp-content\/uploads\/2018\/01\/tuotteet-kalustep-esmart-1.jpg\",\"contentUrl\":\"https:\/\/www.manner.fi\/wp-content\/uploads\/2018\/01\/tuotteet-kalustep-esmart-1.jpg\",\"width\":1600,\"height\":612},{\"@type\":\"BreadcrumbList\",\"@id\":\"https:\/\/www.manner.fi\/de\/produkte\/e-smart\/#breadcrumb\",\"itemListElement\":[{\"@type\":\"ListItem\",\"position\":1,\"name\":\"Home\",\"item\":\"https:\/\/www.manner.fi\/de\/\"},{\"@type\":\"ListItem\",\"position\":2,\"name\":\"Produkte\",\"item\":\"https:\/\/www.manner.fi\/de\/produkte\/\"},{\"@type\":\"ListItem\",\"position\":3,\"name\":\"e-SMART\"}]},{\"@type\":\"WebSite\",\"@id\":\"https:\/\/www.manner.fi\/#website\",\"url\":\"https:\/\/www.manner.fi\/\",\"name\":\"Manner\",\"description\":\"Smart Moves on Manner Castors\",\"potentialAction\":[{\"@type\":\"SearchAction\",\"target\":{\"@type\":\"EntryPoint\",\"urlTemplate\":\"https:\/\/www.manner.fi\/?s={search_term_string}\"},\"query-input\":{\"@type\":\"PropertyValueSpecification\",\"valueRequired\":true,\"valueName\":\"search_term_string\"}}],\"inLanguage\":\"de\"}]}<\/script>\n<!-- \/ Yoast SEO plugin. -->","yoast_head_json":{"title":"e-SMART | Manner","description":"Die elektronischen Komponenten von Manner e-SMART Rollen sind im Inneren verbaut. Ein d\u00fcnnes Kabel verbindet die Rolle mit der Fernbedienung.","robots":{"index":"index","follow":"follow","max-snippet":"max-snippet:-1","max-image-preview":"max-image-preview:large","max-video-preview":"max-video-preview:-1"},"og_locale":"de_DE","og_type":"article","og_title":"e-SMART | Manner","og_description":"Die elektronischen Komponenten von Manner e-SMART Rollen sind im Inneren verbaut. Ein d\u00fcnnes Kabel verbindet die Rolle mit der Fernbedienung.","og_url":"https:\/\/www.manner.fi\/de\/produkte\/e-smart\/","og_site_name":"Manner","article_modified_time":"2022-01-10T10:56:26+00:00","og_image":[{"width":1600,"height":612,"url":"https:\/\/www.manner.fi\/wp-content\/uploads\/2018\/01\/tuotteet-kalustep-esmart-1.jpg","type":"image\/jpeg"}],"twitter_card":"summary_large_image","twitter_misc":{"Gesch\u00e4tzte Lesezeit":"1\u00a0Minute"},"schema":{"@context":"https:\/\/schema.org","@graph":[{"@type":"WebPage","@id":"https:\/\/www.manner.fi\/de\/produkte\/e-smart\/","url":"https:\/\/www.manner.fi\/de\/produkte\/e-smart\/","name":"e-SMART | Manner","isPartOf":{"@id":"https:\/\/www.manner.fi\/#website"},"primaryImageOfPage":{"@id":"https:\/\/www.manner.fi\/de\/produkte\/e-smart\/#primaryimage"},"image":{"@id":"https:\/\/www.manner.fi\/de\/produkte\/e-smart\/#primaryimage"},"thumbnailUrl":"https:\/\/www.manner.fi\/wp-content\/uploads\/2018\/01\/tuotteet-kalustep-esmart-1.jpg","datePublished":"2018-01-10T10:58:33+00:00","dateModified":"2022-01-10T10:56:26+00:00","description":"Die elektronischen Komponenten von Manner e-SMART Rollen sind im Inneren verbaut. Ein d\u00fcnnes Kabel verbindet die Rolle mit der Fernbedienung.","breadcrumb":{"@id":"https:\/\/www.manner.fi\/de\/produkte\/e-smart\/#breadcrumb"},"inLanguage":"de","potentialAction":[{"@type":"ReadAction","target":["https:\/\/www.manner.fi\/de\/produkte\/e-smart\/"]}]},{"@type":"ImageObject","inLanguage":"de","@id":"https:\/\/www.manner.fi\/de\/produkte\/e-smart\/#primaryimage","url":"https:\/\/www.manner.fi\/wp-content\/uploads\/2018\/01\/tuotteet-kalustep-esmart-1.jpg","contentUrl":"https:\/\/www.manner.fi\/wp-content\/uploads\/2018\/01\/tuotteet-kalustep-esmart-1.jpg","width":1600,"height":612},{"@type":"BreadcrumbList","@id":"https:\/\/www.manner.fi\/de\/produkte\/e-smart\/#breadcrumb","itemListElement":[{"@type":"ListItem","position":1,"name":"Home","item":"https:\/\/www.manner.fi\/de\/"},{"@type":"ListItem","position":2,"name":"Produkte","item":"https:\/\/www.manner.fi\/de\/produkte\/"},{"@type":"ListItem","position":3,"name":"e-SMART"}]},{"@type":"WebSite","@id":"https:\/\/www.manner.fi\/#website","url":"https:\/\/www.manner.fi\/","name":"Manner","description":"Smart Moves on Manner Castors","potentialAction":[{"@type":"SearchAction","target":{"@type":"EntryPoint","urlTemplate":"https:\/\/www.manner.fi\/?s={search_term_string}"},"query-input":{"@type":"PropertyValueSpecification","valueRequired":true,"valueName":"search_term_string"}}],"inLanguage":"de"}]}},"_links":{"self":[{"href":"https:\/\/www.manner.fi\/de\/wp-json\/wp\/v2\/pages\/3009","targetHints":{"allow":["GET"]}}],"collection":[{"href":"https:\/\/www.manner.fi\/de\/wp-json\/wp\/v2\/pages"}],"about":[{"href":"https:\/\/www.manner.fi\/de\/wp-json\/wp\/v2\/types\/page"}],"author":[{"embeddable":true,"href":"https:\/\/www.manner.fi\/de\/wp-json\/wp\/v2\/users\/1"}],"replies":[{"embeddable":true,"href":"https:\/\/www.manner.fi\/de\/wp-json\/wp\/v2\/comments?post=3009"}],"version-history":[{"count":23,"href":"https:\/\/www.manner.fi\/de\/wp-json\/wp\/v2\/pages\/3009\/revisions"}],"predecessor-version":[{"id":187875,"href":"https:\/\/www.manner.fi\/de\/wp-json\/wp\/v2\/pages\/3009\/revisions\/187875"}],"up":[{"embeddable":true,"href":"https:\/\/www.manner.fi\/de\/wp-json\/wp\/v2\/pages\/3001"}],"wp:featuredmedia":[{"embeddable":true,"href":"https:\/\/www.manner.fi\/de\/wp-json\/wp\/v2\/media\/1735"}],"wp:attachment":[{"href":"https:\/\/www.manner.fi\/de\/wp-json\/wp\/v2\/media?parent=3009"}],"curies":[{"name":"wp","href":"https:\/\/api.w.org\/{rel}","templated":true}]}}